{"id":2371,"date":"2024-11-26T03:22:09","date_gmt":"2024-11-26T01:22:09","guid":{"rendered":"https:\/\/www.aranswitzerland.ch\/?post_type=product&#038;p=2371"},"modified":"2025-12-30T20:08:41","modified_gmt":"2025-12-30T18:08:41","slug":"dreifarbige-kindermuetze-mit-bommel","status":"publish","type":"product","link":"https:\/\/www.aranswitzerland.ch\/en\/product\/dreifarbige-kindermuetze-mit-bommel\/","title":{"rendered":"Children\u2019s Tricoloured Hat with Pompom"},"content":{"rendered":"","protected":false},"excerpt":{"rendered":"<p>A colourful, fun, and modern take on the traditional Aran hat, with matching scarf.<\/p>","protected":false},"featured_media":2382,"comment_status":"open","ping_status":"closed","template":"","meta":{"_acf_changed":false},"product_brand":[173],"product_cat":[33,34],"product_tag":[184,190,226,271,183],"class_list":{"0":"post-2371","1":"product","2":"type-product","3":"status-publish","4":"has-post-thumbnail","6":"product_brand-aran-woolen-mills","7":"product_cat-accessoires","8":"product_cat-kinder","9":"product_tag-casual","10":"product_tag-mehrfarbig","11":"product_tag-merinowolle","12":"product_tag-muetze","13":"product_tag-wolle","15":"first","16":"outofstock","17":"taxable","18":"shipping-taxable","19":"purchasable","20":"product-type-variable","21":"has-default-attributes"},"acf":[],"yoast_head":"<!-- This site is optimized with the Yoast SEO plugin v27.1.1 - https:\/\/yoast.com\/product\/yoast-seo-wordpress\/ -->\n<title>Dreifarbige Kinderm\u00fctze mit Bommel<\/title>\n<meta name=\"robots\" content=\"index, follow, max-snippet:-1, max-image-preview:large, max-video-preview:-1\" \/>\n<link rel=\"canonical\" href=\"https:\/\/www.aranswitzerland.ch\/en\/product\/dreifarbige-kindermuetze-mit-bommel\/\" \/>\n<meta property=\"og:locale\" content=\"en_GB\" \/>\n<meta property=\"og:type\" content=\"article\" \/>\n<meta property=\"og:title\" content=\"Dreifarbige Kinderm\u00fctze mit Bommel\" \/>\n<meta property=\"og:description\" content=\"Eine farbenfreudige Interpretation der traditionellen Aran-M\u00fctze. Der passende Schal ist separat erh\u00e4ltlich.\" \/>\n<meta property=\"og:url\" content=\"https:\/\/www.aranswitzerland.ch\/en\/product\/dreifarbige-kindermuetze-mit-bommel\/\" \/>\n<meta property=\"og:site_name\" content=\"Aran Switzerland\" \/>\n<meta property=\"article:modified_time\" content=\"2025-12-30T18:08:41+00:00\" \/>\n<meta property=\"og:image\" content=\"https:\/\/www.aranswitzerland.ch\/wp-content\/uploads\/2024\/11\/Kids_2_Colour_Hat_with_Pompom_red_original3.webp\" \/>\n\t<meta property=\"og:image:width\" content=\"1051\" \/>\n\t<meta property=\"og:image:height\" content=\"1577\" \/>\n\t<meta property=\"og:image:type\" content=\"image\/webp\" \/>\n<meta name=\"twitter:card\" content=\"summary_large_image\" \/>\n<meta name=\"twitter:label1\" content=\"Availability\" \/>\n\t<meta name=\"twitter:data1\" content=\"Out of stock\" \/>\n<script type=\"application\/ld+json\" class=\"yoast-schema-graph\">{\"@context\":\"https:\/\/schema.org\",\"@graph\":[{\"@type\":\"WebPage\",\"@id\":\"https:\/\/www.aranswitzerland.ch\/product\/dreifarbige-kindermuetze-mit-bommel\/\",\"url\":\"https:\/\/www.aranswitzerland.ch\/product\/dreifarbige-kindermuetze-mit-bommel\/\",\"name\":\"Dreifarbige Kinderm\u00fctze mit Bommel\",\"isPartOf\":{\"@id\":\"https:\/\/www.aranswitzerland.ch\/#website\"},\"primaryImageOfPage\":{\"@id\":\"https:\/\/www.aranswitzerland.ch\/product\/dreifarbige-kindermuetze-mit-bommel\/#primaryimage\"},\"image\":{\"@id\":\"https:\/\/www.aranswitzerland.ch\/product\/dreifarbige-kindermuetze-mit-bommel\/#primaryimage\"},\"thumbnailUrl\":\"https:\/\/www.aranswitzerland.ch\/wp-content\/uploads\/2024\/11\/Kids_2_Colour_Hat_with_Pompom_red_original3.webp\",\"datePublished\":\"2024-11-26T01:22:09+00:00\",\"dateModified\":\"2025-12-30T18:08:41+00:00\",\"breadcrumb\":{\"@id\":\"https:\/\/www.aranswitzerland.ch\/product\/dreifarbige-kindermuetze-mit-bommel\/#breadcrumb\"},\"inLanguage\":\"en-GB\",\"potentialAction\":[{\"@type\":\"ReadAction\",\"target\":[\"https:\/\/www.aranswitzerland.ch\/product\/dreifarbige-kindermuetze-mit-bommel\/\"]}]},{\"@type\":\"ImageObject\",\"inLanguage\":\"en-GB\",\"@id\":\"https:\/\/www.aranswitzerland.ch\/product\/dreifarbige-kindermuetze-mit-bommel\/#primaryimage\",\"url\":\"https:\/\/www.aranswitzerland.ch\/wp-content\/uploads\/2024\/11\/Kids_2_Colour_Hat_with_Pompom_red_original3.webp\",\"contentUrl\":\"https:\/\/www.aranswitzerland.ch\/wp-content\/uploads\/2024\/11\/Kids_2_Colour_Hat_with_Pompom_red_original3.webp\",\"width\":1051,\"height\":1577},{\"@type\":\"BreadcrumbList\",\"@id\":\"https:\/\/www.aranswitzerland.ch\/product\/dreifarbige-kindermuetze-mit-bommel\/#breadcrumb\",\"itemListElement\":[{\"@type\":\"ListItem\",\"position\":1,\"name\":\"Shop\",\"item\":\"https:\/\/www.aranswitzerland.ch\/en\/shop\/\"},{\"@type\":\"ListItem\",\"position\":2,\"name\":\"Kinder\",\"item\":\"https:\/\/www.aranswitzerland.ch\/product-category\/kinder\/\"},{\"@type\":\"ListItem\",\"position\":3,\"name\":\"Dreifarbige Kinderm\u00fctze mit Bommel\"}]},{\"@type\":\"WebSite\",\"@id\":\"https:\/\/www.aranswitzerland.ch\/#website\",\"url\":\"https:\/\/www.aranswitzerland.ch\/\",\"name\":\"Aran Switzerland\",\"description\":\"Kleidung, Taschen und Accessoires\",\"publisher\":{\"@id\":\"https:\/\/www.aranswitzerland.ch\/#organization\"},\"potentialAction\":[{\"@type\":\"SearchAction\",\"target\":{\"@type\":\"EntryPoint\",\"urlTemplate\":\"https:\/\/www.aranswitzerland.ch\/?s={search_term_string}\"},\"query-input\":{\"@type\":\"PropertyValueSpecification\",\"valueRequired\":true,\"valueName\":\"search_term_string\"}}],\"inLanguage\":\"en-GB\"},{\"@type\":\"Organization\",\"@id\":\"https:\/\/www.aranswitzerland.ch\/#organization\",\"name\":\"Aran Switzerland\",\"url\":\"https:\/\/www.aranswitzerland.ch\/\",\"logo\":{\"@type\":\"ImageObject\",\"inLanguage\":\"en-GB\",\"@id\":\"https:\/\/www.aranswitzerland.ch\/#\/schema\/logo\/image\/\",\"url\":\"https:\/\/www.aranswitzerland.ch\/wp-content\/uploads\/2024\/10\/Logo.jpg\",\"contentUrl\":\"https:\/\/www.aranswitzerland.ch\/wp-content\/uploads\/2024\/10\/Logo.jpg\",\"width\":600,\"height\":600,\"caption\":\"Aran Switzerland\"},\"image\":{\"@id\":\"https:\/\/www.aranswitzerland.ch\/#\/schema\/logo\/image\/\"},\"hasMerchantReturnPolicy\":{\"@type\":\"MerchantReturnPolicy\",\"merchantReturnLink\":\"https:\/\/www.aranswitzerland.ch\/en\/rueckgabebedingungen\/\"}}]}<\/script>\n<meta property=\"product:brand\" content=\"Aran Woolen Mills\" \/>\n<meta property=\"og:availability\" content=\"out of stock\" \/>\n<meta property=\"product:availability\" content=\"out of stock\" \/>\n<meta property=\"product:retailer_item_id\" content=\"AR-030\" \/>\n<meta property=\"product:condition\" content=\"new\" \/>\n<!-- \/ Yoast SEO plugin. -->","yoast_head_json":{"title":"Children\u2019s Tricoloured Hat with Pompom","robots":{"index":"index","follow":"follow","max-snippet":"max-snippet:-1","max-image-preview":"max-image-preview:large","max-video-preview":"max-video-preview:-1"},"canonical":"https:\/\/www.aranswitzerland.ch\/en\/product\/dreifarbige-kindermuetze-mit-bommel\/","og_locale":"en_GB","og_type":"article","og_title":"Dreifarbige Kinderm\u00fctze mit Bommel","og_description":"Eine farbenfreudige Interpretation der traditionellen Aran-M\u00fctze. Der passende Schal ist separat erh\u00e4ltlich.","og_url":"https:\/\/www.aranswitzerland.ch\/en\/product\/dreifarbige-kindermuetze-mit-bommel\/","og_site_name":"Aran Switzerland","article_modified_time":"2025-12-30T18:08:41+00:00","og_image":[{"width":1051,"height":1577,"url":"https:\/\/www.aranswitzerland.ch\/wp-content\/uploads\/2024\/11\/Kids_2_Colour_Hat_with_Pompom_red_original3.webp","type":"image\/webp"}],"twitter_card":"summary_large_image","twitter_misc":{"Availability":"Out of stock"},"schema":{"@context":"https:\/\/schema.org","@graph":[{"@type":"WebPage","@id":"https:\/\/www.aranswitzerland.ch\/product\/dreifarbige-kindermuetze-mit-bommel\/","url":"https:\/\/www.aranswitzerland.ch\/product\/dreifarbige-kindermuetze-mit-bommel\/","name":"Children\u2019s Tricoloured Hat with Pompom","isPartOf":{"@id":"https:\/\/www.aranswitzerland.ch\/#website"},"primaryImageOfPage":{"@id":"https:\/\/www.aranswitzerland.ch\/product\/dreifarbige-kindermuetze-mit-bommel\/#primaryimage"},"image":{"@id":"https:\/\/www.aranswitzerland.ch\/product\/dreifarbige-kindermuetze-mit-bommel\/#primaryimage"},"thumbnailUrl":"https:\/\/www.aranswitzerland.ch\/wp-content\/uploads\/2024\/11\/Kids_2_Colour_Hat_with_Pompom_red_original3.webp","datePublished":"2024-11-26T01:22:09+00:00","dateModified":"2025-12-30T18:08:41+00:00","breadcrumb":{"@id":"https:\/\/www.aranswitzerland.ch\/product\/dreifarbige-kindermuetze-mit-bommel\/#breadcrumb"},"inLanguage":"en-GB","potentialAction":[{"@type":"ReadAction","target":["https:\/\/www.aranswitzerland.ch\/product\/dreifarbige-kindermuetze-mit-bommel\/"]}]},{"@type":"ImageObject","inLanguage":"en-GB","@id":"https:\/\/www.aranswitzerland.ch\/product\/dreifarbige-kindermuetze-mit-bommel\/#primaryimage","url":"https:\/\/www.aranswitzerland.ch\/wp-content\/uploads\/2024\/11\/Kids_2_Colour_Hat_with_Pompom_red_original3.webp","contentUrl":"https:\/\/www.aranswitzerland.ch\/wp-content\/uploads\/2024\/11\/Kids_2_Colour_Hat_with_Pompom_red_original3.webp","width":1051,"height":1577},{"@type":"BreadcrumbList","@id":"https:\/\/www.aranswitzerland.ch\/product\/dreifarbige-kindermuetze-mit-bommel\/#breadcrumb","itemListElement":[{"@type":"ListItem","position":1,"name":"Shop","item":"https:\/\/www.aranswitzerland.ch\/en\/shop\/"},{"@type":"ListItem","position":2,"name":"Kinder","item":"https:\/\/www.aranswitzerland.ch\/product-category\/kinder\/"},{"@type":"ListItem","position":3,"name":"Dreifarbige Kinderm\u00fctze mit Bommel"}]},{"@type":"WebSite","@id":"https:\/\/www.aranswitzerland.ch\/#website","url":"https:\/\/www.aranswitzerland.ch\/","name":"Aran Switzerland","description":"Kleidung, Taschen und Accessoires","publisher":{"@id":"https:\/\/www.aranswitzerland.ch\/#organization"},"potentialAction":[{"@type":"SearchAction","target":{"@type":"EntryPoint","urlTemplate":"https:\/\/www.aranswitzerland.ch\/?s={search_term_string}"},"query-input":{"@type":"PropertyValueSpecification","valueRequired":true,"valueName":"search_term_string"}}],"inLanguage":"en-GB"},{"@type":"Organization","@id":"https:\/\/www.aranswitzerland.ch\/#organization","name":"Aran Switzerland","url":"https:\/\/www.aranswitzerland.ch\/","logo":{"@type":"ImageObject","inLanguage":"en-GB","@id":"https:\/\/www.aranswitzerland.ch\/#\/schema\/logo\/image\/","url":"https:\/\/www.aranswitzerland.ch\/wp-content\/uploads\/2024\/10\/Logo.jpg","contentUrl":"https:\/\/www.aranswitzerland.ch\/wp-content\/uploads\/2024\/10\/Logo.jpg","width":600,"height":600,"caption":"Aran Switzerland"},"image":{"@id":"https:\/\/www.aranswitzerland.ch\/#\/schema\/logo\/image\/"},"hasMerchantReturnPolicy":{"@type":"MerchantReturnPolicy","merchantReturnLink":"https:\/\/www.aranswitzerland.ch\/en\/rueckgabebedingungen\/"}}]},"product_brand":"Aran Woolen Mills","og_availability":"out of stock","product_availability":"out of stock","product_retailer_item_id":"AR-030","product_condition":"new"},"_links":{"self":[{"href":"https:\/\/www.aranswitzerland.ch\/en\/wp-json\/wp\/v2\/product\/2371","targetHints":{"allow":["GET"]}}],"collection":[{"href":"https:\/\/www.aranswitzerland.ch\/en\/wp-json\/wp\/v2\/product"}],"about":[{"href":"https:\/\/www.aranswitzerland.ch\/en\/wp-json\/wp\/v2\/types\/product"}],"replies":[{"embeddable":true,"href":"https:\/\/www.aranswitzerland.ch\/en\/wp-json\/wp\/v2\/comments?post=2371"}],"version-history":[{"count":2,"href":"https:\/\/www.aranswitzerland.ch\/en\/wp-json\/wp\/v2\/product\/2371\/revisions"}],"predecessor-version":[{"id":5378,"href":"https:\/\/www.aranswitzerland.ch\/en\/wp-json\/wp\/v2\/product\/2371\/revisions\/5378"}],"wp:featuredmedia":[{"embeddable":true,"href":"https:\/\/www.aranswitzerland.ch\/en\/wp-json\/wp\/v2\/media\/2382"}],"wp:attachment":[{"href":"https:\/\/www.aranswitzerland.ch\/en\/wp-json\/wp\/v2\/media?parent=2371"}],"wp:term":[{"taxonomy":"product_brand","embeddable":true,"href":"https:\/\/www.aranswitzerland.ch\/en\/wp-json\/wp\/v2\/product_brand?post=2371"},{"taxonomy":"product_cat","embeddable":true,"href":"https:\/\/www.aranswitzerland.ch\/en\/wp-json\/wp\/v2\/product_cat?post=2371"},{"taxonomy":"product_tag","embeddable":true,"href":"https:\/\/www.aranswitzerland.ch\/en\/wp-json\/wp\/v2\/product_tag?post=2371"}],"curies":[{"name":"wp","href":"https:\/\/api.w.org\/{rel}","templated":true}]}}