{"id":2439,"date":"2024-11-26T20:53:23","date_gmt":"2024-11-26T18:53:23","guid":{"rendered":"https:\/\/www.aranswitzerland.ch\/?post_type=product&#038;p=2439"},"modified":"2025-12-30T20:08:37","modified_gmt":"2025-12-30T18:08:37","slug":"dreifarbiger-kinderschal-mit-bommel","status":"publish","type":"product","link":"https:\/\/www.aranswitzerland.ch\/en\/product\/dreifarbiger-kinderschal-mit-bommel\/","title":{"rendered":"Children\u2019s Tricoloured Scarf with Pompom"},"content":{"rendered":"","protected":false},"excerpt":{"rendered":"<p>A fun 3 colour scarf with matching hat.<\/p>","protected":false},"featured_media":2442,"comment_status":"open","ping_status":"closed","template":"","meta":{"_acf_changed":false},"product_brand":[173],"product_cat":[33,34,213],"product_tag":[184,190,226,193,183],"class_list":{"0":"post-2439","1":"product","2":"type-product","3":"status-publish","4":"has-post-thumbnail","6":"product_brand-aran-woolen-mills","7":"product_cat-accessoires","8":"product_cat-kinder","9":"product_cat-schals","10":"product_tag-casual","11":"product_tag-mehrfarbig","12":"product_tag-merinowolle","13":"product_tag-schal","14":"product_tag-wolle","16":"first","17":"instock","18":"taxable","19":"shipping-taxable","20":"purchasable","21":"product-type-variable","22":"has-default-attributes"},"acf":[],"yoast_head":"<!-- This site is optimized with the Yoast SEO plugin v27.1.1 - https:\/\/yoast.com\/product\/yoast-seo-wordpress\/ -->\n<title>Dreifarbiger Kinderschal mit Bommel<\/title>\n<meta name=\"robots\" content=\"index, follow, max-snippet:-1, max-image-preview:large, max-video-preview:-1\" \/>\n<link rel=\"canonical\" href=\"https:\/\/www.aranswitzerland.ch\/en\/product\/dreifarbiger-kinderschal-mit-bommel\/\" \/>\n<meta property=\"og:locale\" content=\"en_GB\" \/>\n<meta property=\"og:type\" content=\"article\" \/>\n<meta property=\"og:title\" content=\"Dreifarbiger Kinderschal mit Bommel\" \/>\n<meta property=\"og:description\" content=\"Ein fr\u00f6hlicher, dreifarbiger Schal. Die passende M\u00fctze ist separat erh\u00e4ltlich.\" \/>\n<meta property=\"og:url\" content=\"https:\/\/www.aranswitzerland.ch\/en\/product\/dreifarbiger-kinderschal-mit-bommel\/\" \/>\n<meta property=\"og:site_name\" content=\"Aran Switzerland\" \/>\n<meta property=\"article:modified_time\" content=\"2025-12-30T18:08:37+00:00\" \/>\n<meta property=\"og:image\" content=\"https:\/\/www.aranswitzerland.ch\/wp-content\/uploads\/2024\/11\/Childrens_3_Colour_Scarf_with_Pompom_red_original1.webp\" \/>\n\t<meta property=\"og:image:width\" content=\"1051\" \/>\n\t<meta property=\"og:image:height\" content=\"1577\" \/>\n\t<meta property=\"og:image:type\" content=\"image\/webp\" \/>\n<meta name=\"twitter:card\" content=\"summary_large_image\" \/>\n<meta name=\"twitter:label1\" content=\"Availability\" \/>\n\t<meta name=\"twitter:data1\" content=\"In stock\" \/>\n<script type=\"application\/ld+json\" class=\"yoast-schema-graph\">{\"@context\":\"https:\/\/schema.org\",\"@graph\":[{\"@type\":\"WebPage\",\"@id\":\"https:\/\/www.aranswitzerland.ch\/product\/dreifarbiger-kinderschal-mit-bommel\/\",\"url\":\"https:\/\/www.aranswitzerland.ch\/product\/dreifarbiger-kinderschal-mit-bommel\/\",\"name\":\"Dreifarbiger Kinderschal mit Bommel\",\"isPartOf\":{\"@id\":\"https:\/\/www.aranswitzerland.ch\/#website\"},\"primaryImageOfPage\":{\"@id\":\"https:\/\/www.aranswitzerland.ch\/product\/dreifarbiger-kinderschal-mit-bommel\/#primaryimage\"},\"image\":{\"@id\":\"https:\/\/www.aranswitzerland.ch\/product\/dreifarbiger-kinderschal-mit-bommel\/#primaryimage\"},\"thumbnailUrl\":\"https:\/\/www.aranswitzerland.ch\/wp-content\/uploads\/2024\/11\/Childrens_3_Colour_Scarf_with_Pompom_red_original1.webp\",\"datePublished\":\"2024-11-26T18:53:23+00:00\",\"dateModified\":\"2025-12-30T18:08:37+00:00\",\"breadcrumb\":{\"@id\":\"https:\/\/www.aranswitzerland.ch\/product\/dreifarbiger-kinderschal-mit-bommel\/#breadcrumb\"},\"inLanguage\":\"en-GB\",\"potentialAction\":[{\"@type\":\"ReadAction\",\"target\":[\"https:\/\/www.aranswitzerland.ch\/product\/dreifarbiger-kinderschal-mit-bommel\/\"]}]},{\"@type\":\"ImageObject\",\"inLanguage\":\"en-GB\",\"@id\":\"https:\/\/www.aranswitzerland.ch\/product\/dreifarbiger-kinderschal-mit-bommel\/#primaryimage\",\"url\":\"https:\/\/www.aranswitzerland.ch\/wp-content\/uploads\/2024\/11\/Childrens_3_Colour_Scarf_with_Pompom_red_original1.webp\",\"contentUrl\":\"https:\/\/www.aranswitzerland.ch\/wp-content\/uploads\/2024\/11\/Childrens_3_Colour_Scarf_with_Pompom_red_original1.webp\",\"width\":1051,\"height\":1577},{\"@type\":\"BreadcrumbList\",\"@id\":\"https:\/\/www.aranswitzerland.ch\/product\/dreifarbiger-kinderschal-mit-bommel\/#breadcrumb\",\"itemListElement\":[{\"@type\":\"ListItem\",\"position\":1,\"name\":\"Shop\",\"item\":\"https:\/\/www.aranswitzerland.ch\/en\/shop\/\"},{\"@type\":\"ListItem\",\"position\":2,\"name\":\"Kinder\",\"item\":\"https:\/\/www.aranswitzerland.ch\/product-category\/kinder\/\"},{\"@type\":\"ListItem\",\"position\":3,\"name\":\"Dreifarbiger Kinderschal mit Bommel\"}]},{\"@type\":\"WebSite\",\"@id\":\"https:\/\/www.aranswitzerland.ch\/#website\",\"url\":\"https:\/\/www.aranswitzerland.ch\/\",\"name\":\"Aran Switzerland\",\"description\":\"Kleidung, Taschen und Accessoires\",\"publisher\":{\"@id\":\"https:\/\/www.aranswitzerland.ch\/#organization\"},\"potentialAction\":[{\"@type\":\"SearchAction\",\"target\":{\"@type\":\"EntryPoint\",\"urlTemplate\":\"https:\/\/www.aranswitzerland.ch\/?s={search_term_string}\"},\"query-input\":{\"@type\":\"PropertyValueSpecification\",\"valueRequired\":true,\"valueName\":\"search_term_string\"}}],\"inLanguage\":\"en-GB\"},{\"@type\":\"Organization\",\"@id\":\"https:\/\/www.aranswitzerland.ch\/#organization\",\"name\":\"Aran Switzerland\",\"url\":\"https:\/\/www.aranswitzerland.ch\/\",\"logo\":{\"@type\":\"ImageObject\",\"inLanguage\":\"en-GB\",\"@id\":\"https:\/\/www.aranswitzerland.ch\/#\/schema\/logo\/image\/\",\"url\":\"https:\/\/www.aranswitzerland.ch\/wp-content\/uploads\/2024\/10\/Logo.jpg\",\"contentUrl\":\"https:\/\/www.aranswitzerland.ch\/wp-content\/uploads\/2024\/10\/Logo.jpg\",\"width\":600,\"height\":600,\"caption\":\"Aran Switzerland\"},\"image\":{\"@id\":\"https:\/\/www.aranswitzerland.ch\/#\/schema\/logo\/image\/\"},\"hasMerchantReturnPolicy\":{\"@type\":\"MerchantReturnPolicy\",\"merchantReturnLink\":\"https:\/\/www.aranswitzerland.ch\/en\/rueckgabebedingungen\/\"}}]}<\/script>\n<meta property=\"product:brand\" content=\"Aran Woolen Mills\" \/>\n<meta property=\"og:availability\" content=\"instock\" \/>\n<meta property=\"product:availability\" content=\"instock\" \/>\n<meta property=\"product:retailer_item_id\" content=\"AR-035\" \/>\n<meta property=\"product:condition\" content=\"new\" \/>\n<!-- \/ Yoast SEO plugin. -->","yoast_head_json":{"title":"Children\u2019s Tricoloured Scarf with Pompom","robots":{"index":"index","follow":"follow","max-snippet":"max-snippet:-1","max-image-preview":"max-image-preview:large","max-video-preview":"max-video-preview:-1"},"canonical":"https:\/\/www.aranswitzerland.ch\/en\/product\/dreifarbiger-kinderschal-mit-bommel\/","og_locale":"en_GB","og_type":"article","og_title":"Dreifarbiger Kinderschal mit Bommel","og_description":"Ein fr\u00f6hlicher, dreifarbiger Schal. Die passende M\u00fctze ist separat erh\u00e4ltlich.","og_url":"https:\/\/www.aranswitzerland.ch\/en\/product\/dreifarbiger-kinderschal-mit-bommel\/","og_site_name":"Aran Switzerland","article_modified_time":"2025-12-30T18:08:37+00:00","og_image":[{"width":1051,"height":1577,"url":"https:\/\/www.aranswitzerland.ch\/wp-content\/uploads\/2024\/11\/Childrens_3_Colour_Scarf_with_Pompom_red_original1.webp","type":"image\/webp"}],"twitter_card":"summary_large_image","twitter_misc":{"Availability":"In stock"},"schema":{"@context":"https:\/\/schema.org","@graph":[{"@type":"WebPage","@id":"https:\/\/www.aranswitzerland.ch\/product\/dreifarbiger-kinderschal-mit-bommel\/","url":"https:\/\/www.aranswitzerland.ch\/product\/dreifarbiger-kinderschal-mit-bommel\/","name":"Children\u2019s Tricoloured Scarf with Pompom","isPartOf":{"@id":"https:\/\/www.aranswitzerland.ch\/#website"},"primaryImageOfPage":{"@id":"https:\/\/www.aranswitzerland.ch\/product\/dreifarbiger-kinderschal-mit-bommel\/#primaryimage"},"image":{"@id":"https:\/\/www.aranswitzerland.ch\/product\/dreifarbiger-kinderschal-mit-bommel\/#primaryimage"},"thumbnailUrl":"https:\/\/www.aranswitzerland.ch\/wp-content\/uploads\/2024\/11\/Childrens_3_Colour_Scarf_with_Pompom_red_original1.webp","datePublished":"2024-11-26T18:53:23+00:00","dateModified":"2025-12-30T18:08:37+00:00","breadcrumb":{"@id":"https:\/\/www.aranswitzerland.ch\/product\/dreifarbiger-kinderschal-mit-bommel\/#breadcrumb"},"inLanguage":"en-GB","potentialAction":[{"@type":"ReadAction","target":["https:\/\/www.aranswitzerland.ch\/product\/dreifarbiger-kinderschal-mit-bommel\/"]}]},{"@type":"ImageObject","inLanguage":"en-GB","@id":"https:\/\/www.aranswitzerland.ch\/product\/dreifarbiger-kinderschal-mit-bommel\/#primaryimage","url":"https:\/\/www.aranswitzerland.ch\/wp-content\/uploads\/2024\/11\/Childrens_3_Colour_Scarf_with_Pompom_red_original1.webp","contentUrl":"https:\/\/www.aranswitzerland.ch\/wp-content\/uploads\/2024\/11\/Childrens_3_Colour_Scarf_with_Pompom_red_original1.webp","width":1051,"height":1577},{"@type":"BreadcrumbList","@id":"https:\/\/www.aranswitzerland.ch\/product\/dreifarbiger-kinderschal-mit-bommel\/#breadcrumb","itemListElement":[{"@type":"ListItem","position":1,"name":"Shop","item":"https:\/\/www.aranswitzerland.ch\/en\/shop\/"},{"@type":"ListItem","position":2,"name":"Kinder","item":"https:\/\/www.aranswitzerland.ch\/product-category\/kinder\/"},{"@type":"ListItem","position":3,"name":"Dreifarbiger Kinderschal mit Bommel"}]},{"@type":"WebSite","@id":"https:\/\/www.aranswitzerland.ch\/#website","url":"https:\/\/www.aranswitzerland.ch\/","name":"Aran Switzerland","description":"Kleidung, Taschen und Accessoires","publisher":{"@id":"https:\/\/www.aranswitzerland.ch\/#organization"},"potentialAction":[{"@type":"SearchAction","target":{"@type":"EntryPoint","urlTemplate":"https:\/\/www.aranswitzerland.ch\/?s={search_term_string}"},"query-input":{"@type":"PropertyValueSpecification","valueRequired":true,"valueName":"search_term_string"}}],"inLanguage":"en-GB"},{"@type":"Organization","@id":"https:\/\/www.aranswitzerland.ch\/#organization","name":"Aran Switzerland","url":"https:\/\/www.aranswitzerland.ch\/","logo":{"@type":"ImageObject","inLanguage":"en-GB","@id":"https:\/\/www.aranswitzerland.ch\/#\/schema\/logo\/image\/","url":"https:\/\/www.aranswitzerland.ch\/wp-content\/uploads\/2024\/10\/Logo.jpg","contentUrl":"https:\/\/www.aranswitzerland.ch\/wp-content\/uploads\/2024\/10\/Logo.jpg","width":600,"height":600,"caption":"Aran Switzerland"},"image":{"@id":"https:\/\/www.aranswitzerland.ch\/#\/schema\/logo\/image\/"},"hasMerchantReturnPolicy":{"@type":"MerchantReturnPolicy","merchantReturnLink":"https:\/\/www.aranswitzerland.ch\/en\/rueckgabebedingungen\/"}}]},"product_brand":"Aran Woolen Mills","og_availability":"instock","product_availability":"instock","product_retailer_item_id":"AR-035","product_condition":"new"},"_links":{"self":[{"href":"https:\/\/www.aranswitzerland.ch\/en\/wp-json\/wp\/v2\/product\/2439","targetHints":{"allow":["GET"]}}],"collection":[{"href":"https:\/\/www.aranswitzerland.ch\/en\/wp-json\/wp\/v2\/product"}],"about":[{"href":"https:\/\/www.aranswitzerland.ch\/en\/wp-json\/wp\/v2\/types\/product"}],"replies":[{"embeddable":true,"href":"https:\/\/www.aranswitzerland.ch\/en\/wp-json\/wp\/v2\/comments?post=2439"}],"version-history":[{"count":3,"href":"https:\/\/www.aranswitzerland.ch\/en\/wp-json\/wp\/v2\/product\/2439\/revisions"}],"predecessor-version":[{"id":5384,"href":"https:\/\/www.aranswitzerland.ch\/en\/wp-json\/wp\/v2\/product\/2439\/revisions\/5384"}],"wp:featuredmedia":[{"embeddable":true,"href":"https:\/\/www.aranswitzerland.ch\/en\/wp-json\/wp\/v2\/media\/2442"}],"wp:attachment":[{"href":"https:\/\/www.aranswitzerland.ch\/en\/wp-json\/wp\/v2\/media?parent=2439"}],"wp:term":[{"taxonomy":"product_brand","embeddable":true,"href":"https:\/\/www.aranswitzerland.ch\/en\/wp-json\/wp\/v2\/product_brand?post=2439"},{"taxonomy":"product_cat","embeddable":true,"href":"https:\/\/www.aranswitzerland.ch\/en\/wp-json\/wp\/v2\/product_cat?post=2439"},{"taxonomy":"product_tag","embeddable":true,"href":"https:\/\/www.aranswitzerland.ch\/en\/wp-json\/wp\/v2\/product_tag?post=2439"}],"curies":[{"name":"wp","href":"https:\/\/api.w.org\/{rel}","templated":true}]}}