{"id":3106,"date":"2025-03-07T17:43:14","date_gmt":"2025-03-07T15:43:14","guid":{"rendered":"https:\/\/www.aranswitzerland.ch\/?post_type=product&#038;p=3106"},"modified":"2025-12-30T20:08:36","modified_gmt":"2025-12-30T18:08:36","slug":"handtasche-mit-signature-verschluss-heritage-gruen","status":"publish","type":"product","link":"https:\/\/www.aranswitzerland.ch\/en\/product\/handtasche-mit-signature-verschluss-heritage-gruen\/","title":{"rendered":"Medium crossbody door bag \u2013 Heritage Green"},"content":{"rendered":"","protected":false},"excerpt":{"rendered":"<p>The pinnacle of luxury craftsmanship - a lasting symbol of your personal style!<\/p>","protected":false},"featured_media":3109,"comment_status":"open","ping_status":"closed","template":"","meta":{"_acf_changed":false},"product_brand":[177],"product_cat":[31,88],"product_tag":[184,235,233,242,253,236,254],"class_list":{"0":"post-3106","1":"product","2":"type-product","3":"status-publish","4":"has-post-thumbnail","6":"product_brand-ted","7":"product_cat-damen","8":"product_cat-taschen","9":"product_tag-casual","10":"product_tag-formell","11":"product_tag-handtasche","12":"product_tag-hochzeit","13":"product_tag-kalbsglattleder","14":"product_tag-leder","15":"product_tag-ziegenveloursleder","17":"first","18":"instock","19":"taxable","20":"shipping-taxable","21":"purchasable","22":"product-type-simple"},"acf":[],"yoast_head":"<!-- This site is optimized with the Yoast SEO plugin v27.1.1 - https:\/\/yoast.com\/product\/yoast-seo-wordpress\/ -->\n<title>Handtasche mit \u00abSignature\u00bb-Verschluss \u2013 \u00abHeritage\u00bb Gr\u00fcn<\/title>\n<meta name=\"robots\" content=\"index, follow, max-snippet:-1, max-image-preview:large, max-video-preview:-1\" \/>\n<link rel=\"canonical\" href=\"https:\/\/www.aranswitzerland.ch\/en\/product\/handtasche-mit-signature-verschluss-heritage-gruen\/\" \/>\n<meta property=\"og:locale\" content=\"en_GB\" \/>\n<meta property=\"og:type\" content=\"article\" \/>\n<meta property=\"og:title\" content=\"Handtasche mit \u00abSignature\u00bb-Verschluss \u2013 \u00abHeritage\u00bb Gr\u00fcn\" \/>\n<meta property=\"og:description\" content=\"Der H\u00f6hepunkt luxuri\u00f6ser Handwerkskunst \u2013 ein unverg\u00e4ngliches Merkmal Ihres pers\u00f6nlichen Stils!\" \/>\n<meta property=\"og:url\" content=\"https:\/\/www.aranswitzerland.ch\/en\/product\/handtasche-mit-signature-verschluss-heritage-gruen\/\" \/>\n<meta property=\"og:site_name\" content=\"Aran Switzerland\" \/>\n<meta property=\"article:modified_time\" content=\"2025-12-30T18:08:36+00:00\" \/>\n<meta property=\"og:image\" content=\"https:\/\/www.aranswitzerland.ch\/wp-content\/uploads\/2025\/03\/Ted_Heritage_Green_1-1-scaled.jpg\" \/>\n\t<meta property=\"og:image:width\" content=\"1920\" \/>\n\t<meta property=\"og:image:height\" content=\"2560\" \/>\n\t<meta property=\"og:image:type\" content=\"image\/jpeg\" \/>\n<meta name=\"twitter:card\" content=\"summary_large_image\" \/>\n<meta name=\"twitter:label1\" content=\"Price\" \/>\n\t<meta name=\"twitter:data1\" content=\"&#067;&#072;&#070;&nbsp;965.00\" \/>\n\t<meta name=\"twitter:label2\" content=\"Availability\" \/>\n\t<meta name=\"twitter:data2\" content=\"In stock\" \/>\n<script type=\"application\/ld+json\" class=\"yoast-schema-graph\">{\"@context\":\"https:\/\/schema.org\",\"@graph\":[{\"@type\":\"WebPage\",\"@id\":\"https:\/\/www.aranswitzerland.ch\/product\/handtasche-mit-signature-verschluss-heritage-gruen\/\",\"url\":\"https:\/\/www.aranswitzerland.ch\/product\/handtasche-mit-signature-verschluss-heritage-gruen\/\",\"name\":\"Handtasche mit \u00abSignature\u00bb-Verschluss \u2013 \u00abHeritage\u00bb Gr\u00fcn\",\"isPartOf\":{\"@id\":\"https:\/\/www.aranswitzerland.ch\/#website\"},\"primaryImageOfPage\":{\"@id\":\"https:\/\/www.aranswitzerland.ch\/product\/handtasche-mit-signature-verschluss-heritage-gruen\/#primaryimage\"},\"image\":{\"@id\":\"https:\/\/www.aranswitzerland.ch\/product\/handtasche-mit-signature-verschluss-heritage-gruen\/#primaryimage\"},\"thumbnailUrl\":\"https:\/\/www.aranswitzerland.ch\/wp-content\/uploads\/2025\/03\/Ted_Heritage_Green_1-1-scaled.jpg\",\"datePublished\":\"2025-03-07T15:43:14+00:00\",\"dateModified\":\"2025-12-30T18:08:36+00:00\",\"breadcrumb\":{\"@id\":\"https:\/\/www.aranswitzerland.ch\/product\/handtasche-mit-signature-verschluss-heritage-gruen\/#breadcrumb\"},\"inLanguage\":\"en-GB\",\"potentialAction\":[{\"@type\":\"ReadAction\",\"target\":[\"https:\/\/www.aranswitzerland.ch\/product\/handtasche-mit-signature-verschluss-heritage-gruen\/\"]}]},{\"@type\":\"ImageObject\",\"inLanguage\":\"en-GB\",\"@id\":\"https:\/\/www.aranswitzerland.ch\/product\/handtasche-mit-signature-verschluss-heritage-gruen\/#primaryimage\",\"url\":\"https:\/\/www.aranswitzerland.ch\/wp-content\/uploads\/2025\/03\/Ted_Heritage_Green_1-1-scaled.jpg\",\"contentUrl\":\"https:\/\/www.aranswitzerland.ch\/wp-content\/uploads\/2025\/03\/Ted_Heritage_Green_1-1-scaled.jpg\",\"width\":1920,\"height\":2560},{\"@type\":\"BreadcrumbList\",\"@id\":\"https:\/\/www.aranswitzerland.ch\/product\/handtasche-mit-signature-verschluss-heritage-gruen\/#breadcrumb\",\"itemListElement\":[{\"@type\":\"ListItem\",\"position\":1,\"name\":\"Shop\",\"item\":\"https:\/\/www.aranswitzerland.ch\/en\/shop\/\"},{\"@type\":\"ListItem\",\"position\":2,\"name\":\"Taschen\",\"item\":\"https:\/\/www.aranswitzerland.ch\/product-category\/taschen\/\"},{\"@type\":\"ListItem\",\"position\":3,\"name\":\"Handtasche mit \u00abSignature\u00bb-Verschluss \u2013 \u00abHeritage\u00bb Gr\u00fcn\"}]},{\"@type\":\"WebSite\",\"@id\":\"https:\/\/www.aranswitzerland.ch\/#website\",\"url\":\"https:\/\/www.aranswitzerland.ch\/\",\"name\":\"Aran Switzerland\",\"description\":\"Kleidung, Taschen und Accessoires\",\"publisher\":{\"@id\":\"https:\/\/www.aranswitzerland.ch\/#organization\"},\"potentialAction\":[{\"@type\":\"SearchAction\",\"target\":{\"@type\":\"EntryPoint\",\"urlTemplate\":\"https:\/\/www.aranswitzerland.ch\/?s={search_term_string}\"},\"query-input\":{\"@type\":\"PropertyValueSpecification\",\"valueRequired\":true,\"valueName\":\"search_term_string\"}}],\"inLanguage\":\"en-GB\"},{\"@type\":\"Organization\",\"@id\":\"https:\/\/www.aranswitzerland.ch\/#organization\",\"name\":\"Aran Switzerland\",\"url\":\"https:\/\/www.aranswitzerland.ch\/\",\"logo\":{\"@type\":\"ImageObject\",\"inLanguage\":\"en-GB\",\"@id\":\"https:\/\/www.aranswitzerland.ch\/#\/schema\/logo\/image\/\",\"url\":\"https:\/\/www.aranswitzerland.ch\/wp-content\/uploads\/2024\/10\/Logo.jpg\",\"contentUrl\":\"https:\/\/www.aranswitzerland.ch\/wp-content\/uploads\/2024\/10\/Logo.jpg\",\"width\":600,\"height\":600,\"caption\":\"Aran Switzerland\"},\"image\":{\"@id\":\"https:\/\/www.aranswitzerland.ch\/#\/schema\/logo\/image\/\"},\"hasMerchantReturnPolicy\":{\"@type\":\"MerchantReturnPolicy\",\"merchantReturnLink\":\"https:\/\/www.aranswitzerland.ch\/en\/rueckgabebedingungen\/\"}}]}<\/script>\n<meta property=\"product:brand\" content=\"Ted\" \/>\n<meta property=\"product:price:amount\" content=\"965.00\" \/>\n<meta property=\"product:price:currency\" content=\"CHF\" \/>\n<meta property=\"og:availability\" content=\"instock\" \/>\n<meta property=\"product:availability\" content=\"instock\" \/>\n<meta property=\"product:retailer_item_id\" content=\"AR-060\" \/>\n<meta property=\"product:condition\" content=\"new\" \/>\n<!-- \/ Yoast SEO plugin. -->","yoast_head_json":{"title":"Medium crossbody door bag \u2013 Heritage Green","robots":{"index":"index","follow":"follow","max-snippet":"max-snippet:-1","max-image-preview":"max-image-preview:large","max-video-preview":"max-video-preview:-1"},"canonical":"https:\/\/www.aranswitzerland.ch\/en\/product\/handtasche-mit-signature-verschluss-heritage-gruen\/","og_locale":"en_GB","og_type":"article","og_title":"Handtasche mit \u00abSignature\u00bb-Verschluss \u2013 \u00abHeritage\u00bb Gr\u00fcn","og_description":"Der H\u00f6hepunkt luxuri\u00f6ser Handwerkskunst \u2013 ein unverg\u00e4ngliches Merkmal Ihres pers\u00f6nlichen Stils!","og_url":"https:\/\/www.aranswitzerland.ch\/en\/product\/handtasche-mit-signature-verschluss-heritage-gruen\/","og_site_name":"Aran Switzerland","article_modified_time":"2025-12-30T18:08:36+00:00","og_image":[{"width":1920,"height":2560,"url":"https:\/\/www.aranswitzerland.ch\/wp-content\/uploads\/2025\/03\/Ted_Heritage_Green_1-1-scaled.jpg","type":"image\/jpeg"}],"twitter_card":"summary_large_image","twitter_misc":{"Price":"&#67;&#72;&#70;&nbsp;965.00","Availability":"In stock"},"schema":{"@context":"https:\/\/schema.org","@graph":[{"@type":"WebPage","@id":"https:\/\/www.aranswitzerland.ch\/product\/handtasche-mit-signature-verschluss-heritage-gruen\/","url":"https:\/\/www.aranswitzerland.ch\/product\/handtasche-mit-signature-verschluss-heritage-gruen\/","name":"Medium crossbody door bag \u2013 Heritage Green","isPartOf":{"@id":"https:\/\/www.aranswitzerland.ch\/#website"},"primaryImageOfPage":{"@id":"https:\/\/www.aranswitzerland.ch\/product\/handtasche-mit-signature-verschluss-heritage-gruen\/#primaryimage"},"image":{"@id":"https:\/\/www.aranswitzerland.ch\/product\/handtasche-mit-signature-verschluss-heritage-gruen\/#primaryimage"},"thumbnailUrl":"https:\/\/www.aranswitzerland.ch\/wp-content\/uploads\/2025\/03\/Ted_Heritage_Green_1-1-scaled.jpg","datePublished":"2025-03-07T15:43:14+00:00","dateModified":"2025-12-30T18:08:36+00:00","breadcrumb":{"@id":"https:\/\/www.aranswitzerland.ch\/product\/handtasche-mit-signature-verschluss-heritage-gruen\/#breadcrumb"},"inLanguage":"en-GB","potentialAction":[{"@type":"ReadAction","target":["https:\/\/www.aranswitzerland.ch\/product\/handtasche-mit-signature-verschluss-heritage-gruen\/"]}]},{"@type":"ImageObject","inLanguage":"en-GB","@id":"https:\/\/www.aranswitzerland.ch\/product\/handtasche-mit-signature-verschluss-heritage-gruen\/#primaryimage","url":"https:\/\/www.aranswitzerland.ch\/wp-content\/uploads\/2025\/03\/Ted_Heritage_Green_1-1-scaled.jpg","contentUrl":"https:\/\/www.aranswitzerland.ch\/wp-content\/uploads\/2025\/03\/Ted_Heritage_Green_1-1-scaled.jpg","width":1920,"height":2560},{"@type":"BreadcrumbList","@id":"https:\/\/www.aranswitzerland.ch\/product\/handtasche-mit-signature-verschluss-heritage-gruen\/#breadcrumb","itemListElement":[{"@type":"ListItem","position":1,"name":"Shop","item":"https:\/\/www.aranswitzerland.ch\/en\/shop\/"},{"@type":"ListItem","position":2,"name":"Taschen","item":"https:\/\/www.aranswitzerland.ch\/product-category\/taschen\/"},{"@type":"ListItem","position":3,"name":"Handtasche mit \u00abSignature\u00bb-Verschluss \u2013 \u00abHeritage\u00bb Gr\u00fcn"}]},{"@type":"WebSite","@id":"https:\/\/www.aranswitzerland.ch\/#website","url":"https:\/\/www.aranswitzerland.ch\/","name":"Aran Switzerland","description":"Kleidung, Taschen und Accessoires","publisher":{"@id":"https:\/\/www.aranswitzerland.ch\/#organization"},"potentialAction":[{"@type":"SearchAction","target":{"@type":"EntryPoint","urlTemplate":"https:\/\/www.aranswitzerland.ch\/?s={search_term_string}"},"query-input":{"@type":"PropertyValueSpecification","valueRequired":true,"valueName":"search_term_string"}}],"inLanguage":"en-GB"},{"@type":"Organization","@id":"https:\/\/www.aranswitzerland.ch\/#organization","name":"Aran Switzerland","url":"https:\/\/www.aranswitzerland.ch\/","logo":{"@type":"ImageObject","inLanguage":"en-GB","@id":"https:\/\/www.aranswitzerland.ch\/#\/schema\/logo\/image\/","url":"https:\/\/www.aranswitzerland.ch\/wp-content\/uploads\/2024\/10\/Logo.jpg","contentUrl":"https:\/\/www.aranswitzerland.ch\/wp-content\/uploads\/2024\/10\/Logo.jpg","width":600,"height":600,"caption":"Aran Switzerland"},"image":{"@id":"https:\/\/www.aranswitzerland.ch\/#\/schema\/logo\/image\/"},"hasMerchantReturnPolicy":{"@type":"MerchantReturnPolicy","merchantReturnLink":"https:\/\/www.aranswitzerland.ch\/en\/rueckgabebedingungen\/"}}]},"product_brand":"Ted","product_price_amount":"965.00","product_price_currency":"CHF","og_availability":"instock","product_availability":"instock","product_retailer_item_id":"AR-060","product_condition":"new"},"_links":{"self":[{"href":"https:\/\/www.aranswitzerland.ch\/en\/wp-json\/wp\/v2\/product\/3106","targetHints":{"allow":["GET"]}}],"collection":[{"href":"https:\/\/www.aranswitzerland.ch\/en\/wp-json\/wp\/v2\/product"}],"about":[{"href":"https:\/\/www.aranswitzerland.ch\/en\/wp-json\/wp\/v2\/types\/product"}],"replies":[{"embeddable":true,"href":"https:\/\/www.aranswitzerland.ch\/en\/wp-json\/wp\/v2\/comments?post=3106"}],"version-history":[{"count":3,"href":"https:\/\/www.aranswitzerland.ch\/en\/wp-json\/wp\/v2\/product\/3106\/revisions"}],"predecessor-version":[{"id":5667,"href":"https:\/\/www.aranswitzerland.ch\/en\/wp-json\/wp\/v2\/product\/3106\/revisions\/5667"}],"wp:featuredmedia":[{"embeddable":true,"href":"https:\/\/www.aranswitzerland.ch\/en\/wp-json\/wp\/v2\/media\/3109"}],"wp:attachment":[{"href":"https:\/\/www.aranswitzerland.ch\/en\/wp-json\/wp\/v2\/media?parent=3106"}],"wp:term":[{"taxonomy":"product_brand","embeddable":true,"href":"https:\/\/www.aranswitzerland.ch\/en\/wp-json\/wp\/v2\/product_brand?post=3106"},{"taxonomy":"product_cat","embeddable":true,"href":"https:\/\/www.aranswitzerland.ch\/en\/wp-json\/wp\/v2\/product_cat?post=3106"},{"taxonomy":"product_tag","embeddable":true,"href":"https:\/\/www.aranswitzerland.ch\/en\/wp-json\/wp\/v2\/product_tag?post=3106"}],"curies":[{"name":"wp","href":"https:\/\/api.w.org\/{rel}","templated":true}]}}