{"id":4134,"date":"2025-08-22T19:45:24","date_gmt":"2025-08-22T17:45:24","guid":{"rendered":"https:\/\/www.aranswitzerland.ch\/?post_type=product&#038;p=4134"},"modified":"2026-03-11T18:28:00","modified_gmt":"2026-03-11T16:28:00","slug":"schlichter-rundhalspullover-minzgruen","status":"publish","type":"product","link":"https:\/\/www.aranswitzerland.ch\/en\/product\/schlichter-rundhalspullover-minzgruen\/","title":{"rendered":"Plain Crew Neck Sweater \u2013 Mint"},"content":{"rendered":"","protected":false},"excerpt":{"rendered":"<p>This sweater is knitted in a plain stitch pattern which highlights the luxurious supersoft merino yarn and emphasises the beautiful, marled colours.<\/p>","protected":false},"featured_media":4140,"comment_status":"open","ping_status":"closed","template":"","meta":{"_acf_changed":false},"product_brand":[173],"product_cat":[31,191],"product_tag":[184,182,212,183],"class_list":{"0":"post-4134","1":"product","2":"type-product","3":"status-publish","4":"has-post-thumbnail","6":"product_brand-aran-woolen-mills","7":"product_cat-damen","8":"product_cat-pullover","9":"product_tag-casual","10":"product_tag-pullover","11":"product_tag-superweiche-merinowolle","12":"product_tag-wolle","14":"first","15":"instock","16":"sale","17":"taxable","18":"shipping-taxable","19":"purchasable","20":"product-type-variable","21":"has-default-attributes"},"acf":[],"yoast_head":"<!-- This site is optimized with the Yoast SEO plugin v27.1.1 - https:\/\/yoast.com\/product\/yoast-seo-wordpress\/ -->\n<title>Schlichter Rundhalspullover \u2013 Minzgr\u00fcn<\/title>\n<meta name=\"robots\" content=\"index, follow, max-snippet:-1, max-image-preview:large, max-video-preview:-1\" \/>\n<link rel=\"canonical\" href=\"https:\/\/www.aranswitzerland.ch\/en\/product\/schlichter-rundhalspullover-minzgruen\/\" \/>\n<meta property=\"og:locale\" content=\"en_GB\" \/>\n<meta property=\"og:type\" content=\"article\" \/>\n<meta property=\"og:title\" content=\"Schlichter Rundhalspullover \u2013 Minzgr\u00fcn\" \/>\n<meta property=\"og:description\" content=\"Dieser Pullover weist ein schlichtes Strickmuster auf, das das luxuri\u00f6se, superweiche Merinogarn und die wundersch\u00f6nen, melierten Farben hervorhebt.\" \/>\n<meta property=\"og:url\" content=\"https:\/\/www.aranswitzerland.ch\/en\/product\/schlichter-rundhalspullover-minzgruen\/\" \/>\n<meta property=\"og:site_name\" content=\"Aran Switzerland\" \/>\n<meta property=\"article:modified_time\" content=\"2026-03-11T16:28:00+00:00\" \/>\n<meta property=\"og:image\" content=\"https:\/\/www.aranswitzerland.ch\/wp-content\/uploads\/2025\/08\/Plain_Crew_Neck_Sweater_Mint_Women_Original2.webp\" \/>\n\t<meta property=\"og:image:width\" content=\"1053\" \/>\n\t<meta property=\"og:image:height\" content=\"1580\" \/>\n\t<meta property=\"og:image:type\" content=\"image\/webp\" \/>\n<meta name=\"twitter:card\" content=\"summary_large_image\" \/>\n<meta name=\"twitter:label1\" content=\"Availability\" \/>\n\t<meta name=\"twitter:data1\" content=\"In stock\" \/>\n<script type=\"application\/ld+json\" class=\"yoast-schema-graph\">{\"@context\":\"https:\/\/schema.org\",\"@graph\":[{\"@type\":\"WebPage\",\"@id\":\"https:\/\/www.aranswitzerland.ch\/product\/schlichter-rundhalspullover-minzgruen\/\",\"url\":\"https:\/\/www.aranswitzerland.ch\/product\/schlichter-rundhalspullover-minzgruen\/\",\"name\":\"Schlichter Rundhalspullover \u2013 Minzgr\u00fcn\",\"isPartOf\":{\"@id\":\"https:\/\/www.aranswitzerland.ch\/#website\"},\"primaryImageOfPage\":{\"@id\":\"https:\/\/www.aranswitzerland.ch\/product\/schlichter-rundhalspullover-minzgruen\/#primaryimage\"},\"image\":{\"@id\":\"https:\/\/www.aranswitzerland.ch\/product\/schlichter-rundhalspullover-minzgruen\/#primaryimage\"},\"thumbnailUrl\":\"https:\/\/www.aranswitzerland.ch\/wp-content\/uploads\/2025\/08\/Plain_Crew_Neck_Sweater_Mint_Women_Original2.webp\",\"datePublished\":\"2025-08-22T17:45:24+00:00\",\"dateModified\":\"2026-03-11T16:28:00+00:00\",\"breadcrumb\":{\"@id\":\"https:\/\/www.aranswitzerland.ch\/product\/schlichter-rundhalspullover-minzgruen\/#breadcrumb\"},\"inLanguage\":\"en-GB\",\"potentialAction\":[{\"@type\":\"ReadAction\",\"target\":[\"https:\/\/www.aranswitzerland.ch\/product\/schlichter-rundhalspullover-minzgruen\/\"]}]},{\"@type\":\"ImageObject\",\"inLanguage\":\"en-GB\",\"@id\":\"https:\/\/www.aranswitzerland.ch\/product\/schlichter-rundhalspullover-minzgruen\/#primaryimage\",\"url\":\"https:\/\/www.aranswitzerland.ch\/wp-content\/uploads\/2025\/08\/Plain_Crew_Neck_Sweater_Mint_Women_Original2.webp\",\"contentUrl\":\"https:\/\/www.aranswitzerland.ch\/wp-content\/uploads\/2025\/08\/Plain_Crew_Neck_Sweater_Mint_Women_Original2.webp\",\"width\":1053,\"height\":1580},{\"@type\":\"BreadcrumbList\",\"@id\":\"https:\/\/www.aranswitzerland.ch\/product\/schlichter-rundhalspullover-minzgruen\/#breadcrumb\",\"itemListElement\":[{\"@type\":\"ListItem\",\"position\":1,\"name\":\"Shop\",\"item\":\"https:\/\/www.aranswitzerland.ch\/en\/shop\/\"},{\"@type\":\"ListItem\",\"position\":2,\"name\":\"Damen\",\"item\":\"https:\/\/www.aranswitzerland.ch\/product-category\/damen\/\"},{\"@type\":\"ListItem\",\"position\":3,\"name\":\"Schlichter Rundhalspullover \u2013 Minzgr\u00fcn\"}]},{\"@type\":\"WebSite\",\"@id\":\"https:\/\/www.aranswitzerland.ch\/#website\",\"url\":\"https:\/\/www.aranswitzerland.ch\/\",\"name\":\"Aran Switzerland\",\"description\":\"Kleidung, Taschen und Accessoires\",\"publisher\":{\"@id\":\"https:\/\/www.aranswitzerland.ch\/#organization\"},\"potentialAction\":[{\"@type\":\"SearchAction\",\"target\":{\"@type\":\"EntryPoint\",\"urlTemplate\":\"https:\/\/www.aranswitzerland.ch\/?s={search_term_string}\"},\"query-input\":{\"@type\":\"PropertyValueSpecification\",\"valueRequired\":true,\"valueName\":\"search_term_string\"}}],\"inLanguage\":\"en-GB\"},{\"@type\":\"Organization\",\"@id\":\"https:\/\/www.aranswitzerland.ch\/#organization\",\"name\":\"Aran Switzerland\",\"url\":\"https:\/\/www.aranswitzerland.ch\/\",\"logo\":{\"@type\":\"ImageObject\",\"inLanguage\":\"en-GB\",\"@id\":\"https:\/\/www.aranswitzerland.ch\/#\/schema\/logo\/image\/\",\"url\":\"https:\/\/www.aranswitzerland.ch\/wp-content\/uploads\/2024\/10\/Logo.jpg\",\"contentUrl\":\"https:\/\/www.aranswitzerland.ch\/wp-content\/uploads\/2024\/10\/Logo.jpg\",\"width\":600,\"height\":600,\"caption\":\"Aran Switzerland\"},\"image\":{\"@id\":\"https:\/\/www.aranswitzerland.ch\/#\/schema\/logo\/image\/\"},\"hasMerchantReturnPolicy\":{\"@type\":\"MerchantReturnPolicy\",\"merchantReturnLink\":\"https:\/\/www.aranswitzerland.ch\/en\/rueckgabebedingungen\/\"}}]}<\/script>\n<meta property=\"product:brand\" content=\"Aran Woolen Mills\" \/>\n<meta property=\"og:availability\" content=\"instock\" \/>\n<meta property=\"product:availability\" content=\"instock\" \/>\n<meta property=\"product:retailer_item_id\" content=\"AR-085\" \/>\n<meta property=\"product:condition\" content=\"new\" \/>\n<!-- \/ Yoast SEO plugin. -->","yoast_head_json":{"title":"Plain Crew Neck Sweater \u2013 Mint","robots":{"index":"index","follow":"follow","max-snippet":"max-snippet:-1","max-image-preview":"max-image-preview:large","max-video-preview":"max-video-preview:-1"},"canonical":"https:\/\/www.aranswitzerland.ch\/en\/product\/schlichter-rundhalspullover-minzgruen\/","og_locale":"en_GB","og_type":"article","og_title":"Schlichter Rundhalspullover \u2013 Minzgr\u00fcn","og_description":"Dieser Pullover weist ein schlichtes Strickmuster auf, das das luxuri\u00f6se, superweiche Merinogarn und die wundersch\u00f6nen, melierten Farben hervorhebt.","og_url":"https:\/\/www.aranswitzerland.ch\/en\/product\/schlichter-rundhalspullover-minzgruen\/","og_site_name":"Aran Switzerland","article_modified_time":"2026-03-11T16:28:00+00:00","og_image":[{"width":1053,"height":1580,"url":"https:\/\/www.aranswitzerland.ch\/wp-content\/uploads\/2025\/08\/Plain_Crew_Neck_Sweater_Mint_Women_Original2.webp","type":"image\/webp"}],"twitter_card":"summary_large_image","twitter_misc":{"Availability":"In stock"},"schema":{"@context":"https:\/\/schema.org","@graph":[{"@type":"WebPage","@id":"https:\/\/www.aranswitzerland.ch\/product\/schlichter-rundhalspullover-minzgruen\/","url":"https:\/\/www.aranswitzerland.ch\/product\/schlichter-rundhalspullover-minzgruen\/","name":"Plain Crew Neck Sweater \u2013 Mint","isPartOf":{"@id":"https:\/\/www.aranswitzerland.ch\/#website"},"primaryImageOfPage":{"@id":"https:\/\/www.aranswitzerland.ch\/product\/schlichter-rundhalspullover-minzgruen\/#primaryimage"},"image":{"@id":"https:\/\/www.aranswitzerland.ch\/product\/schlichter-rundhalspullover-minzgruen\/#primaryimage"},"thumbnailUrl":"https:\/\/www.aranswitzerland.ch\/wp-content\/uploads\/2025\/08\/Plain_Crew_Neck_Sweater_Mint_Women_Original2.webp","datePublished":"2025-08-22T17:45:24+00:00","dateModified":"2026-03-11T16:28:00+00:00","breadcrumb":{"@id":"https:\/\/www.aranswitzerland.ch\/product\/schlichter-rundhalspullover-minzgruen\/#breadcrumb"},"inLanguage":"en-GB","potentialAction":[{"@type":"ReadAction","target":["https:\/\/www.aranswitzerland.ch\/product\/schlichter-rundhalspullover-minzgruen\/"]}]},{"@type":"ImageObject","inLanguage":"en-GB","@id":"https:\/\/www.aranswitzerland.ch\/product\/schlichter-rundhalspullover-minzgruen\/#primaryimage","url":"https:\/\/www.aranswitzerland.ch\/wp-content\/uploads\/2025\/08\/Plain_Crew_Neck_Sweater_Mint_Women_Original2.webp","contentUrl":"https:\/\/www.aranswitzerland.ch\/wp-content\/uploads\/2025\/08\/Plain_Crew_Neck_Sweater_Mint_Women_Original2.webp","width":1053,"height":1580},{"@type":"BreadcrumbList","@id":"https:\/\/www.aranswitzerland.ch\/product\/schlichter-rundhalspullover-minzgruen\/#breadcrumb","itemListElement":[{"@type":"ListItem","position":1,"name":"Shop","item":"https:\/\/www.aranswitzerland.ch\/en\/shop\/"},{"@type":"ListItem","position":2,"name":"Damen","item":"https:\/\/www.aranswitzerland.ch\/product-category\/damen\/"},{"@type":"ListItem","position":3,"name":"Schlichter Rundhalspullover \u2013 Minzgr\u00fcn"}]},{"@type":"WebSite","@id":"https:\/\/www.aranswitzerland.ch\/#website","url":"https:\/\/www.aranswitzerland.ch\/","name":"Aran Switzerland","description":"Kleidung, Taschen und Accessoires","publisher":{"@id":"https:\/\/www.aranswitzerland.ch\/#organization"},"potentialAction":[{"@type":"SearchAction","target":{"@type":"EntryPoint","urlTemplate":"https:\/\/www.aranswitzerland.ch\/?s={search_term_string}"},"query-input":{"@type":"PropertyValueSpecification","valueRequired":true,"valueName":"search_term_string"}}],"inLanguage":"en-GB"},{"@type":"Organization","@id":"https:\/\/www.aranswitzerland.ch\/#organization","name":"Aran Switzerland","url":"https:\/\/www.aranswitzerland.ch\/","logo":{"@type":"ImageObject","inLanguage":"en-GB","@id":"https:\/\/www.aranswitzerland.ch\/#\/schema\/logo\/image\/","url":"https:\/\/www.aranswitzerland.ch\/wp-content\/uploads\/2024\/10\/Logo.jpg","contentUrl":"https:\/\/www.aranswitzerland.ch\/wp-content\/uploads\/2024\/10\/Logo.jpg","width":600,"height":600,"caption":"Aran Switzerland"},"image":{"@id":"https:\/\/www.aranswitzerland.ch\/#\/schema\/logo\/image\/"},"hasMerchantReturnPolicy":{"@type":"MerchantReturnPolicy","merchantReturnLink":"https:\/\/www.aranswitzerland.ch\/en\/rueckgabebedingungen\/"}}]},"product_brand":"Aran Woolen Mills","og_availability":"instock","product_availability":"instock","product_retailer_item_id":"AR-085","product_condition":"new"},"_links":{"self":[{"href":"https:\/\/www.aranswitzerland.ch\/en\/wp-json\/wp\/v2\/product\/4134","targetHints":{"allow":["GET"]}}],"collection":[{"href":"https:\/\/www.aranswitzerland.ch\/en\/wp-json\/wp\/v2\/product"}],"about":[{"href":"https:\/\/www.aranswitzerland.ch\/en\/wp-json\/wp\/v2\/types\/product"}],"replies":[{"embeddable":true,"href":"https:\/\/www.aranswitzerland.ch\/en\/wp-json\/wp\/v2\/comments?post=4134"}],"version-history":[{"count":3,"href":"https:\/\/www.aranswitzerland.ch\/en\/wp-json\/wp\/v2\/product\/4134\/revisions"}],"predecessor-version":[{"id":5614,"href":"https:\/\/www.aranswitzerland.ch\/en\/wp-json\/wp\/v2\/product\/4134\/revisions\/5614"}],"wp:featuredmedia":[{"embeddable":true,"href":"https:\/\/www.aranswitzerland.ch\/en\/wp-json\/wp\/v2\/media\/4140"}],"wp:attachment":[{"href":"https:\/\/www.aranswitzerland.ch\/en\/wp-json\/wp\/v2\/media?parent=4134"}],"wp:term":[{"taxonomy":"product_brand","embeddable":true,"href":"https:\/\/www.aranswitzerland.ch\/en\/wp-json\/wp\/v2\/product_brand?post=4134"},{"taxonomy":"product_cat","embeddable":true,"href":"https:\/\/www.aranswitzerland.ch\/en\/wp-json\/wp\/v2\/product_cat?post=4134"},{"taxonomy":"product_tag","embeddable":true,"href":"https:\/\/www.aranswitzerland.ch\/en\/wp-json\/wp\/v2\/product_tag?post=4134"}],"curies":[{"name":"wp","href":"https:\/\/api.w.org\/{rel}","templated":true}]}}