{"id":4681,"date":"2025-10-07T21:00:28","date_gmt":"2025-10-07T19:00:28","guid":{"rendered":"https:\/\/www.aranswitzerland.ch\/?post_type=product&#038;p=4681"},"modified":"2026-03-01T22:34:30","modified_gmt":"2026-03-01T20:34:30","slug":"badesalz-aus-irischem-seetang","status":"publish","type":"product","link":"https:\/\/www.aranswitzerland.ch\/en\/product\/badesalz-aus-irischem-seetang\/","title":{"rendered":"Irish Seaweed Bath Salts"},"content":{"rendered":"","protected":false},"excerpt":{"rendered":"<p>These traditional Irish bath salts contain sustainably sourced seaweed harvested from the pristine clear waters off the Irish coast. Healthy for both body and ecology \u2013 the seaweed\u2019s rejuvenating effects are sure to have you feeling on top form in no time. In addition to its muscle soothing benefits, the unique combination of Epsom salt and seaweed also help enhance blood circulation and reduce water retention - perfect for when you're searching for that extra boost of energy.<\/p>","protected":false},"featured_media":4688,"comment_status":"open","ping_status":"closed","template":"","meta":{"_acf_changed":false},"product_brand":[178],"product_cat":[143],"product_tag":[198,199],"class_list":{"0":"post-4681","1":"product","2":"type-product","3":"status-publish","4":"has-post-thumbnail","6":"product_brand-wasi","7":"product_cat-lebensstil","8":"product_tag-koerperpflege","9":"product_tag-seaweed","11":"first","12":"instock","13":"taxable","14":"shipping-taxable","15":"purchasable","16":"product-type-variable","17":"has-default-attributes"},"acf":[],"yoast_head":"<!-- This site is optimized with the Yoast SEO plugin v27.1.1 - https:\/\/yoast.com\/product\/yoast-seo-wordpress\/ -->\n<title>Badesalz aus irischem Seetang<\/title>\n<meta name=\"robots\" content=\"index, follow, max-snippet:-1, max-image-preview:large, max-video-preview:-1\" \/>\n<link rel=\"canonical\" href=\"https:\/\/www.aranswitzerland.ch\/en\/product\/badesalz-aus-irischem-seetang\/\" \/>\n<meta property=\"og:locale\" content=\"en_GB\" \/>\n<meta property=\"og:type\" content=\"article\" \/>\n<meta property=\"og:title\" content=\"Badesalz aus irischem Seetang\" \/>\n<meta property=\"og:description\" content=\"Dieses traditionelle irische Badesalz enth\u00e4lt nachhaltig gewonnen Seetang, der in den unber\u00fchrten, klaren Gew\u00e4ssern vor der K\u00fcste Irlands geerntet wird. Gesund f\u00fcr Ihren K\u00f6rper und die Umwelt \u2013 dank der verj\u00fcngenden Wirkung des Seetangs f\u00fchlen Sie sich in k\u00fcrzester Zeit wieder topfit. Die einzigartige Kombination aus Bittersalz (Epsomit; Magnesiumsulfat-Heptahydrat) und Seetang f\u00f6rdert neben seiner muskelentspannenden Eigenschaft die Durchblutung und reduziert Wassereinlagerungen \u2013 ideal f\u00fcr einen zus\u00e4tzlichen Energieschub.\" \/>\n<meta property=\"og:url\" content=\"https:\/\/www.aranswitzerland.ch\/en\/product\/badesalz-aus-irischem-seetang\/\" \/>\n<meta property=\"og:site_name\" content=\"Aran Switzerland\" \/>\n<meta property=\"article:modified_time\" content=\"2026-03-01T20:34:30+00:00\" \/>\n<meta property=\"og:image\" content=\"https:\/\/www.aranswitzerland.ch\/wp-content\/uploads\/2025\/10\/Bath_Salts_Original_1-1.webp\" \/>\n\t<meta property=\"og:image:width\" content=\"1053\" \/>\n\t<meta property=\"og:image:height\" content=\"1580\" \/>\n\t<meta property=\"og:image:type\" content=\"image\/webp\" \/>\n<meta name=\"twitter:card\" content=\"summary_large_image\" \/>\n<meta name=\"twitter:label1\" content=\"Availability\" \/>\n\t<meta name=\"twitter:data1\" content=\"In stock\" \/>\n<script type=\"application\/ld+json\" class=\"yoast-schema-graph\">{\"@context\":\"https:\/\/schema.org\",\"@graph\":[{\"@type\":\"WebPage\",\"@id\":\"https:\/\/www.aranswitzerland.ch\/product\/badesalz-aus-irischem-seetang\/\",\"url\":\"https:\/\/www.aranswitzerland.ch\/product\/badesalz-aus-irischem-seetang\/\",\"name\":\"Badesalz aus irischem Seetang\",\"isPartOf\":{\"@id\":\"https:\/\/www.aranswitzerland.ch\/#website\"},\"primaryImageOfPage\":{\"@id\":\"https:\/\/www.aranswitzerland.ch\/product\/badesalz-aus-irischem-seetang\/#primaryimage\"},\"image\":{\"@id\":\"https:\/\/www.aranswitzerland.ch\/product\/badesalz-aus-irischem-seetang\/#primaryimage\"},\"thumbnailUrl\":\"https:\/\/www.aranswitzerland.ch\/wp-content\/uploads\/2025\/10\/Bath_Salts_Original_1-1.webp\",\"datePublished\":\"2025-10-07T19:00:28+00:00\",\"dateModified\":\"2026-03-01T20:34:30+00:00\",\"breadcrumb\":{\"@id\":\"https:\/\/www.aranswitzerland.ch\/product\/badesalz-aus-irischem-seetang\/#breadcrumb\"},\"inLanguage\":\"en-GB\",\"potentialAction\":[{\"@type\":\"ReadAction\",\"target\":[\"https:\/\/www.aranswitzerland.ch\/product\/badesalz-aus-irischem-seetang\/\"]}]},{\"@type\":\"ImageObject\",\"inLanguage\":\"en-GB\",\"@id\":\"https:\/\/www.aranswitzerland.ch\/product\/badesalz-aus-irischem-seetang\/#primaryimage\",\"url\":\"https:\/\/www.aranswitzerland.ch\/wp-content\/uploads\/2025\/10\/Bath_Salts_Original_1-1.webp\",\"contentUrl\":\"https:\/\/www.aranswitzerland.ch\/wp-content\/uploads\/2025\/10\/Bath_Salts_Original_1-1.webp\",\"width\":1053,\"height\":1580},{\"@type\":\"BreadcrumbList\",\"@id\":\"https:\/\/www.aranswitzerland.ch\/product\/badesalz-aus-irischem-seetang\/#breadcrumb\",\"itemListElement\":[{\"@type\":\"ListItem\",\"position\":1,\"name\":\"Shop\",\"item\":\"https:\/\/www.aranswitzerland.ch\/en\/shop\/\"},{\"@type\":\"ListItem\",\"position\":2,\"name\":\"Lebensstil\",\"item\":\"https:\/\/www.aranswitzerland.ch\/product-category\/lebensstil\/\"},{\"@type\":\"ListItem\",\"position\":3,\"name\":\"Badesalz aus irischem Seetang\"}]},{\"@type\":\"WebSite\",\"@id\":\"https:\/\/www.aranswitzerland.ch\/#website\",\"url\":\"https:\/\/www.aranswitzerland.ch\/\",\"name\":\"Aran Switzerland\",\"description\":\"Kleidung, Taschen und Accessoires\",\"publisher\":{\"@id\":\"https:\/\/www.aranswitzerland.ch\/#organization\"},\"potentialAction\":[{\"@type\":\"SearchAction\",\"target\":{\"@type\":\"EntryPoint\",\"urlTemplate\":\"https:\/\/www.aranswitzerland.ch\/?s={search_term_string}\"},\"query-input\":{\"@type\":\"PropertyValueSpecification\",\"valueRequired\":true,\"valueName\":\"search_term_string\"}}],\"inLanguage\":\"en-GB\"},{\"@type\":\"Organization\",\"@id\":\"https:\/\/www.aranswitzerland.ch\/#organization\",\"name\":\"Aran Switzerland\",\"url\":\"https:\/\/www.aranswitzerland.ch\/\",\"logo\":{\"@type\":\"ImageObject\",\"inLanguage\":\"en-GB\",\"@id\":\"https:\/\/www.aranswitzerland.ch\/#\/schema\/logo\/image\/\",\"url\":\"https:\/\/www.aranswitzerland.ch\/wp-content\/uploads\/2024\/10\/Logo.jpg\",\"contentUrl\":\"https:\/\/www.aranswitzerland.ch\/wp-content\/uploads\/2024\/10\/Logo.jpg\",\"width\":600,\"height\":600,\"caption\":\"Aran Switzerland\"},\"image\":{\"@id\":\"https:\/\/www.aranswitzerland.ch\/#\/schema\/logo\/image\/\"},\"hasMerchantReturnPolicy\":{\"@type\":\"MerchantReturnPolicy\",\"merchantReturnLink\":\"https:\/\/www.aranswitzerland.ch\/en\/rueckgabebedingungen\/\"}}]}<\/script>\n<meta property=\"product:brand\" content=\"WASI\" \/>\n<meta property=\"og:availability\" content=\"instock\" \/>\n<meta property=\"product:availability\" content=\"instock\" \/>\n<meta property=\"product:retailer_item_id\" content=\"AR-115\" \/>\n<meta property=\"product:condition\" content=\"new\" \/>\n<!-- \/ Yoast SEO plugin. -->","yoast_head_json":{"title":"Irish Seaweed Bath Salts","robots":{"index":"index","follow":"follow","max-snippet":"max-snippet:-1","max-image-preview":"max-image-preview:large","max-video-preview":"max-video-preview:-1"},"canonical":"https:\/\/www.aranswitzerland.ch\/en\/product\/badesalz-aus-irischem-seetang\/","og_locale":"en_GB","og_type":"article","og_title":"Badesalz aus irischem Seetang","og_description":"Dieses traditionelle irische Badesalz enth\u00e4lt nachhaltig gewonnen Seetang, der in den unber\u00fchrten, klaren Gew\u00e4ssern vor der K\u00fcste Irlands geerntet wird. Gesund f\u00fcr Ihren K\u00f6rper und die Umwelt \u2013 dank der verj\u00fcngenden Wirkung des Seetangs f\u00fchlen Sie sich in k\u00fcrzester Zeit wieder topfit. Die einzigartige Kombination aus Bittersalz (Epsomit; Magnesiumsulfat-Heptahydrat) und Seetang f\u00f6rdert neben seiner muskelentspannenden Eigenschaft die Durchblutung und reduziert Wassereinlagerungen \u2013 ideal f\u00fcr einen zus\u00e4tzlichen Energieschub.","og_url":"https:\/\/www.aranswitzerland.ch\/en\/product\/badesalz-aus-irischem-seetang\/","og_site_name":"Aran Switzerland","article_modified_time":"2026-03-01T20:34:30+00:00","og_image":[{"width":1053,"height":1580,"url":"https:\/\/www.aranswitzerland.ch\/wp-content\/uploads\/2025\/10\/Bath_Salts_Original_1-1.webp","type":"image\/webp"}],"twitter_card":"summary_large_image","twitter_misc":{"Availability":"In stock"},"schema":{"@context":"https:\/\/schema.org","@graph":[{"@type":"WebPage","@id":"https:\/\/www.aranswitzerland.ch\/product\/badesalz-aus-irischem-seetang\/","url":"https:\/\/www.aranswitzerland.ch\/product\/badesalz-aus-irischem-seetang\/","name":"Irish Seaweed Bath Salts","isPartOf":{"@id":"https:\/\/www.aranswitzerland.ch\/#website"},"primaryImageOfPage":{"@id":"https:\/\/www.aranswitzerland.ch\/product\/badesalz-aus-irischem-seetang\/#primaryimage"},"image":{"@id":"https:\/\/www.aranswitzerland.ch\/product\/badesalz-aus-irischem-seetang\/#primaryimage"},"thumbnailUrl":"https:\/\/www.aranswitzerland.ch\/wp-content\/uploads\/2025\/10\/Bath_Salts_Original_1-1.webp","datePublished":"2025-10-07T19:00:28+00:00","dateModified":"2026-03-01T20:34:30+00:00","breadcrumb":{"@id":"https:\/\/www.aranswitzerland.ch\/product\/badesalz-aus-irischem-seetang\/#breadcrumb"},"inLanguage":"en-GB","potentialAction":[{"@type":"ReadAction","target":["https:\/\/www.aranswitzerland.ch\/product\/badesalz-aus-irischem-seetang\/"]}]},{"@type":"ImageObject","inLanguage":"en-GB","@id":"https:\/\/www.aranswitzerland.ch\/product\/badesalz-aus-irischem-seetang\/#primaryimage","url":"https:\/\/www.aranswitzerland.ch\/wp-content\/uploads\/2025\/10\/Bath_Salts_Original_1-1.webp","contentUrl":"https:\/\/www.aranswitzerland.ch\/wp-content\/uploads\/2025\/10\/Bath_Salts_Original_1-1.webp","width":1053,"height":1580},{"@type":"BreadcrumbList","@id":"https:\/\/www.aranswitzerland.ch\/product\/badesalz-aus-irischem-seetang\/#breadcrumb","itemListElement":[{"@type":"ListItem","position":1,"name":"Shop","item":"https:\/\/www.aranswitzerland.ch\/en\/shop\/"},{"@type":"ListItem","position":2,"name":"Lebensstil","item":"https:\/\/www.aranswitzerland.ch\/product-category\/lebensstil\/"},{"@type":"ListItem","position":3,"name":"Badesalz aus irischem Seetang"}]},{"@type":"WebSite","@id":"https:\/\/www.aranswitzerland.ch\/#website","url":"https:\/\/www.aranswitzerland.ch\/","name":"Aran Switzerland","description":"Kleidung, Taschen und Accessoires","publisher":{"@id":"https:\/\/www.aranswitzerland.ch\/#organization"},"potentialAction":[{"@type":"SearchAction","target":{"@type":"EntryPoint","urlTemplate":"https:\/\/www.aranswitzerland.ch\/?s={search_term_string}"},"query-input":{"@type":"PropertyValueSpecification","valueRequired":true,"valueName":"search_term_string"}}],"inLanguage":"en-GB"},{"@type":"Organization","@id":"https:\/\/www.aranswitzerland.ch\/#organization","name":"Aran Switzerland","url":"https:\/\/www.aranswitzerland.ch\/","logo":{"@type":"ImageObject","inLanguage":"en-GB","@id":"https:\/\/www.aranswitzerland.ch\/#\/schema\/logo\/image\/","url":"https:\/\/www.aranswitzerland.ch\/wp-content\/uploads\/2024\/10\/Logo.jpg","contentUrl":"https:\/\/www.aranswitzerland.ch\/wp-content\/uploads\/2024\/10\/Logo.jpg","width":600,"height":600,"caption":"Aran Switzerland"},"image":{"@id":"https:\/\/www.aranswitzerland.ch\/#\/schema\/logo\/image\/"},"hasMerchantReturnPolicy":{"@type":"MerchantReturnPolicy","merchantReturnLink":"https:\/\/www.aranswitzerland.ch\/en\/rueckgabebedingungen\/"}}]},"product_brand":"WASI","og_availability":"instock","product_availability":"instock","product_retailer_item_id":"AR-115","product_condition":"new"},"_links":{"self":[{"href":"https:\/\/www.aranswitzerland.ch\/en\/wp-json\/wp\/v2\/product\/4681","targetHints":{"allow":["GET"]}}],"collection":[{"href":"https:\/\/www.aranswitzerland.ch\/en\/wp-json\/wp\/v2\/product"}],"about":[{"href":"https:\/\/www.aranswitzerland.ch\/en\/wp-json\/wp\/v2\/types\/product"}],"replies":[{"embeddable":true,"href":"https:\/\/www.aranswitzerland.ch\/en\/wp-json\/wp\/v2\/comments?post=4681"}],"version-history":[{"count":1,"href":"https:\/\/www.aranswitzerland.ch\/en\/wp-json\/wp\/v2\/product\/4681\/revisions"}],"predecessor-version":[{"id":5481,"href":"https:\/\/www.aranswitzerland.ch\/en\/wp-json\/wp\/v2\/product\/4681\/revisions\/5481"}],"wp:featuredmedia":[{"embeddable":true,"href":"https:\/\/www.aranswitzerland.ch\/en\/wp-json\/wp\/v2\/media\/4688"}],"wp:attachment":[{"href":"https:\/\/www.aranswitzerland.ch\/en\/wp-json\/wp\/v2\/media?parent=4681"}],"wp:term":[{"taxonomy":"product_brand","embeddable":true,"href":"https:\/\/www.aranswitzerland.ch\/en\/wp-json\/wp\/v2\/product_brand?post=4681"},{"taxonomy":"product_cat","embeddable":true,"href":"https:\/\/www.aranswitzerland.ch\/en\/wp-json\/wp\/v2\/product_cat?post=4681"},{"taxonomy":"product_tag","embeddable":true,"href":"https:\/\/www.aranswitzerland.ch\/en\/wp-json\/wp\/v2\/product_tag?post=4681"}],"curies":[{"name":"wp","href":"https:\/\/api.w.org\/{rel}","templated":true}]}}