{"id":5102,"date":"2025-10-14T12:43:36","date_gmt":"2025-10-14T10:43:36","guid":{"rendered":"https:\/\/www.aranswitzerland.ch\/?post_type=product&#038;p=5102"},"modified":"2025-12-30T20:08:22","modified_gmt":"2025-12-30T18:08:22","slug":"ueberwurf-rosslare-aus-lammwolle-tuerkisblaues-tartanmuster","status":"publish","type":"product","link":"https:\/\/www.aranswitzerland.ch\/en\/product\/ueberwurf-rosslare-aus-lammwolle-tuerkisblaues-tartanmuster\/","title":{"rendered":"Rosslare Lambswool Throw \u2013 Turq Tartan"},"content":{"rendered":"","protected":false},"excerpt":{"rendered":"<p>Made from premium lambswool, this throw offers exceptional softness and warmth, perfect for cosy evenings or as a statement piece in your home. It features a vibrant turquoise tartan design and adds warmth and a pop of colour to any space.<\/p>","protected":false},"featured_media":5106,"comment_status":"open","ping_status":"closed","template":"","meta":{"_acf_changed":false},"product_brand":[175],"product_cat":[33,143],"product_tag":[189,190,188,183],"class_list":{"0":"post-5102","1":"product","2":"type-product","3":"status-publish","4":"has-post-thumbnail","6":"product_brand-foxford","7":"product_cat-accessoires","8":"product_cat-lebensstil","9":"product_tag-lammwolle","10":"product_tag-mehrfarbig","11":"product_tag-ueberwurf","12":"product_tag-wolle","14":"first","15":"outofstock","16":"taxable","17":"shipping-taxable","18":"purchasable","19":"product-type-variable","20":"has-default-attributes"},"acf":[],"yoast_head":"<!-- This site is optimized with the Yoast SEO plugin v27.1.1 - https:\/\/yoast.com\/product\/yoast-seo-wordpress\/ -->\n<title>\u00dcberwurf \u00abRosslare\u00bb aus Lammwolle \u2013 T\u00fcrkisblaues Tartanmuster<\/title>\n<meta name=\"robots\" content=\"index, follow, max-snippet:-1, max-image-preview:large, max-video-preview:-1\" \/>\n<link rel=\"canonical\" href=\"https:\/\/www.aranswitzerland.ch\/en\/product\/ueberwurf-rosslare-aus-lammwolle-tuerkisblaues-tartanmuster\/\" \/>\n<meta property=\"og:locale\" content=\"en_GB\" \/>\n<meta property=\"og:type\" content=\"article\" \/>\n<meta property=\"og:title\" content=\"\u00dcberwurf \u00abRosslare\u00bb aus Lammwolle \u2013 T\u00fcrkisblaues Tartanmuster\" \/>\n<meta property=\"og:description\" content=\"Dieser \u00dcberwurf aus bester Lammwolle bietet aussergew\u00f6hnliche Weichheit und W\u00e4rme \u2013 perfekt f\u00fcr gem\u00fctliche Abende oder als Blickfang bei Ihnen zu Hause. Er besticht durch ein lebhaftes Design mit t\u00fcrkisblauem Tartanmuster und f\u00fcgt jedem Raum W\u00e4rme und einen Farbakzent hinzu.\" \/>\n<meta property=\"og:url\" content=\"https:\/\/www.aranswitzerland.ch\/en\/product\/ueberwurf-rosslare-aus-lammwolle-tuerkisblaues-tartanmuster\/\" \/>\n<meta property=\"og:site_name\" content=\"Aran Switzerland\" \/>\n<meta property=\"article:modified_time\" content=\"2025-12-30T18:08:22+00:00\" \/>\n<meta property=\"og:image\" content=\"https:\/\/www.aranswitzerland.ch\/wp-content\/uploads\/2025\/10\/Lambswool-Throws-Rosslare-Turq-Tartan_3.webp\" \/>\n\t<meta property=\"og:image:width\" content=\"1053\" \/>\n\t<meta property=\"og:image:height\" content=\"1580\" \/>\n\t<meta property=\"og:image:type\" content=\"image\/webp\" \/>\n<meta name=\"twitter:card\" content=\"summary_large_image\" \/>\n<meta name=\"twitter:label1\" content=\"Availability\" \/>\n\t<meta name=\"twitter:data1\" content=\"Out of stock\" \/>\n<script type=\"application\/ld+json\" class=\"yoast-schema-graph\">{\"@context\":\"https:\/\/schema.org\",\"@graph\":[{\"@type\":\"WebPage\",\"@id\":\"https:\/\/www.aranswitzerland.ch\/product\/ueberwurf-rosslare-aus-lammwolle-tuerkisblaues-tartanmuster\/\",\"url\":\"https:\/\/www.aranswitzerland.ch\/product\/ueberwurf-rosslare-aus-lammwolle-tuerkisblaues-tartanmuster\/\",\"name\":\"\u00dcberwurf \u00abRosslare\u00bb aus Lammwolle \u2013 T\u00fcrkisblaues Tartanmuster\",\"isPartOf\":{\"@id\":\"https:\/\/www.aranswitzerland.ch\/#website\"},\"primaryImageOfPage\":{\"@id\":\"https:\/\/www.aranswitzerland.ch\/product\/ueberwurf-rosslare-aus-lammwolle-tuerkisblaues-tartanmuster\/#primaryimage\"},\"image\":{\"@id\":\"https:\/\/www.aranswitzerland.ch\/product\/ueberwurf-rosslare-aus-lammwolle-tuerkisblaues-tartanmuster\/#primaryimage\"},\"thumbnailUrl\":\"https:\/\/www.aranswitzerland.ch\/wp-content\/uploads\/2025\/10\/Lambswool-Throws-Rosslare-Turq-Tartan_3.webp\",\"datePublished\":\"2025-10-14T10:43:36+00:00\",\"dateModified\":\"2025-12-30T18:08:22+00:00\",\"breadcrumb\":{\"@id\":\"https:\/\/www.aranswitzerland.ch\/product\/ueberwurf-rosslare-aus-lammwolle-tuerkisblaues-tartanmuster\/#breadcrumb\"},\"inLanguage\":\"en-GB\",\"potentialAction\":[{\"@type\":\"ReadAction\",\"target\":[\"https:\/\/www.aranswitzerland.ch\/product\/ueberwurf-rosslare-aus-lammwolle-tuerkisblaues-tartanmuster\/\"]}]},{\"@type\":\"ImageObject\",\"inLanguage\":\"en-GB\",\"@id\":\"https:\/\/www.aranswitzerland.ch\/product\/ueberwurf-rosslare-aus-lammwolle-tuerkisblaues-tartanmuster\/#primaryimage\",\"url\":\"https:\/\/www.aranswitzerland.ch\/wp-content\/uploads\/2025\/10\/Lambswool-Throws-Rosslare-Turq-Tartan_3.webp\",\"contentUrl\":\"https:\/\/www.aranswitzerland.ch\/wp-content\/uploads\/2025\/10\/Lambswool-Throws-Rosslare-Turq-Tartan_3.webp\",\"width\":1053,\"height\":1580},{\"@type\":\"BreadcrumbList\",\"@id\":\"https:\/\/www.aranswitzerland.ch\/product\/ueberwurf-rosslare-aus-lammwolle-tuerkisblaues-tartanmuster\/#breadcrumb\",\"itemListElement\":[{\"@type\":\"ListItem\",\"position\":1,\"name\":\"Shop\",\"item\":\"https:\/\/www.aranswitzerland.ch\/en\/shop\/\"},{\"@type\":\"ListItem\",\"position\":2,\"name\":\"Lebensstil\",\"item\":\"https:\/\/www.aranswitzerland.ch\/product-category\/lebensstil\/\"},{\"@type\":\"ListItem\",\"position\":3,\"name\":\"\u00dcberwurf \u00abRosslare\u00bb aus Lammwolle \u2013 T\u00fcrkisblaues Tartanmuster\"}]},{\"@type\":\"WebSite\",\"@id\":\"https:\/\/www.aranswitzerland.ch\/#website\",\"url\":\"https:\/\/www.aranswitzerland.ch\/\",\"name\":\"Aran Switzerland\",\"description\":\"Kleidung, Taschen und Accessoires\",\"publisher\":{\"@id\":\"https:\/\/www.aranswitzerland.ch\/#organization\"},\"potentialAction\":[{\"@type\":\"SearchAction\",\"target\":{\"@type\":\"EntryPoint\",\"urlTemplate\":\"https:\/\/www.aranswitzerland.ch\/?s={search_term_string}\"},\"query-input\":{\"@type\":\"PropertyValueSpecification\",\"valueRequired\":true,\"valueName\":\"search_term_string\"}}],\"inLanguage\":\"en-GB\"},{\"@type\":\"Organization\",\"@id\":\"https:\/\/www.aranswitzerland.ch\/#organization\",\"name\":\"Aran Switzerland\",\"url\":\"https:\/\/www.aranswitzerland.ch\/\",\"logo\":{\"@type\":\"ImageObject\",\"inLanguage\":\"en-GB\",\"@id\":\"https:\/\/www.aranswitzerland.ch\/#\/schema\/logo\/image\/\",\"url\":\"https:\/\/www.aranswitzerland.ch\/wp-content\/uploads\/2024\/10\/Logo.jpg\",\"contentUrl\":\"https:\/\/www.aranswitzerland.ch\/wp-content\/uploads\/2024\/10\/Logo.jpg\",\"width\":600,\"height\":600,\"caption\":\"Aran Switzerland\"},\"image\":{\"@id\":\"https:\/\/www.aranswitzerland.ch\/#\/schema\/logo\/image\/\"},\"hasMerchantReturnPolicy\":{\"@type\":\"MerchantReturnPolicy\",\"merchantReturnLink\":\"https:\/\/www.aranswitzerland.ch\/en\/rueckgabebedingungen\/\"}}]}<\/script>\n<meta property=\"product:brand\" content=\"FOXFORD\" \/>\n<meta property=\"og:availability\" content=\"out of stock\" \/>\n<meta property=\"product:availability\" content=\"out of stock\" \/>\n<meta property=\"product:retailer_item_id\" content=\"AR-128\" \/>\n<meta property=\"product:condition\" content=\"new\" \/>\n<!-- \/ Yoast SEO plugin. -->","yoast_head_json":{"title":"Rosslare Lambswool Throw \u2013 Turq Tartan","robots":{"index":"index","follow":"follow","max-snippet":"max-snippet:-1","max-image-preview":"max-image-preview:large","max-video-preview":"max-video-preview:-1"},"canonical":"https:\/\/www.aranswitzerland.ch\/en\/product\/ueberwurf-rosslare-aus-lammwolle-tuerkisblaues-tartanmuster\/","og_locale":"en_GB","og_type":"article","og_title":"\u00dcberwurf \u00abRosslare\u00bb aus Lammwolle \u2013 T\u00fcrkisblaues Tartanmuster","og_description":"Dieser \u00dcberwurf aus bester Lammwolle bietet aussergew\u00f6hnliche Weichheit und W\u00e4rme \u2013 perfekt f\u00fcr gem\u00fctliche Abende oder als Blickfang bei Ihnen zu Hause. Er besticht durch ein lebhaftes Design mit t\u00fcrkisblauem Tartanmuster und f\u00fcgt jedem Raum W\u00e4rme und einen Farbakzent hinzu.","og_url":"https:\/\/www.aranswitzerland.ch\/en\/product\/ueberwurf-rosslare-aus-lammwolle-tuerkisblaues-tartanmuster\/","og_site_name":"Aran Switzerland","article_modified_time":"2025-12-30T18:08:22+00:00","og_image":[{"width":1053,"height":1580,"url":"https:\/\/www.aranswitzerland.ch\/wp-content\/uploads\/2025\/10\/Lambswool-Throws-Rosslare-Turq-Tartan_3.webp","type":"image\/webp"}],"twitter_card":"summary_large_image","twitter_misc":{"Availability":"Out of stock"},"schema":{"@context":"https:\/\/schema.org","@graph":[{"@type":"WebPage","@id":"https:\/\/www.aranswitzerland.ch\/product\/ueberwurf-rosslare-aus-lammwolle-tuerkisblaues-tartanmuster\/","url":"https:\/\/www.aranswitzerland.ch\/product\/ueberwurf-rosslare-aus-lammwolle-tuerkisblaues-tartanmuster\/","name":"Rosslare Lambswool Throw \u2013 Turq Tartan","isPartOf":{"@id":"https:\/\/www.aranswitzerland.ch\/#website"},"primaryImageOfPage":{"@id":"https:\/\/www.aranswitzerland.ch\/product\/ueberwurf-rosslare-aus-lammwolle-tuerkisblaues-tartanmuster\/#primaryimage"},"image":{"@id":"https:\/\/www.aranswitzerland.ch\/product\/ueberwurf-rosslare-aus-lammwolle-tuerkisblaues-tartanmuster\/#primaryimage"},"thumbnailUrl":"https:\/\/www.aranswitzerland.ch\/wp-content\/uploads\/2025\/10\/Lambswool-Throws-Rosslare-Turq-Tartan_3.webp","datePublished":"2025-10-14T10:43:36+00:00","dateModified":"2025-12-30T18:08:22+00:00","breadcrumb":{"@id":"https:\/\/www.aranswitzerland.ch\/product\/ueberwurf-rosslare-aus-lammwolle-tuerkisblaues-tartanmuster\/#breadcrumb"},"inLanguage":"en-GB","potentialAction":[{"@type":"ReadAction","target":["https:\/\/www.aranswitzerland.ch\/product\/ueberwurf-rosslare-aus-lammwolle-tuerkisblaues-tartanmuster\/"]}]},{"@type":"ImageObject","inLanguage":"en-GB","@id":"https:\/\/www.aranswitzerland.ch\/product\/ueberwurf-rosslare-aus-lammwolle-tuerkisblaues-tartanmuster\/#primaryimage","url":"https:\/\/www.aranswitzerland.ch\/wp-content\/uploads\/2025\/10\/Lambswool-Throws-Rosslare-Turq-Tartan_3.webp","contentUrl":"https:\/\/www.aranswitzerland.ch\/wp-content\/uploads\/2025\/10\/Lambswool-Throws-Rosslare-Turq-Tartan_3.webp","width":1053,"height":1580},{"@type":"BreadcrumbList","@id":"https:\/\/www.aranswitzerland.ch\/product\/ueberwurf-rosslare-aus-lammwolle-tuerkisblaues-tartanmuster\/#breadcrumb","itemListElement":[{"@type":"ListItem","position":1,"name":"Shop","item":"https:\/\/www.aranswitzerland.ch\/en\/shop\/"},{"@type":"ListItem","position":2,"name":"Lebensstil","item":"https:\/\/www.aranswitzerland.ch\/product-category\/lebensstil\/"},{"@type":"ListItem","position":3,"name":"\u00dcberwurf \u00abRosslare\u00bb aus Lammwolle \u2013 T\u00fcrkisblaues Tartanmuster"}]},{"@type":"WebSite","@id":"https:\/\/www.aranswitzerland.ch\/#website","url":"https:\/\/www.aranswitzerland.ch\/","name":"Aran Switzerland","description":"Kleidung, Taschen und Accessoires","publisher":{"@id":"https:\/\/www.aranswitzerland.ch\/#organization"},"potentialAction":[{"@type":"SearchAction","target":{"@type":"EntryPoint","urlTemplate":"https:\/\/www.aranswitzerland.ch\/?s={search_term_string}"},"query-input":{"@type":"PropertyValueSpecification","valueRequired":true,"valueName":"search_term_string"}}],"inLanguage":"en-GB"},{"@type":"Organization","@id":"https:\/\/www.aranswitzerland.ch\/#organization","name":"Aran Switzerland","url":"https:\/\/www.aranswitzerland.ch\/","logo":{"@type":"ImageObject","inLanguage":"en-GB","@id":"https:\/\/www.aranswitzerland.ch\/#\/schema\/logo\/image\/","url":"https:\/\/www.aranswitzerland.ch\/wp-content\/uploads\/2024\/10\/Logo.jpg","contentUrl":"https:\/\/www.aranswitzerland.ch\/wp-content\/uploads\/2024\/10\/Logo.jpg","width":600,"height":600,"caption":"Aran Switzerland"},"image":{"@id":"https:\/\/www.aranswitzerland.ch\/#\/schema\/logo\/image\/"},"hasMerchantReturnPolicy":{"@type":"MerchantReturnPolicy","merchantReturnLink":"https:\/\/www.aranswitzerland.ch\/en\/rueckgabebedingungen\/"}}]},"product_brand":"FOXFORD","og_availability":"out of stock","product_availability":"out of stock","product_retailer_item_id":"AR-128","product_condition":"new"},"_links":{"self":[{"href":"https:\/\/www.aranswitzerland.ch\/en\/wp-json\/wp\/v2\/product\/5102","targetHints":{"allow":["GET"]}}],"collection":[{"href":"https:\/\/www.aranswitzerland.ch\/en\/wp-json\/wp\/v2\/product"}],"about":[{"href":"https:\/\/www.aranswitzerland.ch\/en\/wp-json\/wp\/v2\/types\/product"}],"replies":[{"embeddable":true,"href":"https:\/\/www.aranswitzerland.ch\/en\/wp-json\/wp\/v2\/comments?post=5102"}],"version-history":[{"count":4,"href":"https:\/\/www.aranswitzerland.ch\/en\/wp-json\/wp\/v2\/product\/5102\/revisions"}],"predecessor-version":[{"id":5796,"href":"https:\/\/www.aranswitzerland.ch\/en\/wp-json\/wp\/v2\/product\/5102\/revisions\/5796"}],"wp:featuredmedia":[{"embeddable":true,"href":"https:\/\/www.aranswitzerland.ch\/en\/wp-json\/wp\/v2\/media\/5106"}],"wp:attachment":[{"href":"https:\/\/www.aranswitzerland.ch\/en\/wp-json\/wp\/v2\/media?parent=5102"}],"wp:term":[{"taxonomy":"product_brand","embeddable":true,"href":"https:\/\/www.aranswitzerland.ch\/en\/wp-json\/wp\/v2\/product_brand?post=5102"},{"taxonomy":"product_cat","embeddable":true,"href":"https:\/\/www.aranswitzerland.ch\/en\/wp-json\/wp\/v2\/product_cat?post=5102"},{"taxonomy":"product_tag","embeddable":true,"href":"https:\/\/www.aranswitzerland.ch\/en\/wp-json\/wp\/v2\/product_tag?post=5102"}],"curies":[{"name":"wp","href":"https:\/\/api.w.org\/{rel}","templated":true}]}}