{"id":6777,"date":"2026-03-10T02:14:38","date_gmt":"2026-03-10T00:14:38","guid":{"rendered":"https:\/\/www.aranswitzerland.ch\/?post_type=product&#038;p=6777"},"modified":"2026-03-10T02:18:14","modified_gmt":"2026-03-10T00:18:14","slug":"schafwolloel-fuer-haare-und-koerper","status":"publish","type":"product","link":"https:\/\/www.aranswitzerland.ch\/en\/product\/schafwolloel-fuer-haare-und-koerper\/","title":{"rendered":"Body &amp; Hair Sheep\u2019s Wool Oil"},"content":{"rendered":"","protected":false},"excerpt":{"rendered":"<p>This rich, yet non-greasy wool body oil is made using lanolin, a natural oil from sheep\u2019s wool, that soothes, nourishes and protects the skin.<\/p>","protected":false},"featured_media":6778,"comment_status":"open","ping_status":"closed","template":"","meta":{"_acf_changed":false},"product_brand":[322],"product_cat":[143],"product_tag":[198,328,316],"class_list":{"0":"post-6777","1":"product","2":"type-product","3":"status-publish","4":"has-post-thumbnail","6":"product_brand-banor","7":"product_cat-lebensstil","8":"product_tag-koerperpflege","9":"product_tag-lanolin","10":"product_tag-oel","12":"first","13":"instock","14":"taxable","15":"shipping-taxable","16":"purchasable","17":"product-type-variable","18":"has-default-attributes"},"acf":[],"yoast_head":"<!-- This site is optimized with the Yoast SEO plugin v27.1.1 - https:\/\/yoast.com\/product\/yoast-seo-wordpress\/ -->\n<title>Schafwoll\u00f6l f\u00fcr Haare und K\u00f6rper<\/title>\n<meta name=\"description\" content=\"Dieses reichhaltige, nicht fettende Woll\u00f6l f\u00fcr den K\u00f6rper wird aus Lanolin hergestellt \u2013 ein nat\u00fcrliches \u00d6l der Schafwolle, das die Haut beruhigt, pflegt und sch\u00fctzt.\" \/>\n<meta name=\"robots\" content=\"index, follow, max-snippet:-1, max-image-preview:large, max-video-preview:-1\" \/>\n<link rel=\"canonical\" href=\"https:\/\/www.aranswitzerland.ch\/en\/product\/schafwolloel-fuer-haare-und-koerper\/\" \/>\n<meta property=\"og:locale\" content=\"en_GB\" \/>\n<meta property=\"og:type\" content=\"article\" \/>\n<meta property=\"og:title\" content=\"Schafwoll\u00f6l f\u00fcr Haare und K\u00f6rper\" \/>\n<meta property=\"og:description\" content=\"Dieses reichhaltige, nicht fettende Woll\u00f6l f\u00fcr den K\u00f6rper wird aus Lanolin hergestellt \u2013 ein nat\u00fcrliches \u00d6l der Schafwolle, das die Haut beruhigt, pflegt und sch\u00fctzt.\" \/>\n<meta property=\"og:url\" content=\"https:\/\/www.aranswitzerland.ch\/en\/product\/schafwolloel-fuer-haare-und-koerper\/\" \/>\n<meta property=\"og:site_name\" content=\"Aran Switzerland\" \/>\n<meta property=\"article:modified_time\" content=\"2026-03-10T00:18:14+00:00\" \/>\n<meta property=\"og:image\" content=\"https:\/\/www.aranswitzerland.ch\/wp-content\/uploads\/2026\/03\/Banor-Body-Hair-Oil-1.webp\" \/>\n\t<meta property=\"og:image:width\" content=\"1054\" \/>\n\t<meta property=\"og:image:height\" content=\"1580\" \/>\n\t<meta property=\"og:image:type\" content=\"image\/webp\" \/>\n<meta name=\"twitter:card\" content=\"summary_large_image\" \/>\n<meta name=\"twitter:label1\" content=\"Availability\" \/>\n\t<meta name=\"twitter:data1\" content=\"In stock\" \/>\n<script type=\"application\/ld+json\" class=\"yoast-schema-graph\">{\"@context\":\"https:\/\/schema.org\",\"@graph\":[{\"@type\":\"WebPage\",\"@id\":\"https:\/\/www.aranswitzerland.ch\/product\/schafwolloel-fuer-haare-und-koerper\/\",\"url\":\"https:\/\/www.aranswitzerland.ch\/product\/schafwolloel-fuer-haare-und-koerper\/\",\"name\":\"Schafwoll\u00f6l f\u00fcr Haare und K\u00f6rper\",\"isPartOf\":{\"@id\":\"https:\/\/www.aranswitzerland.ch\/#website\"},\"primaryImageOfPage\":{\"@id\":\"https:\/\/www.aranswitzerland.ch\/product\/schafwolloel-fuer-haare-und-koerper\/#primaryimage\"},\"image\":{\"@id\":\"https:\/\/www.aranswitzerland.ch\/product\/schafwolloel-fuer-haare-und-koerper\/#primaryimage\"},\"thumbnailUrl\":\"https:\/\/www.aranswitzerland.ch\/wp-content\/uploads\/2026\/03\/Banor-Body-Hair-Oil-1.webp\",\"datePublished\":\"2026-03-10T00:14:38+00:00\",\"dateModified\":\"2026-03-10T00:18:14+00:00\",\"description\":\"Dieses reichhaltige, nicht fettende Woll\u00f6l f\u00fcr den K\u00f6rper wird aus Lanolin hergestellt \u2013 ein nat\u00fcrliches \u00d6l der Schafwolle, das die Haut beruhigt, pflegt und sch\u00fctzt.\",\"breadcrumb\":{\"@id\":\"https:\/\/www.aranswitzerland.ch\/product\/schafwolloel-fuer-haare-und-koerper\/#breadcrumb\"},\"inLanguage\":\"en-GB\",\"potentialAction\":[{\"@type\":\"ReadAction\",\"target\":[\"https:\/\/www.aranswitzerland.ch\/product\/schafwolloel-fuer-haare-und-koerper\/\"]}]},{\"@type\":\"ImageObject\",\"inLanguage\":\"en-GB\",\"@id\":\"https:\/\/www.aranswitzerland.ch\/product\/schafwolloel-fuer-haare-und-koerper\/#primaryimage\",\"url\":\"https:\/\/www.aranswitzerland.ch\/wp-content\/uploads\/2026\/03\/Banor-Body-Hair-Oil-1.webp\",\"contentUrl\":\"https:\/\/www.aranswitzerland.ch\/wp-content\/uploads\/2026\/03\/Banor-Body-Hair-Oil-1.webp\",\"width\":1054,\"height\":1580},{\"@type\":\"BreadcrumbList\",\"@id\":\"https:\/\/www.aranswitzerland.ch\/product\/schafwolloel-fuer-haare-und-koerper\/#breadcrumb\",\"itemListElement\":[{\"@type\":\"ListItem\",\"position\":1,\"name\":\"Shop\",\"item\":\"https:\/\/www.aranswitzerland.ch\/en\/shop\/\"},{\"@type\":\"ListItem\",\"position\":2,\"name\":\"Lebensstil\",\"item\":\"https:\/\/www.aranswitzerland.ch\/product-category\/lebensstil\/\"},{\"@type\":\"ListItem\",\"position\":3,\"name\":\"Schafwoll\u00f6l f\u00fcr Haare und K\u00f6rper\"}]},{\"@type\":\"WebSite\",\"@id\":\"https:\/\/www.aranswitzerland.ch\/#website\",\"url\":\"https:\/\/www.aranswitzerland.ch\/\",\"name\":\"Aran Switzerland\",\"description\":\"Kleidung, Taschen und Accessoires\",\"publisher\":{\"@id\":\"https:\/\/www.aranswitzerland.ch\/#organization\"},\"potentialAction\":[{\"@type\":\"SearchAction\",\"target\":{\"@type\":\"EntryPoint\",\"urlTemplate\":\"https:\/\/www.aranswitzerland.ch\/?s={search_term_string}\"},\"query-input\":{\"@type\":\"PropertyValueSpecification\",\"valueRequired\":true,\"valueName\":\"search_term_string\"}}],\"inLanguage\":\"en-GB\"},{\"@type\":\"Organization\",\"@id\":\"https:\/\/www.aranswitzerland.ch\/#organization\",\"name\":\"Aran Switzerland\",\"url\":\"https:\/\/www.aranswitzerland.ch\/\",\"logo\":{\"@type\":\"ImageObject\",\"inLanguage\":\"en-GB\",\"@id\":\"https:\/\/www.aranswitzerland.ch\/#\/schema\/logo\/image\/\",\"url\":\"https:\/\/www.aranswitzerland.ch\/wp-content\/uploads\/2024\/10\/Logo.jpg\",\"contentUrl\":\"https:\/\/www.aranswitzerland.ch\/wp-content\/uploads\/2024\/10\/Logo.jpg\",\"width\":600,\"height\":600,\"caption\":\"Aran Switzerland\"},\"image\":{\"@id\":\"https:\/\/www.aranswitzerland.ch\/#\/schema\/logo\/image\/\"},\"hasMerchantReturnPolicy\":{\"@type\":\"MerchantReturnPolicy\",\"merchantReturnLink\":\"https:\/\/www.aranswitzerland.ch\/en\/rueckgabebedingungen\/\"}}]}<\/script>\n<meta property=\"product:brand\" content=\"B\u00e1n\u00f3r\" \/>\n<meta property=\"og:availability\" content=\"instock\" \/>\n<meta property=\"product:availability\" content=\"instock\" \/>\n<meta property=\"product:retailer_item_id\" content=\"AR-169\" \/>\n<meta property=\"product:condition\" content=\"new\" \/>\n<!-- \/ Yoast SEO plugin. -->","yoast_head_json":{"title":"Body &amp; Hair Sheep\u2019s Wool Oil","description":"This rich, yet non-greasy wool body oil is made using lanolin, a natural oil from sheep\u2019s wool, that soothes, nourishes and protects the skin.","robots":{"index":"index","follow":"follow","max-snippet":"max-snippet:-1","max-image-preview":"max-image-preview:large","max-video-preview":"max-video-preview:-1"},"canonical":"https:\/\/www.aranswitzerland.ch\/en\/product\/schafwolloel-fuer-haare-und-koerper\/","og_locale":"en_GB","og_type":"article","og_title":"Schafwoll\u00f6l f\u00fcr Haare und K\u00f6rper","og_description":"Dieses reichhaltige, nicht fettende Woll\u00f6l f\u00fcr den K\u00f6rper wird aus Lanolin hergestellt \u2013 ein nat\u00fcrliches \u00d6l der Schafwolle, das die Haut beruhigt, pflegt und sch\u00fctzt.","og_url":"https:\/\/www.aranswitzerland.ch\/en\/product\/schafwolloel-fuer-haare-und-koerper\/","og_site_name":"Aran Switzerland","article_modified_time":"2026-03-10T00:18:14+00:00","og_image":[{"width":1054,"height":1580,"url":"https:\/\/www.aranswitzerland.ch\/wp-content\/uploads\/2026\/03\/Banor-Body-Hair-Oil-1.webp","type":"image\/webp"}],"twitter_card":"summary_large_image","twitter_misc":{"Availability":"In stock"},"schema":{"@context":"https:\/\/schema.org","@graph":[{"@type":"WebPage","@id":"https:\/\/www.aranswitzerland.ch\/product\/schafwolloel-fuer-haare-und-koerper\/","url":"https:\/\/www.aranswitzerland.ch\/product\/schafwolloel-fuer-haare-und-koerper\/","name":"Body &amp; Hair Sheep\u2019s Wool Oil","isPartOf":{"@id":"https:\/\/www.aranswitzerland.ch\/#website"},"primaryImageOfPage":{"@id":"https:\/\/www.aranswitzerland.ch\/product\/schafwolloel-fuer-haare-und-koerper\/#primaryimage"},"image":{"@id":"https:\/\/www.aranswitzerland.ch\/product\/schafwolloel-fuer-haare-und-koerper\/#primaryimage"},"thumbnailUrl":"https:\/\/www.aranswitzerland.ch\/wp-content\/uploads\/2026\/03\/Banor-Body-Hair-Oil-1.webp","datePublished":"2026-03-10T00:14:38+00:00","dateModified":"2026-03-10T00:18:14+00:00","description":"This rich, yet non-greasy wool body oil is made using lanolin, a natural oil from sheep\u2019s wool, that soothes, nourishes and protects the skin.","breadcrumb":{"@id":"https:\/\/www.aranswitzerland.ch\/product\/schafwolloel-fuer-haare-und-koerper\/#breadcrumb"},"inLanguage":"en-GB","potentialAction":[{"@type":"ReadAction","target":["https:\/\/www.aranswitzerland.ch\/product\/schafwolloel-fuer-haare-und-koerper\/"]}]},{"@type":"ImageObject","inLanguage":"en-GB","@id":"https:\/\/www.aranswitzerland.ch\/product\/schafwolloel-fuer-haare-und-koerper\/#primaryimage","url":"https:\/\/www.aranswitzerland.ch\/wp-content\/uploads\/2026\/03\/Banor-Body-Hair-Oil-1.webp","contentUrl":"https:\/\/www.aranswitzerland.ch\/wp-content\/uploads\/2026\/03\/Banor-Body-Hair-Oil-1.webp","width":1054,"height":1580},{"@type":"BreadcrumbList","@id":"https:\/\/www.aranswitzerland.ch\/product\/schafwolloel-fuer-haare-und-koerper\/#breadcrumb","itemListElement":[{"@type":"ListItem","position":1,"name":"Shop","item":"https:\/\/www.aranswitzerland.ch\/en\/shop\/"},{"@type":"ListItem","position":2,"name":"Lebensstil","item":"https:\/\/www.aranswitzerland.ch\/product-category\/lebensstil\/"},{"@type":"ListItem","position":3,"name":"Schafwoll\u00f6l f\u00fcr Haare und K\u00f6rper"}]},{"@type":"WebSite","@id":"https:\/\/www.aranswitzerland.ch\/#website","url":"https:\/\/www.aranswitzerland.ch\/","name":"Aran Switzerland","description":"Kleidung, Taschen und Accessoires","publisher":{"@id":"https:\/\/www.aranswitzerland.ch\/#organization"},"potentialAction":[{"@type":"SearchAction","target":{"@type":"EntryPoint","urlTemplate":"https:\/\/www.aranswitzerland.ch\/?s={search_term_string}"},"query-input":{"@type":"PropertyValueSpecification","valueRequired":true,"valueName":"search_term_string"}}],"inLanguage":"en-GB"},{"@type":"Organization","@id":"https:\/\/www.aranswitzerland.ch\/#organization","name":"Aran Switzerland","url":"https:\/\/www.aranswitzerland.ch\/","logo":{"@type":"ImageObject","inLanguage":"en-GB","@id":"https:\/\/www.aranswitzerland.ch\/#\/schema\/logo\/image\/","url":"https:\/\/www.aranswitzerland.ch\/wp-content\/uploads\/2024\/10\/Logo.jpg","contentUrl":"https:\/\/www.aranswitzerland.ch\/wp-content\/uploads\/2024\/10\/Logo.jpg","width":600,"height":600,"caption":"Aran Switzerland"},"image":{"@id":"https:\/\/www.aranswitzerland.ch\/#\/schema\/logo\/image\/"},"hasMerchantReturnPolicy":{"@type":"MerchantReturnPolicy","merchantReturnLink":"https:\/\/www.aranswitzerland.ch\/en\/rueckgabebedingungen\/"}}]},"product_brand":"B\u00e1n\u00f3r","og_availability":"instock","product_availability":"instock","product_retailer_item_id":"AR-169","product_condition":"new"},"_links":{"self":[{"href":"https:\/\/www.aranswitzerland.ch\/en\/wp-json\/wp\/v2\/product\/6777","targetHints":{"allow":["GET"]}}],"collection":[{"href":"https:\/\/www.aranswitzerland.ch\/en\/wp-json\/wp\/v2\/product"}],"about":[{"href":"https:\/\/www.aranswitzerland.ch\/en\/wp-json\/wp\/v2\/types\/product"}],"replies":[{"embeddable":true,"href":"https:\/\/www.aranswitzerland.ch\/en\/wp-json\/wp\/v2\/comments?post=6777"}],"version-history":[{"count":1,"href":"https:\/\/www.aranswitzerland.ch\/en\/wp-json\/wp\/v2\/product\/6777\/revisions"}],"predecessor-version":[{"id":6782,"href":"https:\/\/www.aranswitzerland.ch\/en\/wp-json\/wp\/v2\/product\/6777\/revisions\/6782"}],"wp:featuredmedia":[{"embeddable":true,"href":"https:\/\/www.aranswitzerland.ch\/en\/wp-json\/wp\/v2\/media\/6778"}],"wp:attachment":[{"href":"https:\/\/www.aranswitzerland.ch\/en\/wp-json\/wp\/v2\/media?parent=6777"}],"wp:term":[{"taxonomy":"product_brand","embeddable":true,"href":"https:\/\/www.aranswitzerland.ch\/en\/wp-json\/wp\/v2\/product_brand?post=6777"},{"taxonomy":"product_cat","embeddable":true,"href":"https:\/\/www.aranswitzerland.ch\/en\/wp-json\/wp\/v2\/product_cat?post=6777"},{"taxonomy":"product_tag","embeddable":true,"href":"https:\/\/www.aranswitzerland.ch\/en\/wp-json\/wp\/v2\/product_tag?post=6777"}],"curies":[{"name":"wp","href":"https:\/\/api.w.org\/{rel}","templated":true}]}}