{"id":1733,"date":"2024-10-16T17:22:27","date_gmt":"2024-10-16T15:22:27","guid":{"rendered":"https:\/\/www.aranswitzerland.ch\/?page_id=1733"},"modified":"2024-10-16T17:25:25","modified_gmt":"2024-10-16T15:25:25","slug":"allgemeine-geschaeftsbedingungen","status":"publish","type":"page","link":"https:\/\/www.aranswitzerland.ch\/fr\/allgemeine-geschaeftsbedingungen\/","title":{"rendered":"Conditions g\u00e9n\u00e9rales"},"content":{"rendered":"<h2>1. Champ d\u2019application<\/h2>\n<p>Les conditions g\u00e9n\u00e9rales d\u2019Aran Switzerland (ci-apr\u00e8s \u00abCG\u00bb) s\u2019appliquent aux achats r\u00e9alis\u00e9s en Suisse chez Aran Switzerland.<br \/>\nLors de l\u2019achat, la version actuelle des CG est applicable. Les modifications contractuelles, les accords s\u00e9par\u00e9s et les conditions du client forment partie int\u00e9grante du contrat uniquement apr\u00e8s acceptation \u00e9crite par Aran Switzerland.<\/p>\n<h2>2. Conclusion du contrat<\/h2>\n<p>En cas d\u2019achat dans notre showroom ou de commande de produits ou de prestations de service sur le site web d\u2019Aran Switzerland, par t\u00e9l\u00e9phone ou courriel, le client indique sa ferme intention de conclure un contrat en envoyant sa commande et accepte ainsi les pr\u00e9sentes CG.<br \/>\nAvec la confirmation de l\u2019ordre d\u2018achat par Aran Switzerland, le contrat est conclu. La conclusion du contrat est soumise \u00e0 la condition de la disponibilit\u00e9 des produits command\u00e9s, la possibilit\u00e9 de fournir des prestations de service ou d\u2019une indication de prix erron\u00e9e. La marchandise reste la propri\u00e9t\u00e9 d\u2019Aran Switzerland jusqu\u2019\u00e0 son paiement int\u00e9gral.<\/p>\n<h2>3. Indications du prix et paiement<\/h2>\n<p>Tous les prix indiqu\u00e9s sur le site web s\u2019entendent TVA et autres taxes l\u00e9gales incluses et peuvent \u00eatre modifi\u00e9s en tout temps. Sauf indication contraire, les frais de port y sont exclus.<br \/>\nLes modes de paiement sont indiqu\u00e9s sur le site web et incluent: paiement anticip\u00e9 ou par carte de cr\u00e9dit ou PayPal. La qualit\u00e9 sup\u00e9rieure de nos produits ne nous permet malheureusement pas de livrer sur facture. Tout paiement doit normalement \u00eatre effectu\u00e9 en franc suisse.<\/p>\n<h2>4. Droit de r\u00e9vocation<\/h2>\n<p>Une annulation de la commande peut \u00eatre effectu\u00e9e le jour de la commande par courriel, par t\u00e9l\u00e9phone ou en utilisant le formulaire de contact sur le site web d\u2019Aran Switzerland.<br \/>\nLorsque la commande est annul\u00e9e ult\u00e9rieurement, Aran Switzerland se r\u00e9serve le droit de pr\u00e9lever des frais de service s\u2019\u00e9levant \u00e0 50 CHF et de mettre en facture des d\u00e9penses devenues inutiles jusqu\u2019\u00e0 un taux de 100% du prix de livraison (incluant le prix de vente et les frais de port).<\/p>\n<h2>5. Livraison, d\u00e9lai de livraison et retrait<\/h2>\n<p>Nous n\u2019effectuons en principe que des livraisons pour des clients ayant une adresse de livraison en Suisse ou dans la Principaut\u00e9 du Liechtenstein. Si l\u2019adresse du client se trouve en dehors de cette zone de livraison, Aran Switzerland peut livrer sur demande.<br \/>\nSi le client ne r\u00e9ceptionne pas les produits command\u00e9s au jour communiqu\u00e9 par Aran Switzerland ou le service de livraison, Aran Switzerland peut annuler le contrat et facturer au client les frais de livraison et les pertes de valeur \u00e9ventuelles.<br \/>\nAran Switzerland livre normalement dans les 2 \u00e0 3 jours ouvrables. Des difficult\u00e9s de production ou de livraison peuvent entra\u00eener des retards de livraison chez Aran Switzerland ou le service de livraison. Des informations au sujet de la disponibilit\u00e9 des produits et du d\u00e9lai de livraison sont ainsi sans garantie et peuvent \u00e0 tout moment changer.<br \/>\nVous pouvez \u00e9galement essayer les articles dans notre showroom et les retirer. Nous nous ferons un plaisir de vous conseiller sur place.<\/p>\n<h2>6. Conditions de retour<\/h2>\n<p>Les articles peuvent \u00eatre retourn\u00e9s dans les 14 jours \u00e0 Aran Switzerland. Le prix d'achat sera rembours\u00e9 par le m\u00eame mode de paiement apr\u00e8s v\u00e9rification des articles. A cet effet, les articles doivent \u00eatre propres, non endommag\u00e9s et non utilis\u00e9s. Les articles peuvent \u00eatre retourn\u00e9s gratuitement \u00e0 notre showroom. Les frais d'envoi d'un retour sont \u00e0 la charge du client.<br \/>\nDans le cas o\u00f9 nous constatons une d\u00e9t\u00e9rioration de la qualit\u00e9 ou un endommagement de la marchandise, nous nous r\u00e9servons le droit de ne rembourser qu'une partie du prix d'achat vers\u00e9 - \u00e0 notre seule appr\u00e9ciation - ou de ne pas effectuer de remboursement.<\/p>\n<h2>7. R\u00e9clamations et responsabilit\u00e9 d\u2019Aran Switzerland<\/h2>\n<p>Les d\u00e9fauts constat\u00e9s doivent \u00eatre signal\u00e9s \u00e0 Aran Switzerland imm\u00e9diatement apr\u00e8s leur d\u00e9couverte. Les r\u00e9clamations sont uniquement applicables dans les 24 heures apr\u00e8s la r\u00e9ception des produits. Aran Switzerland d\u00e9cline toute responsabilit\u00e9 pour les d\u00e9fauts que les clients ont constat\u00e9s ou auraient pu constater lors de la r\u00e9ception des produits et qu\u2019ils n\u2019ont pas imm\u00e9diatement signal\u00e9s \u00e0 Aran Switzerland d\u00e8s leur d\u00e9couverte et dans le d\u00e9lai de r\u00e9clamation. Les clients sont d\u00e9chus de leur droit au remboursement s\u2019ils ne conservent pas les produits selon les indications d\u2019Aran Switzerland ou les manipulent de mani\u00e8re inappropri\u00e9e.<br \/>\nEn cas de d\u00e9faut imputable \u00e0 Aran Switzerland, Aran Switzerland est en droit d\u2019opter pour le remplacement du produit ou le remboursement de son prix d\u2019achat initial. Si Aran Switzerland d\u00e9cide de remplacer le produit d\u00e9fectueux, le client ne peut pr\u00e9tendre ni \u00e0 la r\u00e9dhibition du contrat, ni \u00e0 une r\u00e9duction du prix d\u2019achat, ni m\u00eame \u00e0 des dommages-int\u00e9r\u00eats.<br \/>\nLa responsabilit\u00e9 d\u2019Aran Switzerland se limite aux dommages indirects et directs caus\u00e9s intentionnellement ou par suite d\u2019une n\u00e9gligence grave, quelle que soit la base des revendications. Aran Switzerland d\u00e9cline toute responsabilit\u00e9 pour des informations incorrectes ou omisses par erreur sur le site web d\u2019Aran Switzerland.<\/p>\n<p><strong>7-1. Responsabilit\u00e9 en cas de d\u00e9lais de livraison<br \/>\n<\/strong>Les clients sont inform\u00e9s de tout retard de livraison cons\u00e9quent. Les retards de livraison ne donnent pas droit au client de r\u00e9silier le contrat ou de demander le remboursement total ou partiel du prix d\u2019achat.<br \/>\nLa responsabilit\u00e9 d\u2019Aran Switzerland se limite \u00e0 des retards de livraison qui peuvent lui \u00eatre imput\u00e9s et qui ont provoqu\u00e9 des dommages indirects et directs caus\u00e9s intentionnellement ou par suite d\u2019une n\u00e9gligence grave, quelle que soit la base des revendications, sans toutefois exc\u00e9der le montant factur\u00e9 pour le produit concern\u00e9. En cas de retard ou de d\u00e9faut de livraison dont Aran Switzerland n'est pas responsable, la responsabilit\u00e9 est enti\u00e8rement exclue.<\/p>\n<h2>8. Protection des donn\u00e9es<\/h2>\n<p>La version la plus r\u00e9cente de la d\u00e9claration de confidentialit\u00e9 d\u2019Aran Switzerland s'applique au stockage et au traitement des donn\u00e9es des clients. Elle peut \u00eatre consult\u00e9e sur notre site web ou envoy\u00e9e sur demande.<\/p>\n<h2>9. Service aux clients<\/h2>\n<p>N\u2019h\u00e9sitez pas \u00e0 nous contacter en cas de questions et de r\u00e9clamations concernant nos produits et leur livraison:<\/p>\n<p>Aran Switzerland<br \/>\nZwickystrasse 61<br \/>\nCH-8600 D\u00fcbendorf<br \/>\nE-Mail: <a href=\"mailto:info@aranswitzerland.ch\">info@aranswitzerland.ch<\/a><br \/>\nFormulaire de contact sur notre site web<br \/>\nT\u00e9l\u00e9phone: <a href=\"tel:+41765792755\">+41 76 579 27 55<\/a><\/p>\n<h2>11. Droit applicable et for juridique<\/h2>\n<p>Seul le droit suisse est applicable. Le for juridique est le tribunal de district de Uster.<\/p>\n<p>&nbsp;<\/p>","protected":false},"excerpt":{"rendered":"<p>1. Geltungsbereich Die allgemeinen Gesch\u00e4ftsbedingungen von Aran Switzerland (nachfolgend \u00abAGB\u00bb genannt) gelten beim Einkauf bei Aran Switzerland in der Schweiz.<\/p>","protected":false},"author":1,"featured_media":0,"parent":0,"menu_order":0,"comment_status":"closed","ping_status":"closed","template":"","meta":{"_acf_changed":false,"footnotes":""},"class_list":["post-1733","page","type-page","status-publish","hentry"],"acf":[],"yoast_head":"<!-- This site is optimized with the Yoast SEO plugin v27.1.1 - https:\/\/yoast.com\/product\/yoast-seo-wordpress\/ -->\n<title>Allgemeine Gesch\u00e4ftsbedingungen<\/title>\n<meta name=\"robots\" content=\"index, follow, max-snippet:-1, max-image-preview:large, max-video-preview:-1\" \/>\n<link rel=\"canonical\" href=\"https:\/\/www.aranswitzerland.ch\/fr\/allgemeine-geschaeftsbedingungen\/\" \/>\n<meta property=\"og:locale\" content=\"fr_FR\" \/>\n<meta property=\"og:type\" content=\"article\" \/>\n<meta property=\"og:title\" content=\"Allgemeine Gesch\u00e4ftsbedingungen\" \/>\n<meta property=\"og:description\" content=\"1. Geltungsbereich Die allgemeinen Gesch\u00e4ftsbedingungen von Aran Switzerland (nachfolgend \u00abAGB\u00bb genannt) gelten beim Einkauf bei Aran Switzerland in der Schweiz.\" \/>\n<meta property=\"og:url\" content=\"https:\/\/www.aranswitzerland.ch\/fr\/allgemeine-geschaeftsbedingungen\/\" \/>\n<meta property=\"og:site_name\" content=\"Aran Switzerland\" \/>\n<meta property=\"article:modified_time\" content=\"2024-10-16T15:25:25+00:00\" \/>\n<meta name=\"twitter:card\" content=\"summary_large_image\" \/>\n<meta name=\"twitter:label1\" content=\"Dur\u00e9e de lecture estim\u00e9e\" \/>\n\t<meta name=\"twitter:data1\" content=\"4 minutes\" \/>\n<script type=\"application\/ld+json\" class=\"yoast-schema-graph\">{\"@context\":\"https:\/\/schema.org\",\"@graph\":[{\"@type\":\"WebPage\",\"@id\":\"https:\/\/www.aranswitzerland.ch\/allgemeine-geschaeftsbedingungen\/\",\"url\":\"https:\/\/www.aranswitzerland.ch\/allgemeine-geschaeftsbedingungen\/\",\"name\":\"Allgemeine Gesch\u00e4ftsbedingungen\",\"isPartOf\":{\"@id\":\"https:\/\/www.aranswitzerland.ch\/#website\"},\"datePublished\":\"2024-10-16T15:22:27+00:00\",\"dateModified\":\"2024-10-16T15:25:25+00:00\",\"inLanguage\":\"fr-FR\",\"potentialAction\":[{\"@type\":\"ReadAction\",\"target\":[\"https:\/\/www.aranswitzerland.ch\/allgemeine-geschaeftsbedingungen\/\"]}]},{\"@type\":\"WebSite\",\"@id\":\"https:\/\/www.aranswitzerland.ch\/#website\",\"url\":\"https:\/\/www.aranswitzerland.ch\/\",\"name\":\"Aran Switzerland\",\"description\":\"Kleidung, Taschen und Accessoires\",\"publisher\":{\"@id\":\"https:\/\/www.aranswitzerland.ch\/#organization\"},\"potentialAction\":[{\"@type\":\"SearchAction\",\"target\":{\"@type\":\"EntryPoint\",\"urlTemplate\":\"https:\/\/www.aranswitzerland.ch\/?s={search_term_string}\"},\"query-input\":{\"@type\":\"PropertyValueSpecification\",\"valueRequired\":true,\"valueName\":\"search_term_string\"}}],\"inLanguage\":\"fr-FR\"},{\"@type\":\"Organization\",\"@id\":\"https:\/\/www.aranswitzerland.ch\/#organization\",\"name\":\"Aran Switzerland\",\"url\":\"https:\/\/www.aranswitzerland.ch\/\",\"logo\":{\"@type\":\"ImageObject\",\"inLanguage\":\"fr-FR\",\"@id\":\"https:\/\/www.aranswitzerland.ch\/#\/schema\/logo\/image\/\",\"url\":\"https:\/\/www.aranswitzerland.ch\/wp-content\/uploads\/2024\/10\/Logo.jpg\",\"contentUrl\":\"https:\/\/www.aranswitzerland.ch\/wp-content\/uploads\/2024\/10\/Logo.jpg\",\"width\":600,\"height\":600,\"caption\":\"Aran Switzerland\"},\"image\":{\"@id\":\"https:\/\/www.aranswitzerland.ch\/#\/schema\/logo\/image\/\"},\"hasMerchantReturnPolicy\":{\"@type\":\"MerchantReturnPolicy\",\"merchantReturnLink\":\"https:\/\/www.aranswitzerland.ch\/fr\/rueckgabebedingungen\/\"}}]}<\/script>\n<!-- \/ Yoast SEO plugin. -->","yoast_head_json":{"title":"Conditions g\u00e9n\u00e9rales","robots":{"index":"index","follow":"follow","max-snippet":"max-snippet:-1","max-image-preview":"max-image-preview:large","max-video-preview":"max-video-preview:-1"},"canonical":"https:\/\/www.aranswitzerland.ch\/fr\/allgemeine-geschaeftsbedingungen\/","og_locale":"fr_FR","og_type":"article","og_title":"Allgemeine Gesch\u00e4ftsbedingungen","og_description":"1. Geltungsbereich Die allgemeinen Gesch\u00e4ftsbedingungen von Aran Switzerland (nachfolgend \u00abAGB\u00bb genannt) gelten beim Einkauf bei Aran Switzerland in der Schweiz.","og_url":"https:\/\/www.aranswitzerland.ch\/fr\/allgemeine-geschaeftsbedingungen\/","og_site_name":"Aran Switzerland","article_modified_time":"2024-10-16T15:25:25+00:00","twitter_card":"summary_large_image","twitter_misc":{"Dur\u00e9e de lecture estim\u00e9e":"4 minutes"},"schema":{"@context":"https:\/\/schema.org","@graph":[{"@type":"WebPage","@id":"https:\/\/www.aranswitzerland.ch\/allgemeine-geschaeftsbedingungen\/","url":"https:\/\/www.aranswitzerland.ch\/allgemeine-geschaeftsbedingungen\/","name":"Conditions g\u00e9n\u00e9rales","isPartOf":{"@id":"https:\/\/www.aranswitzerland.ch\/#website"},"datePublished":"2024-10-16T15:22:27+00:00","dateModified":"2024-10-16T15:25:25+00:00","inLanguage":"fr-FR","potentialAction":[{"@type":"ReadAction","target":["https:\/\/www.aranswitzerland.ch\/allgemeine-geschaeftsbedingungen\/"]}]},{"@type":"WebSite","@id":"https:\/\/www.aranswitzerland.ch\/#website","url":"https:\/\/www.aranswitzerland.ch\/","name":"Aran Switzerland","description":"Kleidung, Taschen und Accessoires","publisher":{"@id":"https:\/\/www.aranswitzerland.ch\/#organization"},"potentialAction":[{"@type":"SearchAction","target":{"@type":"EntryPoint","urlTemplate":"https:\/\/www.aranswitzerland.ch\/?s={search_term_string}"},"query-input":{"@type":"PropertyValueSpecification","valueRequired":true,"valueName":"search_term_string"}}],"inLanguage":"fr-FR"},{"@type":"Organization","@id":"https:\/\/www.aranswitzerland.ch\/#organization","name":"Aran Switzerland","url":"https:\/\/www.aranswitzerland.ch\/","logo":{"@type":"ImageObject","inLanguage":"fr-FR","@id":"https:\/\/www.aranswitzerland.ch\/#\/schema\/logo\/image\/","url":"https:\/\/www.aranswitzerland.ch\/wp-content\/uploads\/2024\/10\/Logo.jpg","contentUrl":"https:\/\/www.aranswitzerland.ch\/wp-content\/uploads\/2024\/10\/Logo.jpg","width":600,"height":600,"caption":"Aran Switzerland"},"image":{"@id":"https:\/\/www.aranswitzerland.ch\/#\/schema\/logo\/image\/"},"hasMerchantReturnPolicy":{"@type":"MerchantReturnPolicy","merchantReturnLink":"https:\/\/www.aranswitzerland.ch\/fr\/rueckgabebedingungen\/"}}]}},"_links":{"self":[{"href":"https:\/\/www.aranswitzerland.ch\/fr\/wp-json\/wp\/v2\/pages\/1733","targetHints":{"allow":["GET"]}}],"collection":[{"href":"https:\/\/www.aranswitzerland.ch\/fr\/wp-json\/wp\/v2\/pages"}],"about":[{"href":"https:\/\/www.aranswitzerland.ch\/fr\/wp-json\/wp\/v2\/types\/page"}],"author":[{"embeddable":true,"href":"https:\/\/www.aranswitzerland.ch\/fr\/wp-json\/wp\/v2\/users\/1"}],"replies":[{"embeddable":true,"href":"https:\/\/www.aranswitzerland.ch\/fr\/wp-json\/wp\/v2\/comments?post=1733"}],"version-history":[{"count":0,"href":"https:\/\/www.aranswitzerland.ch\/fr\/wp-json\/wp\/v2\/pages\/1733\/revisions"}],"wp:attachment":[{"href":"https:\/\/www.aranswitzerland.ch\/fr\/wp-json\/wp\/v2\/media?parent=1733"}],"curies":[{"name":"wp","href":"https:\/\/api.w.org\/{rel}","templated":true}]}}