{"id":1741,"date":"2024-10-16T17:36:50","date_gmt":"2024-10-16T15:36:50","guid":{"rendered":"https:\/\/www.aranswitzerland.ch\/?page_id=1741"},"modified":"2024-10-16T17:36:50","modified_gmt":"2024-10-16T15:36:50","slug":"haftungsausschluss","status":"publish","type":"page","link":"https:\/\/www.aranswitzerland.ch\/fr\/haftungsausschluss\/","title":{"rendered":"Exclusion de responsabilit\u00e9"},"content":{"rendered":"<h2>Responsabilit\u00e9 pour les contenus:<\/h2>\n<p>Toutes les descriptions, informations et sp\u00e9cifications de produits publi\u00e9es sur le site web d\u2019Aran Switzerland sont r\u00e9dig\u00e9es au mieux de nos connaissances et en tenant compte de sources consid\u00e9r\u00e9es comme fiables. Nous n\u2019endossons aucune responsabilit\u00e9 quant \u00e0 la fid\u00e9lit\u00e9, \u00e0 l\u2018int\u00e9grit\u00e9, \u00e0 l\u2019exactitude, \u00e0 l\u2019actualit\u00e9 et \u00e0 la fiabilit\u00e9 de ces contenus. Nous nous r\u00e9servons express\u00e9ment le droit de modifier en partie ou en totalit\u00e9 le contenu du site web, de le compl\u00e9ter, de le supprimer ou d\u2019en suspendre temporairement ou d\u00e9finitivement la diffusion, et ce sans avertissement pr\u00e9alable.<\/p>\n<h2>Responsabilit\u00e9 pour les sites web li\u00e9s:<\/h2>\n<p>Notre site web contient des liens redirigeant vers des sites web tiers. Nous n\u2019avons aucune influence sur leurs contenus et d\u00e9clinons donc toute responsabilit\u00e9 pour ces sites web. Si nous avons connaissance d'une violation de droit par des sites web li\u00e9s, nous les supprimerons imm\u00e9diatement. L\u2019acc\u00e8s et l\u2019utilisation de ces sites web se font \u00e0 vos propres risques.<\/p>\n<h2>Limites de la responsabilit\u00e9:<\/h2>\n<p>Nous ne saurions \u00eatre tenus pour responsables des dommages mat\u00e9riels ou immat\u00e9riels qui pourraient \u00eatre caus\u00e9s par l\u2019acc\u00e8s aux informations diffus\u00e9es ou par leur utilisation ou non-utilisation, par le mauvais usage de la connexion ou par des probl\u00e8mes techniques.<\/p>\n<h2>Droit d\u2019auteur:<\/h2>\n<p>Les contenus de ce site web sont soumis au droit d\u2019auteur suisse. La copie ou le t\u00e9l\u00e9chargement sont uniquement permis \u00e0 des fins priv\u00e9es. La duplication, le traitement, la distribution ou toute forme de commercialisation de ce mat\u00e9riel au-del\u00e0 du champ d'application de la loi sur le droit d'auteur n\u00e9cessite le consentement \u00e9crit pr\u00e9alable du titulaire du droit d'auteur.<br \/>\nNous faisons de notre mieux pour respecter les droits d\u2019auteur des tiers, mais demandons de nous signaler imm\u00e9diatement si un contenu de notre site web enfreint un droit d\u2019auteur. Nous le supprimerons sans d\u00e9lai si l'avis est justifi\u00e9.<\/p>","protected":false},"excerpt":{"rendered":"<p>Haftung f\u00fcr Inhalte: Alle auf der Aran Switzerland Website publizierten Beschreibungen, Informationen und Produktangaben werden nach unserem besten Wissen und<\/p>","protected":false},"author":1,"featured_media":0,"parent":0,"menu_order":0,"comment_status":"closed","ping_status":"open","template":"","meta":{"_acf_changed":false,"footnotes":""},"class_list":["post-1741","page","type-page","status-publish","hentry"],"acf":[],"yoast_head":"<!-- This site is optimized with the Yoast SEO plugin v27.1.1 - https:\/\/yoast.com\/product\/yoast-seo-wordpress\/ -->\n<title>Haftungsausschluss<\/title>\n<meta name=\"robots\" content=\"index, follow, max-snippet:-1, max-image-preview:large, max-video-preview:-1\" \/>\n<link rel=\"canonical\" href=\"https:\/\/www.aranswitzerland.ch\/fr\/haftungsausschluss\/\" \/>\n<meta property=\"og:locale\" content=\"fr_FR\" \/>\n<meta property=\"og:type\" content=\"article\" \/>\n<meta property=\"og:title\" content=\"Haftungsausschluss\" \/>\n<meta property=\"og:description\" content=\"Haftung f\u00fcr Inhalte: Alle auf der Aran Switzerland Website publizierten Beschreibungen, Informationen und Produktangaben werden nach unserem besten Wissen und\" \/>\n<meta property=\"og:url\" content=\"https:\/\/www.aranswitzerland.ch\/fr\/haftungsausschluss\/\" \/>\n<meta property=\"og:site_name\" content=\"Aran Switzerland\" \/>\n<meta name=\"twitter:card\" content=\"summary_large_image\" \/>\n<meta name=\"twitter:label1\" content=\"Dur\u00e9e de lecture estim\u00e9e\" \/>\n\t<meta name=\"twitter:data1\" content=\"1 minute\" \/>\n<script type=\"application\/ld+json\" class=\"yoast-schema-graph\">{\"@context\":\"https:\/\/schema.org\",\"@graph\":[{\"@type\":\"WebPage\",\"@id\":\"https:\/\/www.aranswitzerland.ch\/haftungsausschluss\/\",\"url\":\"https:\/\/www.aranswitzerland.ch\/haftungsausschluss\/\",\"name\":\"Haftungsausschluss\",\"isPartOf\":{\"@id\":\"https:\/\/www.aranswitzerland.ch\/#website\"},\"datePublished\":\"2024-10-16T15:36:50+00:00\",\"inLanguage\":\"fr-FR\",\"potentialAction\":[{\"@type\":\"ReadAction\",\"target\":[\"https:\/\/www.aranswitzerland.ch\/haftungsausschluss\/\"]}]},{\"@type\":\"WebSite\",\"@id\":\"https:\/\/www.aranswitzerland.ch\/#website\",\"url\":\"https:\/\/www.aranswitzerland.ch\/\",\"name\":\"Aran Switzerland\",\"description\":\"Kleidung, Taschen und Accessoires\",\"publisher\":{\"@id\":\"https:\/\/www.aranswitzerland.ch\/#organization\"},\"potentialAction\":[{\"@type\":\"SearchAction\",\"target\":{\"@type\":\"EntryPoint\",\"urlTemplate\":\"https:\/\/www.aranswitzerland.ch\/?s={search_term_string}\"},\"query-input\":{\"@type\":\"PropertyValueSpecification\",\"valueRequired\":true,\"valueName\":\"search_term_string\"}}],\"inLanguage\":\"fr-FR\"},{\"@type\":\"Organization\",\"@id\":\"https:\/\/www.aranswitzerland.ch\/#organization\",\"name\":\"Aran Switzerland\",\"url\":\"https:\/\/www.aranswitzerland.ch\/\",\"logo\":{\"@type\":\"ImageObject\",\"inLanguage\":\"fr-FR\",\"@id\":\"https:\/\/www.aranswitzerland.ch\/#\/schema\/logo\/image\/\",\"url\":\"https:\/\/www.aranswitzerland.ch\/wp-content\/uploads\/2024\/10\/Logo.jpg\",\"contentUrl\":\"https:\/\/www.aranswitzerland.ch\/wp-content\/uploads\/2024\/10\/Logo.jpg\",\"width\":600,\"height\":600,\"caption\":\"Aran Switzerland\"},\"image\":{\"@id\":\"https:\/\/www.aranswitzerland.ch\/#\/schema\/logo\/image\/\"},\"hasMerchantReturnPolicy\":{\"@type\":\"MerchantReturnPolicy\",\"merchantReturnLink\":\"https:\/\/www.aranswitzerland.ch\/fr\/rueckgabebedingungen\/\"}}]}<\/script>\n<!-- \/ Yoast SEO plugin. -->","yoast_head_json":{"title":"Exclusion de responsabilit\u00e9","robots":{"index":"index","follow":"follow","max-snippet":"max-snippet:-1","max-image-preview":"max-image-preview:large","max-video-preview":"max-video-preview:-1"},"canonical":"https:\/\/www.aranswitzerland.ch\/fr\/haftungsausschluss\/","og_locale":"fr_FR","og_type":"article","og_title":"Haftungsausschluss","og_description":"Haftung f\u00fcr Inhalte: Alle auf der Aran Switzerland Website publizierten Beschreibungen, Informationen und Produktangaben werden nach unserem besten Wissen und","og_url":"https:\/\/www.aranswitzerland.ch\/fr\/haftungsausschluss\/","og_site_name":"Aran Switzerland","twitter_card":"summary_large_image","twitter_misc":{"Dur\u00e9e de lecture estim\u00e9e":"1 minute"},"schema":{"@context":"https:\/\/schema.org","@graph":[{"@type":"WebPage","@id":"https:\/\/www.aranswitzerland.ch\/haftungsausschluss\/","url":"https:\/\/www.aranswitzerland.ch\/haftungsausschluss\/","name":"Exclusion de responsabilit\u00e9","isPartOf":{"@id":"https:\/\/www.aranswitzerland.ch\/#website"},"datePublished":"2024-10-16T15:36:50+00:00","inLanguage":"fr-FR","potentialAction":[{"@type":"ReadAction","target":["https:\/\/www.aranswitzerland.ch\/haftungsausschluss\/"]}]},{"@type":"WebSite","@id":"https:\/\/www.aranswitzerland.ch\/#website","url":"https:\/\/www.aranswitzerland.ch\/","name":"Aran Switzerland","description":"Kleidung, Taschen und Accessoires","publisher":{"@id":"https:\/\/www.aranswitzerland.ch\/#organization"},"potentialAction":[{"@type":"SearchAction","target":{"@type":"EntryPoint","urlTemplate":"https:\/\/www.aranswitzerland.ch\/?s={search_term_string}"},"query-input":{"@type":"PropertyValueSpecification","valueRequired":true,"valueName":"search_term_string"}}],"inLanguage":"fr-FR"},{"@type":"Organization","@id":"https:\/\/www.aranswitzerland.ch\/#organization","name":"Aran Switzerland","url":"https:\/\/www.aranswitzerland.ch\/","logo":{"@type":"ImageObject","inLanguage":"fr-FR","@id":"https:\/\/www.aranswitzerland.ch\/#\/schema\/logo\/image\/","url":"https:\/\/www.aranswitzerland.ch\/wp-content\/uploads\/2024\/10\/Logo.jpg","contentUrl":"https:\/\/www.aranswitzerland.ch\/wp-content\/uploads\/2024\/10\/Logo.jpg","width":600,"height":600,"caption":"Aran Switzerland"},"image":{"@id":"https:\/\/www.aranswitzerland.ch\/#\/schema\/logo\/image\/"},"hasMerchantReturnPolicy":{"@type":"MerchantReturnPolicy","merchantReturnLink":"https:\/\/www.aranswitzerland.ch\/fr\/rueckgabebedingungen\/"}}]}},"_links":{"self":[{"href":"https:\/\/www.aranswitzerland.ch\/fr\/wp-json\/wp\/v2\/pages\/1741","targetHints":{"allow":["GET"]}}],"collection":[{"href":"https:\/\/www.aranswitzerland.ch\/fr\/wp-json\/wp\/v2\/pages"}],"about":[{"href":"https:\/\/www.aranswitzerland.ch\/fr\/wp-json\/wp\/v2\/types\/page"}],"author":[{"embeddable":true,"href":"https:\/\/www.aranswitzerland.ch\/fr\/wp-json\/wp\/v2\/users\/1"}],"replies":[{"embeddable":true,"href":"https:\/\/www.aranswitzerland.ch\/fr\/wp-json\/wp\/v2\/comments?post=1741"}],"version-history":[{"count":0,"href":"https:\/\/www.aranswitzerland.ch\/fr\/wp-json\/wp\/v2\/pages\/1741\/revisions"}],"wp:attachment":[{"href":"https:\/\/www.aranswitzerland.ch\/fr\/wp-json\/wp\/v2\/media?parent=1741"}],"curies":[{"name":"wp","href":"https:\/\/api.w.org\/{rel}","templated":true}]}}