{"id":2390,"date":"2024-11-26T13:46:11","date_gmt":"2024-11-26T11:46:11","guid":{"rendered":"https:\/\/www.aranswitzerland.ch\/?post_type=product&#038;p=2390"},"modified":"2025-12-30T20:08:41","modified_gmt":"2025-12-30T18:08:41","slug":"rollkragenpullover-mit-raglanaermeln-fuer-kinder","status":"publish","type":"product","link":"https:\/\/www.aranswitzerland.ch\/fr\/product\/rollkragenpullover-mit-raglanaermeln-fuer-kinder\/","title":{"rendered":"Pullover \u00e0 col montant \u00e0 manches raglan pour enfants"},"content":{"rendered":"","protected":false},"excerpt":{"rendered":"<p>Adorable interpr\u00e9tation d\u2019un pullover \u00e0 col montant et raglan pour enfants<\/p>","protected":false},"featured_media":2398,"comment_status":"open","ping_status":"closed","template":"","meta":{"_acf_changed":false},"product_brand":[173],"product_cat":[34,191],"product_tag":[184,206,182,207,183],"class_list":{"0":"post-2390","1":"product","2":"type-product","3":"status-publish","4":"has-post-thumbnail","6":"product_brand-aran-woolen-mills","7":"product_cat-kinder","8":"product_cat-pullover","9":"product_tag-casual","10":"product_tag-donegal-tweed","11":"product_tag-pullover","12":"product_tag-reine-schurwolle","13":"product_tag-wolle","15":"first","16":"instock","17":"taxable","18":"shipping-taxable","19":"purchasable","20":"product-type-variable","21":"has-default-attributes"},"acf":[],"yoast_head":"<!-- This site is optimized with the Yoast SEO plugin v27.1.1 - https:\/\/yoast.com\/product\/yoast-seo-wordpress\/ -->\n<title>Rundhalspullover mit gerolltem Kragen und Raglan\u00e4rmeln f\u00fcr Kinder<\/title>\n<meta name=\"robots\" content=\"index, follow, max-snippet:-1, max-image-preview:large, max-video-preview:-1\" \/>\n<link rel=\"canonical\" href=\"https:\/\/www.aranswitzerland.ch\/fr\/product\/rollkragenpullover-mit-raglanaermeln-fuer-kinder\/\" \/>\n<meta property=\"og:locale\" content=\"fr_FR\" \/>\n<meta property=\"og:type\" content=\"article\" \/>\n<meta property=\"og:title\" content=\"Rundhalspullover mit gerolltem Kragen und Raglan\u00e4rmeln f\u00fcr Kinder\" \/>\n<meta property=\"og:description\" content=\"Eine s\u00fcsse Interpretation eines Raglan-Rundhalspullovers f\u00fcr Kinder.\" \/>\n<meta property=\"og:url\" content=\"https:\/\/www.aranswitzerland.ch\/fr\/product\/rollkragenpullover-mit-raglanaermeln-fuer-kinder\/\" \/>\n<meta property=\"og:site_name\" content=\"Aran Switzerland\" \/>\n<meta property=\"article:modified_time\" content=\"2025-12-30T18:08:41+00:00\" \/>\n<meta property=\"og:image\" content=\"https:\/\/www.aranswitzerland.ch\/wp-content\/uploads\/2024\/11\/Childrens_Roll_Neck_Raglan_Crew_original1.webp\" \/>\n\t<meta property=\"og:image:width\" content=\"1051\" \/>\n\t<meta property=\"og:image:height\" content=\"1577\" \/>\n\t<meta property=\"og:image:type\" content=\"image\/webp\" \/>\n<meta name=\"twitter:card\" content=\"summary_large_image\" \/>\n<meta name=\"twitter:label1\" content=\"Disponibilit\u00e9\" \/>\n\t<meta name=\"twitter:data1\" content=\"En stock\" \/>\n<script type=\"application\/ld+json\" class=\"yoast-schema-graph\">{\"@context\":\"https:\/\/schema.org\",\"@graph\":[{\"@type\":\"WebPage\",\"@id\":\"https:\/\/www.aranswitzerland.ch\/product\/rollkragenpullover-mit-raglanaermeln-fuer-kinder\/\",\"url\":\"https:\/\/www.aranswitzerland.ch\/product\/rollkragenpullover-mit-raglanaermeln-fuer-kinder\/\",\"name\":\"Rundhalspullover mit gerolltem Kragen und Raglan\u00e4rmeln f\u00fcr Kinder\",\"isPartOf\":{\"@id\":\"https:\/\/www.aranswitzerland.ch\/#website\"},\"primaryImageOfPage\":{\"@id\":\"https:\/\/www.aranswitzerland.ch\/product\/rollkragenpullover-mit-raglanaermeln-fuer-kinder\/#primaryimage\"},\"image\":{\"@id\":\"https:\/\/www.aranswitzerland.ch\/product\/rollkragenpullover-mit-raglanaermeln-fuer-kinder\/#primaryimage\"},\"thumbnailUrl\":\"https:\/\/www.aranswitzerland.ch\/wp-content\/uploads\/2024\/11\/Childrens_Roll_Neck_Raglan_Crew_original1.webp\",\"datePublished\":\"2024-11-26T11:46:11+00:00\",\"dateModified\":\"2025-12-30T18:08:41+00:00\",\"breadcrumb\":{\"@id\":\"https:\/\/www.aranswitzerland.ch\/product\/rollkragenpullover-mit-raglanaermeln-fuer-kinder\/#breadcrumb\"},\"inLanguage\":\"fr-FR\",\"potentialAction\":[{\"@type\":\"ReadAction\",\"target\":[\"https:\/\/www.aranswitzerland.ch\/product\/rollkragenpullover-mit-raglanaermeln-fuer-kinder\/\"]}]},{\"@type\":\"ImageObject\",\"inLanguage\":\"fr-FR\",\"@id\":\"https:\/\/www.aranswitzerland.ch\/product\/rollkragenpullover-mit-raglanaermeln-fuer-kinder\/#primaryimage\",\"url\":\"https:\/\/www.aranswitzerland.ch\/wp-content\/uploads\/2024\/11\/Childrens_Roll_Neck_Raglan_Crew_original1.webp\",\"contentUrl\":\"https:\/\/www.aranswitzerland.ch\/wp-content\/uploads\/2024\/11\/Childrens_Roll_Neck_Raglan_Crew_original1.webp\",\"width\":1051,\"height\":1577},{\"@type\":\"BreadcrumbList\",\"@id\":\"https:\/\/www.aranswitzerland.ch\/product\/rollkragenpullover-mit-raglanaermeln-fuer-kinder\/#breadcrumb\",\"itemListElement\":[{\"@type\":\"ListItem\",\"position\":1,\"name\":\"Shop\",\"item\":\"https:\/\/www.aranswitzerland.ch\/en\/shop\/\"},{\"@type\":\"ListItem\",\"position\":2,\"name\":\"Kinder\",\"item\":\"https:\/\/www.aranswitzerland.ch\/product-category\/kinder\/\"},{\"@type\":\"ListItem\",\"position\":3,\"name\":\"Rundhalspullover mit gerolltem Kragen und Raglan\u00e4rmeln f\u00fcr Kinder\"}]},{\"@type\":\"WebSite\",\"@id\":\"https:\/\/www.aranswitzerland.ch\/#website\",\"url\":\"https:\/\/www.aranswitzerland.ch\/\",\"name\":\"Aran Switzerland\",\"description\":\"Kleidung, Taschen und Accessoires\",\"publisher\":{\"@id\":\"https:\/\/www.aranswitzerland.ch\/#organization\"},\"potentialAction\":[{\"@type\":\"SearchAction\",\"target\":{\"@type\":\"EntryPoint\",\"urlTemplate\":\"https:\/\/www.aranswitzerland.ch\/?s={search_term_string}\"},\"query-input\":{\"@type\":\"PropertyValueSpecification\",\"valueRequired\":true,\"valueName\":\"search_term_string\"}}],\"inLanguage\":\"fr-FR\"},{\"@type\":\"Organization\",\"@id\":\"https:\/\/www.aranswitzerland.ch\/#organization\",\"name\":\"Aran Switzerland\",\"url\":\"https:\/\/www.aranswitzerland.ch\/\",\"logo\":{\"@type\":\"ImageObject\",\"inLanguage\":\"fr-FR\",\"@id\":\"https:\/\/www.aranswitzerland.ch\/#\/schema\/logo\/image\/\",\"url\":\"https:\/\/www.aranswitzerland.ch\/wp-content\/uploads\/2024\/10\/Logo.jpg\",\"contentUrl\":\"https:\/\/www.aranswitzerland.ch\/wp-content\/uploads\/2024\/10\/Logo.jpg\",\"width\":600,\"height\":600,\"caption\":\"Aran Switzerland\"},\"image\":{\"@id\":\"https:\/\/www.aranswitzerland.ch\/#\/schema\/logo\/image\/\"},\"hasMerchantReturnPolicy\":{\"@type\":\"MerchantReturnPolicy\",\"merchantReturnLink\":\"https:\/\/www.aranswitzerland.ch\/fr\/rueckgabebedingungen\/\"}}]}<\/script>\n<meta property=\"product:brand\" content=\"Aran Woolen Mills\" \/>\n<meta property=\"og:availability\" content=\"instock\" \/>\n<meta property=\"product:availability\" content=\"instock\" \/>\n<meta property=\"product:retailer_item_id\" content=\"AR-031\" \/>\n<meta property=\"product:condition\" content=\"new\" \/>\n<!-- \/ Yoast SEO plugin. -->","yoast_head_json":{"title":"Pullover \u00e0 col montant \u00e0 manches raglan pour enfants","robots":{"index":"index","follow":"follow","max-snippet":"max-snippet:-1","max-image-preview":"max-image-preview:large","max-video-preview":"max-video-preview:-1"},"canonical":"https:\/\/www.aranswitzerland.ch\/fr\/product\/rollkragenpullover-mit-raglanaermeln-fuer-kinder\/","og_locale":"fr_FR","og_type":"article","og_title":"Rundhalspullover mit gerolltem Kragen und Raglan\u00e4rmeln f\u00fcr Kinder","og_description":"Eine s\u00fcsse Interpretation eines Raglan-Rundhalspullovers f\u00fcr Kinder.","og_url":"https:\/\/www.aranswitzerland.ch\/fr\/product\/rollkragenpullover-mit-raglanaermeln-fuer-kinder\/","og_site_name":"Aran Switzerland","article_modified_time":"2025-12-30T18:08:41+00:00","og_image":[{"width":1051,"height":1577,"url":"https:\/\/www.aranswitzerland.ch\/wp-content\/uploads\/2024\/11\/Childrens_Roll_Neck_Raglan_Crew_original1.webp","type":"image\/webp"}],"twitter_card":"summary_large_image","twitter_misc":{"Disponibilit\u00e9":"En stock"},"schema":{"@context":"https:\/\/schema.org","@graph":[{"@type":"WebPage","@id":"https:\/\/www.aranswitzerland.ch\/product\/rollkragenpullover-mit-raglanaermeln-fuer-kinder\/","url":"https:\/\/www.aranswitzerland.ch\/product\/rollkragenpullover-mit-raglanaermeln-fuer-kinder\/","name":"Pullover \u00e0 col montant \u00e0 manches raglan pour enfants","isPartOf":{"@id":"https:\/\/www.aranswitzerland.ch\/#website"},"primaryImageOfPage":{"@id":"https:\/\/www.aranswitzerland.ch\/product\/rollkragenpullover-mit-raglanaermeln-fuer-kinder\/#primaryimage"},"image":{"@id":"https:\/\/www.aranswitzerland.ch\/product\/rollkragenpullover-mit-raglanaermeln-fuer-kinder\/#primaryimage"},"thumbnailUrl":"https:\/\/www.aranswitzerland.ch\/wp-content\/uploads\/2024\/11\/Childrens_Roll_Neck_Raglan_Crew_original1.webp","datePublished":"2024-11-26T11:46:11+00:00","dateModified":"2025-12-30T18:08:41+00:00","breadcrumb":{"@id":"https:\/\/www.aranswitzerland.ch\/product\/rollkragenpullover-mit-raglanaermeln-fuer-kinder\/#breadcrumb"},"inLanguage":"fr-FR","potentialAction":[{"@type":"ReadAction","target":["https:\/\/www.aranswitzerland.ch\/product\/rollkragenpullover-mit-raglanaermeln-fuer-kinder\/"]}]},{"@type":"ImageObject","inLanguage":"fr-FR","@id":"https:\/\/www.aranswitzerland.ch\/product\/rollkragenpullover-mit-raglanaermeln-fuer-kinder\/#primaryimage","url":"https:\/\/www.aranswitzerland.ch\/wp-content\/uploads\/2024\/11\/Childrens_Roll_Neck_Raglan_Crew_original1.webp","contentUrl":"https:\/\/www.aranswitzerland.ch\/wp-content\/uploads\/2024\/11\/Childrens_Roll_Neck_Raglan_Crew_original1.webp","width":1051,"height":1577},{"@type":"BreadcrumbList","@id":"https:\/\/www.aranswitzerland.ch\/product\/rollkragenpullover-mit-raglanaermeln-fuer-kinder\/#breadcrumb","itemListElement":[{"@type":"ListItem","position":1,"name":"Shop","item":"https:\/\/www.aranswitzerland.ch\/en\/shop\/"},{"@type":"ListItem","position":2,"name":"Kinder","item":"https:\/\/www.aranswitzerland.ch\/product-category\/kinder\/"},{"@type":"ListItem","position":3,"name":"Rundhalspullover mit gerolltem Kragen und Raglan\u00e4rmeln f\u00fcr Kinder"}]},{"@type":"WebSite","@id":"https:\/\/www.aranswitzerland.ch\/#website","url":"https:\/\/www.aranswitzerland.ch\/","name":"Aran Switzerland","description":"Kleidung, Taschen und Accessoires","publisher":{"@id":"https:\/\/www.aranswitzerland.ch\/#organization"},"potentialAction":[{"@type":"SearchAction","target":{"@type":"EntryPoint","urlTemplate":"https:\/\/www.aranswitzerland.ch\/?s={search_term_string}"},"query-input":{"@type":"PropertyValueSpecification","valueRequired":true,"valueName":"search_term_string"}}],"inLanguage":"fr-FR"},{"@type":"Organization","@id":"https:\/\/www.aranswitzerland.ch\/#organization","name":"Aran Switzerland","url":"https:\/\/www.aranswitzerland.ch\/","logo":{"@type":"ImageObject","inLanguage":"fr-FR","@id":"https:\/\/www.aranswitzerland.ch\/#\/schema\/logo\/image\/","url":"https:\/\/www.aranswitzerland.ch\/wp-content\/uploads\/2024\/10\/Logo.jpg","contentUrl":"https:\/\/www.aranswitzerland.ch\/wp-content\/uploads\/2024\/10\/Logo.jpg","width":600,"height":600,"caption":"Aran Switzerland"},"image":{"@id":"https:\/\/www.aranswitzerland.ch\/#\/schema\/logo\/image\/"},"hasMerchantReturnPolicy":{"@type":"MerchantReturnPolicy","merchantReturnLink":"https:\/\/www.aranswitzerland.ch\/fr\/rueckgabebedingungen\/"}}]},"product_brand":"Aran Woolen Mills","og_availability":"instock","product_availability":"instock","product_retailer_item_id":"AR-031","product_condition":"new"},"_links":{"self":[{"href":"https:\/\/www.aranswitzerland.ch\/fr\/wp-json\/wp\/v2\/product\/2390","targetHints":{"allow":["GET"]}}],"collection":[{"href":"https:\/\/www.aranswitzerland.ch\/fr\/wp-json\/wp\/v2\/product"}],"about":[{"href":"https:\/\/www.aranswitzerland.ch\/fr\/wp-json\/wp\/v2\/types\/product"}],"replies":[{"embeddable":true,"href":"https:\/\/www.aranswitzerland.ch\/fr\/wp-json\/wp\/v2\/comments?post=2390"}],"version-history":[{"count":1,"href":"https:\/\/www.aranswitzerland.ch\/fr\/wp-json\/wp\/v2\/product\/2390\/revisions"}],"predecessor-version":[{"id":5375,"href":"https:\/\/www.aranswitzerland.ch\/fr\/wp-json\/wp\/v2\/product\/2390\/revisions\/5375"}],"wp:featuredmedia":[{"embeddable":true,"href":"https:\/\/www.aranswitzerland.ch\/fr\/wp-json\/wp\/v2\/media\/2398"}],"wp:attachment":[{"href":"https:\/\/www.aranswitzerland.ch\/fr\/wp-json\/wp\/v2\/media?parent=2390"}],"wp:term":[{"taxonomy":"product_brand","embeddable":true,"href":"https:\/\/www.aranswitzerland.ch\/fr\/wp-json\/wp\/v2\/product_brand?post=2390"},{"taxonomy":"product_cat","embeddable":true,"href":"https:\/\/www.aranswitzerland.ch\/fr\/wp-json\/wp\/v2\/product_cat?post=2390"},{"taxonomy":"product_tag","embeddable":true,"href":"https:\/\/www.aranswitzerland.ch\/fr\/wp-json\/wp\/v2\/product_tag?post=2390"}],"curies":[{"name":"wp","href":"https:\/\/api.w.org\/{rel}","templated":true}]}}