{"id":2401,"date":"2024-11-26T18:38:15","date_gmt":"2024-11-26T16:38:15","guid":{"rendered":"https:\/\/www.aranswitzerland.ch\/?post_type=product&#038;p=2401"},"modified":"2026-01-08T16:11:47","modified_gmt":"2026-01-08T14:11:47","slug":"vierfarbige-patchwork-strickjacke","status":"publish","type":"product","link":"https:\/\/www.aranswitzerland.ch\/fr\/product\/vierfarbige-patchwork-strickjacke\/","title":{"rendered":"Cardigan au patchwork quadricolore"},"content":{"rendered":"","protected":false},"excerpt":{"rendered":"<p>Ce cardigan \u00e0 encolure en V s\u00e9duit par sa coupe carr\u00e9e actuelle. Motifs traditionnels Aran et note moderne par ses quatre couleurs.<\/p>","protected":false},"featured_media":2407,"comment_status":"open","ping_status":"closed","template":"","meta":{"_acf_changed":false},"product_brand":[173],"product_cat":[31,191],"product_tag":[184,190,182,218,212,183],"class_list":{"0":"post-2401","1":"product","2":"type-product","3":"status-publish","4":"has-post-thumbnail","6":"product_brand-aran-woolen-mills","7":"product_cat-damen","8":"product_cat-pullover","9":"product_tag-casual","10":"product_tag-mehrfarbig","11":"product_tag-pullover","12":"product_tag-strickjacke","13":"product_tag-superweiche-merinowolle","14":"product_tag-wolle","16":"first","17":"instock","18":"sale","19":"taxable","20":"shipping-taxable","21":"purchasable","22":"product-type-variable","23":"has-default-attributes"},"acf":[],"yoast_head":"<!-- This site is optimized with the Yoast SEO plugin v27.1.1 - https:\/\/yoast.com\/product\/yoast-seo-wordpress\/ -->\n<title>Vierfarbige Patchwork-Strickjacke<\/title>\n<meta name=\"robots\" content=\"index, follow, max-snippet:-1, max-image-preview:large, max-video-preview:-1\" \/>\n<link rel=\"canonical\" href=\"https:\/\/www.aranswitzerland.ch\/fr\/product\/vierfarbige-patchwork-strickjacke\/\" \/>\n<meta property=\"og:locale\" content=\"fr_FR\" \/>\n<meta property=\"og:type\" content=\"article\" \/>\n<meta property=\"og:title\" content=\"Vierfarbige Patchwork-Strickjacke\" \/>\n<meta property=\"og:description\" content=\"Diese Strickjacke mit V-Ausschnitt \u00fcberzeugt in zeitgem\u00e4sser Kastenform. Neben den traditionellen Aran-Strickmustern verleihen ihr die vier Farben eine moderne Note.\" \/>\n<meta property=\"og:url\" content=\"https:\/\/www.aranswitzerland.ch\/fr\/product\/vierfarbige-patchwork-strickjacke\/\" \/>\n<meta property=\"og:site_name\" content=\"Aran Switzerland\" \/>\n<meta property=\"article:modified_time\" content=\"2026-01-08T14:11:47+00:00\" \/>\n<meta property=\"og:image\" content=\"https:\/\/www.aranswitzerland.ch\/wp-content\/uploads\/2024\/11\/Patchwork_Cardigan_4_Colour_Original1.webp\" \/>\n\t<meta property=\"og:image:width\" content=\"1051\" \/>\n\t<meta property=\"og:image:height\" content=\"1576\" \/>\n\t<meta property=\"og:image:type\" content=\"image\/webp\" \/>\n<meta name=\"twitter:card\" content=\"summary_large_image\" \/>\n<meta name=\"twitter:label1\" content=\"Disponibilit\u00e9\" \/>\n\t<meta name=\"twitter:data1\" content=\"En stock\" \/>\n<script type=\"application\/ld+json\" class=\"yoast-schema-graph\">{\"@context\":\"https:\/\/schema.org\",\"@graph\":[{\"@type\":\"WebPage\",\"@id\":\"https:\/\/www.aranswitzerland.ch\/product\/vierfarbige-patchwork-strickjacke\/\",\"url\":\"https:\/\/www.aranswitzerland.ch\/product\/vierfarbige-patchwork-strickjacke\/\",\"name\":\"Vierfarbige Patchwork-Strickjacke\",\"isPartOf\":{\"@id\":\"https:\/\/www.aranswitzerland.ch\/#website\"},\"primaryImageOfPage\":{\"@id\":\"https:\/\/www.aranswitzerland.ch\/product\/vierfarbige-patchwork-strickjacke\/#primaryimage\"},\"image\":{\"@id\":\"https:\/\/www.aranswitzerland.ch\/product\/vierfarbige-patchwork-strickjacke\/#primaryimage\"},\"thumbnailUrl\":\"https:\/\/www.aranswitzerland.ch\/wp-content\/uploads\/2024\/11\/Patchwork_Cardigan_4_Colour_Original1.webp\",\"datePublished\":\"2024-11-26T16:38:15+00:00\",\"dateModified\":\"2026-01-08T14:11:47+00:00\",\"breadcrumb\":{\"@id\":\"https:\/\/www.aranswitzerland.ch\/product\/vierfarbige-patchwork-strickjacke\/#breadcrumb\"},\"inLanguage\":\"fr-FR\",\"potentialAction\":[{\"@type\":\"ReadAction\",\"target\":[\"https:\/\/www.aranswitzerland.ch\/product\/vierfarbige-patchwork-strickjacke\/\"]}]},{\"@type\":\"ImageObject\",\"inLanguage\":\"fr-FR\",\"@id\":\"https:\/\/www.aranswitzerland.ch\/product\/vierfarbige-patchwork-strickjacke\/#primaryimage\",\"url\":\"https:\/\/www.aranswitzerland.ch\/wp-content\/uploads\/2024\/11\/Patchwork_Cardigan_4_Colour_Original1.webp\",\"contentUrl\":\"https:\/\/www.aranswitzerland.ch\/wp-content\/uploads\/2024\/11\/Patchwork_Cardigan_4_Colour_Original1.webp\",\"width\":1051,\"height\":1576},{\"@type\":\"BreadcrumbList\",\"@id\":\"https:\/\/www.aranswitzerland.ch\/product\/vierfarbige-patchwork-strickjacke\/#breadcrumb\",\"itemListElement\":[{\"@type\":\"ListItem\",\"position\":1,\"name\":\"Shop\",\"item\":\"https:\/\/www.aranswitzerland.ch\/en\/shop\/\"},{\"@type\":\"ListItem\",\"position\":2,\"name\":\"Damen\",\"item\":\"https:\/\/www.aranswitzerland.ch\/product-category\/damen\/\"},{\"@type\":\"ListItem\",\"position\":3,\"name\":\"Vierfarbige Patchwork-Strickjacke\"}]},{\"@type\":\"WebSite\",\"@id\":\"https:\/\/www.aranswitzerland.ch\/#website\",\"url\":\"https:\/\/www.aranswitzerland.ch\/\",\"name\":\"Aran Switzerland\",\"description\":\"Kleidung, Taschen und Accessoires\",\"publisher\":{\"@id\":\"https:\/\/www.aranswitzerland.ch\/#organization\"},\"potentialAction\":[{\"@type\":\"SearchAction\",\"target\":{\"@type\":\"EntryPoint\",\"urlTemplate\":\"https:\/\/www.aranswitzerland.ch\/?s={search_term_string}\"},\"query-input\":{\"@type\":\"PropertyValueSpecification\",\"valueRequired\":true,\"valueName\":\"search_term_string\"}}],\"inLanguage\":\"fr-FR\"},{\"@type\":\"Organization\",\"@id\":\"https:\/\/www.aranswitzerland.ch\/#organization\",\"name\":\"Aran Switzerland\",\"url\":\"https:\/\/www.aranswitzerland.ch\/\",\"logo\":{\"@type\":\"ImageObject\",\"inLanguage\":\"fr-FR\",\"@id\":\"https:\/\/www.aranswitzerland.ch\/#\/schema\/logo\/image\/\",\"url\":\"https:\/\/www.aranswitzerland.ch\/wp-content\/uploads\/2024\/10\/Logo.jpg\",\"contentUrl\":\"https:\/\/www.aranswitzerland.ch\/wp-content\/uploads\/2024\/10\/Logo.jpg\",\"width\":600,\"height\":600,\"caption\":\"Aran Switzerland\"},\"image\":{\"@id\":\"https:\/\/www.aranswitzerland.ch\/#\/schema\/logo\/image\/\"},\"hasMerchantReturnPolicy\":{\"@type\":\"MerchantReturnPolicy\",\"merchantReturnLink\":\"https:\/\/www.aranswitzerland.ch\/fr\/rueckgabebedingungen\/\"}}]}<\/script>\n<meta property=\"product:brand\" content=\"Aran Woolen Mills\" \/>\n<meta property=\"og:availability\" content=\"instock\" \/>\n<meta property=\"product:availability\" content=\"instock\" \/>\n<meta property=\"product:retailer_item_id\" content=\"AR-032\" \/>\n<meta property=\"product:condition\" content=\"new\" \/>\n<!-- \/ Yoast SEO plugin. -->","yoast_head_json":{"title":"Cardigan au patchwork quadricolore","robots":{"index":"index","follow":"follow","max-snippet":"max-snippet:-1","max-image-preview":"max-image-preview:large","max-video-preview":"max-video-preview:-1"},"canonical":"https:\/\/www.aranswitzerland.ch\/fr\/product\/vierfarbige-patchwork-strickjacke\/","og_locale":"fr_FR","og_type":"article","og_title":"Vierfarbige Patchwork-Strickjacke","og_description":"Diese Strickjacke mit V-Ausschnitt \u00fcberzeugt in zeitgem\u00e4sser Kastenform. Neben den traditionellen Aran-Strickmustern verleihen ihr die vier Farben eine moderne Note.","og_url":"https:\/\/www.aranswitzerland.ch\/fr\/product\/vierfarbige-patchwork-strickjacke\/","og_site_name":"Aran Switzerland","article_modified_time":"2026-01-08T14:11:47+00:00","og_image":[{"width":1051,"height":1576,"url":"https:\/\/www.aranswitzerland.ch\/wp-content\/uploads\/2024\/11\/Patchwork_Cardigan_4_Colour_Original1.webp","type":"image\/webp"}],"twitter_card":"summary_large_image","twitter_misc":{"Disponibilit\u00e9":"En stock"},"schema":{"@context":"https:\/\/schema.org","@graph":[{"@type":"WebPage","@id":"https:\/\/www.aranswitzerland.ch\/product\/vierfarbige-patchwork-strickjacke\/","url":"https:\/\/www.aranswitzerland.ch\/product\/vierfarbige-patchwork-strickjacke\/","name":"Cardigan au patchwork quadricolore","isPartOf":{"@id":"https:\/\/www.aranswitzerland.ch\/#website"},"primaryImageOfPage":{"@id":"https:\/\/www.aranswitzerland.ch\/product\/vierfarbige-patchwork-strickjacke\/#primaryimage"},"image":{"@id":"https:\/\/www.aranswitzerland.ch\/product\/vierfarbige-patchwork-strickjacke\/#primaryimage"},"thumbnailUrl":"https:\/\/www.aranswitzerland.ch\/wp-content\/uploads\/2024\/11\/Patchwork_Cardigan_4_Colour_Original1.webp","datePublished":"2024-11-26T16:38:15+00:00","dateModified":"2026-01-08T14:11:47+00:00","breadcrumb":{"@id":"https:\/\/www.aranswitzerland.ch\/product\/vierfarbige-patchwork-strickjacke\/#breadcrumb"},"inLanguage":"fr-FR","potentialAction":[{"@type":"ReadAction","target":["https:\/\/www.aranswitzerland.ch\/product\/vierfarbige-patchwork-strickjacke\/"]}]},{"@type":"ImageObject","inLanguage":"fr-FR","@id":"https:\/\/www.aranswitzerland.ch\/product\/vierfarbige-patchwork-strickjacke\/#primaryimage","url":"https:\/\/www.aranswitzerland.ch\/wp-content\/uploads\/2024\/11\/Patchwork_Cardigan_4_Colour_Original1.webp","contentUrl":"https:\/\/www.aranswitzerland.ch\/wp-content\/uploads\/2024\/11\/Patchwork_Cardigan_4_Colour_Original1.webp","width":1051,"height":1576},{"@type":"BreadcrumbList","@id":"https:\/\/www.aranswitzerland.ch\/product\/vierfarbige-patchwork-strickjacke\/#breadcrumb","itemListElement":[{"@type":"ListItem","position":1,"name":"Shop","item":"https:\/\/www.aranswitzerland.ch\/en\/shop\/"},{"@type":"ListItem","position":2,"name":"Damen","item":"https:\/\/www.aranswitzerland.ch\/product-category\/damen\/"},{"@type":"ListItem","position":3,"name":"Vierfarbige Patchwork-Strickjacke"}]},{"@type":"WebSite","@id":"https:\/\/www.aranswitzerland.ch\/#website","url":"https:\/\/www.aranswitzerland.ch\/","name":"Aran Switzerland","description":"Kleidung, Taschen und Accessoires","publisher":{"@id":"https:\/\/www.aranswitzerland.ch\/#organization"},"potentialAction":[{"@type":"SearchAction","target":{"@type":"EntryPoint","urlTemplate":"https:\/\/www.aranswitzerland.ch\/?s={search_term_string}"},"query-input":{"@type":"PropertyValueSpecification","valueRequired":true,"valueName":"search_term_string"}}],"inLanguage":"fr-FR"},{"@type":"Organization","@id":"https:\/\/www.aranswitzerland.ch\/#organization","name":"Aran Switzerland","url":"https:\/\/www.aranswitzerland.ch\/","logo":{"@type":"ImageObject","inLanguage":"fr-FR","@id":"https:\/\/www.aranswitzerland.ch\/#\/schema\/logo\/image\/","url":"https:\/\/www.aranswitzerland.ch\/wp-content\/uploads\/2024\/10\/Logo.jpg","contentUrl":"https:\/\/www.aranswitzerland.ch\/wp-content\/uploads\/2024\/10\/Logo.jpg","width":600,"height":600,"caption":"Aran Switzerland"},"image":{"@id":"https:\/\/www.aranswitzerland.ch\/#\/schema\/logo\/image\/"},"hasMerchantReturnPolicy":{"@type":"MerchantReturnPolicy","merchantReturnLink":"https:\/\/www.aranswitzerland.ch\/fr\/rueckgabebedingungen\/"}}]},"product_brand":"Aran Woolen Mills","og_availability":"instock","product_availability":"instock","product_retailer_item_id":"AR-032","product_condition":"new"},"_links":{"self":[{"href":"https:\/\/www.aranswitzerland.ch\/fr\/wp-json\/wp\/v2\/product\/2401","targetHints":{"allow":["GET"]}}],"collection":[{"href":"https:\/\/www.aranswitzerland.ch\/fr\/wp-json\/wp\/v2\/product"}],"about":[{"href":"https:\/\/www.aranswitzerland.ch\/fr\/wp-json\/wp\/v2\/types\/product"}],"replies":[{"embeddable":true,"href":"https:\/\/www.aranswitzerland.ch\/fr\/wp-json\/wp\/v2\/comments?post=2401"}],"version-history":[{"count":1,"href":"https:\/\/www.aranswitzerland.ch\/fr\/wp-json\/wp\/v2\/product\/2401\/revisions"}],"predecessor-version":[{"id":5374,"href":"https:\/\/www.aranswitzerland.ch\/fr\/wp-json\/wp\/v2\/product\/2401\/revisions\/5374"}],"wp:featuredmedia":[{"embeddable":true,"href":"https:\/\/www.aranswitzerland.ch\/fr\/wp-json\/wp\/v2\/media\/2407"}],"wp:attachment":[{"href":"https:\/\/www.aranswitzerland.ch\/fr\/wp-json\/wp\/v2\/media?parent=2401"}],"wp:term":[{"taxonomy":"product_brand","embeddable":true,"href":"https:\/\/www.aranswitzerland.ch\/fr\/wp-json\/wp\/v2\/product_brand?post=2401"},{"taxonomy":"product_cat","embeddable":true,"href":"https:\/\/www.aranswitzerland.ch\/fr\/wp-json\/wp\/v2\/product_cat?post=2401"},{"taxonomy":"product_tag","embeddable":true,"href":"https:\/\/www.aranswitzerland.ch\/fr\/wp-json\/wp\/v2\/product_tag?post=2401"}],"curies":[{"name":"wp","href":"https:\/\/api.w.org\/{rel}","templated":true}]}}