{"id":2447,"date":"2024-11-26T21:02:06","date_gmt":"2024-11-26T19:02:06","guid":{"rendered":"https:\/\/www.aranswitzerland.ch\/?post_type=product&#038;p=2447"},"modified":"2025-12-30T20:08:37","modified_gmt":"2025-12-30T18:08:37","slug":"set-dreifarbiger-kinderschal-mit-bommel-dreifarbige-kindermuetze-mit-bommel","status":"publish","type":"product","link":"https:\/\/www.aranswitzerland.ch\/fr\/product\/set-dreifarbiger-kinderschal-mit-bommel-dreifarbige-kindermuetze-mit-bommel\/","title":{"rendered":"Echarpe tricolore \u00e0 pompon pour enfants &amp; Bonnet tricolore \u00e0 pompon pour enfants"},"content":{"rendered":"","protected":false},"excerpt":{"rendered":"<p>Echarpe plaisante tricolore.<\/p>\n<p>Interpr\u00e9tation color\u00e9e du bonnet Aran traditionnel.<\/p>","protected":false},"featured_media":2467,"comment_status":"open","ping_status":"closed","template":"","meta":{"_acf_changed":false},"product_brand":[173],"product_cat":[33,34,213],"product_tag":[184,190,226,271,193,183],"class_list":{"0":"post-2447","1":"product","2":"type-product","3":"status-publish","4":"has-post-thumbnail","6":"product_brand-aran-woolen-mills","7":"product_cat-accessoires","8":"product_cat-kinder","9":"product_cat-schals","10":"product_tag-casual","11":"product_tag-mehrfarbig","12":"product_tag-merinowolle","13":"product_tag-muetze","14":"product_tag-schal","15":"product_tag-wolle","17":"first","18":"outofstock","19":"taxable","20":"shipping-taxable","21":"purchasable","22":"product-type-variable","23":"has-default-attributes"},"acf":[],"yoast_head":"<!-- This site is optimized with the Yoast SEO plugin v27.1.1 - https:\/\/yoast.com\/product\/yoast-seo-wordpress\/ -->\n<title>SET: Dreifarbiger Kinderschal mit Bommel &amp; Dreifarbige Kinderm\u00fctze mit Bommel<\/title>\n<meta name=\"robots\" content=\"index, follow, max-snippet:-1, max-image-preview:large, max-video-preview:-1\" \/>\n<link rel=\"canonical\" href=\"https:\/\/www.aranswitzerland.ch\/fr\/product\/set-dreifarbiger-kinderschal-mit-bommel-dreifarbige-kindermuetze-mit-bommel\/\" \/>\n<meta property=\"og:locale\" content=\"fr_FR\" \/>\n<meta property=\"og:type\" content=\"article\" \/>\n<meta property=\"og:title\" content=\"SET: Dreifarbiger Kinderschal mit Bommel &amp; Dreifarbige Kinderm\u00fctze mit Bommel\" \/>\n<meta property=\"og:description\" content=\"Ein fr\u00f6hlicher, dreifarbiger Schal.  Eine farbenfreudige Interpretation der traditionellen Aran-M\u00fctze.\" \/>\n<meta property=\"og:url\" content=\"https:\/\/www.aranswitzerland.ch\/fr\/product\/set-dreifarbiger-kinderschal-mit-bommel-dreifarbige-kindermuetze-mit-bommel\/\" \/>\n<meta property=\"og:site_name\" content=\"Aran Switzerland\" \/>\n<meta property=\"article:modified_time\" content=\"2025-12-30T18:08:37+00:00\" \/>\n<meta property=\"og:image\" content=\"https:\/\/www.aranswitzerland.ch\/wp-content\/uploads\/2024\/11\/Childrens_3_Colour_Scarf_with_Pompom_yellow_original3-1.webp\" \/>\n\t<meta property=\"og:image:width\" content=\"1051\" \/>\n\t<meta property=\"og:image:height\" content=\"1577\" \/>\n\t<meta property=\"og:image:type\" content=\"image\/webp\" \/>\n<meta name=\"twitter:card\" content=\"summary_large_image\" \/>\n<meta name=\"twitter:label1\" content=\"Disponibilit\u00e9\" \/>\n\t<meta name=\"twitter:data1\" content=\"Rupture de stock\" \/>\n<script type=\"application\/ld+json\" class=\"yoast-schema-graph\">{\"@context\":\"https:\/\/schema.org\",\"@graph\":[{\"@type\":\"WebPage\",\"@id\":\"https:\/\/www.aranswitzerland.ch\/product\/set-dreifarbiger-kinderschal-mit-bommel-dreifarbige-kindermuetze-mit-bommel\/\",\"url\":\"https:\/\/www.aranswitzerland.ch\/product\/set-dreifarbiger-kinderschal-mit-bommel-dreifarbige-kindermuetze-mit-bommel\/\",\"name\":\"SET: Dreifarbiger Kinderschal mit Bommel & Dreifarbige Kinderm\u00fctze mit Bommel\",\"isPartOf\":{\"@id\":\"https:\/\/www.aranswitzerland.ch\/#website\"},\"primaryImageOfPage\":{\"@id\":\"https:\/\/www.aranswitzerland.ch\/product\/set-dreifarbiger-kinderschal-mit-bommel-dreifarbige-kindermuetze-mit-bommel\/#primaryimage\"},\"image\":{\"@id\":\"https:\/\/www.aranswitzerland.ch\/product\/set-dreifarbiger-kinderschal-mit-bommel-dreifarbige-kindermuetze-mit-bommel\/#primaryimage\"},\"thumbnailUrl\":\"https:\/\/www.aranswitzerland.ch\/wp-content\/uploads\/2024\/11\/Childrens_3_Colour_Scarf_with_Pompom_yellow_original3-1.webp\",\"datePublished\":\"2024-11-26T19:02:06+00:00\",\"dateModified\":\"2025-12-30T18:08:37+00:00\",\"breadcrumb\":{\"@id\":\"https:\/\/www.aranswitzerland.ch\/product\/set-dreifarbiger-kinderschal-mit-bommel-dreifarbige-kindermuetze-mit-bommel\/#breadcrumb\"},\"inLanguage\":\"fr-FR\",\"potentialAction\":[{\"@type\":\"ReadAction\",\"target\":[\"https:\/\/www.aranswitzerland.ch\/product\/set-dreifarbiger-kinderschal-mit-bommel-dreifarbige-kindermuetze-mit-bommel\/\"]}]},{\"@type\":\"ImageObject\",\"inLanguage\":\"fr-FR\",\"@id\":\"https:\/\/www.aranswitzerland.ch\/product\/set-dreifarbiger-kinderschal-mit-bommel-dreifarbige-kindermuetze-mit-bommel\/#primaryimage\",\"url\":\"https:\/\/www.aranswitzerland.ch\/wp-content\/uploads\/2024\/11\/Childrens_3_Colour_Scarf_with_Pompom_yellow_original3-1.webp\",\"contentUrl\":\"https:\/\/www.aranswitzerland.ch\/wp-content\/uploads\/2024\/11\/Childrens_3_Colour_Scarf_with_Pompom_yellow_original3-1.webp\",\"width\":1051,\"height\":1577},{\"@type\":\"BreadcrumbList\",\"@id\":\"https:\/\/www.aranswitzerland.ch\/product\/set-dreifarbiger-kinderschal-mit-bommel-dreifarbige-kindermuetze-mit-bommel\/#breadcrumb\",\"itemListElement\":[{\"@type\":\"ListItem\",\"position\":1,\"name\":\"Shop\",\"item\":\"https:\/\/www.aranswitzerland.ch\/en\/shop\/\"},{\"@type\":\"ListItem\",\"position\":2,\"name\":\"Kinder\",\"item\":\"https:\/\/www.aranswitzerland.ch\/product-category\/kinder\/\"},{\"@type\":\"ListItem\",\"position\":3,\"name\":\"SET: Dreifarbiger Kinderschal mit Bommel &#038; Dreifarbige Kinderm\u00fctze mit Bommel\"}]},{\"@type\":\"WebSite\",\"@id\":\"https:\/\/www.aranswitzerland.ch\/#website\",\"url\":\"https:\/\/www.aranswitzerland.ch\/\",\"name\":\"Aran Switzerland\",\"description\":\"Kleidung, Taschen und Accessoires\",\"publisher\":{\"@id\":\"https:\/\/www.aranswitzerland.ch\/#organization\"},\"potentialAction\":[{\"@type\":\"SearchAction\",\"target\":{\"@type\":\"EntryPoint\",\"urlTemplate\":\"https:\/\/www.aranswitzerland.ch\/?s={search_term_string}\"},\"query-input\":{\"@type\":\"PropertyValueSpecification\",\"valueRequired\":true,\"valueName\":\"search_term_string\"}}],\"inLanguage\":\"fr-FR\"},{\"@type\":\"Organization\",\"@id\":\"https:\/\/www.aranswitzerland.ch\/#organization\",\"name\":\"Aran Switzerland\",\"url\":\"https:\/\/www.aranswitzerland.ch\/\",\"logo\":{\"@type\":\"ImageObject\",\"inLanguage\":\"fr-FR\",\"@id\":\"https:\/\/www.aranswitzerland.ch\/#\/schema\/logo\/image\/\",\"url\":\"https:\/\/www.aranswitzerland.ch\/wp-content\/uploads\/2024\/10\/Logo.jpg\",\"contentUrl\":\"https:\/\/www.aranswitzerland.ch\/wp-content\/uploads\/2024\/10\/Logo.jpg\",\"width\":600,\"height\":600,\"caption\":\"Aran Switzerland\"},\"image\":{\"@id\":\"https:\/\/www.aranswitzerland.ch\/#\/schema\/logo\/image\/\"},\"hasMerchantReturnPolicy\":{\"@type\":\"MerchantReturnPolicy\",\"merchantReturnLink\":\"https:\/\/www.aranswitzerland.ch\/fr\/rueckgabebedingungen\/\"}}]}<\/script>\n<meta property=\"product:brand\" content=\"Aran Woolen Mills\" \/>\n<meta property=\"og:availability\" content=\"out of stock\" \/>\n<meta property=\"product:availability\" content=\"out of stock\" \/>\n<meta property=\"product:retailer_item_id\" content=\"AR-036\" \/>\n<meta property=\"product:condition\" content=\"new\" \/>\n<!-- \/ Yoast SEO plugin. -->","yoast_head_json":{"title":"SET: Dreifarbiger Kinderschal mit Bommel & Dreifarbige Kinderm\u00fctze mit Bommel","robots":{"index":"index","follow":"follow","max-snippet":"max-snippet:-1","max-image-preview":"max-image-preview:large","max-video-preview":"max-video-preview:-1"},"canonical":"https:\/\/www.aranswitzerland.ch\/fr\/product\/set-dreifarbiger-kinderschal-mit-bommel-dreifarbige-kindermuetze-mit-bommel\/","og_locale":"fr_FR","og_type":"article","og_title":"SET: Dreifarbiger Kinderschal mit Bommel & Dreifarbige Kinderm\u00fctze mit Bommel","og_description":"Ein fr\u00f6hlicher, dreifarbiger Schal.  Eine farbenfreudige Interpretation der traditionellen Aran-M\u00fctze.","og_url":"https:\/\/www.aranswitzerland.ch\/fr\/product\/set-dreifarbiger-kinderschal-mit-bommel-dreifarbige-kindermuetze-mit-bommel\/","og_site_name":"Aran Switzerland","article_modified_time":"2025-12-30T18:08:37+00:00","og_image":[{"width":1051,"height":1577,"url":"https:\/\/www.aranswitzerland.ch\/wp-content\/uploads\/2024\/11\/Childrens_3_Colour_Scarf_with_Pompom_yellow_original3-1.webp","type":"image\/webp"}],"twitter_card":"summary_large_image","twitter_misc":{"Disponibilit\u00e9":"Rupture de stock"},"schema":{"@context":"https:\/\/schema.org","@graph":[{"@type":"WebPage","@id":"https:\/\/www.aranswitzerland.ch\/product\/set-dreifarbiger-kinderschal-mit-bommel-dreifarbige-kindermuetze-mit-bommel\/","url":"https:\/\/www.aranswitzerland.ch\/product\/set-dreifarbiger-kinderschal-mit-bommel-dreifarbige-kindermuetze-mit-bommel\/","name":"SET: Dreifarbiger Kinderschal mit Bommel & Dreifarbige Kinderm\u00fctze mit Bommel","isPartOf":{"@id":"https:\/\/www.aranswitzerland.ch\/#website"},"primaryImageOfPage":{"@id":"https:\/\/www.aranswitzerland.ch\/product\/set-dreifarbiger-kinderschal-mit-bommel-dreifarbige-kindermuetze-mit-bommel\/#primaryimage"},"image":{"@id":"https:\/\/www.aranswitzerland.ch\/product\/set-dreifarbiger-kinderschal-mit-bommel-dreifarbige-kindermuetze-mit-bommel\/#primaryimage"},"thumbnailUrl":"https:\/\/www.aranswitzerland.ch\/wp-content\/uploads\/2024\/11\/Childrens_3_Colour_Scarf_with_Pompom_yellow_original3-1.webp","datePublished":"2024-11-26T19:02:06+00:00","dateModified":"2025-12-30T18:08:37+00:00","breadcrumb":{"@id":"https:\/\/www.aranswitzerland.ch\/product\/set-dreifarbiger-kinderschal-mit-bommel-dreifarbige-kindermuetze-mit-bommel\/#breadcrumb"},"inLanguage":"fr-FR","potentialAction":[{"@type":"ReadAction","target":["https:\/\/www.aranswitzerland.ch\/product\/set-dreifarbiger-kinderschal-mit-bommel-dreifarbige-kindermuetze-mit-bommel\/"]}]},{"@type":"ImageObject","inLanguage":"fr-FR","@id":"https:\/\/www.aranswitzerland.ch\/product\/set-dreifarbiger-kinderschal-mit-bommel-dreifarbige-kindermuetze-mit-bommel\/#primaryimage","url":"https:\/\/www.aranswitzerland.ch\/wp-content\/uploads\/2024\/11\/Childrens_3_Colour_Scarf_with_Pompom_yellow_original3-1.webp","contentUrl":"https:\/\/www.aranswitzerland.ch\/wp-content\/uploads\/2024\/11\/Childrens_3_Colour_Scarf_with_Pompom_yellow_original3-1.webp","width":1051,"height":1577},{"@type":"BreadcrumbList","@id":"https:\/\/www.aranswitzerland.ch\/product\/set-dreifarbiger-kinderschal-mit-bommel-dreifarbige-kindermuetze-mit-bommel\/#breadcrumb","itemListElement":[{"@type":"ListItem","position":1,"name":"Shop","item":"https:\/\/www.aranswitzerland.ch\/en\/shop\/"},{"@type":"ListItem","position":2,"name":"Kinder","item":"https:\/\/www.aranswitzerland.ch\/product-category\/kinder\/"},{"@type":"ListItem","position":3,"name":"SET: Dreifarbiger Kinderschal mit Bommel &#038; Dreifarbige Kinderm\u00fctze mit Bommel"}]},{"@type":"WebSite","@id":"https:\/\/www.aranswitzerland.ch\/#website","url":"https:\/\/www.aranswitzerland.ch\/","name":"Aran Switzerland","description":"Kleidung, Taschen und Accessoires","publisher":{"@id":"https:\/\/www.aranswitzerland.ch\/#organization"},"potentialAction":[{"@type":"SearchAction","target":{"@type":"EntryPoint","urlTemplate":"https:\/\/www.aranswitzerland.ch\/?s={search_term_string}"},"query-input":{"@type":"PropertyValueSpecification","valueRequired":true,"valueName":"search_term_string"}}],"inLanguage":"fr-FR"},{"@type":"Organization","@id":"https:\/\/www.aranswitzerland.ch\/#organization","name":"Aran Switzerland","url":"https:\/\/www.aranswitzerland.ch\/","logo":{"@type":"ImageObject","inLanguage":"fr-FR","@id":"https:\/\/www.aranswitzerland.ch\/#\/schema\/logo\/image\/","url":"https:\/\/www.aranswitzerland.ch\/wp-content\/uploads\/2024\/10\/Logo.jpg","contentUrl":"https:\/\/www.aranswitzerland.ch\/wp-content\/uploads\/2024\/10\/Logo.jpg","width":600,"height":600,"caption":"Aran Switzerland"},"image":{"@id":"https:\/\/www.aranswitzerland.ch\/#\/schema\/logo\/image\/"},"hasMerchantReturnPolicy":{"@type":"MerchantReturnPolicy","merchantReturnLink":"https:\/\/www.aranswitzerland.ch\/fr\/rueckgabebedingungen\/"}}]},"product_brand":"Aran Woolen Mills","og_availability":"out of stock","product_availability":"out of stock","product_retailer_item_id":"AR-036","product_condition":"new"},"_links":{"self":[{"href":"https:\/\/www.aranswitzerland.ch\/fr\/wp-json\/wp\/v2\/product\/2447","targetHints":{"allow":["GET"]}}],"collection":[{"href":"https:\/\/www.aranswitzerland.ch\/fr\/wp-json\/wp\/v2\/product"}],"about":[{"href":"https:\/\/www.aranswitzerland.ch\/fr\/wp-json\/wp\/v2\/types\/product"}],"replies":[{"embeddable":true,"href":"https:\/\/www.aranswitzerland.ch\/fr\/wp-json\/wp\/v2\/comments?post=2447"}],"version-history":[{"count":2,"href":"https:\/\/www.aranswitzerland.ch\/fr\/wp-json\/wp\/v2\/product\/2447\/revisions"}],"predecessor-version":[{"id":5385,"href":"https:\/\/www.aranswitzerland.ch\/fr\/wp-json\/wp\/v2\/product\/2447\/revisions\/5385"}],"wp:featuredmedia":[{"embeddable":true,"href":"https:\/\/www.aranswitzerland.ch\/fr\/wp-json\/wp\/v2\/media\/2467"}],"wp:attachment":[{"href":"https:\/\/www.aranswitzerland.ch\/fr\/wp-json\/wp\/v2\/media?parent=2447"}],"wp:term":[{"taxonomy":"product_brand","embeddable":true,"href":"https:\/\/www.aranswitzerland.ch\/fr\/wp-json\/wp\/v2\/product_brand?post=2447"},{"taxonomy":"product_cat","embeddable":true,"href":"https:\/\/www.aranswitzerland.ch\/fr\/wp-json\/wp\/v2\/product_cat?post=2447"},{"taxonomy":"product_tag","embeddable":true,"href":"https:\/\/www.aranswitzerland.ch\/fr\/wp-json\/wp\/v2\/product_tag?post=2447"}],"curies":[{"name":"wp","href":"https:\/\/api.w.org\/{rel}","templated":true}]}}