{"id":3676,"date":"2025-05-19T16:56:49","date_gmt":"2025-05-19T14:56:49","guid":{"rendered":"https:\/\/www.aranswitzerland.ch\/?post_type=product&#038;p=3676"},"modified":"2026-02-16T12:41:04","modified_gmt":"2026-02-16T10:41:04","slug":"weste-aus-irischem-leinen-denim","status":"publish","type":"product","link":"https:\/\/www.aranswitzerland.ch\/fr\/product\/weste-aus-irischem-leinen-denim\/","title":{"rendered":"Gilet en lin irlandais \u2013 Denim"},"content":{"rendered":"","protected":false},"excerpt":{"rendered":"<p>Indispensable \u00e0 une garde-robe intemporelle, ce gilet en lin pour homme s\u00e9duit par sa polyvalence et son raffinement. De poids l\u00e9ger, il est fabriqu\u00e9 \u00e0 la main \u00e0 partir de lin irlandais de premi\u00e8re qualit\u00e9 et offre une coupe d\u00e9contract\u00e9e mais ajust\u00e9e : il est donc parfait pour les mariages, les occasions sp\u00e9ciales ou pour un style quotidien informel. Con\u00e7u pour \u00eatre port\u00e9 seul ou compl\u00e9tant un costume trois pi\u00e8ces en lin, il incarne la sophistication et le d\u00e9veloppement durable.<\/p>","protected":false},"featured_media":3694,"comment_status":"open","ping_status":"closed","template":"","meta":{"_acf_changed":false},"product_brand":[174],"product_cat":[30,214],"product_tag":[235,242,222,247],"class_list":{"0":"post-3676","1":"product","2":"type-product","3":"status-publish","4":"has-post-thumbnail","6":"product_brand-celtic-tweed","7":"product_cat-herren","8":"product_cat-hosen-jacken","9":"product_tag-formell","10":"product_tag-hochzeit","11":"product_tag-leinen","12":"product_tag-weste","14":"first","15":"instock","16":"sale","17":"featured","18":"taxable","19":"shipping-taxable","20":"purchasable","21":"product-type-variable"},"acf":[],"yoast_head":"<!-- This site is optimized with the Yoast SEO plugin v27.1.1 - https:\/\/yoast.com\/product\/yoast-seo-wordpress\/ -->\n<title>Weste aus irischem Leinen \u2013 Denim<\/title>\n<meta name=\"robots\" content=\"index, follow, max-snippet:-1, max-image-preview:large, max-video-preview:-1\" \/>\n<link rel=\"canonical\" href=\"https:\/\/www.aranswitzerland.ch\/fr\/product\/weste-aus-irischem-leinen-denim\/\" \/>\n<meta property=\"og:locale\" content=\"fr_FR\" \/>\n<meta property=\"og:type\" content=\"article\" \/>\n<meta property=\"og:title\" content=\"Weste aus irischem Leinen \u2013 Denim\" \/>\n<meta property=\"og:description\" content=\"Diese Herrenweste aus Leinen ist ein zeitloses Muss f\u00fcr Ihre Garderobe und \u00fcberzeugt durch ihre Vielseitigkeit und Wertigkeit. Leicht und handgefertigt aus irischem Premiumleinen, \u00fcberzeugt sie mit einem relaxten und dennoch taillierten Schnitt, der sie ideal f\u00fcr Hochzeiten, spezielle Gelegenheiten oder den legeren Alltag macht. Sie kann einzeln oder als Komponente eines dreiteiligen Leinenanzugs getragen werden und verk\u00f6rpert Eleganz mit nachhaltigem Charakter.\" \/>\n<meta property=\"og:url\" content=\"https:\/\/www.aranswitzerland.ch\/fr\/product\/weste-aus-irischem-leinen-denim\/\" \/>\n<meta property=\"og:site_name\" content=\"Aran Switzerland\" \/>\n<meta property=\"article:modified_time\" content=\"2026-02-16T10:41:04+00:00\" \/>\n<meta property=\"og:image\" content=\"https:\/\/www.aranswitzerland.ch\/wp-content\/uploads\/2025\/05\/Men_Linen_Waistcoat_Denim_MWNRLN_Original1.jpg\" \/>\n\t<meta property=\"og:image:width\" content=\"1190\" \/>\n\t<meta property=\"og:image:height\" content=\"1576\" \/>\n\t<meta property=\"og:image:type\" content=\"image\/jpeg\" \/>\n<meta name=\"twitter:card\" content=\"summary_large_image\" \/>\n<meta name=\"twitter:label1\" content=\"Disponibilit\u00e9\" \/>\n\t<meta name=\"twitter:data1\" content=\"En stock\" \/>\n<script type=\"application\/ld+json\" class=\"yoast-schema-graph\">{\"@context\":\"https:\/\/schema.org\",\"@graph\":[{\"@type\":\"WebPage\",\"@id\":\"https:\/\/www.aranswitzerland.ch\/product\/weste-aus-irischem-leinen-denim\/\",\"url\":\"https:\/\/www.aranswitzerland.ch\/product\/weste-aus-irischem-leinen-denim\/\",\"name\":\"Weste aus irischem Leinen \u2013 Denim\",\"isPartOf\":{\"@id\":\"https:\/\/www.aranswitzerland.ch\/#website\"},\"primaryImageOfPage\":{\"@id\":\"https:\/\/www.aranswitzerland.ch\/product\/weste-aus-irischem-leinen-denim\/#primaryimage\"},\"image\":{\"@id\":\"https:\/\/www.aranswitzerland.ch\/product\/weste-aus-irischem-leinen-denim\/#primaryimage\"},\"thumbnailUrl\":\"https:\/\/www.aranswitzerland.ch\/wp-content\/uploads\/2025\/05\/Men_Linen_Waistcoat_Denim_MWNRLN_Original1.jpg\",\"datePublished\":\"2025-05-19T14:56:49+00:00\",\"dateModified\":\"2026-02-16T10:41:04+00:00\",\"breadcrumb\":{\"@id\":\"https:\/\/www.aranswitzerland.ch\/product\/weste-aus-irischem-leinen-denim\/#breadcrumb\"},\"inLanguage\":\"fr-FR\",\"potentialAction\":[{\"@type\":\"ReadAction\",\"target\":[\"https:\/\/www.aranswitzerland.ch\/product\/weste-aus-irischem-leinen-denim\/\"]}]},{\"@type\":\"ImageObject\",\"inLanguage\":\"fr-FR\",\"@id\":\"https:\/\/www.aranswitzerland.ch\/product\/weste-aus-irischem-leinen-denim\/#primaryimage\",\"url\":\"https:\/\/www.aranswitzerland.ch\/wp-content\/uploads\/2025\/05\/Men_Linen_Waistcoat_Denim_MWNRLN_Original1.jpg\",\"contentUrl\":\"https:\/\/www.aranswitzerland.ch\/wp-content\/uploads\/2025\/05\/Men_Linen_Waistcoat_Denim_MWNRLN_Original1.jpg\",\"width\":1190,\"height\":1576},{\"@type\":\"BreadcrumbList\",\"@id\":\"https:\/\/www.aranswitzerland.ch\/product\/weste-aus-irischem-leinen-denim\/#breadcrumb\",\"itemListElement\":[{\"@type\":\"ListItem\",\"position\":1,\"name\":\"Shop\",\"item\":\"https:\/\/www.aranswitzerland.ch\/en\/shop\/\"},{\"@type\":\"ListItem\",\"position\":2,\"name\":\"Herren\",\"item\":\"https:\/\/www.aranswitzerland.ch\/product-category\/herren\/\"},{\"@type\":\"ListItem\",\"position\":3,\"name\":\"Weste aus irischem Leinen \u2013 Denim\"}]},{\"@type\":\"WebSite\",\"@id\":\"https:\/\/www.aranswitzerland.ch\/#website\",\"url\":\"https:\/\/www.aranswitzerland.ch\/\",\"name\":\"Aran Switzerland\",\"description\":\"Kleidung, Taschen und Accessoires\",\"publisher\":{\"@id\":\"https:\/\/www.aranswitzerland.ch\/#organization\"},\"potentialAction\":[{\"@type\":\"SearchAction\",\"target\":{\"@type\":\"EntryPoint\",\"urlTemplate\":\"https:\/\/www.aranswitzerland.ch\/?s={search_term_string}\"},\"query-input\":{\"@type\":\"PropertyValueSpecification\",\"valueRequired\":true,\"valueName\":\"search_term_string\"}}],\"inLanguage\":\"fr-FR\"},{\"@type\":\"Organization\",\"@id\":\"https:\/\/www.aranswitzerland.ch\/#organization\",\"name\":\"Aran Switzerland\",\"url\":\"https:\/\/www.aranswitzerland.ch\/\",\"logo\":{\"@type\":\"ImageObject\",\"inLanguage\":\"fr-FR\",\"@id\":\"https:\/\/www.aranswitzerland.ch\/#\/schema\/logo\/image\/\",\"url\":\"https:\/\/www.aranswitzerland.ch\/wp-content\/uploads\/2024\/10\/Logo.jpg\",\"contentUrl\":\"https:\/\/www.aranswitzerland.ch\/wp-content\/uploads\/2024\/10\/Logo.jpg\",\"width\":600,\"height\":600,\"caption\":\"Aran Switzerland\"},\"image\":{\"@id\":\"https:\/\/www.aranswitzerland.ch\/#\/schema\/logo\/image\/\"},\"hasMerchantReturnPolicy\":{\"@type\":\"MerchantReturnPolicy\",\"merchantReturnLink\":\"https:\/\/www.aranswitzerland.ch\/fr\/rueckgabebedingungen\/\"}}]}<\/script>\n<meta property=\"product:brand\" content=\"Celtic Tweed\" \/>\n<meta property=\"og:availability\" content=\"instock\" \/>\n<meta property=\"product:availability\" content=\"instock\" \/>\n<meta property=\"product:retailer_item_id\" content=\"AR-073\" \/>\n<meta property=\"product:condition\" content=\"new\" \/>\n<!-- \/ Yoast SEO plugin. -->","yoast_head_json":{"title":"Gilet en lin irlandais \u2013 Denim","robots":{"index":"index","follow":"follow","max-snippet":"max-snippet:-1","max-image-preview":"max-image-preview:large","max-video-preview":"max-video-preview:-1"},"canonical":"https:\/\/www.aranswitzerland.ch\/fr\/product\/weste-aus-irischem-leinen-denim\/","og_locale":"fr_FR","og_type":"article","og_title":"Weste aus irischem Leinen \u2013 Denim","og_description":"Diese Herrenweste aus Leinen ist ein zeitloses Muss f\u00fcr Ihre Garderobe und \u00fcberzeugt durch ihre Vielseitigkeit und Wertigkeit. Leicht und handgefertigt aus irischem Premiumleinen, \u00fcberzeugt sie mit einem relaxten und dennoch taillierten Schnitt, der sie ideal f\u00fcr Hochzeiten, spezielle Gelegenheiten oder den legeren Alltag macht. Sie kann einzeln oder als Komponente eines dreiteiligen Leinenanzugs getragen werden und verk\u00f6rpert Eleganz mit nachhaltigem Charakter.","og_url":"https:\/\/www.aranswitzerland.ch\/fr\/product\/weste-aus-irischem-leinen-denim\/","og_site_name":"Aran Switzerland","article_modified_time":"2026-02-16T10:41:04+00:00","og_image":[{"width":1190,"height":1576,"url":"https:\/\/www.aranswitzerland.ch\/wp-content\/uploads\/2025\/05\/Men_Linen_Waistcoat_Denim_MWNRLN_Original1.jpg","type":"image\/jpeg"}],"twitter_card":"summary_large_image","twitter_misc":{"Disponibilit\u00e9":"En stock"},"schema":{"@context":"https:\/\/schema.org","@graph":[{"@type":"WebPage","@id":"https:\/\/www.aranswitzerland.ch\/product\/weste-aus-irischem-leinen-denim\/","url":"https:\/\/www.aranswitzerland.ch\/product\/weste-aus-irischem-leinen-denim\/","name":"Gilet en lin irlandais \u2013 Denim","isPartOf":{"@id":"https:\/\/www.aranswitzerland.ch\/#website"},"primaryImageOfPage":{"@id":"https:\/\/www.aranswitzerland.ch\/product\/weste-aus-irischem-leinen-denim\/#primaryimage"},"image":{"@id":"https:\/\/www.aranswitzerland.ch\/product\/weste-aus-irischem-leinen-denim\/#primaryimage"},"thumbnailUrl":"https:\/\/www.aranswitzerland.ch\/wp-content\/uploads\/2025\/05\/Men_Linen_Waistcoat_Denim_MWNRLN_Original1.jpg","datePublished":"2025-05-19T14:56:49+00:00","dateModified":"2026-02-16T10:41:04+00:00","breadcrumb":{"@id":"https:\/\/www.aranswitzerland.ch\/product\/weste-aus-irischem-leinen-denim\/#breadcrumb"},"inLanguage":"fr-FR","potentialAction":[{"@type":"ReadAction","target":["https:\/\/www.aranswitzerland.ch\/product\/weste-aus-irischem-leinen-denim\/"]}]},{"@type":"ImageObject","inLanguage":"fr-FR","@id":"https:\/\/www.aranswitzerland.ch\/product\/weste-aus-irischem-leinen-denim\/#primaryimage","url":"https:\/\/www.aranswitzerland.ch\/wp-content\/uploads\/2025\/05\/Men_Linen_Waistcoat_Denim_MWNRLN_Original1.jpg","contentUrl":"https:\/\/www.aranswitzerland.ch\/wp-content\/uploads\/2025\/05\/Men_Linen_Waistcoat_Denim_MWNRLN_Original1.jpg","width":1190,"height":1576},{"@type":"BreadcrumbList","@id":"https:\/\/www.aranswitzerland.ch\/product\/weste-aus-irischem-leinen-denim\/#breadcrumb","itemListElement":[{"@type":"ListItem","position":1,"name":"Shop","item":"https:\/\/www.aranswitzerland.ch\/en\/shop\/"},{"@type":"ListItem","position":2,"name":"Herren","item":"https:\/\/www.aranswitzerland.ch\/product-category\/herren\/"},{"@type":"ListItem","position":3,"name":"Weste aus irischem Leinen \u2013 Denim"}]},{"@type":"WebSite","@id":"https:\/\/www.aranswitzerland.ch\/#website","url":"https:\/\/www.aranswitzerland.ch\/","name":"Aran Switzerland","description":"Kleidung, Taschen und Accessoires","publisher":{"@id":"https:\/\/www.aranswitzerland.ch\/#organization"},"potentialAction":[{"@type":"SearchAction","target":{"@type":"EntryPoint","urlTemplate":"https:\/\/www.aranswitzerland.ch\/?s={search_term_string}"},"query-input":{"@type":"PropertyValueSpecification","valueRequired":true,"valueName":"search_term_string"}}],"inLanguage":"fr-FR"},{"@type":"Organization","@id":"https:\/\/www.aranswitzerland.ch\/#organization","name":"Aran Switzerland","url":"https:\/\/www.aranswitzerland.ch\/","logo":{"@type":"ImageObject","inLanguage":"fr-FR","@id":"https:\/\/www.aranswitzerland.ch\/#\/schema\/logo\/image\/","url":"https:\/\/www.aranswitzerland.ch\/wp-content\/uploads\/2024\/10\/Logo.jpg","contentUrl":"https:\/\/www.aranswitzerland.ch\/wp-content\/uploads\/2024\/10\/Logo.jpg","width":600,"height":600,"caption":"Aran Switzerland"},"image":{"@id":"https:\/\/www.aranswitzerland.ch\/#\/schema\/logo\/image\/"},"hasMerchantReturnPolicy":{"@type":"MerchantReturnPolicy","merchantReturnLink":"https:\/\/www.aranswitzerland.ch\/fr\/rueckgabebedingungen\/"}}]},"product_brand":"Celtic Tweed","og_availability":"instock","product_availability":"instock","product_retailer_item_id":"AR-073","product_condition":"new"},"_links":{"self":[{"href":"https:\/\/www.aranswitzerland.ch\/fr\/wp-json\/wp\/v2\/product\/3676","targetHints":{"allow":["GET"]}}],"collection":[{"href":"https:\/\/www.aranswitzerland.ch\/fr\/wp-json\/wp\/v2\/product"}],"about":[{"href":"https:\/\/www.aranswitzerland.ch\/fr\/wp-json\/wp\/v2\/types\/product"}],"replies":[{"embeddable":true,"href":"https:\/\/www.aranswitzerland.ch\/fr\/wp-json\/wp\/v2\/comments?post=3676"}],"version-history":[{"count":4,"href":"https:\/\/www.aranswitzerland.ch\/fr\/wp-json\/wp\/v2\/product\/3676\/revisions"}],"predecessor-version":[{"id":5790,"href":"https:\/\/www.aranswitzerland.ch\/fr\/wp-json\/wp\/v2\/product\/3676\/revisions\/5790"}],"wp:featuredmedia":[{"embeddable":true,"href":"https:\/\/www.aranswitzerland.ch\/fr\/wp-json\/wp\/v2\/media\/3694"}],"wp:attachment":[{"href":"https:\/\/www.aranswitzerland.ch\/fr\/wp-json\/wp\/v2\/media?parent=3676"}],"wp:term":[{"taxonomy":"product_brand","embeddable":true,"href":"https:\/\/www.aranswitzerland.ch\/fr\/wp-json\/wp\/v2\/product_brand?post=3676"},{"taxonomy":"product_cat","embeddable":true,"href":"https:\/\/www.aranswitzerland.ch\/fr\/wp-json\/wp\/v2\/product_cat?post=3676"},{"taxonomy":"product_tag","embeddable":true,"href":"https:\/\/www.aranswitzerland.ch\/fr\/wp-json\/wp\/v2\/product_tag?post=3676"}],"curies":[{"name":"wp","href":"https:\/\/api.w.org\/{rel}","templated":true}]}}