{"id":3763,"date":"2025-05-19T15:30:29","date_gmt":"2025-05-19T13:30:29","guid":{"rendered":"https:\/\/www.aranswitzerland.ch\/?post_type=product&#038;p=3763"},"modified":"2025-12-30T20:13:11","modified_gmt":"2025-12-30T18:13:11","slug":"aermelloses-top-aus-irischem-leinen-mit-rueckenfalte-sandfarben","status":"publish","type":"product","link":"https:\/\/www.aranswitzerland.ch\/fr\/product\/aermelloses-top-aus-irischem-leinen-mit-rueckenfalte-sandfarben\/","title":{"rendered":"Haut sans manches en lin irlandais et pli creux au dos \u2013 Sable"},"content":{"rendered":"","protected":false},"excerpt":{"rendered":"<p>\u00c0 la fois fluide et structur\u00e9, ce haut en lin sans manches pour femme est une symphonie de savoir-faire et d'aisance. Avec un pli creux au dos qui capte la lumi\u00e8re et une silhouette flatteuse, c'est une pi\u00e8ce qui \u00e9voque le luxe d\u00e9contract\u00e9. Le lin irlandais respirant est en l\u00e9g\u00e8ret\u00e9 sur la peau - con\u00e7u pour des journ\u00e9es se prolongeant par des nuits douces et \u00e9toil\u00e9es.<\/p>","protected":false},"featured_media":3764,"comment_status":"open","ping_status":"closed","template":"","meta":{"_acf_changed":false},"product_brand":[174],"product_cat":[31,214],"product_tag":[235,242,222,249],"class_list":{"0":"post-3763","1":"product","2":"type-product","3":"status-publish","4":"has-post-thumbnail","6":"product_brand-celtic-tweed","7":"product_cat-damen","8":"product_cat-hosen-jacken","9":"product_tag-formell","10":"product_tag-hochzeit","11":"product_tag-leinen","12":"product_tag-top","14":"first","15":"instock","16":"sale","17":"featured","18":"taxable","19":"shipping-taxable","20":"purchasable","21":"product-type-variable"},"acf":[],"yoast_head":"<!-- This site is optimized with the Yoast SEO plugin v27.1.1 - https:\/\/yoast.com\/product\/yoast-seo-wordpress\/ -->\n<title>\u00c4rmelloses Top aus irischem Leinen mit R\u00fcckenfalte \u2013 Sandfarben<\/title>\n<meta name=\"robots\" content=\"index, follow, max-snippet:-1, max-image-preview:large, max-video-preview:-1\" \/>\n<link rel=\"canonical\" href=\"https:\/\/www.aranswitzerland.ch\/fr\/product\/aermelloses-top-aus-irischem-leinen-mit-rueckenfalte-sandfarben\/\" \/>\n<meta property=\"og:locale\" content=\"fr_FR\" \/>\n<meta property=\"og:type\" content=\"article\" \/>\n<meta property=\"og:title\" content=\"\u00c4rmelloses Top aus irischem Leinen mit R\u00fcckenfalte \u2013 Sandfarben\" \/>\n<meta property=\"og:description\" content=\"Luftig und dennoch strukturiert: eine Symphonie aus Handwerkskunst und Leichtigkeit. Dank der R\u00fcckenfalte, die das Licht einf\u00e4ngt, und einer schmeichelnden Silhouette widerspiegelt dieses \u00e4rmellose Leinentop f\u00fcr Damen entspannten Luxus. Das atmungsaktive, irische Leinen f\u00fchlt sich federleicht auf der Haut an und ist f\u00fcr Tage konzipiert, die in lauwarme, sternenklare N\u00e4chte \u00fcbergehen.\" \/>\n<meta property=\"og:url\" content=\"https:\/\/www.aranswitzerland.ch\/fr\/product\/aermelloses-top-aus-irischem-leinen-mit-rueckenfalte-sandfarben\/\" \/>\n<meta property=\"og:site_name\" content=\"Aran Switzerland\" \/>\n<meta property=\"article:modified_time\" content=\"2025-12-30T18:13:11+00:00\" \/>\n<meta property=\"og:image\" content=\"https:\/\/www.aranswitzerland.ch\/wp-content\/uploads\/2025\/05\/WTPLNSDST_6_2048x.webp\" \/>\n\t<meta property=\"og:image:width\" content=\"1189\" \/>\n\t<meta property=\"og:image:height\" content=\"1576\" \/>\n\t<meta property=\"og:image:type\" content=\"image\/webp\" \/>\n<meta name=\"twitter:card\" content=\"summary_large_image\" \/>\n<meta name=\"twitter:label1\" content=\"Disponibilit\u00e9\" \/>\n\t<meta name=\"twitter:data1\" content=\"En stock\" \/>\n<script type=\"application\/ld+json\" class=\"yoast-schema-graph\">{\"@context\":\"https:\/\/schema.org\",\"@graph\":[{\"@type\":\"WebPage\",\"@id\":\"https:\/\/www.aranswitzerland.ch\/product\/aermelloses-top-aus-irischem-leinen-mit-rueckenfalte-sandfarben\/\",\"url\":\"https:\/\/www.aranswitzerland.ch\/product\/aermelloses-top-aus-irischem-leinen-mit-rueckenfalte-sandfarben\/\",\"name\":\"\u00c4rmelloses Top aus irischem Leinen mit R\u00fcckenfalte \u2013 Sandfarben\",\"isPartOf\":{\"@id\":\"https:\/\/www.aranswitzerland.ch\/#website\"},\"primaryImageOfPage\":{\"@id\":\"https:\/\/www.aranswitzerland.ch\/product\/aermelloses-top-aus-irischem-leinen-mit-rueckenfalte-sandfarben\/#primaryimage\"},\"image\":{\"@id\":\"https:\/\/www.aranswitzerland.ch\/product\/aermelloses-top-aus-irischem-leinen-mit-rueckenfalte-sandfarben\/#primaryimage\"},\"thumbnailUrl\":\"https:\/\/www.aranswitzerland.ch\/wp-content\/uploads\/2025\/05\/WTPLNSDST_6_2048x.webp\",\"datePublished\":\"2025-05-19T13:30:29+00:00\",\"dateModified\":\"2025-12-30T18:13:11+00:00\",\"breadcrumb\":{\"@id\":\"https:\/\/www.aranswitzerland.ch\/product\/aermelloses-top-aus-irischem-leinen-mit-rueckenfalte-sandfarben\/#breadcrumb\"},\"inLanguage\":\"fr-FR\",\"potentialAction\":[{\"@type\":\"ReadAction\",\"target\":[\"https:\/\/www.aranswitzerland.ch\/product\/aermelloses-top-aus-irischem-leinen-mit-rueckenfalte-sandfarben\/\"]}]},{\"@type\":\"ImageObject\",\"inLanguage\":\"fr-FR\",\"@id\":\"https:\/\/www.aranswitzerland.ch\/product\/aermelloses-top-aus-irischem-leinen-mit-rueckenfalte-sandfarben\/#primaryimage\",\"url\":\"https:\/\/www.aranswitzerland.ch\/wp-content\/uploads\/2025\/05\/WTPLNSDST_6_2048x.webp\",\"contentUrl\":\"https:\/\/www.aranswitzerland.ch\/wp-content\/uploads\/2025\/05\/WTPLNSDST_6_2048x.webp\",\"width\":1189,\"height\":1576},{\"@type\":\"BreadcrumbList\",\"@id\":\"https:\/\/www.aranswitzerland.ch\/product\/aermelloses-top-aus-irischem-leinen-mit-rueckenfalte-sandfarben\/#breadcrumb\",\"itemListElement\":[{\"@type\":\"ListItem\",\"position\":1,\"name\":\"Shop\",\"item\":\"https:\/\/www.aranswitzerland.ch\/en\/shop\/\"},{\"@type\":\"ListItem\",\"position\":2,\"name\":\"Damen\",\"item\":\"https:\/\/www.aranswitzerland.ch\/product-category\/damen\/\"},{\"@type\":\"ListItem\",\"position\":3,\"name\":\"\u00c4rmelloses Top aus irischem Leinen mit R\u00fcckenfalte \u2013 Sandfarben\"}]},{\"@type\":\"WebSite\",\"@id\":\"https:\/\/www.aranswitzerland.ch\/#website\",\"url\":\"https:\/\/www.aranswitzerland.ch\/\",\"name\":\"Aran Switzerland\",\"description\":\"Kleidung, Taschen und Accessoires\",\"publisher\":{\"@id\":\"https:\/\/www.aranswitzerland.ch\/#organization\"},\"potentialAction\":[{\"@type\":\"SearchAction\",\"target\":{\"@type\":\"EntryPoint\",\"urlTemplate\":\"https:\/\/www.aranswitzerland.ch\/?s={search_term_string}\"},\"query-input\":{\"@type\":\"PropertyValueSpecification\",\"valueRequired\":true,\"valueName\":\"search_term_string\"}}],\"inLanguage\":\"fr-FR\"},{\"@type\":\"Organization\",\"@id\":\"https:\/\/www.aranswitzerland.ch\/#organization\",\"name\":\"Aran Switzerland\",\"url\":\"https:\/\/www.aranswitzerland.ch\/\",\"logo\":{\"@type\":\"ImageObject\",\"inLanguage\":\"fr-FR\",\"@id\":\"https:\/\/www.aranswitzerland.ch\/#\/schema\/logo\/image\/\",\"url\":\"https:\/\/www.aranswitzerland.ch\/wp-content\/uploads\/2024\/10\/Logo.jpg\",\"contentUrl\":\"https:\/\/www.aranswitzerland.ch\/wp-content\/uploads\/2024\/10\/Logo.jpg\",\"width\":600,\"height\":600,\"caption\":\"Aran Switzerland\"},\"image\":{\"@id\":\"https:\/\/www.aranswitzerland.ch\/#\/schema\/logo\/image\/\"},\"hasMerchantReturnPolicy\":{\"@type\":\"MerchantReturnPolicy\",\"merchantReturnLink\":\"https:\/\/www.aranswitzerland.ch\/fr\/rueckgabebedingungen\/\"}}]}<\/script>\n<meta property=\"product:brand\" content=\"Celtic Tweed\" \/>\n<meta property=\"og:availability\" content=\"instock\" \/>\n<meta property=\"product:availability\" content=\"instock\" \/>\n<meta property=\"product:retailer_item_id\" content=\"AR-066\" \/>\n<meta property=\"product:condition\" content=\"new\" \/>\n<!-- \/ Yoast SEO plugin. -->","yoast_head_json":{"title":"Haut sans manches en lin irlandais et pli creux au dos \u2013 Sable","robots":{"index":"index","follow":"follow","max-snippet":"max-snippet:-1","max-image-preview":"max-image-preview:large","max-video-preview":"max-video-preview:-1"},"canonical":"https:\/\/www.aranswitzerland.ch\/fr\/product\/aermelloses-top-aus-irischem-leinen-mit-rueckenfalte-sandfarben\/","og_locale":"fr_FR","og_type":"article","og_title":"\u00c4rmelloses Top aus irischem Leinen mit R\u00fcckenfalte \u2013 Sandfarben","og_description":"Luftig und dennoch strukturiert: eine Symphonie aus Handwerkskunst und Leichtigkeit. Dank der R\u00fcckenfalte, die das Licht einf\u00e4ngt, und einer schmeichelnden Silhouette widerspiegelt dieses \u00e4rmellose Leinentop f\u00fcr Damen entspannten Luxus. Das atmungsaktive, irische Leinen f\u00fchlt sich federleicht auf der Haut an und ist f\u00fcr Tage konzipiert, die in lauwarme, sternenklare N\u00e4chte \u00fcbergehen.","og_url":"https:\/\/www.aranswitzerland.ch\/fr\/product\/aermelloses-top-aus-irischem-leinen-mit-rueckenfalte-sandfarben\/","og_site_name":"Aran Switzerland","article_modified_time":"2025-12-30T18:13:11+00:00","og_image":[{"width":1189,"height":1576,"url":"https:\/\/www.aranswitzerland.ch\/wp-content\/uploads\/2025\/05\/WTPLNSDST_6_2048x.webp","type":"image\/webp"}],"twitter_card":"summary_large_image","twitter_misc":{"Disponibilit\u00e9":"En stock"},"schema":{"@context":"https:\/\/schema.org","@graph":[{"@type":"WebPage","@id":"https:\/\/www.aranswitzerland.ch\/product\/aermelloses-top-aus-irischem-leinen-mit-rueckenfalte-sandfarben\/","url":"https:\/\/www.aranswitzerland.ch\/product\/aermelloses-top-aus-irischem-leinen-mit-rueckenfalte-sandfarben\/","name":"Haut sans manches en lin irlandais et pli creux au dos \u2013 Sable","isPartOf":{"@id":"https:\/\/www.aranswitzerland.ch\/#website"},"primaryImageOfPage":{"@id":"https:\/\/www.aranswitzerland.ch\/product\/aermelloses-top-aus-irischem-leinen-mit-rueckenfalte-sandfarben\/#primaryimage"},"image":{"@id":"https:\/\/www.aranswitzerland.ch\/product\/aermelloses-top-aus-irischem-leinen-mit-rueckenfalte-sandfarben\/#primaryimage"},"thumbnailUrl":"https:\/\/www.aranswitzerland.ch\/wp-content\/uploads\/2025\/05\/WTPLNSDST_6_2048x.webp","datePublished":"2025-05-19T13:30:29+00:00","dateModified":"2025-12-30T18:13:11+00:00","breadcrumb":{"@id":"https:\/\/www.aranswitzerland.ch\/product\/aermelloses-top-aus-irischem-leinen-mit-rueckenfalte-sandfarben\/#breadcrumb"},"inLanguage":"fr-FR","potentialAction":[{"@type":"ReadAction","target":["https:\/\/www.aranswitzerland.ch\/product\/aermelloses-top-aus-irischem-leinen-mit-rueckenfalte-sandfarben\/"]}]},{"@type":"ImageObject","inLanguage":"fr-FR","@id":"https:\/\/www.aranswitzerland.ch\/product\/aermelloses-top-aus-irischem-leinen-mit-rueckenfalte-sandfarben\/#primaryimage","url":"https:\/\/www.aranswitzerland.ch\/wp-content\/uploads\/2025\/05\/WTPLNSDST_6_2048x.webp","contentUrl":"https:\/\/www.aranswitzerland.ch\/wp-content\/uploads\/2025\/05\/WTPLNSDST_6_2048x.webp","width":1189,"height":1576},{"@type":"BreadcrumbList","@id":"https:\/\/www.aranswitzerland.ch\/product\/aermelloses-top-aus-irischem-leinen-mit-rueckenfalte-sandfarben\/#breadcrumb","itemListElement":[{"@type":"ListItem","position":1,"name":"Shop","item":"https:\/\/www.aranswitzerland.ch\/en\/shop\/"},{"@type":"ListItem","position":2,"name":"Damen","item":"https:\/\/www.aranswitzerland.ch\/product-category\/damen\/"},{"@type":"ListItem","position":3,"name":"\u00c4rmelloses Top aus irischem Leinen mit R\u00fcckenfalte \u2013 Sandfarben"}]},{"@type":"WebSite","@id":"https:\/\/www.aranswitzerland.ch\/#website","url":"https:\/\/www.aranswitzerland.ch\/","name":"Aran Switzerland","description":"Kleidung, Taschen und Accessoires","publisher":{"@id":"https:\/\/www.aranswitzerland.ch\/#organization"},"potentialAction":[{"@type":"SearchAction","target":{"@type":"EntryPoint","urlTemplate":"https:\/\/www.aranswitzerland.ch\/?s={search_term_string}"},"query-input":{"@type":"PropertyValueSpecification","valueRequired":true,"valueName":"search_term_string"}}],"inLanguage":"fr-FR"},{"@type":"Organization","@id":"https:\/\/www.aranswitzerland.ch\/#organization","name":"Aran Switzerland","url":"https:\/\/www.aranswitzerland.ch\/","logo":{"@type":"ImageObject","inLanguage":"fr-FR","@id":"https:\/\/www.aranswitzerland.ch\/#\/schema\/logo\/image\/","url":"https:\/\/www.aranswitzerland.ch\/wp-content\/uploads\/2024\/10\/Logo.jpg","contentUrl":"https:\/\/www.aranswitzerland.ch\/wp-content\/uploads\/2024\/10\/Logo.jpg","width":600,"height":600,"caption":"Aran Switzerland"},"image":{"@id":"https:\/\/www.aranswitzerland.ch\/#\/schema\/logo\/image\/"},"hasMerchantReturnPolicy":{"@type":"MerchantReturnPolicy","merchantReturnLink":"https:\/\/www.aranswitzerland.ch\/fr\/rueckgabebedingungen\/"}}]},"product_brand":"Celtic Tweed","og_availability":"instock","product_availability":"instock","product_retailer_item_id":"AR-066","product_condition":"new"},"_links":{"self":[{"href":"https:\/\/www.aranswitzerland.ch\/fr\/wp-json\/wp\/v2\/product\/3763","targetHints":{"allow":["GET"]}}],"collection":[{"href":"https:\/\/www.aranswitzerland.ch\/fr\/wp-json\/wp\/v2\/product"}],"about":[{"href":"https:\/\/www.aranswitzerland.ch\/fr\/wp-json\/wp\/v2\/types\/product"}],"replies":[{"embeddable":true,"href":"https:\/\/www.aranswitzerland.ch\/fr\/wp-json\/wp\/v2\/comments?post=3763"}],"version-history":[{"count":4,"href":"https:\/\/www.aranswitzerland.ch\/fr\/wp-json\/wp\/v2\/product\/3763\/revisions"}],"predecessor-version":[{"id":5787,"href":"https:\/\/www.aranswitzerland.ch\/fr\/wp-json\/wp\/v2\/product\/3763\/revisions\/5787"}],"wp:featuredmedia":[{"embeddable":true,"href":"https:\/\/www.aranswitzerland.ch\/fr\/wp-json\/wp\/v2\/media\/3764"}],"wp:attachment":[{"href":"https:\/\/www.aranswitzerland.ch\/fr\/wp-json\/wp\/v2\/media?parent=3763"}],"wp:term":[{"taxonomy":"product_brand","embeddable":true,"href":"https:\/\/www.aranswitzerland.ch\/fr\/wp-json\/wp\/v2\/product_brand?post=3763"},{"taxonomy":"product_cat","embeddable":true,"href":"https:\/\/www.aranswitzerland.ch\/fr\/wp-json\/wp\/v2\/product_cat?post=3763"},{"taxonomy":"product_tag","embeddable":true,"href":"https:\/\/www.aranswitzerland.ch\/fr\/wp-json\/wp\/v2\/product_tag?post=3763"}],"curies":[{"name":"wp","href":"https:\/\/api.w.org\/{rel}","templated":true}]}}