{"id":3776,"date":"2025-05-19T16:15:14","date_gmt":"2025-05-19T14:15:14","guid":{"rendered":"https:\/\/www.aranswitzerland.ch\/?post_type=product&#038;p=3776"},"modified":"2025-12-30T20:13:11","modified_gmt":"2025-12-30T18:13:11","slug":"top-aus-irischem-leinen-mit-aermel-und-rueckenfalte-sandfarben","status":"publish","type":"product","link":"https:\/\/www.aranswitzerland.ch\/fr\/product\/top-aus-irischem-leinen-mit-aermel-und-rueckenfalte-sandfarben\/","title":{"rendered":"Haut en lin irlandais \u00e0 manches et plis creux au dos \u2013 Sable"},"content":{"rendered":"","protected":false},"excerpt":{"rendered":"<p>Une touche d'\u00e9l\u00e9gance : ce top en lin avec un pli creux dans le dos est une d\u00e9claration \u00e0 la beaut\u00e9 naturelle et ondoie l\u00e9g\u00e8rement \u00e0 chaque pas. Le lin irlandais l\u00e9ger tombe magnifiquement et pr\u00e9sente structure et souplesse - parfait pour les matin\u00e9es douillettes, les apr\u00e8s-midi ensoleill\u00e9s et les rendez-vous \u00e0 l\u2019heure dor\u00e9e.<\/p>","protected":false},"featured_media":3628,"comment_status":"open","ping_status":"closed","template":"","meta":{"_acf_changed":false},"product_brand":[174],"product_cat":[31,214],"product_tag":[235,242,222,249],"class_list":{"0":"post-3776","1":"product","2":"type-product","3":"status-publish","4":"has-post-thumbnail","6":"product_brand-celtic-tweed","7":"product_cat-damen","8":"product_cat-hosen-jacken","9":"product_tag-formell","10":"product_tag-hochzeit","11":"product_tag-leinen","12":"product_tag-top","14":"first","15":"instock","16":"sale","17":"featured","18":"taxable","19":"shipping-taxable","20":"purchasable","21":"product-type-variable"},"acf":[],"yoast_head":"<!-- This site is optimized with the Yoast SEO plugin v27.1.1 - https:\/\/yoast.com\/product\/yoast-seo-wordpress\/ -->\n<title>Top aus irischem Leinen mit \u00c4rmel und R\u00fcckenfalte \u2013 Sandfarben<\/title>\n<meta name=\"robots\" content=\"index, follow, max-snippet:-1, max-image-preview:large, max-video-preview:-1\" \/>\n<link rel=\"canonical\" href=\"https:\/\/www.aranswitzerland.ch\/fr\/product\/top-aus-irischem-leinen-mit-aermel-und-rueckenfalte-sandfarben\/\" \/>\n<meta property=\"og:locale\" content=\"fr_FR\" \/>\n<meta property=\"og:type\" content=\"article\" \/>\n<meta property=\"og:title\" content=\"Top aus irischem Leinen mit \u00c4rmel und R\u00fcckenfalte \u2013 Sandfarben\" \/>\n<meta property=\"og:description\" content=\"Ein Hauch von Eleganz: Dieses Leinentop mit R\u00fcckenfalte ist eine Liebeserkl\u00e4rung an nat\u00fcrliche Sch\u00f6nheit und schwebt m\u00fchelos bei jedem Schritt. Das leichte irische Leinen f\u00e4llt wundersch\u00f6n und weist sowohl Struktur als auch Geschmeidigkeit auf \u2013 perfekt f\u00fcr gem\u00fctliche Vormittage, sonnenverw\u00f6hnte Nachmittage und Treffen in goldenen Stunden.\" \/>\n<meta property=\"og:url\" content=\"https:\/\/www.aranswitzerland.ch\/fr\/product\/top-aus-irischem-leinen-mit-aermel-und-rueckenfalte-sandfarben\/\" \/>\n<meta property=\"og:site_name\" content=\"Aran Switzerland\" \/>\n<meta property=\"article:modified_time\" content=\"2025-12-30T18:13:11+00:00\" \/>\n<meta property=\"og:image\" content=\"https:\/\/www.aranswitzerland.ch\/wp-content\/uploads\/2025\/05\/Women_Linen_Long_Sleeve_Top_Desert_WTPLNL_Original1.jpg\" \/>\n\t<meta property=\"og:image:width\" content=\"1190\" \/>\n\t<meta property=\"og:image:height\" content=\"1576\" \/>\n\t<meta property=\"og:image:type\" content=\"image\/jpeg\" \/>\n<meta name=\"twitter:card\" content=\"summary_large_image\" \/>\n<meta name=\"twitter:label1\" content=\"Disponibilit\u00e9\" \/>\n\t<meta name=\"twitter:data1\" content=\"En stock\" \/>\n<script type=\"application\/ld+json\" class=\"yoast-schema-graph\">{\"@context\":\"https:\/\/schema.org\",\"@graph\":[{\"@type\":\"WebPage\",\"@id\":\"https:\/\/www.aranswitzerland.ch\/product\/top-aus-irischem-leinen-mit-aermel-und-rueckenfalte-sandfarben\/\",\"url\":\"https:\/\/www.aranswitzerland.ch\/product\/top-aus-irischem-leinen-mit-aermel-und-rueckenfalte-sandfarben\/\",\"name\":\"Top aus irischem Leinen mit \u00c4rmel und R\u00fcckenfalte \u2013 Sandfarben\",\"isPartOf\":{\"@id\":\"https:\/\/www.aranswitzerland.ch\/#website\"},\"primaryImageOfPage\":{\"@id\":\"https:\/\/www.aranswitzerland.ch\/product\/top-aus-irischem-leinen-mit-aermel-und-rueckenfalte-sandfarben\/#primaryimage\"},\"image\":{\"@id\":\"https:\/\/www.aranswitzerland.ch\/product\/top-aus-irischem-leinen-mit-aermel-und-rueckenfalte-sandfarben\/#primaryimage\"},\"thumbnailUrl\":\"https:\/\/www.aranswitzerland.ch\/wp-content\/uploads\/2025\/05\/Women_Linen_Long_Sleeve_Top_Desert_WTPLNL_Original1.jpg\",\"datePublished\":\"2025-05-19T14:15:14+00:00\",\"dateModified\":\"2025-12-30T18:13:11+00:00\",\"breadcrumb\":{\"@id\":\"https:\/\/www.aranswitzerland.ch\/product\/top-aus-irischem-leinen-mit-aermel-und-rueckenfalte-sandfarben\/#breadcrumb\"},\"inLanguage\":\"fr-FR\",\"potentialAction\":[{\"@type\":\"ReadAction\",\"target\":[\"https:\/\/www.aranswitzerland.ch\/product\/top-aus-irischem-leinen-mit-aermel-und-rueckenfalte-sandfarben\/\"]}]},{\"@type\":\"ImageObject\",\"inLanguage\":\"fr-FR\",\"@id\":\"https:\/\/www.aranswitzerland.ch\/product\/top-aus-irischem-leinen-mit-aermel-und-rueckenfalte-sandfarben\/#primaryimage\",\"url\":\"https:\/\/www.aranswitzerland.ch\/wp-content\/uploads\/2025\/05\/Women_Linen_Long_Sleeve_Top_Desert_WTPLNL_Original1.jpg\",\"contentUrl\":\"https:\/\/www.aranswitzerland.ch\/wp-content\/uploads\/2025\/05\/Women_Linen_Long_Sleeve_Top_Desert_WTPLNL_Original1.jpg\",\"width\":1190,\"height\":1576},{\"@type\":\"BreadcrumbList\",\"@id\":\"https:\/\/www.aranswitzerland.ch\/product\/top-aus-irischem-leinen-mit-aermel-und-rueckenfalte-sandfarben\/#breadcrumb\",\"itemListElement\":[{\"@type\":\"ListItem\",\"position\":1,\"name\":\"Shop\",\"item\":\"https:\/\/www.aranswitzerland.ch\/en\/shop\/\"},{\"@type\":\"ListItem\",\"position\":2,\"name\":\"Damen\",\"item\":\"https:\/\/www.aranswitzerland.ch\/product-category\/damen\/\"},{\"@type\":\"ListItem\",\"position\":3,\"name\":\"Top aus irischem Leinen mit \u00c4rmel und R\u00fcckenfalte \u2013 Sandfarben\"}]},{\"@type\":\"WebSite\",\"@id\":\"https:\/\/www.aranswitzerland.ch\/#website\",\"url\":\"https:\/\/www.aranswitzerland.ch\/\",\"name\":\"Aran Switzerland\",\"description\":\"Kleidung, Taschen und Accessoires\",\"publisher\":{\"@id\":\"https:\/\/www.aranswitzerland.ch\/#organization\"},\"potentialAction\":[{\"@type\":\"SearchAction\",\"target\":{\"@type\":\"EntryPoint\",\"urlTemplate\":\"https:\/\/www.aranswitzerland.ch\/?s={search_term_string}\"},\"query-input\":{\"@type\":\"PropertyValueSpecification\",\"valueRequired\":true,\"valueName\":\"search_term_string\"}}],\"inLanguage\":\"fr-FR\"},{\"@type\":\"Organization\",\"@id\":\"https:\/\/www.aranswitzerland.ch\/#organization\",\"name\":\"Aran Switzerland\",\"url\":\"https:\/\/www.aranswitzerland.ch\/\",\"logo\":{\"@type\":\"ImageObject\",\"inLanguage\":\"fr-FR\",\"@id\":\"https:\/\/www.aranswitzerland.ch\/#\/schema\/logo\/image\/\",\"url\":\"https:\/\/www.aranswitzerland.ch\/wp-content\/uploads\/2024\/10\/Logo.jpg\",\"contentUrl\":\"https:\/\/www.aranswitzerland.ch\/wp-content\/uploads\/2024\/10\/Logo.jpg\",\"width\":600,\"height\":600,\"caption\":\"Aran Switzerland\"},\"image\":{\"@id\":\"https:\/\/www.aranswitzerland.ch\/#\/schema\/logo\/image\/\"},\"hasMerchantReturnPolicy\":{\"@type\":\"MerchantReturnPolicy\",\"merchantReturnLink\":\"https:\/\/www.aranswitzerland.ch\/fr\/rueckgabebedingungen\/\"}}]}<\/script>\n<meta property=\"product:brand\" content=\"Celtic Tweed\" \/>\n<meta property=\"og:availability\" content=\"instock\" \/>\n<meta property=\"product:availability\" content=\"instock\" \/>\n<meta property=\"product:retailer_item_id\" content=\"AR-068\" \/>\n<meta property=\"product:condition\" content=\"new\" \/>\n<!-- \/ Yoast SEO plugin. -->","yoast_head_json":{"title":"Haut en lin irlandais \u00e0 manches et plis creux au dos \u2013 Sable","robots":{"index":"index","follow":"follow","max-snippet":"max-snippet:-1","max-image-preview":"max-image-preview:large","max-video-preview":"max-video-preview:-1"},"canonical":"https:\/\/www.aranswitzerland.ch\/fr\/product\/top-aus-irischem-leinen-mit-aermel-und-rueckenfalte-sandfarben\/","og_locale":"fr_FR","og_type":"article","og_title":"Top aus irischem Leinen mit \u00c4rmel und R\u00fcckenfalte \u2013 Sandfarben","og_description":"Ein Hauch von Eleganz: Dieses Leinentop mit R\u00fcckenfalte ist eine Liebeserkl\u00e4rung an nat\u00fcrliche Sch\u00f6nheit und schwebt m\u00fchelos bei jedem Schritt. Das leichte irische Leinen f\u00e4llt wundersch\u00f6n und weist sowohl Struktur als auch Geschmeidigkeit auf \u2013 perfekt f\u00fcr gem\u00fctliche Vormittage, sonnenverw\u00f6hnte Nachmittage und Treffen in goldenen Stunden.","og_url":"https:\/\/www.aranswitzerland.ch\/fr\/product\/top-aus-irischem-leinen-mit-aermel-und-rueckenfalte-sandfarben\/","og_site_name":"Aran Switzerland","article_modified_time":"2025-12-30T18:13:11+00:00","og_image":[{"width":1190,"height":1576,"url":"https:\/\/www.aranswitzerland.ch\/wp-content\/uploads\/2025\/05\/Women_Linen_Long_Sleeve_Top_Desert_WTPLNL_Original1.jpg","type":"image\/jpeg"}],"twitter_card":"summary_large_image","twitter_misc":{"Disponibilit\u00e9":"En stock"},"schema":{"@context":"https:\/\/schema.org","@graph":[{"@type":"WebPage","@id":"https:\/\/www.aranswitzerland.ch\/product\/top-aus-irischem-leinen-mit-aermel-und-rueckenfalte-sandfarben\/","url":"https:\/\/www.aranswitzerland.ch\/product\/top-aus-irischem-leinen-mit-aermel-und-rueckenfalte-sandfarben\/","name":"Haut en lin irlandais \u00e0 manches et plis creux au dos \u2013 Sable","isPartOf":{"@id":"https:\/\/www.aranswitzerland.ch\/#website"},"primaryImageOfPage":{"@id":"https:\/\/www.aranswitzerland.ch\/product\/top-aus-irischem-leinen-mit-aermel-und-rueckenfalte-sandfarben\/#primaryimage"},"image":{"@id":"https:\/\/www.aranswitzerland.ch\/product\/top-aus-irischem-leinen-mit-aermel-und-rueckenfalte-sandfarben\/#primaryimage"},"thumbnailUrl":"https:\/\/www.aranswitzerland.ch\/wp-content\/uploads\/2025\/05\/Women_Linen_Long_Sleeve_Top_Desert_WTPLNL_Original1.jpg","datePublished":"2025-05-19T14:15:14+00:00","dateModified":"2025-12-30T18:13:11+00:00","breadcrumb":{"@id":"https:\/\/www.aranswitzerland.ch\/product\/top-aus-irischem-leinen-mit-aermel-und-rueckenfalte-sandfarben\/#breadcrumb"},"inLanguage":"fr-FR","potentialAction":[{"@type":"ReadAction","target":["https:\/\/www.aranswitzerland.ch\/product\/top-aus-irischem-leinen-mit-aermel-und-rueckenfalte-sandfarben\/"]}]},{"@type":"ImageObject","inLanguage":"fr-FR","@id":"https:\/\/www.aranswitzerland.ch\/product\/top-aus-irischem-leinen-mit-aermel-und-rueckenfalte-sandfarben\/#primaryimage","url":"https:\/\/www.aranswitzerland.ch\/wp-content\/uploads\/2025\/05\/Women_Linen_Long_Sleeve_Top_Desert_WTPLNL_Original1.jpg","contentUrl":"https:\/\/www.aranswitzerland.ch\/wp-content\/uploads\/2025\/05\/Women_Linen_Long_Sleeve_Top_Desert_WTPLNL_Original1.jpg","width":1190,"height":1576},{"@type":"BreadcrumbList","@id":"https:\/\/www.aranswitzerland.ch\/product\/top-aus-irischem-leinen-mit-aermel-und-rueckenfalte-sandfarben\/#breadcrumb","itemListElement":[{"@type":"ListItem","position":1,"name":"Shop","item":"https:\/\/www.aranswitzerland.ch\/en\/shop\/"},{"@type":"ListItem","position":2,"name":"Damen","item":"https:\/\/www.aranswitzerland.ch\/product-category\/damen\/"},{"@type":"ListItem","position":3,"name":"Top aus irischem Leinen mit \u00c4rmel und R\u00fcckenfalte \u2013 Sandfarben"}]},{"@type":"WebSite","@id":"https:\/\/www.aranswitzerland.ch\/#website","url":"https:\/\/www.aranswitzerland.ch\/","name":"Aran Switzerland","description":"Kleidung, Taschen und Accessoires","publisher":{"@id":"https:\/\/www.aranswitzerland.ch\/#organization"},"potentialAction":[{"@type":"SearchAction","target":{"@type":"EntryPoint","urlTemplate":"https:\/\/www.aranswitzerland.ch\/?s={search_term_string}"},"query-input":{"@type":"PropertyValueSpecification","valueRequired":true,"valueName":"search_term_string"}}],"inLanguage":"fr-FR"},{"@type":"Organization","@id":"https:\/\/www.aranswitzerland.ch\/#organization","name":"Aran Switzerland","url":"https:\/\/www.aranswitzerland.ch\/","logo":{"@type":"ImageObject","inLanguage":"fr-FR","@id":"https:\/\/www.aranswitzerland.ch\/#\/schema\/logo\/image\/","url":"https:\/\/www.aranswitzerland.ch\/wp-content\/uploads\/2024\/10\/Logo.jpg","contentUrl":"https:\/\/www.aranswitzerland.ch\/wp-content\/uploads\/2024\/10\/Logo.jpg","width":600,"height":600,"caption":"Aran Switzerland"},"image":{"@id":"https:\/\/www.aranswitzerland.ch\/#\/schema\/logo\/image\/"},"hasMerchantReturnPolicy":{"@type":"MerchantReturnPolicy","merchantReturnLink":"https:\/\/www.aranswitzerland.ch\/fr\/rueckgabebedingungen\/"}}]},"product_brand":"Celtic Tweed","og_availability":"instock","product_availability":"instock","product_retailer_item_id":"AR-068","product_condition":"new"},"_links":{"self":[{"href":"https:\/\/www.aranswitzerland.ch\/fr\/wp-json\/wp\/v2\/product\/3776","targetHints":{"allow":["GET"]}}],"collection":[{"href":"https:\/\/www.aranswitzerland.ch\/fr\/wp-json\/wp\/v2\/product"}],"about":[{"href":"https:\/\/www.aranswitzerland.ch\/fr\/wp-json\/wp\/v2\/types\/product"}],"replies":[{"embeddable":true,"href":"https:\/\/www.aranswitzerland.ch\/fr\/wp-json\/wp\/v2\/comments?post=3776"}],"version-history":[{"count":4,"href":"https:\/\/www.aranswitzerland.ch\/fr\/wp-json\/wp\/v2\/product\/3776\/revisions"}],"predecessor-version":[{"id":5788,"href":"https:\/\/www.aranswitzerland.ch\/fr\/wp-json\/wp\/v2\/product\/3776\/revisions\/5788"}],"wp:featuredmedia":[{"embeddable":true,"href":"https:\/\/www.aranswitzerland.ch\/fr\/wp-json\/wp\/v2\/media\/3628"}],"wp:attachment":[{"href":"https:\/\/www.aranswitzerland.ch\/fr\/wp-json\/wp\/v2\/media?parent=3776"}],"wp:term":[{"taxonomy":"product_brand","embeddable":true,"href":"https:\/\/www.aranswitzerland.ch\/fr\/wp-json\/wp\/v2\/product_brand?post=3776"},{"taxonomy":"product_cat","embeddable":true,"href":"https:\/\/www.aranswitzerland.ch\/fr\/wp-json\/wp\/v2\/product_cat?post=3776"},{"taxonomy":"product_tag","embeddable":true,"href":"https:\/\/www.aranswitzerland.ch\/fr\/wp-json\/wp\/v2\/product_tag?post=3776"}],"curies":[{"name":"wp","href":"https:\/\/api.w.org\/{rel}","templated":true}]}}