{"id":3798,"date":"2025-05-19T16:34:33","date_gmt":"2025-05-19T14:34:33","guid":{"rendered":"https:\/\/www.aranswitzerland.ch\/?post_type=product&#038;p=3798"},"modified":"2025-12-30T20:13:11","modified_gmt":"2025-12-30T18:13:11","slug":"damenhosen-aus-irischem-leinen-sandfarben","status":"publish","type":"product","link":"https:\/\/www.aranswitzerland.ch\/fr\/product\/damenhosen-aus-irischem-leinen-sandfarben\/","title":{"rendered":"Pantalon dames en lin irlandais \u2013 Sable"},"content":{"rendered":"","protected":false},"excerpt":{"rendered":"<p>Taill\u00e9 sur mesure n\u00e9anmoins facile \u00e0 porter, ce pantalon en lin red\u00e9finit le confort avec un soup\u00e7on de luxe discret. La coupe d\u00e9contract\u00e9e permet de bouger avec gr\u00e2ce, tandis que la riche texture du lin irlandais offre une douceur a\u00e9rienne et agr\u00e9able \u00e0 la peau. Associ\u00e9 \u00e0 une chemise en lin impeccable ou \u00e0 un chemisier fluide, ce pantalon est la base intemporelle d'une garde-robe estivale raffin\u00e9e.<\/p>","protected":false},"featured_media":3646,"comment_status":"open","ping_status":"closed","template":"","meta":{"_acf_changed":false},"product_brand":[174],"product_cat":[31,214],"product_tag":[235,242,243,222],"class_list":{"0":"post-3798","1":"product","2":"type-product","3":"status-publish","4":"has-post-thumbnail","6":"product_brand-celtic-tweed","7":"product_cat-damen","8":"product_cat-hosen-jacken","9":"product_tag-formell","10":"product_tag-hochzeit","11":"product_tag-hose","12":"product_tag-leinen","14":"first","15":"instock","16":"sale","17":"featured","18":"taxable","19":"shipping-taxable","20":"purchasable","21":"product-type-variable"},"acf":[],"yoast_head":"<!-- This site is optimized with the Yoast SEO plugin v27.1.1 - https:\/\/yoast.com\/product\/yoast-seo-wordpress\/ -->\n<title>Damenhose aus irischem Leinen \u2013 Sandfarben<\/title>\n<meta name=\"robots\" content=\"index, follow, max-snippet:-1, max-image-preview:large, max-video-preview:-1\" \/>\n<link rel=\"canonical\" href=\"https:\/\/www.aranswitzerland.ch\/fr\/product\/damenhosen-aus-irischem-leinen-sandfarben\/\" \/>\n<meta property=\"og:locale\" content=\"fr_FR\" \/>\n<meta property=\"og:type\" content=\"article\" \/>\n<meta property=\"og:title\" content=\"Damenhose aus irischem Leinen \u2013 Sandfarben\" \/>\n<meta property=\"og:description\" content=\"Diese massgeschneiderte und dennoch locker-leichte Leinenhose definiert Komfort mit einem Hauch dezentem Luxus neu. Der legere Schnitt bewegt sich mit Eleganz und die satte Textur des irischen Leinens schmeichelt Ihrer Haut mit angenehmer Geschmeidigkeit. Kombinieren Sie diese zeitlose Hose mit einem schlichten Leinenshirt oder einer luftigen Bluse f\u00fcr eine geschmackvolle Sommergarderobe.\" \/>\n<meta property=\"og:url\" content=\"https:\/\/www.aranswitzerland.ch\/fr\/product\/damenhosen-aus-irischem-leinen-sandfarben\/\" \/>\n<meta property=\"og:site_name\" content=\"Aran Switzerland\" \/>\n<meta property=\"article:modified_time\" content=\"2025-12-30T18:13:11+00:00\" \/>\n<meta property=\"og:image\" content=\"https:\/\/www.aranswitzerland.ch\/wp-content\/uploads\/2025\/05\/Women_Linen_Elasticated_Trouser_Desert_WTRLN_Original3.jpg\" \/>\n\t<meta property=\"og:image:width\" content=\"1051\" \/>\n\t<meta property=\"og:image:height\" content=\"1576\" \/>\n\t<meta property=\"og:image:type\" content=\"image\/jpeg\" \/>\n<meta name=\"twitter:card\" content=\"summary_large_image\" \/>\n<meta name=\"twitter:label1\" content=\"Disponibilit\u00e9\" \/>\n\t<meta name=\"twitter:data1\" content=\"En stock\" \/>\n<script type=\"application\/ld+json\" class=\"yoast-schema-graph\">{\"@context\":\"https:\/\/schema.org\",\"@graph\":[{\"@type\":\"WebPage\",\"@id\":\"https:\/\/www.aranswitzerland.ch\/product\/damenhosen-aus-irischem-leinen-sandfarben\/\",\"url\":\"https:\/\/www.aranswitzerland.ch\/product\/damenhosen-aus-irischem-leinen-sandfarben\/\",\"name\":\"Damenhose aus irischem Leinen \u2013 Sandfarben\",\"isPartOf\":{\"@id\":\"https:\/\/www.aranswitzerland.ch\/#website\"},\"primaryImageOfPage\":{\"@id\":\"https:\/\/www.aranswitzerland.ch\/product\/damenhosen-aus-irischem-leinen-sandfarben\/#primaryimage\"},\"image\":{\"@id\":\"https:\/\/www.aranswitzerland.ch\/product\/damenhosen-aus-irischem-leinen-sandfarben\/#primaryimage\"},\"thumbnailUrl\":\"https:\/\/www.aranswitzerland.ch\/wp-content\/uploads\/2025\/05\/Women_Linen_Elasticated_Trouser_Desert_WTRLN_Original3.jpg\",\"datePublished\":\"2025-05-19T14:34:33+00:00\",\"dateModified\":\"2025-12-30T18:13:11+00:00\",\"breadcrumb\":{\"@id\":\"https:\/\/www.aranswitzerland.ch\/product\/damenhosen-aus-irischem-leinen-sandfarben\/#breadcrumb\"},\"inLanguage\":\"fr-FR\",\"potentialAction\":[{\"@type\":\"ReadAction\",\"target\":[\"https:\/\/www.aranswitzerland.ch\/product\/damenhosen-aus-irischem-leinen-sandfarben\/\"]}]},{\"@type\":\"ImageObject\",\"inLanguage\":\"fr-FR\",\"@id\":\"https:\/\/www.aranswitzerland.ch\/product\/damenhosen-aus-irischem-leinen-sandfarben\/#primaryimage\",\"url\":\"https:\/\/www.aranswitzerland.ch\/wp-content\/uploads\/2025\/05\/Women_Linen_Elasticated_Trouser_Desert_WTRLN_Original3.jpg\",\"contentUrl\":\"https:\/\/www.aranswitzerland.ch\/wp-content\/uploads\/2025\/05\/Women_Linen_Elasticated_Trouser_Desert_WTRLN_Original3.jpg\",\"width\":1051,\"height\":1576},{\"@type\":\"BreadcrumbList\",\"@id\":\"https:\/\/www.aranswitzerland.ch\/product\/damenhosen-aus-irischem-leinen-sandfarben\/#breadcrumb\",\"itemListElement\":[{\"@type\":\"ListItem\",\"position\":1,\"name\":\"Shop\",\"item\":\"https:\/\/www.aranswitzerland.ch\/en\/shop\/\"},{\"@type\":\"ListItem\",\"position\":2,\"name\":\"Damen\",\"item\":\"https:\/\/www.aranswitzerland.ch\/product-category\/damen\/\"},{\"@type\":\"ListItem\",\"position\":3,\"name\":\"Damenhose aus irischem Leinen \u2013 Sandfarben\"}]},{\"@type\":\"WebSite\",\"@id\":\"https:\/\/www.aranswitzerland.ch\/#website\",\"url\":\"https:\/\/www.aranswitzerland.ch\/\",\"name\":\"Aran Switzerland\",\"description\":\"Kleidung, Taschen und Accessoires\",\"publisher\":{\"@id\":\"https:\/\/www.aranswitzerland.ch\/#organization\"},\"potentialAction\":[{\"@type\":\"SearchAction\",\"target\":{\"@type\":\"EntryPoint\",\"urlTemplate\":\"https:\/\/www.aranswitzerland.ch\/?s={search_term_string}\"},\"query-input\":{\"@type\":\"PropertyValueSpecification\",\"valueRequired\":true,\"valueName\":\"search_term_string\"}}],\"inLanguage\":\"fr-FR\"},{\"@type\":\"Organization\",\"@id\":\"https:\/\/www.aranswitzerland.ch\/#organization\",\"name\":\"Aran Switzerland\",\"url\":\"https:\/\/www.aranswitzerland.ch\/\",\"logo\":{\"@type\":\"ImageObject\",\"inLanguage\":\"fr-FR\",\"@id\":\"https:\/\/www.aranswitzerland.ch\/#\/schema\/logo\/image\/\",\"url\":\"https:\/\/www.aranswitzerland.ch\/wp-content\/uploads\/2024\/10\/Logo.jpg\",\"contentUrl\":\"https:\/\/www.aranswitzerland.ch\/wp-content\/uploads\/2024\/10\/Logo.jpg\",\"width\":600,\"height\":600,\"caption\":\"Aran Switzerland\"},\"image\":{\"@id\":\"https:\/\/www.aranswitzerland.ch\/#\/schema\/logo\/image\/\"},\"hasMerchantReturnPolicy\":{\"@type\":\"MerchantReturnPolicy\",\"merchantReturnLink\":\"https:\/\/www.aranswitzerland.ch\/fr\/rueckgabebedingungen\/\"}}]}<\/script>\n<meta property=\"product:brand\" content=\"Celtic Tweed\" \/>\n<meta property=\"og:availability\" content=\"instock\" \/>\n<meta property=\"product:availability\" content=\"instock\" \/>\n<meta property=\"product:retailer_item_id\" content=\"AR-070\" \/>\n<meta property=\"product:condition\" content=\"new\" \/>\n<!-- \/ Yoast SEO plugin. -->","yoast_head_json":{"title":"Pantalon dames en lin irlandais \u2013 Sable","robots":{"index":"index","follow":"follow","max-snippet":"max-snippet:-1","max-image-preview":"max-image-preview:large","max-video-preview":"max-video-preview:-1"},"canonical":"https:\/\/www.aranswitzerland.ch\/fr\/product\/damenhosen-aus-irischem-leinen-sandfarben\/","og_locale":"fr_FR","og_type":"article","og_title":"Damenhose aus irischem Leinen \u2013 Sandfarben","og_description":"Diese massgeschneiderte und dennoch locker-leichte Leinenhose definiert Komfort mit einem Hauch dezentem Luxus neu. Der legere Schnitt bewegt sich mit Eleganz und die satte Textur des irischen Leinens schmeichelt Ihrer Haut mit angenehmer Geschmeidigkeit. Kombinieren Sie diese zeitlose Hose mit einem schlichten Leinenshirt oder einer luftigen Bluse f\u00fcr eine geschmackvolle Sommergarderobe.","og_url":"https:\/\/www.aranswitzerland.ch\/fr\/product\/damenhosen-aus-irischem-leinen-sandfarben\/","og_site_name":"Aran Switzerland","article_modified_time":"2025-12-30T18:13:11+00:00","og_image":[{"width":1051,"height":1576,"url":"https:\/\/www.aranswitzerland.ch\/wp-content\/uploads\/2025\/05\/Women_Linen_Elasticated_Trouser_Desert_WTRLN_Original3.jpg","type":"image\/jpeg"}],"twitter_card":"summary_large_image","twitter_misc":{"Disponibilit\u00e9":"En stock"},"schema":{"@context":"https:\/\/schema.org","@graph":[{"@type":"WebPage","@id":"https:\/\/www.aranswitzerland.ch\/product\/damenhosen-aus-irischem-leinen-sandfarben\/","url":"https:\/\/www.aranswitzerland.ch\/product\/damenhosen-aus-irischem-leinen-sandfarben\/","name":"Pantalon dames en lin irlandais \u2013 Sable","isPartOf":{"@id":"https:\/\/www.aranswitzerland.ch\/#website"},"primaryImageOfPage":{"@id":"https:\/\/www.aranswitzerland.ch\/product\/damenhosen-aus-irischem-leinen-sandfarben\/#primaryimage"},"image":{"@id":"https:\/\/www.aranswitzerland.ch\/product\/damenhosen-aus-irischem-leinen-sandfarben\/#primaryimage"},"thumbnailUrl":"https:\/\/www.aranswitzerland.ch\/wp-content\/uploads\/2025\/05\/Women_Linen_Elasticated_Trouser_Desert_WTRLN_Original3.jpg","datePublished":"2025-05-19T14:34:33+00:00","dateModified":"2025-12-30T18:13:11+00:00","breadcrumb":{"@id":"https:\/\/www.aranswitzerland.ch\/product\/damenhosen-aus-irischem-leinen-sandfarben\/#breadcrumb"},"inLanguage":"fr-FR","potentialAction":[{"@type":"ReadAction","target":["https:\/\/www.aranswitzerland.ch\/product\/damenhosen-aus-irischem-leinen-sandfarben\/"]}]},{"@type":"ImageObject","inLanguage":"fr-FR","@id":"https:\/\/www.aranswitzerland.ch\/product\/damenhosen-aus-irischem-leinen-sandfarben\/#primaryimage","url":"https:\/\/www.aranswitzerland.ch\/wp-content\/uploads\/2025\/05\/Women_Linen_Elasticated_Trouser_Desert_WTRLN_Original3.jpg","contentUrl":"https:\/\/www.aranswitzerland.ch\/wp-content\/uploads\/2025\/05\/Women_Linen_Elasticated_Trouser_Desert_WTRLN_Original3.jpg","width":1051,"height":1576},{"@type":"BreadcrumbList","@id":"https:\/\/www.aranswitzerland.ch\/product\/damenhosen-aus-irischem-leinen-sandfarben\/#breadcrumb","itemListElement":[{"@type":"ListItem","position":1,"name":"Shop","item":"https:\/\/www.aranswitzerland.ch\/en\/shop\/"},{"@type":"ListItem","position":2,"name":"Damen","item":"https:\/\/www.aranswitzerland.ch\/product-category\/damen\/"},{"@type":"ListItem","position":3,"name":"Damenhose aus irischem Leinen \u2013 Sandfarben"}]},{"@type":"WebSite","@id":"https:\/\/www.aranswitzerland.ch\/#website","url":"https:\/\/www.aranswitzerland.ch\/","name":"Aran Switzerland","description":"Kleidung, Taschen und Accessoires","publisher":{"@id":"https:\/\/www.aranswitzerland.ch\/#organization"},"potentialAction":[{"@type":"SearchAction","target":{"@type":"EntryPoint","urlTemplate":"https:\/\/www.aranswitzerland.ch\/?s={search_term_string}"},"query-input":{"@type":"PropertyValueSpecification","valueRequired":true,"valueName":"search_term_string"}}],"inLanguage":"fr-FR"},{"@type":"Organization","@id":"https:\/\/www.aranswitzerland.ch\/#organization","name":"Aran Switzerland","url":"https:\/\/www.aranswitzerland.ch\/","logo":{"@type":"ImageObject","inLanguage":"fr-FR","@id":"https:\/\/www.aranswitzerland.ch\/#\/schema\/logo\/image\/","url":"https:\/\/www.aranswitzerland.ch\/wp-content\/uploads\/2024\/10\/Logo.jpg","contentUrl":"https:\/\/www.aranswitzerland.ch\/wp-content\/uploads\/2024\/10\/Logo.jpg","width":600,"height":600,"caption":"Aran Switzerland"},"image":{"@id":"https:\/\/www.aranswitzerland.ch\/#\/schema\/logo\/image\/"},"hasMerchantReturnPolicy":{"@type":"MerchantReturnPolicy","merchantReturnLink":"https:\/\/www.aranswitzerland.ch\/fr\/rueckgabebedingungen\/"}}]},"product_brand":"Celtic Tweed","og_availability":"instock","product_availability":"instock","product_retailer_item_id":"AR-070","product_condition":"new"},"_links":{"self":[{"href":"https:\/\/www.aranswitzerland.ch\/fr\/wp-json\/wp\/v2\/product\/3798","targetHints":{"allow":["GET"]}}],"collection":[{"href":"https:\/\/www.aranswitzerland.ch\/fr\/wp-json\/wp\/v2\/product"}],"about":[{"href":"https:\/\/www.aranswitzerland.ch\/fr\/wp-json\/wp\/v2\/types\/product"}],"replies":[{"embeddable":true,"href":"https:\/\/www.aranswitzerland.ch\/fr\/wp-json\/wp\/v2\/comments?post=3798"}],"version-history":[{"count":5,"href":"https:\/\/www.aranswitzerland.ch\/fr\/wp-json\/wp\/v2\/product\/3798\/revisions"}],"predecessor-version":[{"id":5782,"href":"https:\/\/www.aranswitzerland.ch\/fr\/wp-json\/wp\/v2\/product\/3798\/revisions\/5782"}],"wp:featuredmedia":[{"embeddable":true,"href":"https:\/\/www.aranswitzerland.ch\/fr\/wp-json\/wp\/v2\/media\/3646"}],"wp:attachment":[{"href":"https:\/\/www.aranswitzerland.ch\/fr\/wp-json\/wp\/v2\/media?parent=3798"}],"wp:term":[{"taxonomy":"product_brand","embeddable":true,"href":"https:\/\/www.aranswitzerland.ch\/fr\/wp-json\/wp\/v2\/product_brand?post=3798"},{"taxonomy":"product_cat","embeddable":true,"href":"https:\/\/www.aranswitzerland.ch\/fr\/wp-json\/wp\/v2\/product_cat?post=3798"},{"taxonomy":"product_tag","embeddable":true,"href":"https:\/\/www.aranswitzerland.ch\/fr\/wp-json\/wp\/v2\/product_tag?post=3798"}],"curies":[{"name":"wp","href":"https:\/\/api.w.org\/{rel}","templated":true}]}}