{"id":4157,"date":"2025-08-22T20:12:41","date_gmt":"2025-08-22T18:12:41","guid":{"rendered":"https:\/\/www.aranswitzerland.ch\/?post_type=product&#038;p=4157"},"modified":"2026-03-19T12:44:30","modified_gmt":"2026-03-19T10:44:30","slug":"knopfstrickjacke-aus-baumwolle-und-leinen","status":"publish","type":"product","link":"https:\/\/www.aranswitzerland.ch\/fr\/product\/knopfstrickjacke-aus-baumwolle-und-leinen\/","title":{"rendered":"Cardigan en coton et lin \u00e0 boutons"},"content":{"rendered":"","protected":false},"excerpt":{"rendered":"<p>Ce cardigan simple mais chic en coton et lin, qui arrive aux hanches, offre un style d\u00e9contract\u00e9 gr\u00e2ce \u00e0 son design sans col et \u00e0 sa fermeture \u00e0 boutons en nacre naturelle qui s'harmonise avec le fil.<\/p>","protected":false},"featured_media":4161,"comment_status":"open","ping_status":"closed","template":"","meta":{"_acf_changed":false},"product_brand":[173],"product_cat":[31,191],"product_tag":[223,184,222,182,183],"class_list":{"0":"post-4157","1":"product","2":"type-product","3":"status-publish","4":"has-post-thumbnail","6":"product_brand-aran-woolen-mills","7":"product_cat-damen","8":"product_cat-pullover","9":"product_tag-baumwolle","10":"product_tag-casual","11":"product_tag-leinen","12":"product_tag-pullover","13":"product_tag-wolle","15":"first","16":"instock","17":"taxable","18":"shipping-taxable","19":"purchasable","20":"product-type-variable","21":"has-default-attributes"},"acf":[],"yoast_head":"<!-- This site is optimized with the Yoast SEO plugin v27.1.1 - https:\/\/yoast.com\/product\/yoast-seo-wordpress\/ -->\n<title>Knopfstrickjacke aus Baumwolle und Leinen<\/title>\n<meta name=\"robots\" content=\"index, follow, max-snippet:-1, max-image-preview:large, max-video-preview:-1\" \/>\n<link rel=\"canonical\" href=\"https:\/\/www.aranswitzerland.ch\/fr\/product\/knopfstrickjacke-aus-baumwolle-und-leinen\/\" \/>\n<meta property=\"og:locale\" content=\"fr_FR\" \/>\n<meta property=\"og:type\" content=\"article\" \/>\n<meta property=\"og:title\" content=\"Knopfstrickjacke aus Baumwolle und Leinen\" \/>\n<meta property=\"og:description\" content=\"Diese schlichte, schicke Strickjacke reicht bis zur H\u00fcfte und \u00fcberzeugt dank ihrem kragenlosen Design und den nat\u00fcrlichen Muschelkn\u00f6pfen, die mit dem Garn harmonieren, mit stilvoller Lockerheit.\" \/>\n<meta property=\"og:url\" content=\"https:\/\/www.aranswitzerland.ch\/fr\/product\/knopfstrickjacke-aus-baumwolle-und-leinen\/\" \/>\n<meta property=\"og:site_name\" content=\"Aran Switzerland\" \/>\n<meta property=\"article:modified_time\" content=\"2026-03-19T10:44:30+00:00\" \/>\n<meta property=\"og:image\" content=\"https:\/\/www.aranswitzerland.ch\/wp-content\/uploads\/2025\/08\/Cotton_Linen_Cardigan_with_Links_Women_Original1.webp\" \/>\n\t<meta property=\"og:image:width\" content=\"1053\" \/>\n\t<meta property=\"og:image:height\" content=\"1580\" \/>\n\t<meta property=\"og:image:type\" content=\"image\/webp\" \/>\n<meta name=\"twitter:card\" content=\"summary_large_image\" \/>\n<meta name=\"twitter:label1\" content=\"Disponibilit\u00e9\" \/>\n\t<meta name=\"twitter:data1\" content=\"En stock\" \/>\n<script type=\"application\/ld+json\" class=\"yoast-schema-graph\">{\"@context\":\"https:\/\/schema.org\",\"@graph\":[{\"@type\":\"WebPage\",\"@id\":\"https:\/\/www.aranswitzerland.ch\/product\/knopfstrickjacke-aus-baumwolle-und-leinen\/\",\"url\":\"https:\/\/www.aranswitzerland.ch\/product\/knopfstrickjacke-aus-baumwolle-und-leinen\/\",\"name\":\"Knopfstrickjacke aus Baumwolle und Leinen\",\"isPartOf\":{\"@id\":\"https:\/\/www.aranswitzerland.ch\/#website\"},\"primaryImageOfPage\":{\"@id\":\"https:\/\/www.aranswitzerland.ch\/product\/knopfstrickjacke-aus-baumwolle-und-leinen\/#primaryimage\"},\"image\":{\"@id\":\"https:\/\/www.aranswitzerland.ch\/product\/knopfstrickjacke-aus-baumwolle-und-leinen\/#primaryimage\"},\"thumbnailUrl\":\"https:\/\/www.aranswitzerland.ch\/wp-content\/uploads\/2025\/08\/Cotton_Linen_Cardigan_with_Links_Women_Original1.webp\",\"datePublished\":\"2025-08-22T18:12:41+00:00\",\"dateModified\":\"2026-03-19T10:44:30+00:00\",\"breadcrumb\":{\"@id\":\"https:\/\/www.aranswitzerland.ch\/product\/knopfstrickjacke-aus-baumwolle-und-leinen\/#breadcrumb\"},\"inLanguage\":\"fr-FR\",\"potentialAction\":[{\"@type\":\"ReadAction\",\"target\":[\"https:\/\/www.aranswitzerland.ch\/product\/knopfstrickjacke-aus-baumwolle-und-leinen\/\"]}]},{\"@type\":\"ImageObject\",\"inLanguage\":\"fr-FR\",\"@id\":\"https:\/\/www.aranswitzerland.ch\/product\/knopfstrickjacke-aus-baumwolle-und-leinen\/#primaryimage\",\"url\":\"https:\/\/www.aranswitzerland.ch\/wp-content\/uploads\/2025\/08\/Cotton_Linen_Cardigan_with_Links_Women_Original1.webp\",\"contentUrl\":\"https:\/\/www.aranswitzerland.ch\/wp-content\/uploads\/2025\/08\/Cotton_Linen_Cardigan_with_Links_Women_Original1.webp\",\"width\":1053,\"height\":1580},{\"@type\":\"BreadcrumbList\",\"@id\":\"https:\/\/www.aranswitzerland.ch\/product\/knopfstrickjacke-aus-baumwolle-und-leinen\/#breadcrumb\",\"itemListElement\":[{\"@type\":\"ListItem\",\"position\":1,\"name\":\"Shop\",\"item\":\"https:\/\/www.aranswitzerland.ch\/en\/shop\/\"},{\"@type\":\"ListItem\",\"position\":2,\"name\":\"Damen\",\"item\":\"https:\/\/www.aranswitzerland.ch\/product-category\/damen\/\"},{\"@type\":\"ListItem\",\"position\":3,\"name\":\"Knopfstrickjacke aus Baumwolle und Leinen\"}]},{\"@type\":\"WebSite\",\"@id\":\"https:\/\/www.aranswitzerland.ch\/#website\",\"url\":\"https:\/\/www.aranswitzerland.ch\/\",\"name\":\"Aran Switzerland\",\"description\":\"Kleidung, Taschen und Accessoires\",\"publisher\":{\"@id\":\"https:\/\/www.aranswitzerland.ch\/#organization\"},\"potentialAction\":[{\"@type\":\"SearchAction\",\"target\":{\"@type\":\"EntryPoint\",\"urlTemplate\":\"https:\/\/www.aranswitzerland.ch\/?s={search_term_string}\"},\"query-input\":{\"@type\":\"PropertyValueSpecification\",\"valueRequired\":true,\"valueName\":\"search_term_string\"}}],\"inLanguage\":\"fr-FR\"},{\"@type\":\"Organization\",\"@id\":\"https:\/\/www.aranswitzerland.ch\/#organization\",\"name\":\"Aran Switzerland\",\"url\":\"https:\/\/www.aranswitzerland.ch\/\",\"logo\":{\"@type\":\"ImageObject\",\"inLanguage\":\"fr-FR\",\"@id\":\"https:\/\/www.aranswitzerland.ch\/#\/schema\/logo\/image\/\",\"url\":\"https:\/\/www.aranswitzerland.ch\/wp-content\/uploads\/2024\/10\/Logo.jpg\",\"contentUrl\":\"https:\/\/www.aranswitzerland.ch\/wp-content\/uploads\/2024\/10\/Logo.jpg\",\"width\":600,\"height\":600,\"caption\":\"Aran Switzerland\"},\"image\":{\"@id\":\"https:\/\/www.aranswitzerland.ch\/#\/schema\/logo\/image\/\"},\"hasMerchantReturnPolicy\":{\"@type\":\"MerchantReturnPolicy\",\"merchantReturnLink\":\"https:\/\/www.aranswitzerland.ch\/fr\/rueckgabebedingungen\/\"}}]}<\/script>\n<meta property=\"product:brand\" content=\"Aran Woolen Mills\" \/>\n<meta property=\"og:availability\" content=\"instock\" \/>\n<meta property=\"product:availability\" content=\"instock\" \/>\n<meta property=\"product:retailer_item_id\" content=\"AR-087\" \/>\n<meta property=\"product:condition\" content=\"new\" \/>\n<!-- \/ Yoast SEO plugin. -->","yoast_head_json":{"title":"Cardigan en coton et lin \u00e0 boutons","robots":{"index":"index","follow":"follow","max-snippet":"max-snippet:-1","max-image-preview":"max-image-preview:large","max-video-preview":"max-video-preview:-1"},"canonical":"https:\/\/www.aranswitzerland.ch\/fr\/product\/knopfstrickjacke-aus-baumwolle-und-leinen\/","og_locale":"fr_FR","og_type":"article","og_title":"Knopfstrickjacke aus Baumwolle und Leinen","og_description":"Diese schlichte, schicke Strickjacke reicht bis zur H\u00fcfte und \u00fcberzeugt dank ihrem kragenlosen Design und den nat\u00fcrlichen Muschelkn\u00f6pfen, die mit dem Garn harmonieren, mit stilvoller Lockerheit.","og_url":"https:\/\/www.aranswitzerland.ch\/fr\/product\/knopfstrickjacke-aus-baumwolle-und-leinen\/","og_site_name":"Aran Switzerland","article_modified_time":"2026-03-19T10:44:30+00:00","og_image":[{"width":1053,"height":1580,"url":"https:\/\/www.aranswitzerland.ch\/wp-content\/uploads\/2025\/08\/Cotton_Linen_Cardigan_with_Links_Women_Original1.webp","type":"image\/webp"}],"twitter_card":"summary_large_image","twitter_misc":{"Disponibilit\u00e9":"En stock"},"schema":{"@context":"https:\/\/schema.org","@graph":[{"@type":"WebPage","@id":"https:\/\/www.aranswitzerland.ch\/product\/knopfstrickjacke-aus-baumwolle-und-leinen\/","url":"https:\/\/www.aranswitzerland.ch\/product\/knopfstrickjacke-aus-baumwolle-und-leinen\/","name":"Cardigan en coton et lin \u00e0 boutons","isPartOf":{"@id":"https:\/\/www.aranswitzerland.ch\/#website"},"primaryImageOfPage":{"@id":"https:\/\/www.aranswitzerland.ch\/product\/knopfstrickjacke-aus-baumwolle-und-leinen\/#primaryimage"},"image":{"@id":"https:\/\/www.aranswitzerland.ch\/product\/knopfstrickjacke-aus-baumwolle-und-leinen\/#primaryimage"},"thumbnailUrl":"https:\/\/www.aranswitzerland.ch\/wp-content\/uploads\/2025\/08\/Cotton_Linen_Cardigan_with_Links_Women_Original1.webp","datePublished":"2025-08-22T18:12:41+00:00","dateModified":"2026-03-19T10:44:30+00:00","breadcrumb":{"@id":"https:\/\/www.aranswitzerland.ch\/product\/knopfstrickjacke-aus-baumwolle-und-leinen\/#breadcrumb"},"inLanguage":"fr-FR","potentialAction":[{"@type":"ReadAction","target":["https:\/\/www.aranswitzerland.ch\/product\/knopfstrickjacke-aus-baumwolle-und-leinen\/"]}]},{"@type":"ImageObject","inLanguage":"fr-FR","@id":"https:\/\/www.aranswitzerland.ch\/product\/knopfstrickjacke-aus-baumwolle-und-leinen\/#primaryimage","url":"https:\/\/www.aranswitzerland.ch\/wp-content\/uploads\/2025\/08\/Cotton_Linen_Cardigan_with_Links_Women_Original1.webp","contentUrl":"https:\/\/www.aranswitzerland.ch\/wp-content\/uploads\/2025\/08\/Cotton_Linen_Cardigan_with_Links_Women_Original1.webp","width":1053,"height":1580},{"@type":"BreadcrumbList","@id":"https:\/\/www.aranswitzerland.ch\/product\/knopfstrickjacke-aus-baumwolle-und-leinen\/#breadcrumb","itemListElement":[{"@type":"ListItem","position":1,"name":"Shop","item":"https:\/\/www.aranswitzerland.ch\/en\/shop\/"},{"@type":"ListItem","position":2,"name":"Damen","item":"https:\/\/www.aranswitzerland.ch\/product-category\/damen\/"},{"@type":"ListItem","position":3,"name":"Knopfstrickjacke aus Baumwolle und Leinen"}]},{"@type":"WebSite","@id":"https:\/\/www.aranswitzerland.ch\/#website","url":"https:\/\/www.aranswitzerland.ch\/","name":"Aran Switzerland","description":"Kleidung, Taschen und Accessoires","publisher":{"@id":"https:\/\/www.aranswitzerland.ch\/#organization"},"potentialAction":[{"@type":"SearchAction","target":{"@type":"EntryPoint","urlTemplate":"https:\/\/www.aranswitzerland.ch\/?s={search_term_string}"},"query-input":{"@type":"PropertyValueSpecification","valueRequired":true,"valueName":"search_term_string"}}],"inLanguage":"fr-FR"},{"@type":"Organization","@id":"https:\/\/www.aranswitzerland.ch\/#organization","name":"Aran Switzerland","url":"https:\/\/www.aranswitzerland.ch\/","logo":{"@type":"ImageObject","inLanguage":"fr-FR","@id":"https:\/\/www.aranswitzerland.ch\/#\/schema\/logo\/image\/","url":"https:\/\/www.aranswitzerland.ch\/wp-content\/uploads\/2024\/10\/Logo.jpg","contentUrl":"https:\/\/www.aranswitzerland.ch\/wp-content\/uploads\/2024\/10\/Logo.jpg","width":600,"height":600,"caption":"Aran Switzerland"},"image":{"@id":"https:\/\/www.aranswitzerland.ch\/#\/schema\/logo\/image\/"},"hasMerchantReturnPolicy":{"@type":"MerchantReturnPolicy","merchantReturnLink":"https:\/\/www.aranswitzerland.ch\/fr\/rueckgabebedingungen\/"}}]},"product_brand":"Aran Woolen Mills","og_availability":"instock","product_availability":"instock","product_retailer_item_id":"AR-087","product_condition":"new"},"_links":{"self":[{"href":"https:\/\/www.aranswitzerland.ch\/fr\/wp-json\/wp\/v2\/product\/4157","targetHints":{"allow":["GET"]}}],"collection":[{"href":"https:\/\/www.aranswitzerland.ch\/fr\/wp-json\/wp\/v2\/product"}],"about":[{"href":"https:\/\/www.aranswitzerland.ch\/fr\/wp-json\/wp\/v2\/types\/product"}],"replies":[{"embeddable":true,"href":"https:\/\/www.aranswitzerland.ch\/fr\/wp-json\/wp\/v2\/comments?post=4157"}],"version-history":[{"count":2,"href":"https:\/\/www.aranswitzerland.ch\/fr\/wp-json\/wp\/v2\/product\/4157\/revisions"}],"predecessor-version":[{"id":6287,"href":"https:\/\/www.aranswitzerland.ch\/fr\/wp-json\/wp\/v2\/product\/4157\/revisions\/6287"}],"wp:featuredmedia":[{"embeddable":true,"href":"https:\/\/www.aranswitzerland.ch\/fr\/wp-json\/wp\/v2\/media\/4161"}],"wp:attachment":[{"href":"https:\/\/www.aranswitzerland.ch\/fr\/wp-json\/wp\/v2\/media?parent=4157"}],"wp:term":[{"taxonomy":"product_brand","embeddable":true,"href":"https:\/\/www.aranswitzerland.ch\/fr\/wp-json\/wp\/v2\/product_brand?post=4157"},{"taxonomy":"product_cat","embeddable":true,"href":"https:\/\/www.aranswitzerland.ch\/fr\/wp-json\/wp\/v2\/product_cat?post=4157"},{"taxonomy":"product_tag","embeddable":true,"href":"https:\/\/www.aranswitzerland.ch\/fr\/wp-json\/wp\/v2\/product_tag?post=4157"}],"curies":[{"name":"wp","href":"https:\/\/api.w.org\/{rel}","templated":true}]}}