{"id":4283,"date":"2025-08-23T00:36:14","date_gmt":"2025-08-22T22:36:14","guid":{"rendered":"https:\/\/www.aranswitzerland.ch\/?post_type=product&#038;p=4283"},"modified":"2025-12-30T20:08:27","modified_gmt":"2025-12-30T18:08:27","slug":"schal-aus-kaschmir-und-weicher-wolle-tomatenrot","status":"publish","type":"product","link":"https:\/\/www.aranswitzerland.ch\/fr\/product\/schal-aus-kaschmir-und-weicher-wolle-tomatenrot\/","title":{"rendered":"Echarpe en cachemire et laine douce \u2013 rouge tomate"},"content":{"rendered":"","protected":false},"excerpt":{"rendered":"<p>\u00c9gayez votre look avec cette \u00e9charpe en laine fine et cachemire rouge tomate. Fabriqu\u00e9e dans le comt\u00e9 de Mayo (Irlande), l\u2019\u00e9charpe allie la douceur de la laine fine au luxe du cachemire et vous offre ainsi chaleur et style.<\/p>","protected":false},"featured_media":4285,"comment_status":"open","ping_status":"closed","template":"","meta":{"_acf_changed":false},"product_brand":[175],"product_cat":[33,31,30,213,32],"product_tag":[184,171,189,193,183],"class_list":{"0":"post-4283","1":"product","2":"type-product","3":"status-publish","4":"has-post-thumbnail","6":"product_brand-foxford","7":"product_cat-accessoires","8":"product_cat-damen","9":"product_cat-herren","10":"product_cat-schals","11":"product_cat-unisex","12":"product_tag-casual","13":"product_tag-kaschmir","14":"product_tag-lammwolle","15":"product_tag-schal","16":"product_tag-wolle","18":"first","19":"instock","20":"taxable","21":"shipping-taxable","22":"purchasable","23":"product-type-variable","24":"has-default-attributes"},"acf":[],"yoast_head":"<!-- This site is optimized with the Yoast SEO plugin v27.1.1 - https:\/\/yoast.com\/product\/yoast-seo-wordpress\/ -->\n<title>Schal aus Kaschmir und weicher Wolle \u2013 Tomatenrot<\/title>\n<meta name=\"robots\" content=\"index, follow, max-snippet:-1, max-image-preview:large, max-video-preview:-1\" \/>\n<link rel=\"canonical\" href=\"https:\/\/www.aranswitzerland.ch\/fr\/product\/schal-aus-kaschmir-und-weicher-wolle-tomatenrot\/\" \/>\n<meta property=\"og:locale\" content=\"fr_FR\" \/>\n<meta property=\"og:type\" content=\"article\" \/>\n<meta property=\"og:title\" content=\"Schal aus Kaschmir und weicher Wolle \u2013 Tomatenrot\" \/>\n<meta property=\"og:description\" content=\"Frischen Sie mit diesem tomatenroten Schal aus Kaschmir und weicher Wolle Ihren Look auf. Der in der Grafschaft Mayo (Irland) hergestellte Schal verbindet die Feinheit weicher Wolle mit luxuri\u00f6sem Kaschmir und bietet so W\u00e4rme und Stil.\" \/>\n<meta property=\"og:url\" content=\"https:\/\/www.aranswitzerland.ch\/fr\/product\/schal-aus-kaschmir-und-weicher-wolle-tomatenrot\/\" \/>\n<meta property=\"og:site_name\" content=\"Aran Switzerland\" \/>\n<meta property=\"article:modified_time\" content=\"2025-12-30T18:08:27+00:00\" \/>\n<meta property=\"og:image\" content=\"https:\/\/www.aranswitzerland.ch\/wp-content\/uploads\/2025\/08\/Cashmere-Fine-Wool-Tomato-Red_1.webp\" \/>\n\t<meta property=\"og:image:width\" content=\"1054\" \/>\n\t<meta property=\"og:image:height\" content=\"1580\" \/>\n\t<meta property=\"og:image:type\" content=\"image\/webp\" \/>\n<meta name=\"twitter:card\" content=\"summary_large_image\" \/>\n<meta name=\"twitter:label1\" content=\"Disponibilit\u00e9\" \/>\n\t<meta name=\"twitter:data1\" content=\"En stock\" \/>\n<script type=\"application\/ld+json\" class=\"yoast-schema-graph\">{\"@context\":\"https:\/\/schema.org\",\"@graph\":[{\"@type\":\"WebPage\",\"@id\":\"https:\/\/www.aranswitzerland.ch\/product\/schal-aus-kaschmir-und-weicher-wolle-tomatenrot\/\",\"url\":\"https:\/\/www.aranswitzerland.ch\/product\/schal-aus-kaschmir-und-weicher-wolle-tomatenrot\/\",\"name\":\"Schal aus Kaschmir und weicher Wolle \u2013 Tomatenrot\",\"isPartOf\":{\"@id\":\"https:\/\/www.aranswitzerland.ch\/#website\"},\"primaryImageOfPage\":{\"@id\":\"https:\/\/www.aranswitzerland.ch\/product\/schal-aus-kaschmir-und-weicher-wolle-tomatenrot\/#primaryimage\"},\"image\":{\"@id\":\"https:\/\/www.aranswitzerland.ch\/product\/schal-aus-kaschmir-und-weicher-wolle-tomatenrot\/#primaryimage\"},\"thumbnailUrl\":\"https:\/\/www.aranswitzerland.ch\/wp-content\/uploads\/2025\/08\/Cashmere-Fine-Wool-Tomato-Red_1.webp\",\"datePublished\":\"2025-08-22T22:36:14+00:00\",\"dateModified\":\"2025-12-30T18:08:27+00:00\",\"breadcrumb\":{\"@id\":\"https:\/\/www.aranswitzerland.ch\/product\/schal-aus-kaschmir-und-weicher-wolle-tomatenrot\/#breadcrumb\"},\"inLanguage\":\"fr-FR\",\"potentialAction\":[{\"@type\":\"ReadAction\",\"target\":[\"https:\/\/www.aranswitzerland.ch\/product\/schal-aus-kaschmir-und-weicher-wolle-tomatenrot\/\"]}]},{\"@type\":\"ImageObject\",\"inLanguage\":\"fr-FR\",\"@id\":\"https:\/\/www.aranswitzerland.ch\/product\/schal-aus-kaschmir-und-weicher-wolle-tomatenrot\/#primaryimage\",\"url\":\"https:\/\/www.aranswitzerland.ch\/wp-content\/uploads\/2025\/08\/Cashmere-Fine-Wool-Tomato-Red_1.webp\",\"contentUrl\":\"https:\/\/www.aranswitzerland.ch\/wp-content\/uploads\/2025\/08\/Cashmere-Fine-Wool-Tomato-Red_1.webp\",\"width\":1054,\"height\":1580},{\"@type\":\"BreadcrumbList\",\"@id\":\"https:\/\/www.aranswitzerland.ch\/product\/schal-aus-kaschmir-und-weicher-wolle-tomatenrot\/#breadcrumb\",\"itemListElement\":[{\"@type\":\"ListItem\",\"position\":1,\"name\":\"Shop\",\"item\":\"https:\/\/www.aranswitzerland.ch\/en\/shop\/\"},{\"@type\":\"ListItem\",\"position\":2,\"name\":\"Accessoires\",\"item\":\"https:\/\/www.aranswitzerland.ch\/product-category\/accessoires\/\"},{\"@type\":\"ListItem\",\"position\":3,\"name\":\"Schal aus Kaschmir und weicher Wolle \u2013 Tomatenrot\"}]},{\"@type\":\"WebSite\",\"@id\":\"https:\/\/www.aranswitzerland.ch\/#website\",\"url\":\"https:\/\/www.aranswitzerland.ch\/\",\"name\":\"Aran Switzerland\",\"description\":\"Kleidung, Taschen und Accessoires\",\"publisher\":{\"@id\":\"https:\/\/www.aranswitzerland.ch\/#organization\"},\"potentialAction\":[{\"@type\":\"SearchAction\",\"target\":{\"@type\":\"EntryPoint\",\"urlTemplate\":\"https:\/\/www.aranswitzerland.ch\/?s={search_term_string}\"},\"query-input\":{\"@type\":\"PropertyValueSpecification\",\"valueRequired\":true,\"valueName\":\"search_term_string\"}}],\"inLanguage\":\"fr-FR\"},{\"@type\":\"Organization\",\"@id\":\"https:\/\/www.aranswitzerland.ch\/#organization\",\"name\":\"Aran Switzerland\",\"url\":\"https:\/\/www.aranswitzerland.ch\/\",\"logo\":{\"@type\":\"ImageObject\",\"inLanguage\":\"fr-FR\",\"@id\":\"https:\/\/www.aranswitzerland.ch\/#\/schema\/logo\/image\/\",\"url\":\"https:\/\/www.aranswitzerland.ch\/wp-content\/uploads\/2024\/10\/Logo.jpg\",\"contentUrl\":\"https:\/\/www.aranswitzerland.ch\/wp-content\/uploads\/2024\/10\/Logo.jpg\",\"width\":600,\"height\":600,\"caption\":\"Aran Switzerland\"},\"image\":{\"@id\":\"https:\/\/www.aranswitzerland.ch\/#\/schema\/logo\/image\/\"},\"hasMerchantReturnPolicy\":{\"@type\":\"MerchantReturnPolicy\",\"merchantReturnLink\":\"https:\/\/www.aranswitzerland.ch\/fr\/rueckgabebedingungen\/\"}}]}<\/script>\n<meta property=\"product:brand\" content=\"FOXFORD\" \/>\n<meta property=\"og:availability\" content=\"instock\" \/>\n<meta property=\"product:availability\" content=\"instock\" \/>\n<meta property=\"product:retailer_item_id\" content=\"AR-101\" \/>\n<meta property=\"product:condition\" content=\"new\" \/>\n<!-- \/ Yoast SEO plugin. -->","yoast_head_json":{"title":"Echarpe en cachemire et laine douce \u2013 rouge tomate","robots":{"index":"index","follow":"follow","max-snippet":"max-snippet:-1","max-image-preview":"max-image-preview:large","max-video-preview":"max-video-preview:-1"},"canonical":"https:\/\/www.aranswitzerland.ch\/fr\/product\/schal-aus-kaschmir-und-weicher-wolle-tomatenrot\/","og_locale":"fr_FR","og_type":"article","og_title":"Schal aus Kaschmir und weicher Wolle \u2013 Tomatenrot","og_description":"Frischen Sie mit diesem tomatenroten Schal aus Kaschmir und weicher Wolle Ihren Look auf. Der in der Grafschaft Mayo (Irland) hergestellte Schal verbindet die Feinheit weicher Wolle mit luxuri\u00f6sem Kaschmir und bietet so W\u00e4rme und Stil.","og_url":"https:\/\/www.aranswitzerland.ch\/fr\/product\/schal-aus-kaschmir-und-weicher-wolle-tomatenrot\/","og_site_name":"Aran Switzerland","article_modified_time":"2025-12-30T18:08:27+00:00","og_image":[{"width":1054,"height":1580,"url":"https:\/\/www.aranswitzerland.ch\/wp-content\/uploads\/2025\/08\/Cashmere-Fine-Wool-Tomato-Red_1.webp","type":"image\/webp"}],"twitter_card":"summary_large_image","twitter_misc":{"Disponibilit\u00e9":"En stock"},"schema":{"@context":"https:\/\/schema.org","@graph":[{"@type":"WebPage","@id":"https:\/\/www.aranswitzerland.ch\/product\/schal-aus-kaschmir-und-weicher-wolle-tomatenrot\/","url":"https:\/\/www.aranswitzerland.ch\/product\/schal-aus-kaschmir-und-weicher-wolle-tomatenrot\/","name":"Echarpe en cachemire et laine douce \u2013 rouge tomate","isPartOf":{"@id":"https:\/\/www.aranswitzerland.ch\/#website"},"primaryImageOfPage":{"@id":"https:\/\/www.aranswitzerland.ch\/product\/schal-aus-kaschmir-und-weicher-wolle-tomatenrot\/#primaryimage"},"image":{"@id":"https:\/\/www.aranswitzerland.ch\/product\/schal-aus-kaschmir-und-weicher-wolle-tomatenrot\/#primaryimage"},"thumbnailUrl":"https:\/\/www.aranswitzerland.ch\/wp-content\/uploads\/2025\/08\/Cashmere-Fine-Wool-Tomato-Red_1.webp","datePublished":"2025-08-22T22:36:14+00:00","dateModified":"2025-12-30T18:08:27+00:00","breadcrumb":{"@id":"https:\/\/www.aranswitzerland.ch\/product\/schal-aus-kaschmir-und-weicher-wolle-tomatenrot\/#breadcrumb"},"inLanguage":"fr-FR","potentialAction":[{"@type":"ReadAction","target":["https:\/\/www.aranswitzerland.ch\/product\/schal-aus-kaschmir-und-weicher-wolle-tomatenrot\/"]}]},{"@type":"ImageObject","inLanguage":"fr-FR","@id":"https:\/\/www.aranswitzerland.ch\/product\/schal-aus-kaschmir-und-weicher-wolle-tomatenrot\/#primaryimage","url":"https:\/\/www.aranswitzerland.ch\/wp-content\/uploads\/2025\/08\/Cashmere-Fine-Wool-Tomato-Red_1.webp","contentUrl":"https:\/\/www.aranswitzerland.ch\/wp-content\/uploads\/2025\/08\/Cashmere-Fine-Wool-Tomato-Red_1.webp","width":1054,"height":1580},{"@type":"BreadcrumbList","@id":"https:\/\/www.aranswitzerland.ch\/product\/schal-aus-kaschmir-und-weicher-wolle-tomatenrot\/#breadcrumb","itemListElement":[{"@type":"ListItem","position":1,"name":"Shop","item":"https:\/\/www.aranswitzerland.ch\/en\/shop\/"},{"@type":"ListItem","position":2,"name":"Accessoires","item":"https:\/\/www.aranswitzerland.ch\/product-category\/accessoires\/"},{"@type":"ListItem","position":3,"name":"Schal aus Kaschmir und weicher Wolle \u2013 Tomatenrot"}]},{"@type":"WebSite","@id":"https:\/\/www.aranswitzerland.ch\/#website","url":"https:\/\/www.aranswitzerland.ch\/","name":"Aran Switzerland","description":"Kleidung, Taschen und Accessoires","publisher":{"@id":"https:\/\/www.aranswitzerland.ch\/#organization"},"potentialAction":[{"@type":"SearchAction","target":{"@type":"EntryPoint","urlTemplate":"https:\/\/www.aranswitzerland.ch\/?s={search_term_string}"},"query-input":{"@type":"PropertyValueSpecification","valueRequired":true,"valueName":"search_term_string"}}],"inLanguage":"fr-FR"},{"@type":"Organization","@id":"https:\/\/www.aranswitzerland.ch\/#organization","name":"Aran Switzerland","url":"https:\/\/www.aranswitzerland.ch\/","logo":{"@type":"ImageObject","inLanguage":"fr-FR","@id":"https:\/\/www.aranswitzerland.ch\/#\/schema\/logo\/image\/","url":"https:\/\/www.aranswitzerland.ch\/wp-content\/uploads\/2024\/10\/Logo.jpg","contentUrl":"https:\/\/www.aranswitzerland.ch\/wp-content\/uploads\/2024\/10\/Logo.jpg","width":600,"height":600,"caption":"Aran Switzerland"},"image":{"@id":"https:\/\/www.aranswitzerland.ch\/#\/schema\/logo\/image\/"},"hasMerchantReturnPolicy":{"@type":"MerchantReturnPolicy","merchantReturnLink":"https:\/\/www.aranswitzerland.ch\/fr\/rueckgabebedingungen\/"}}]},"product_brand":"FOXFORD","og_availability":"instock","product_availability":"instock","product_retailer_item_id":"AR-101","product_condition":"new"},"_links":{"self":[{"href":"https:\/\/www.aranswitzerland.ch\/fr\/wp-json\/wp\/v2\/product\/4283","targetHints":{"allow":["GET"]}}],"collection":[{"href":"https:\/\/www.aranswitzerland.ch\/fr\/wp-json\/wp\/v2\/product"}],"about":[{"href":"https:\/\/www.aranswitzerland.ch\/fr\/wp-json\/wp\/v2\/types\/product"}],"replies":[{"embeddable":true,"href":"https:\/\/www.aranswitzerland.ch\/fr\/wp-json\/wp\/v2\/comments?post=4283"}],"version-history":[{"count":4,"href":"https:\/\/www.aranswitzerland.ch\/fr\/wp-json\/wp\/v2\/product\/4283\/revisions"}],"predecessor-version":[{"id":5813,"href":"https:\/\/www.aranswitzerland.ch\/fr\/wp-json\/wp\/v2\/product\/4283\/revisions\/5813"}],"wp:featuredmedia":[{"embeddable":true,"href":"https:\/\/www.aranswitzerland.ch\/fr\/wp-json\/wp\/v2\/media\/4285"}],"wp:attachment":[{"href":"https:\/\/www.aranswitzerland.ch\/fr\/wp-json\/wp\/v2\/media?parent=4283"}],"wp:term":[{"taxonomy":"product_brand","embeddable":true,"href":"https:\/\/www.aranswitzerland.ch\/fr\/wp-json\/wp\/v2\/product_brand?post=4283"},{"taxonomy":"product_cat","embeddable":true,"href":"https:\/\/www.aranswitzerland.ch\/fr\/wp-json\/wp\/v2\/product_cat?post=4283"},{"taxonomy":"product_tag","embeddable":true,"href":"https:\/\/www.aranswitzerland.ch\/fr\/wp-json\/wp\/v2\/product_tag?post=4283"}],"curies":[{"name":"wp","href":"https:\/\/api.w.org\/{rel}","templated":true}]}}