{"id":4294,"date":"2025-08-23T19:38:12","date_gmt":"2025-08-23T17:38:12","guid":{"rendered":"https:\/\/www.aranswitzerland.ch\/?post_type=product&#038;p=4294"},"modified":"2026-02-24T13:06:54","modified_gmt":"2026-02-24T11:06:54","slug":"schal-aus-superweicher-merinowolle-orange-und-rosa","status":"publish","type":"product","link":"https:\/\/www.aranswitzerland.ch\/fr\/product\/schal-aus-superweicher-merinowolle-orange-und-rosa\/","title":{"rendered":"Echarpe en laine m\u00e9rinos tr\u00e8s douce \u2013 orange et rose"},"content":{"rendered":"","protected":false},"excerpt":{"rendered":"<p>Cette \u00e9charpe en laine m\u00e9rinos propose une alternative plus l\u00e9g\u00e8re que la laine d\u2019agneau traditionnelle et gr\u00e2ce \u00e0 une composition extra-fine, elle peut se porter toute l\u2019ann\u00e9e.<\/p>","protected":false},"featured_media":4297,"comment_status":"open","ping_status":"closed","template":"","meta":{"_acf_changed":false},"product_brand":[175],"product_cat":[33,31,30,213,32],"product_tag":[184,193,212,183],"class_list":{"0":"post-4294","1":"product","2":"type-product","3":"status-publish","4":"has-post-thumbnail","6":"product_brand-foxford","7":"product_cat-accessoires","8":"product_cat-damen","9":"product_cat-herren","10":"product_cat-schals","11":"product_cat-unisex","12":"product_tag-casual","13":"product_tag-schal","14":"product_tag-superweiche-merinowolle","15":"product_tag-wolle","17":"first","18":"outofstock","19":"taxable","20":"shipping-taxable","21":"purchasable","22":"product-type-variable","23":"has-default-attributes"},"acf":[],"yoast_head":"<!-- This site is optimized with the Yoast SEO plugin v27.1.1 - https:\/\/yoast.com\/product\/yoast-seo-wordpress\/ -->\n<title>Schal aus superweicher Merinowolle \u2013 Orange und Rosa<\/title>\n<meta name=\"robots\" content=\"index, follow, max-snippet:-1, max-image-preview:large, max-video-preview:-1\" \/>\n<link rel=\"canonical\" href=\"https:\/\/www.aranswitzerland.ch\/fr\/product\/schal-aus-superweicher-merinowolle-orange-und-rosa\/\" \/>\n<meta property=\"og:locale\" content=\"fr_FR\" \/>\n<meta property=\"og:type\" content=\"article\" \/>\n<meta property=\"og:title\" content=\"Schal aus superweicher Merinowolle \u2013 Orange und Rosa\" \/>\n<meta property=\"og:description\" content=\"Dieser Schal aus Merinowolle stellt eine leichtere Alternative zu traditioneller Lammwolle dar und kann dank seiner superweichen Eigenschaft das ganze Jahr \u00fcber getragen werden.\" \/>\n<meta property=\"og:url\" content=\"https:\/\/www.aranswitzerland.ch\/fr\/product\/schal-aus-superweicher-merinowolle-orange-und-rosa\/\" \/>\n<meta property=\"og:site_name\" content=\"Aran Switzerland\" \/>\n<meta property=\"article:modified_time\" content=\"2026-02-24T11:06:54+00:00\" \/>\n<meta property=\"og:image\" content=\"https:\/\/www.aranswitzerland.ch\/wp-content\/uploads\/2025\/08\/Extra-Fine-Merino-Wool-Orange-and-Pink_2.webp\" \/>\n\t<meta property=\"og:image:width\" content=\"1185\" \/>\n\t<meta property=\"og:image:height\" content=\"1580\" \/>\n\t<meta property=\"og:image:type\" content=\"image\/webp\" \/>\n<meta name=\"twitter:card\" content=\"summary_large_image\" \/>\n<meta name=\"twitter:label1\" content=\"Disponibilit\u00e9\" \/>\n\t<meta name=\"twitter:data1\" content=\"Rupture de stock\" \/>\n<script type=\"application\/ld+json\" class=\"yoast-schema-graph\">{\"@context\":\"https:\/\/schema.org\",\"@graph\":[{\"@type\":\"WebPage\",\"@id\":\"https:\/\/www.aranswitzerland.ch\/product\/schal-aus-superweicher-merinowolle-orange-und-rosa\/\",\"url\":\"https:\/\/www.aranswitzerland.ch\/product\/schal-aus-superweicher-merinowolle-orange-und-rosa\/\",\"name\":\"Schal aus superweicher Merinowolle \u2013 Orange und Rosa\",\"isPartOf\":{\"@id\":\"https:\/\/www.aranswitzerland.ch\/#website\"},\"primaryImageOfPage\":{\"@id\":\"https:\/\/www.aranswitzerland.ch\/product\/schal-aus-superweicher-merinowolle-orange-und-rosa\/#primaryimage\"},\"image\":{\"@id\":\"https:\/\/www.aranswitzerland.ch\/product\/schal-aus-superweicher-merinowolle-orange-und-rosa\/#primaryimage\"},\"thumbnailUrl\":\"https:\/\/www.aranswitzerland.ch\/wp-content\/uploads\/2025\/08\/Extra-Fine-Merino-Wool-Orange-and-Pink_2.webp\",\"datePublished\":\"2025-08-23T17:38:12+00:00\",\"dateModified\":\"2026-02-24T11:06:54+00:00\",\"breadcrumb\":{\"@id\":\"https:\/\/www.aranswitzerland.ch\/product\/schal-aus-superweicher-merinowolle-orange-und-rosa\/#breadcrumb\"},\"inLanguage\":\"fr-FR\",\"potentialAction\":[{\"@type\":\"ReadAction\",\"target\":[\"https:\/\/www.aranswitzerland.ch\/product\/schal-aus-superweicher-merinowolle-orange-und-rosa\/\"]}]},{\"@type\":\"ImageObject\",\"inLanguage\":\"fr-FR\",\"@id\":\"https:\/\/www.aranswitzerland.ch\/product\/schal-aus-superweicher-merinowolle-orange-und-rosa\/#primaryimage\",\"url\":\"https:\/\/www.aranswitzerland.ch\/wp-content\/uploads\/2025\/08\/Extra-Fine-Merino-Wool-Orange-and-Pink_2.webp\",\"contentUrl\":\"https:\/\/www.aranswitzerland.ch\/wp-content\/uploads\/2025\/08\/Extra-Fine-Merino-Wool-Orange-and-Pink_2.webp\",\"width\":1185,\"height\":1580},{\"@type\":\"BreadcrumbList\",\"@id\":\"https:\/\/www.aranswitzerland.ch\/product\/schal-aus-superweicher-merinowolle-orange-und-rosa\/#breadcrumb\",\"itemListElement\":[{\"@type\":\"ListItem\",\"position\":1,\"name\":\"Shop\",\"item\":\"https:\/\/www.aranswitzerland.ch\/en\/shop\/\"},{\"@type\":\"ListItem\",\"position\":2,\"name\":\"Accessoires\",\"item\":\"https:\/\/www.aranswitzerland.ch\/product-category\/accessoires\/\"},{\"@type\":\"ListItem\",\"position\":3,\"name\":\"Schal aus superweicher Merinowolle \u2013 Orange und Rosa\"}]},{\"@type\":\"WebSite\",\"@id\":\"https:\/\/www.aranswitzerland.ch\/#website\",\"url\":\"https:\/\/www.aranswitzerland.ch\/\",\"name\":\"Aran Switzerland\",\"description\":\"Kleidung, Taschen und Accessoires\",\"publisher\":{\"@id\":\"https:\/\/www.aranswitzerland.ch\/#organization\"},\"potentialAction\":[{\"@type\":\"SearchAction\",\"target\":{\"@type\":\"EntryPoint\",\"urlTemplate\":\"https:\/\/www.aranswitzerland.ch\/?s={search_term_string}\"},\"query-input\":{\"@type\":\"PropertyValueSpecification\",\"valueRequired\":true,\"valueName\":\"search_term_string\"}}],\"inLanguage\":\"fr-FR\"},{\"@type\":\"Organization\",\"@id\":\"https:\/\/www.aranswitzerland.ch\/#organization\",\"name\":\"Aran Switzerland\",\"url\":\"https:\/\/www.aranswitzerland.ch\/\",\"logo\":{\"@type\":\"ImageObject\",\"inLanguage\":\"fr-FR\",\"@id\":\"https:\/\/www.aranswitzerland.ch\/#\/schema\/logo\/image\/\",\"url\":\"https:\/\/www.aranswitzerland.ch\/wp-content\/uploads\/2024\/10\/Logo.jpg\",\"contentUrl\":\"https:\/\/www.aranswitzerland.ch\/wp-content\/uploads\/2024\/10\/Logo.jpg\",\"width\":600,\"height\":600,\"caption\":\"Aran Switzerland\"},\"image\":{\"@id\":\"https:\/\/www.aranswitzerland.ch\/#\/schema\/logo\/image\/\"},\"hasMerchantReturnPolicy\":{\"@type\":\"MerchantReturnPolicy\",\"merchantReturnLink\":\"https:\/\/www.aranswitzerland.ch\/fr\/rueckgabebedingungen\/\"}}]}<\/script>\n<meta property=\"product:brand\" content=\"FOXFORD\" \/>\n<meta property=\"og:availability\" content=\"out of stock\" \/>\n<meta property=\"product:availability\" content=\"out of stock\" \/>\n<meta property=\"product:retailer_item_id\" content=\"AR-102\" \/>\n<meta property=\"product:condition\" content=\"new\" \/>\n<!-- \/ Yoast SEO plugin. -->","yoast_head_json":{"title":"Echarpe en laine m\u00e9rinos tr\u00e8s douce \u2013 orange et rose","robots":{"index":"index","follow":"follow","max-snippet":"max-snippet:-1","max-image-preview":"max-image-preview:large","max-video-preview":"max-video-preview:-1"},"canonical":"https:\/\/www.aranswitzerland.ch\/fr\/product\/schal-aus-superweicher-merinowolle-orange-und-rosa\/","og_locale":"fr_FR","og_type":"article","og_title":"Schal aus superweicher Merinowolle \u2013 Orange und Rosa","og_description":"Dieser Schal aus Merinowolle stellt eine leichtere Alternative zu traditioneller Lammwolle dar und kann dank seiner superweichen Eigenschaft das ganze Jahr \u00fcber getragen werden.","og_url":"https:\/\/www.aranswitzerland.ch\/fr\/product\/schal-aus-superweicher-merinowolle-orange-und-rosa\/","og_site_name":"Aran Switzerland","article_modified_time":"2026-02-24T11:06:54+00:00","og_image":[{"width":1185,"height":1580,"url":"https:\/\/www.aranswitzerland.ch\/wp-content\/uploads\/2025\/08\/Extra-Fine-Merino-Wool-Orange-and-Pink_2.webp","type":"image\/webp"}],"twitter_card":"summary_large_image","twitter_misc":{"Disponibilit\u00e9":"Rupture de stock"},"schema":{"@context":"https:\/\/schema.org","@graph":[{"@type":"WebPage","@id":"https:\/\/www.aranswitzerland.ch\/product\/schal-aus-superweicher-merinowolle-orange-und-rosa\/","url":"https:\/\/www.aranswitzerland.ch\/product\/schal-aus-superweicher-merinowolle-orange-und-rosa\/","name":"Echarpe en laine m\u00e9rinos tr\u00e8s douce \u2013 orange et rose","isPartOf":{"@id":"https:\/\/www.aranswitzerland.ch\/#website"},"primaryImageOfPage":{"@id":"https:\/\/www.aranswitzerland.ch\/product\/schal-aus-superweicher-merinowolle-orange-und-rosa\/#primaryimage"},"image":{"@id":"https:\/\/www.aranswitzerland.ch\/product\/schal-aus-superweicher-merinowolle-orange-und-rosa\/#primaryimage"},"thumbnailUrl":"https:\/\/www.aranswitzerland.ch\/wp-content\/uploads\/2025\/08\/Extra-Fine-Merino-Wool-Orange-and-Pink_2.webp","datePublished":"2025-08-23T17:38:12+00:00","dateModified":"2026-02-24T11:06:54+00:00","breadcrumb":{"@id":"https:\/\/www.aranswitzerland.ch\/product\/schal-aus-superweicher-merinowolle-orange-und-rosa\/#breadcrumb"},"inLanguage":"fr-FR","potentialAction":[{"@type":"ReadAction","target":["https:\/\/www.aranswitzerland.ch\/product\/schal-aus-superweicher-merinowolle-orange-und-rosa\/"]}]},{"@type":"ImageObject","inLanguage":"fr-FR","@id":"https:\/\/www.aranswitzerland.ch\/product\/schal-aus-superweicher-merinowolle-orange-und-rosa\/#primaryimage","url":"https:\/\/www.aranswitzerland.ch\/wp-content\/uploads\/2025\/08\/Extra-Fine-Merino-Wool-Orange-and-Pink_2.webp","contentUrl":"https:\/\/www.aranswitzerland.ch\/wp-content\/uploads\/2025\/08\/Extra-Fine-Merino-Wool-Orange-and-Pink_2.webp","width":1185,"height":1580},{"@type":"BreadcrumbList","@id":"https:\/\/www.aranswitzerland.ch\/product\/schal-aus-superweicher-merinowolle-orange-und-rosa\/#breadcrumb","itemListElement":[{"@type":"ListItem","position":1,"name":"Shop","item":"https:\/\/www.aranswitzerland.ch\/en\/shop\/"},{"@type":"ListItem","position":2,"name":"Accessoires","item":"https:\/\/www.aranswitzerland.ch\/product-category\/accessoires\/"},{"@type":"ListItem","position":3,"name":"Schal aus superweicher Merinowolle \u2013 Orange und Rosa"}]},{"@type":"WebSite","@id":"https:\/\/www.aranswitzerland.ch\/#website","url":"https:\/\/www.aranswitzerland.ch\/","name":"Aran Switzerland","description":"Kleidung, Taschen und Accessoires","publisher":{"@id":"https:\/\/www.aranswitzerland.ch\/#organization"},"potentialAction":[{"@type":"SearchAction","target":{"@type":"EntryPoint","urlTemplate":"https:\/\/www.aranswitzerland.ch\/?s={search_term_string}"},"query-input":{"@type":"PropertyValueSpecification","valueRequired":true,"valueName":"search_term_string"}}],"inLanguage":"fr-FR"},{"@type":"Organization","@id":"https:\/\/www.aranswitzerland.ch\/#organization","name":"Aran Switzerland","url":"https:\/\/www.aranswitzerland.ch\/","logo":{"@type":"ImageObject","inLanguage":"fr-FR","@id":"https:\/\/www.aranswitzerland.ch\/#\/schema\/logo\/image\/","url":"https:\/\/www.aranswitzerland.ch\/wp-content\/uploads\/2024\/10\/Logo.jpg","contentUrl":"https:\/\/www.aranswitzerland.ch\/wp-content\/uploads\/2024\/10\/Logo.jpg","width":600,"height":600,"caption":"Aran Switzerland"},"image":{"@id":"https:\/\/www.aranswitzerland.ch\/#\/schema\/logo\/image\/"},"hasMerchantReturnPolicy":{"@type":"MerchantReturnPolicy","merchantReturnLink":"https:\/\/www.aranswitzerland.ch\/fr\/rueckgabebedingungen\/"}}]},"product_brand":"FOXFORD","og_availability":"out of stock","product_availability":"out of stock","product_retailer_item_id":"AR-102","product_condition":"new"},"_links":{"self":[{"href":"https:\/\/www.aranswitzerland.ch\/fr\/wp-json\/wp\/v2\/product\/4294","targetHints":{"allow":["GET"]}}],"collection":[{"href":"https:\/\/www.aranswitzerland.ch\/fr\/wp-json\/wp\/v2\/product"}],"about":[{"href":"https:\/\/www.aranswitzerland.ch\/fr\/wp-json\/wp\/v2\/types\/product"}],"replies":[{"embeddable":true,"href":"https:\/\/www.aranswitzerland.ch\/fr\/wp-json\/wp\/v2\/comments?post=4294"}],"version-history":[{"count":4,"href":"https:\/\/www.aranswitzerland.ch\/fr\/wp-json\/wp\/v2\/product\/4294\/revisions"}],"predecessor-version":[{"id":5812,"href":"https:\/\/www.aranswitzerland.ch\/fr\/wp-json\/wp\/v2\/product\/4294\/revisions\/5812"}],"wp:featuredmedia":[{"embeddable":true,"href":"https:\/\/www.aranswitzerland.ch\/fr\/wp-json\/wp\/v2\/media\/4297"}],"wp:attachment":[{"href":"https:\/\/www.aranswitzerland.ch\/fr\/wp-json\/wp\/v2\/media?parent=4294"}],"wp:term":[{"taxonomy":"product_brand","embeddable":true,"href":"https:\/\/www.aranswitzerland.ch\/fr\/wp-json\/wp\/v2\/product_brand?post=4294"},{"taxonomy":"product_cat","embeddable":true,"href":"https:\/\/www.aranswitzerland.ch\/fr\/wp-json\/wp\/v2\/product_cat?post=4294"},{"taxonomy":"product_tag","embeddable":true,"href":"https:\/\/www.aranswitzerland.ch\/fr\/wp-json\/wp\/v2\/product_tag?post=4294"}],"curies":[{"name":"wp","href":"https:\/\/api.w.org\/{rel}","templated":true}]}}