{"id":4328,"date":"2025-08-23T20:06:09","date_gmt":"2025-08-23T18:06:09","guid":{"rendered":"https:\/\/www.aranswitzerland.ch\/?post_type=product&#038;p=4328"},"modified":"2026-01-12T10:24:03","modified_gmt":"2026-01-12T08:24:03","slug":"babydecke-aus-lammwolle-blaues-karomuster","status":"publish","type":"product","link":"https:\/\/www.aranswitzerland.ch\/fr\/product\/babydecke-aus-lammwolle-blaues-karomuster\/","title":{"rendered":"Couverture pour b\u00e9b\u00e9 en lambswool \u2013 motifs \u00e0 carreaux bleus"},"content":{"rendered":"","protected":false},"excerpt":{"rendered":"<p>Rehauss\u00e9e de carreaux bleu p\u00e2le, cette couverture enjolive de fa\u00e7on charmante tout lit de b\u00e9b\u00e9 et est un accessoire g\u00e9n\u00e9rationnel id\u00e9al pour une nouvelle famille. Toutes les couvertures pour b\u00e9b\u00e9 sont livr\u00e9es dans un coffret cadeau.<\/p>","protected":false},"featured_media":4330,"comment_status":"open","ping_status":"closed","template":"","meta":{"_acf_changed":false},"product_brand":[175],"product_cat":[33,34,143],"product_tag":[209,189,190,183],"class_list":{"0":"post-4328","1":"product","2":"type-product","3":"status-publish","4":"has-post-thumbnail","6":"product_brand-foxford","7":"product_cat-accessoires","8":"product_cat-kinder","9":"product_cat-lebensstil","10":"product_tag-babydecke","11":"product_tag-lammwolle","12":"product_tag-mehrfarbig","13":"product_tag-wolle","15":"first","16":"instock","17":"taxable","18":"shipping-taxable","19":"purchasable","20":"product-type-variable","21":"has-default-attributes"},"acf":[],"yoast_head":"<!-- This site is optimized with the Yoast SEO plugin v27.1.1 - https:\/\/yoast.com\/product\/yoast-seo-wordpress\/ -->\n<title>Babydecke aus Lammwolle \u2013 Blaues Karomuster<\/title>\n<meta name=\"robots\" content=\"index, follow, max-snippet:-1, max-image-preview:large, max-video-preview:-1\" \/>\n<link rel=\"canonical\" href=\"https:\/\/www.aranswitzerland.ch\/fr\/product\/babydecke-aus-lammwolle-blaues-karomuster\/\" \/>\n<meta property=\"og:locale\" content=\"fr_FR\" \/>\n<meta property=\"og:type\" content=\"article\" \/>\n<meta property=\"og:title\" content=\"Babydecke aus Lammwolle \u2013 Blaues Karomuster\" \/>\n<meta property=\"og:description\" content=\"Das Design in hellblauem Karomuster ist eine s\u00fcsse Bereicherung f\u00fcr jedes Babybett und das ideale Generationenst\u00fcck f\u00fcr eine neue Familie. Alle Babydecken werden in einer Geschenkbox geliefert.\" \/>\n<meta property=\"og:url\" content=\"https:\/\/www.aranswitzerland.ch\/fr\/product\/babydecke-aus-lammwolle-blaues-karomuster\/\" \/>\n<meta property=\"og:site_name\" content=\"Aran Switzerland\" \/>\n<meta property=\"article:modified_time\" content=\"2026-01-12T08:24:03+00:00\" \/>\n<meta property=\"og:image\" content=\"https:\/\/www.aranswitzerland.ch\/wp-content\/uploads\/2025\/08\/Lambswool-Baby-Blanket-Blue-Check.webp\" \/>\n\t<meta property=\"og:image:width\" content=\"1264\" \/>\n\t<meta property=\"og:image:height\" content=\"1580\" \/>\n\t<meta property=\"og:image:type\" content=\"image\/webp\" \/>\n<meta name=\"twitter:card\" content=\"summary_large_image\" \/>\n<meta name=\"twitter:label1\" content=\"Disponibilit\u00e9\" \/>\n\t<meta name=\"twitter:data1\" content=\"En stock\" \/>\n<script type=\"application\/ld+json\" class=\"yoast-schema-graph\">{\"@context\":\"https:\/\/schema.org\",\"@graph\":[{\"@type\":\"WebPage\",\"@id\":\"https:\/\/www.aranswitzerland.ch\/product\/babydecke-aus-lammwolle-blaues-karomuster\/\",\"url\":\"https:\/\/www.aranswitzerland.ch\/product\/babydecke-aus-lammwolle-blaues-karomuster\/\",\"name\":\"Babydecke aus Lammwolle \u2013 Blaues Karomuster\",\"isPartOf\":{\"@id\":\"https:\/\/www.aranswitzerland.ch\/#website\"},\"primaryImageOfPage\":{\"@id\":\"https:\/\/www.aranswitzerland.ch\/product\/babydecke-aus-lammwolle-blaues-karomuster\/#primaryimage\"},\"image\":{\"@id\":\"https:\/\/www.aranswitzerland.ch\/product\/babydecke-aus-lammwolle-blaues-karomuster\/#primaryimage\"},\"thumbnailUrl\":\"https:\/\/www.aranswitzerland.ch\/wp-content\/uploads\/2025\/08\/Lambswool-Baby-Blanket-Blue-Check.webp\",\"datePublished\":\"2025-08-23T18:06:09+00:00\",\"dateModified\":\"2026-01-12T08:24:03+00:00\",\"breadcrumb\":{\"@id\":\"https:\/\/www.aranswitzerland.ch\/product\/babydecke-aus-lammwolle-blaues-karomuster\/#breadcrumb\"},\"inLanguage\":\"fr-FR\",\"potentialAction\":[{\"@type\":\"ReadAction\",\"target\":[\"https:\/\/www.aranswitzerland.ch\/product\/babydecke-aus-lammwolle-blaues-karomuster\/\"]}]},{\"@type\":\"ImageObject\",\"inLanguage\":\"fr-FR\",\"@id\":\"https:\/\/www.aranswitzerland.ch\/product\/babydecke-aus-lammwolle-blaues-karomuster\/#primaryimage\",\"url\":\"https:\/\/www.aranswitzerland.ch\/wp-content\/uploads\/2025\/08\/Lambswool-Baby-Blanket-Blue-Check.webp\",\"contentUrl\":\"https:\/\/www.aranswitzerland.ch\/wp-content\/uploads\/2025\/08\/Lambswool-Baby-Blanket-Blue-Check.webp\",\"width\":1264,\"height\":1580},{\"@type\":\"BreadcrumbList\",\"@id\":\"https:\/\/www.aranswitzerland.ch\/product\/babydecke-aus-lammwolle-blaues-karomuster\/#breadcrumb\",\"itemListElement\":[{\"@type\":\"ListItem\",\"position\":1,\"name\":\"Shop\",\"item\":\"https:\/\/www.aranswitzerland.ch\/en\/shop\/\"},{\"@type\":\"ListItem\",\"position\":2,\"name\":\"Lebensstil\",\"item\":\"https:\/\/www.aranswitzerland.ch\/product-category\/lebensstil\/\"},{\"@type\":\"ListItem\",\"position\":3,\"name\":\"Babydecke aus Lammwolle \u2013 Blaues Karomuster\"}]},{\"@type\":\"WebSite\",\"@id\":\"https:\/\/www.aranswitzerland.ch\/#website\",\"url\":\"https:\/\/www.aranswitzerland.ch\/\",\"name\":\"Aran Switzerland\",\"description\":\"Kleidung, Taschen und Accessoires\",\"publisher\":{\"@id\":\"https:\/\/www.aranswitzerland.ch\/#organization\"},\"potentialAction\":[{\"@type\":\"SearchAction\",\"target\":{\"@type\":\"EntryPoint\",\"urlTemplate\":\"https:\/\/www.aranswitzerland.ch\/?s={search_term_string}\"},\"query-input\":{\"@type\":\"PropertyValueSpecification\",\"valueRequired\":true,\"valueName\":\"search_term_string\"}}],\"inLanguage\":\"fr-FR\"},{\"@type\":\"Organization\",\"@id\":\"https:\/\/www.aranswitzerland.ch\/#organization\",\"name\":\"Aran Switzerland\",\"url\":\"https:\/\/www.aranswitzerland.ch\/\",\"logo\":{\"@type\":\"ImageObject\",\"inLanguage\":\"fr-FR\",\"@id\":\"https:\/\/www.aranswitzerland.ch\/#\/schema\/logo\/image\/\",\"url\":\"https:\/\/www.aranswitzerland.ch\/wp-content\/uploads\/2024\/10\/Logo.jpg\",\"contentUrl\":\"https:\/\/www.aranswitzerland.ch\/wp-content\/uploads\/2024\/10\/Logo.jpg\",\"width\":600,\"height\":600,\"caption\":\"Aran Switzerland\"},\"image\":{\"@id\":\"https:\/\/www.aranswitzerland.ch\/#\/schema\/logo\/image\/\"},\"hasMerchantReturnPolicy\":{\"@type\":\"MerchantReturnPolicy\",\"merchantReturnLink\":\"https:\/\/www.aranswitzerland.ch\/fr\/rueckgabebedingungen\/\"}}]}<\/script>\n<meta property=\"product:brand\" content=\"FOXFORD\" \/>\n<meta property=\"og:availability\" content=\"instock\" \/>\n<meta property=\"product:availability\" content=\"instock\" \/>\n<meta property=\"product:retailer_item_id\" content=\"AR-106\" \/>\n<meta property=\"product:condition\" content=\"new\" \/>\n<!-- \/ Yoast SEO plugin. -->","yoast_head_json":{"title":"Couverture pour b\u00e9b\u00e9 en lambswool \u2013 motifs \u00e0 carreaux bleus","robots":{"index":"index","follow":"follow","max-snippet":"max-snippet:-1","max-image-preview":"max-image-preview:large","max-video-preview":"max-video-preview:-1"},"canonical":"https:\/\/www.aranswitzerland.ch\/fr\/product\/babydecke-aus-lammwolle-blaues-karomuster\/","og_locale":"fr_FR","og_type":"article","og_title":"Babydecke aus Lammwolle \u2013 Blaues Karomuster","og_description":"Das Design in hellblauem Karomuster ist eine s\u00fcsse Bereicherung f\u00fcr jedes Babybett und das ideale Generationenst\u00fcck f\u00fcr eine neue Familie. Alle Babydecken werden in einer Geschenkbox geliefert.","og_url":"https:\/\/www.aranswitzerland.ch\/fr\/product\/babydecke-aus-lammwolle-blaues-karomuster\/","og_site_name":"Aran Switzerland","article_modified_time":"2026-01-12T08:24:03+00:00","og_image":[{"width":1264,"height":1580,"url":"https:\/\/www.aranswitzerland.ch\/wp-content\/uploads\/2025\/08\/Lambswool-Baby-Blanket-Blue-Check.webp","type":"image\/webp"}],"twitter_card":"summary_large_image","twitter_misc":{"Disponibilit\u00e9":"En stock"},"schema":{"@context":"https:\/\/schema.org","@graph":[{"@type":"WebPage","@id":"https:\/\/www.aranswitzerland.ch\/product\/babydecke-aus-lammwolle-blaues-karomuster\/","url":"https:\/\/www.aranswitzerland.ch\/product\/babydecke-aus-lammwolle-blaues-karomuster\/","name":"Couverture pour b\u00e9b\u00e9 en lambswool \u2013 motifs \u00e0 carreaux bleus","isPartOf":{"@id":"https:\/\/www.aranswitzerland.ch\/#website"},"primaryImageOfPage":{"@id":"https:\/\/www.aranswitzerland.ch\/product\/babydecke-aus-lammwolle-blaues-karomuster\/#primaryimage"},"image":{"@id":"https:\/\/www.aranswitzerland.ch\/product\/babydecke-aus-lammwolle-blaues-karomuster\/#primaryimage"},"thumbnailUrl":"https:\/\/www.aranswitzerland.ch\/wp-content\/uploads\/2025\/08\/Lambswool-Baby-Blanket-Blue-Check.webp","datePublished":"2025-08-23T18:06:09+00:00","dateModified":"2026-01-12T08:24:03+00:00","breadcrumb":{"@id":"https:\/\/www.aranswitzerland.ch\/product\/babydecke-aus-lammwolle-blaues-karomuster\/#breadcrumb"},"inLanguage":"fr-FR","potentialAction":[{"@type":"ReadAction","target":["https:\/\/www.aranswitzerland.ch\/product\/babydecke-aus-lammwolle-blaues-karomuster\/"]}]},{"@type":"ImageObject","inLanguage":"fr-FR","@id":"https:\/\/www.aranswitzerland.ch\/product\/babydecke-aus-lammwolle-blaues-karomuster\/#primaryimage","url":"https:\/\/www.aranswitzerland.ch\/wp-content\/uploads\/2025\/08\/Lambswool-Baby-Blanket-Blue-Check.webp","contentUrl":"https:\/\/www.aranswitzerland.ch\/wp-content\/uploads\/2025\/08\/Lambswool-Baby-Blanket-Blue-Check.webp","width":1264,"height":1580},{"@type":"BreadcrumbList","@id":"https:\/\/www.aranswitzerland.ch\/product\/babydecke-aus-lammwolle-blaues-karomuster\/#breadcrumb","itemListElement":[{"@type":"ListItem","position":1,"name":"Shop","item":"https:\/\/www.aranswitzerland.ch\/en\/shop\/"},{"@type":"ListItem","position":2,"name":"Lebensstil","item":"https:\/\/www.aranswitzerland.ch\/product-category\/lebensstil\/"},{"@type":"ListItem","position":3,"name":"Babydecke aus Lammwolle \u2013 Blaues Karomuster"}]},{"@type":"WebSite","@id":"https:\/\/www.aranswitzerland.ch\/#website","url":"https:\/\/www.aranswitzerland.ch\/","name":"Aran Switzerland","description":"Kleidung, Taschen und Accessoires","publisher":{"@id":"https:\/\/www.aranswitzerland.ch\/#organization"},"potentialAction":[{"@type":"SearchAction","target":{"@type":"EntryPoint","urlTemplate":"https:\/\/www.aranswitzerland.ch\/?s={search_term_string}"},"query-input":{"@type":"PropertyValueSpecification","valueRequired":true,"valueName":"search_term_string"}}],"inLanguage":"fr-FR"},{"@type":"Organization","@id":"https:\/\/www.aranswitzerland.ch\/#organization","name":"Aran Switzerland","url":"https:\/\/www.aranswitzerland.ch\/","logo":{"@type":"ImageObject","inLanguage":"fr-FR","@id":"https:\/\/www.aranswitzerland.ch\/#\/schema\/logo\/image\/","url":"https:\/\/www.aranswitzerland.ch\/wp-content\/uploads\/2024\/10\/Logo.jpg","contentUrl":"https:\/\/www.aranswitzerland.ch\/wp-content\/uploads\/2024\/10\/Logo.jpg","width":600,"height":600,"caption":"Aran Switzerland"},"image":{"@id":"https:\/\/www.aranswitzerland.ch\/#\/schema\/logo\/image\/"},"hasMerchantReturnPolicy":{"@type":"MerchantReturnPolicy","merchantReturnLink":"https:\/\/www.aranswitzerland.ch\/fr\/rueckgabebedingungen\/"}}]},"product_brand":"FOXFORD","og_availability":"instock","product_availability":"instock","product_retailer_item_id":"AR-106","product_condition":"new"},"_links":{"self":[{"href":"https:\/\/www.aranswitzerland.ch\/fr\/wp-json\/wp\/v2\/product\/4328","targetHints":{"allow":["GET"]}}],"collection":[{"href":"https:\/\/www.aranswitzerland.ch\/fr\/wp-json\/wp\/v2\/product"}],"about":[{"href":"https:\/\/www.aranswitzerland.ch\/fr\/wp-json\/wp\/v2\/types\/product"}],"replies":[{"embeddable":true,"href":"https:\/\/www.aranswitzerland.ch\/fr\/wp-json\/wp\/v2\/comments?post=4328"}],"version-history":[{"count":4,"href":"https:\/\/www.aranswitzerland.ch\/fr\/wp-json\/wp\/v2\/product\/4328\/revisions"}],"predecessor-version":[{"id":5808,"href":"https:\/\/www.aranswitzerland.ch\/fr\/wp-json\/wp\/v2\/product\/4328\/revisions\/5808"}],"wp:featuredmedia":[{"embeddable":true,"href":"https:\/\/www.aranswitzerland.ch\/fr\/wp-json\/wp\/v2\/media\/4330"}],"wp:attachment":[{"href":"https:\/\/www.aranswitzerland.ch\/fr\/wp-json\/wp\/v2\/media?parent=4328"}],"wp:term":[{"taxonomy":"product_brand","embeddable":true,"href":"https:\/\/www.aranswitzerland.ch\/fr\/wp-json\/wp\/v2\/product_brand?post=4328"},{"taxonomy":"product_cat","embeddable":true,"href":"https:\/\/www.aranswitzerland.ch\/fr\/wp-json\/wp\/v2\/product_cat?post=4328"},{"taxonomy":"product_tag","embeddable":true,"href":"https:\/\/www.aranswitzerland.ch\/fr\/wp-json\/wp\/v2\/product_tag?post=4328"}],"curies":[{"name":"wp","href":"https:\/\/api.w.org\/{rel}","templated":true}]}}