{"id":4605,"date":"2025-09-29T22:43:36","date_gmt":"2025-09-29T20:43:36","guid":{"rendered":"https:\/\/www.aranswitzerland.ch\/?post_type=product&#038;p=4605"},"modified":"2025-12-30T20:08:22","modified_gmt":"2025-12-30T18:08:22","slug":"rundhalspullover-fuer-damen-mit-gerolltem-kragen-und-raglanaermeln-gelb","status":"publish","type":"product","link":"https:\/\/www.aranswitzerland.ch\/fr\/product\/rundhalspullover-fuer-damen-mit-gerolltem-kragen-und-raglanaermeln-gelb\/","title":{"rendered":"Pullover \u00e0 col montant et manches raglan pour femmes \u2013 Jaune"},"content":{"rendered":"","protected":false},"excerpt":{"rendered":"<p>Le style d\u00e9contract\u00e9 de ce pull de poids moyen \u00e0 la coupe f\u00e9minine s\u00e9duit un large \u00e9ventail d'\u00e2ges. Le motif tricot\u00e9 simple met en valeur le fil boucl\u00e9 a\u00e9r\u00e9, semblable \u00e0 du tweed.<\/p>","protected":false},"featured_media":4609,"comment_status":"open","ping_status":"closed","template":"","meta":{"_acf_changed":false},"product_brand":[173],"product_cat":[31,191],"product_tag":[184,206,182,207,183],"class_list":{"0":"post-4605","1":"product","2":"type-product","3":"status-publish","4":"has-post-thumbnail","6":"product_brand-aran-woolen-mills","7":"product_cat-damen","8":"product_cat-pullover","9":"product_tag-casual","10":"product_tag-donegal-tweed","11":"product_tag-pullover","12":"product_tag-reine-schurwolle","13":"product_tag-wolle","15":"first","16":"instock","17":"taxable","18":"shipping-taxable","19":"purchasable","20":"product-type-variable"},"acf":[],"yoast_head":"<!-- This site is optimized with the Yoast SEO plugin v27.1.1 - https:\/\/yoast.com\/product\/yoast-seo-wordpress\/ -->\n<title>Rundhalspullover f\u00fcr Damen mit gerolltem Kragen und Raglan\u00e4rmeln \u2013 Gelb<\/title>\n<meta name=\"description\" content=\"Der locker-legere Stil dieses mittelschweren Pullovers im Damenschnitt spricht eine breite Altersgruppe an. Das schlichte Strickmuster hebt das luftige, Tweed-\u00e4hnliche Noppengarn hervor.\" \/>\n<meta name=\"robots\" content=\"index, follow, max-snippet:-1, max-image-preview:large, max-video-preview:-1\" \/>\n<link rel=\"canonical\" href=\"https:\/\/www.aranswitzerland.ch\/fr\/product\/rundhalspullover-fuer-damen-mit-gerolltem-kragen-und-raglanaermeln-gelb\/\" \/>\n<meta property=\"og:locale\" content=\"fr_FR\" \/>\n<meta property=\"og:type\" content=\"article\" \/>\n<meta property=\"og:title\" content=\"Rundhalspullover f\u00fcr Damen mit gerolltem Kragen und Raglan\u00e4rmeln \u2013 Gelb\" \/>\n<meta property=\"og:description\" content=\"Der locker-legere Stil dieses mittelschweren Pullovers im Damenschnitt spricht eine breite Altersgruppe an. Das schlichte Strickmuster hebt das luftige, Tweed-\u00e4hnliche Noppengarn hervor.\" \/>\n<meta property=\"og:url\" content=\"https:\/\/www.aranswitzerland.ch\/fr\/product\/rundhalspullover-fuer-damen-mit-gerolltem-kragen-und-raglanaermeln-gelb\/\" \/>\n<meta property=\"og:site_name\" content=\"Aran Switzerland\" \/>\n<meta property=\"article:modified_time\" content=\"2025-12-30T18:08:22+00:00\" \/>\n<meta property=\"og:image\" content=\"https:\/\/www.aranswitzerland.ch\/wp-content\/uploads\/2025\/09\/Ladies_Roll_Neck_Raglan_Crew_Women_Original_2.jpg\" \/>\n\t<meta property=\"og:image:width\" content=\"1051\" \/>\n\t<meta property=\"og:image:height\" content=\"1577\" \/>\n\t<meta property=\"og:image:type\" content=\"image\/jpeg\" \/>\n<meta name=\"twitter:card\" content=\"summary_large_image\" \/>\n<meta name=\"twitter:label1\" content=\"Disponibilit\u00e9\" \/>\n\t<meta name=\"twitter:data1\" content=\"En stock\" \/>\n<script type=\"application\/ld+json\" class=\"yoast-schema-graph\">{\"@context\":\"https:\/\/schema.org\",\"@graph\":[{\"@type\":\"WebPage\",\"@id\":\"https:\/\/www.aranswitzerland.ch\/product\/rundhalspullover-fuer-damen-mit-gerolltem-kragen-und-raglanaermeln-gelb\/\",\"url\":\"https:\/\/www.aranswitzerland.ch\/product\/rundhalspullover-fuer-damen-mit-gerolltem-kragen-und-raglanaermeln-gelb\/\",\"name\":\"Rundhalspullover f\u00fcr Damen mit gerolltem Kragen und Raglan\u00e4rmeln \u2013 Gelb\",\"isPartOf\":{\"@id\":\"https:\/\/www.aranswitzerland.ch\/#website\"},\"primaryImageOfPage\":{\"@id\":\"https:\/\/www.aranswitzerland.ch\/product\/rundhalspullover-fuer-damen-mit-gerolltem-kragen-und-raglanaermeln-gelb\/#primaryimage\"},\"image\":{\"@id\":\"https:\/\/www.aranswitzerland.ch\/product\/rundhalspullover-fuer-damen-mit-gerolltem-kragen-und-raglanaermeln-gelb\/#primaryimage\"},\"thumbnailUrl\":\"https:\/\/www.aranswitzerland.ch\/wp-content\/uploads\/2025\/09\/Ladies_Roll_Neck_Raglan_Crew_Women_Original_2.jpg\",\"datePublished\":\"2025-09-29T20:43:36+00:00\",\"dateModified\":\"2025-12-30T18:08:22+00:00\",\"description\":\"Der locker-legere Stil dieses mittelschweren Pullovers im Damenschnitt spricht eine breite Altersgruppe an. Das schlichte Strickmuster hebt das luftige, Tweed-\u00e4hnliche Noppengarn hervor.\",\"breadcrumb\":{\"@id\":\"https:\/\/www.aranswitzerland.ch\/product\/rundhalspullover-fuer-damen-mit-gerolltem-kragen-und-raglanaermeln-gelb\/#breadcrumb\"},\"inLanguage\":\"fr-FR\",\"potentialAction\":[{\"@type\":\"ReadAction\",\"target\":[\"https:\/\/www.aranswitzerland.ch\/product\/rundhalspullover-fuer-damen-mit-gerolltem-kragen-und-raglanaermeln-gelb\/\"]}]},{\"@type\":\"ImageObject\",\"inLanguage\":\"fr-FR\",\"@id\":\"https:\/\/www.aranswitzerland.ch\/product\/rundhalspullover-fuer-damen-mit-gerolltem-kragen-und-raglanaermeln-gelb\/#primaryimage\",\"url\":\"https:\/\/www.aranswitzerland.ch\/wp-content\/uploads\/2025\/09\/Ladies_Roll_Neck_Raglan_Crew_Women_Original_2.jpg\",\"contentUrl\":\"https:\/\/www.aranswitzerland.ch\/wp-content\/uploads\/2025\/09\/Ladies_Roll_Neck_Raglan_Crew_Women_Original_2.jpg\",\"width\":1051,\"height\":1577},{\"@type\":\"BreadcrumbList\",\"@id\":\"https:\/\/www.aranswitzerland.ch\/product\/rundhalspullover-fuer-damen-mit-gerolltem-kragen-und-raglanaermeln-gelb\/#breadcrumb\",\"itemListElement\":[{\"@type\":\"ListItem\",\"position\":1,\"name\":\"Shop\",\"item\":\"https:\/\/www.aranswitzerland.ch\/en\/shop\/\"},{\"@type\":\"ListItem\",\"position\":2,\"name\":\"Damen\",\"item\":\"https:\/\/www.aranswitzerland.ch\/product-category\/damen\/\"},{\"@type\":\"ListItem\",\"position\":3,\"name\":\"Rundhalspullover f\u00fcr Damen mit gerolltem Kragen und Raglan\u00e4rmeln \u2013 Gelb\"}]},{\"@type\":\"WebSite\",\"@id\":\"https:\/\/www.aranswitzerland.ch\/#website\",\"url\":\"https:\/\/www.aranswitzerland.ch\/\",\"name\":\"Aran Switzerland\",\"description\":\"Kleidung, Taschen und Accessoires\",\"publisher\":{\"@id\":\"https:\/\/www.aranswitzerland.ch\/#organization\"},\"potentialAction\":[{\"@type\":\"SearchAction\",\"target\":{\"@type\":\"EntryPoint\",\"urlTemplate\":\"https:\/\/www.aranswitzerland.ch\/?s={search_term_string}\"},\"query-input\":{\"@type\":\"PropertyValueSpecification\",\"valueRequired\":true,\"valueName\":\"search_term_string\"}}],\"inLanguage\":\"fr-FR\"},{\"@type\":\"Organization\",\"@id\":\"https:\/\/www.aranswitzerland.ch\/#organization\",\"name\":\"Aran Switzerland\",\"url\":\"https:\/\/www.aranswitzerland.ch\/\",\"logo\":{\"@type\":\"ImageObject\",\"inLanguage\":\"fr-FR\",\"@id\":\"https:\/\/www.aranswitzerland.ch\/#\/schema\/logo\/image\/\",\"url\":\"https:\/\/www.aranswitzerland.ch\/wp-content\/uploads\/2024\/10\/Logo.jpg\",\"contentUrl\":\"https:\/\/www.aranswitzerland.ch\/wp-content\/uploads\/2024\/10\/Logo.jpg\",\"width\":600,\"height\":600,\"caption\":\"Aran Switzerland\"},\"image\":{\"@id\":\"https:\/\/www.aranswitzerland.ch\/#\/schema\/logo\/image\/\"},\"hasMerchantReturnPolicy\":{\"@type\":\"MerchantReturnPolicy\",\"merchantReturnLink\":\"https:\/\/www.aranswitzerland.ch\/fr\/rueckgabebedingungen\/\"}}]}<\/script>\n<meta property=\"product:brand\" content=\"Aran Woolen Mills\" \/>\n<meta property=\"og:availability\" content=\"instock\" \/>\n<meta property=\"product:availability\" content=\"instock\" \/>\n<meta property=\"product:retailer_item_id\" content=\"AR-112\" \/>\n<meta property=\"product:condition\" content=\"new\" \/>\n<!-- \/ Yoast SEO plugin. -->","yoast_head_json":{"title":"Pullover \u00e0 col montant et manches raglan pour femmes \u2013 Jaune","description":"Le style d\u00e9contract\u00e9 de ce pull de poids moyen \u00e0 la coupe f\u00e9minine s\u00e9duit un large \u00e9ventail d'\u00e2ges. Le motif tricot\u00e9 simple met en valeur le fil boucl\u00e9 a\u00e9r\u00e9, semblable \u00e0 du tweed.","robots":{"index":"index","follow":"follow","max-snippet":"max-snippet:-1","max-image-preview":"max-image-preview:large","max-video-preview":"max-video-preview:-1"},"canonical":"https:\/\/www.aranswitzerland.ch\/fr\/product\/rundhalspullover-fuer-damen-mit-gerolltem-kragen-und-raglanaermeln-gelb\/","og_locale":"fr_FR","og_type":"article","og_title":"Rundhalspullover f\u00fcr Damen mit gerolltem Kragen und Raglan\u00e4rmeln \u2013 Gelb","og_description":"Der locker-legere Stil dieses mittelschweren Pullovers im Damenschnitt spricht eine breite Altersgruppe an. Das schlichte Strickmuster hebt das luftige, Tweed-\u00e4hnliche Noppengarn hervor.","og_url":"https:\/\/www.aranswitzerland.ch\/fr\/product\/rundhalspullover-fuer-damen-mit-gerolltem-kragen-und-raglanaermeln-gelb\/","og_site_name":"Aran Switzerland","article_modified_time":"2025-12-30T18:08:22+00:00","og_image":[{"width":1051,"height":1577,"url":"https:\/\/www.aranswitzerland.ch\/wp-content\/uploads\/2025\/09\/Ladies_Roll_Neck_Raglan_Crew_Women_Original_2.jpg","type":"image\/jpeg"}],"twitter_card":"summary_large_image","twitter_misc":{"Disponibilit\u00e9":"En stock"},"schema":{"@context":"https:\/\/schema.org","@graph":[{"@type":"WebPage","@id":"https:\/\/www.aranswitzerland.ch\/product\/rundhalspullover-fuer-damen-mit-gerolltem-kragen-und-raglanaermeln-gelb\/","url":"https:\/\/www.aranswitzerland.ch\/product\/rundhalspullover-fuer-damen-mit-gerolltem-kragen-und-raglanaermeln-gelb\/","name":"Pullover \u00e0 col montant et manches raglan pour femmes \u2013 Jaune","isPartOf":{"@id":"https:\/\/www.aranswitzerland.ch\/#website"},"primaryImageOfPage":{"@id":"https:\/\/www.aranswitzerland.ch\/product\/rundhalspullover-fuer-damen-mit-gerolltem-kragen-und-raglanaermeln-gelb\/#primaryimage"},"image":{"@id":"https:\/\/www.aranswitzerland.ch\/product\/rundhalspullover-fuer-damen-mit-gerolltem-kragen-und-raglanaermeln-gelb\/#primaryimage"},"thumbnailUrl":"https:\/\/www.aranswitzerland.ch\/wp-content\/uploads\/2025\/09\/Ladies_Roll_Neck_Raglan_Crew_Women_Original_2.jpg","datePublished":"2025-09-29T20:43:36+00:00","dateModified":"2025-12-30T18:08:22+00:00","description":"Le style d\u00e9contract\u00e9 de ce pull de poids moyen \u00e0 la coupe f\u00e9minine s\u00e9duit un large \u00e9ventail d'\u00e2ges. Le motif tricot\u00e9 simple met en valeur le fil boucl\u00e9 a\u00e9r\u00e9, semblable \u00e0 du tweed.","breadcrumb":{"@id":"https:\/\/www.aranswitzerland.ch\/product\/rundhalspullover-fuer-damen-mit-gerolltem-kragen-und-raglanaermeln-gelb\/#breadcrumb"},"inLanguage":"fr-FR","potentialAction":[{"@type":"ReadAction","target":["https:\/\/www.aranswitzerland.ch\/product\/rundhalspullover-fuer-damen-mit-gerolltem-kragen-und-raglanaermeln-gelb\/"]}]},{"@type":"ImageObject","inLanguage":"fr-FR","@id":"https:\/\/www.aranswitzerland.ch\/product\/rundhalspullover-fuer-damen-mit-gerolltem-kragen-und-raglanaermeln-gelb\/#primaryimage","url":"https:\/\/www.aranswitzerland.ch\/wp-content\/uploads\/2025\/09\/Ladies_Roll_Neck_Raglan_Crew_Women_Original_2.jpg","contentUrl":"https:\/\/www.aranswitzerland.ch\/wp-content\/uploads\/2025\/09\/Ladies_Roll_Neck_Raglan_Crew_Women_Original_2.jpg","width":1051,"height":1577},{"@type":"BreadcrumbList","@id":"https:\/\/www.aranswitzerland.ch\/product\/rundhalspullover-fuer-damen-mit-gerolltem-kragen-und-raglanaermeln-gelb\/#breadcrumb","itemListElement":[{"@type":"ListItem","position":1,"name":"Shop","item":"https:\/\/www.aranswitzerland.ch\/en\/shop\/"},{"@type":"ListItem","position":2,"name":"Damen","item":"https:\/\/www.aranswitzerland.ch\/product-category\/damen\/"},{"@type":"ListItem","position":3,"name":"Rundhalspullover f\u00fcr Damen mit gerolltem Kragen und Raglan\u00e4rmeln \u2013 Gelb"}]},{"@type":"WebSite","@id":"https:\/\/www.aranswitzerland.ch\/#website","url":"https:\/\/www.aranswitzerland.ch\/","name":"Aran Switzerland","description":"Kleidung, Taschen und Accessoires","publisher":{"@id":"https:\/\/www.aranswitzerland.ch\/#organization"},"potentialAction":[{"@type":"SearchAction","target":{"@type":"EntryPoint","urlTemplate":"https:\/\/www.aranswitzerland.ch\/?s={search_term_string}"},"query-input":{"@type":"PropertyValueSpecification","valueRequired":true,"valueName":"search_term_string"}}],"inLanguage":"fr-FR"},{"@type":"Organization","@id":"https:\/\/www.aranswitzerland.ch\/#organization","name":"Aran Switzerland","url":"https:\/\/www.aranswitzerland.ch\/","logo":{"@type":"ImageObject","inLanguage":"fr-FR","@id":"https:\/\/www.aranswitzerland.ch\/#\/schema\/logo\/image\/","url":"https:\/\/www.aranswitzerland.ch\/wp-content\/uploads\/2024\/10\/Logo.jpg","contentUrl":"https:\/\/www.aranswitzerland.ch\/wp-content\/uploads\/2024\/10\/Logo.jpg","width":600,"height":600,"caption":"Aran Switzerland"},"image":{"@id":"https:\/\/www.aranswitzerland.ch\/#\/schema\/logo\/image\/"},"hasMerchantReturnPolicy":{"@type":"MerchantReturnPolicy","merchantReturnLink":"https:\/\/www.aranswitzerland.ch\/fr\/rueckgabebedingungen\/"}}]},"product_brand":"Aran Woolen Mills","og_availability":"instock","product_availability":"instock","product_retailer_item_id":"AR-112","product_condition":"new"},"_links":{"self":[{"href":"https:\/\/www.aranswitzerland.ch\/fr\/wp-json\/wp\/v2\/product\/4605","targetHints":{"allow":["GET"]}}],"collection":[{"href":"https:\/\/www.aranswitzerland.ch\/fr\/wp-json\/wp\/v2\/product"}],"about":[{"href":"https:\/\/www.aranswitzerland.ch\/fr\/wp-json\/wp\/v2\/types\/product"}],"replies":[{"embeddable":true,"href":"https:\/\/www.aranswitzerland.ch\/fr\/wp-json\/wp\/v2\/comments?post=4605"}],"version-history":[{"count":4,"href":"https:\/\/www.aranswitzerland.ch\/fr\/wp-json\/wp\/v2\/product\/4605\/revisions"}],"predecessor-version":[{"id":6294,"href":"https:\/\/www.aranswitzerland.ch\/fr\/wp-json\/wp\/v2\/product\/4605\/revisions\/6294"}],"wp:featuredmedia":[{"embeddable":true,"href":"https:\/\/www.aranswitzerland.ch\/fr\/wp-json\/wp\/v2\/media\/4609"}],"wp:attachment":[{"href":"https:\/\/www.aranswitzerland.ch\/fr\/wp-json\/wp\/v2\/media?parent=4605"}],"wp:term":[{"taxonomy":"product_brand","embeddable":true,"href":"https:\/\/www.aranswitzerland.ch\/fr\/wp-json\/wp\/v2\/product_brand?post=4605"},{"taxonomy":"product_cat","embeddable":true,"href":"https:\/\/www.aranswitzerland.ch\/fr\/wp-json\/wp\/v2\/product_cat?post=4605"},{"taxonomy":"product_tag","embeddable":true,"href":"https:\/\/www.aranswitzerland.ch\/fr\/wp-json\/wp\/v2\/product_tag?post=4605"}],"curies":[{"name":"wp","href":"https:\/\/api.w.org\/{rel}","templated":true}]}}