{"id":4697,"date":"2025-10-07T21:16:44","date_gmt":"2025-10-07T19:16:44","guid":{"rendered":"https:\/\/www.aranswitzerland.ch\/?post_type=product&#038;p=4697"},"modified":"2026-03-10T00:38:37","modified_gmt":"2026-03-09T22:38:37","slug":"bartoel-aus-seetang","status":"publish","type":"product","link":"https:\/\/www.aranswitzerland.ch\/fr\/product\/bartoel-aus-seetang\/","title":{"rendered":"Huile \u00e0 barbe aux algues marines"},"content":{"rendered":"","protected":false},"excerpt":{"rendered":"<p>Cette huile \u00e0 barbe nourrit en profondeur, favorise une croissance saine des poils tandis que les propri\u00e9t\u00e9s apaisantes des algues maintiennent votre peau hydrat\u00e9e et sans irritation. Vous connaissez le dicton : \u00ab Embrasser un homme sans barbe, c'est comme manger un \u0153uf sans sel ! \u00bb<\/p>","protected":false},"featured_media":4700,"comment_status":"open","ping_status":"closed","template":"","meta":{"_acf_changed":false},"product_brand":[178],"product_cat":[143],"product_tag":[198,316,199],"class_list":{"0":"post-4697","1":"product","2":"type-product","3":"status-publish","4":"has-post-thumbnail","6":"product_brand-wasi","7":"product_cat-lebensstil","8":"product_tag-koerperpflege","9":"product_tag-oel","10":"product_tag-seaweed","12":"first","13":"outofstock","14":"taxable","15":"shipping-taxable","16":"purchasable","17":"product-type-variable","18":"has-default-attributes"},"acf":[],"yoast_head":"<!-- This site is optimized with the Yoast SEO plugin v27.1.1 - https:\/\/yoast.com\/product\/yoast-seo-wordpress\/ -->\n<title>Bart\u00f6l aus Seetang<\/title>\n<meta name=\"robots\" content=\"index, follow, max-snippet:-1, max-image-preview:large, max-video-preview:-1\" \/>\n<link rel=\"canonical\" href=\"https:\/\/www.aranswitzerland.ch\/fr\/product\/bartoel-aus-seetang\/\" \/>\n<meta property=\"og:locale\" content=\"fr_FR\" \/>\n<meta property=\"og:type\" content=\"article\" \/>\n<meta property=\"og:title\" content=\"Bart\u00f6l aus Seetang\" \/>\n<meta property=\"og:description\" content=\"Dieses Bart\u00f6l pflegt intensiv, f\u00f6rdert gesundes Haarwachstum und die beruhigenden Eigenschaften des Seetangs sorgen f\u00fcr eine perfekt befeuchtete Haut ohne Irritationen. Ganz im Sinne von: \u00abEinen Mann ohne Bart zu k\u00fcssen ist wie ein Ei ohne Salz zu essen!\u00bb\" \/>\n<meta property=\"og:url\" content=\"https:\/\/www.aranswitzerland.ch\/fr\/product\/bartoel-aus-seetang\/\" \/>\n<meta property=\"og:site_name\" content=\"Aran Switzerland\" \/>\n<meta property=\"article:modified_time\" content=\"2026-03-09T22:38:37+00:00\" \/>\n<meta property=\"og:image\" content=\"https:\/\/www.aranswitzerland.ch\/wp-content\/uploads\/2025\/10\/Beard_Oil_Original_2.webp\" \/>\n\t<meta property=\"og:image:width\" content=\"1053\" \/>\n\t<meta property=\"og:image:height\" content=\"1580\" \/>\n\t<meta property=\"og:image:type\" content=\"image\/webp\" \/>\n<meta name=\"twitter:card\" content=\"summary_large_image\" \/>\n<meta name=\"twitter:label1\" content=\"Disponibilit\u00e9\" \/>\n\t<meta name=\"twitter:data1\" content=\"Rupture de stock\" \/>\n<script type=\"application\/ld+json\" class=\"yoast-schema-graph\">{\"@context\":\"https:\/\/schema.org\",\"@graph\":[{\"@type\":\"WebPage\",\"@id\":\"https:\/\/www.aranswitzerland.ch\/product\/bartoel-aus-seetang\/\",\"url\":\"https:\/\/www.aranswitzerland.ch\/product\/bartoel-aus-seetang\/\",\"name\":\"Bart\u00f6l aus Seetang\",\"isPartOf\":{\"@id\":\"https:\/\/www.aranswitzerland.ch\/#website\"},\"primaryImageOfPage\":{\"@id\":\"https:\/\/www.aranswitzerland.ch\/product\/bartoel-aus-seetang\/#primaryimage\"},\"image\":{\"@id\":\"https:\/\/www.aranswitzerland.ch\/product\/bartoel-aus-seetang\/#primaryimage\"},\"thumbnailUrl\":\"https:\/\/www.aranswitzerland.ch\/wp-content\/uploads\/2025\/10\/Beard_Oil_Original_2.webp\",\"datePublished\":\"2025-10-07T19:16:44+00:00\",\"dateModified\":\"2026-03-09T22:38:37+00:00\",\"breadcrumb\":{\"@id\":\"https:\/\/www.aranswitzerland.ch\/product\/bartoel-aus-seetang\/#breadcrumb\"},\"inLanguage\":\"fr-FR\",\"potentialAction\":[{\"@type\":\"ReadAction\",\"target\":[\"https:\/\/www.aranswitzerland.ch\/product\/bartoel-aus-seetang\/\"]}]},{\"@type\":\"ImageObject\",\"inLanguage\":\"fr-FR\",\"@id\":\"https:\/\/www.aranswitzerland.ch\/product\/bartoel-aus-seetang\/#primaryimage\",\"url\":\"https:\/\/www.aranswitzerland.ch\/wp-content\/uploads\/2025\/10\/Beard_Oil_Original_2.webp\",\"contentUrl\":\"https:\/\/www.aranswitzerland.ch\/wp-content\/uploads\/2025\/10\/Beard_Oil_Original_2.webp\",\"width\":1053,\"height\":1580},{\"@type\":\"BreadcrumbList\",\"@id\":\"https:\/\/www.aranswitzerland.ch\/product\/bartoel-aus-seetang\/#breadcrumb\",\"itemListElement\":[{\"@type\":\"ListItem\",\"position\":1,\"name\":\"Shop\",\"item\":\"https:\/\/www.aranswitzerland.ch\/en\/shop\/\"},{\"@type\":\"ListItem\",\"position\":2,\"name\":\"Lebensstil\",\"item\":\"https:\/\/www.aranswitzerland.ch\/product-category\/lebensstil\/\"},{\"@type\":\"ListItem\",\"position\":3,\"name\":\"Bart\u00f6l aus Seetang\"}]},{\"@type\":\"WebSite\",\"@id\":\"https:\/\/www.aranswitzerland.ch\/#website\",\"url\":\"https:\/\/www.aranswitzerland.ch\/\",\"name\":\"Aran Switzerland\",\"description\":\"Kleidung, Taschen und Accessoires\",\"publisher\":{\"@id\":\"https:\/\/www.aranswitzerland.ch\/#organization\"},\"potentialAction\":[{\"@type\":\"SearchAction\",\"target\":{\"@type\":\"EntryPoint\",\"urlTemplate\":\"https:\/\/www.aranswitzerland.ch\/?s={search_term_string}\"},\"query-input\":{\"@type\":\"PropertyValueSpecification\",\"valueRequired\":true,\"valueName\":\"search_term_string\"}}],\"inLanguage\":\"fr-FR\"},{\"@type\":\"Organization\",\"@id\":\"https:\/\/www.aranswitzerland.ch\/#organization\",\"name\":\"Aran Switzerland\",\"url\":\"https:\/\/www.aranswitzerland.ch\/\",\"logo\":{\"@type\":\"ImageObject\",\"inLanguage\":\"fr-FR\",\"@id\":\"https:\/\/www.aranswitzerland.ch\/#\/schema\/logo\/image\/\",\"url\":\"https:\/\/www.aranswitzerland.ch\/wp-content\/uploads\/2024\/10\/Logo.jpg\",\"contentUrl\":\"https:\/\/www.aranswitzerland.ch\/wp-content\/uploads\/2024\/10\/Logo.jpg\",\"width\":600,\"height\":600,\"caption\":\"Aran Switzerland\"},\"image\":{\"@id\":\"https:\/\/www.aranswitzerland.ch\/#\/schema\/logo\/image\/\"},\"hasMerchantReturnPolicy\":{\"@type\":\"MerchantReturnPolicy\",\"merchantReturnLink\":\"https:\/\/www.aranswitzerland.ch\/fr\/rueckgabebedingungen\/\"}}]}<\/script>\n<meta property=\"product:brand\" content=\"WASI\" \/>\n<meta property=\"og:availability\" content=\"out of stock\" \/>\n<meta property=\"product:availability\" content=\"out of stock\" \/>\n<meta property=\"product:retailer_item_id\" content=\"AR-117\" \/>\n<meta property=\"product:condition\" content=\"new\" \/>\n<!-- \/ Yoast SEO plugin. -->","yoast_head_json":{"title":"Huile \u00e0 barbe aux algues marines","robots":{"index":"index","follow":"follow","max-snippet":"max-snippet:-1","max-image-preview":"max-image-preview:large","max-video-preview":"max-video-preview:-1"},"canonical":"https:\/\/www.aranswitzerland.ch\/fr\/product\/bartoel-aus-seetang\/","og_locale":"fr_FR","og_type":"article","og_title":"Bart\u00f6l aus Seetang","og_description":"Dieses Bart\u00f6l pflegt intensiv, f\u00f6rdert gesundes Haarwachstum und die beruhigenden Eigenschaften des Seetangs sorgen f\u00fcr eine perfekt befeuchtete Haut ohne Irritationen. Ganz im Sinne von: \u00abEinen Mann ohne Bart zu k\u00fcssen ist wie ein Ei ohne Salz zu essen!\u00bb","og_url":"https:\/\/www.aranswitzerland.ch\/fr\/product\/bartoel-aus-seetang\/","og_site_name":"Aran Switzerland","article_modified_time":"2026-03-09T22:38:37+00:00","og_image":[{"width":1053,"height":1580,"url":"https:\/\/www.aranswitzerland.ch\/wp-content\/uploads\/2025\/10\/Beard_Oil_Original_2.webp","type":"image\/webp"}],"twitter_card":"summary_large_image","twitter_misc":{"Disponibilit\u00e9":"Rupture de stock"},"schema":{"@context":"https:\/\/schema.org","@graph":[{"@type":"WebPage","@id":"https:\/\/www.aranswitzerland.ch\/product\/bartoel-aus-seetang\/","url":"https:\/\/www.aranswitzerland.ch\/product\/bartoel-aus-seetang\/","name":"Huile \u00e0 barbe aux algues marines","isPartOf":{"@id":"https:\/\/www.aranswitzerland.ch\/#website"},"primaryImageOfPage":{"@id":"https:\/\/www.aranswitzerland.ch\/product\/bartoel-aus-seetang\/#primaryimage"},"image":{"@id":"https:\/\/www.aranswitzerland.ch\/product\/bartoel-aus-seetang\/#primaryimage"},"thumbnailUrl":"https:\/\/www.aranswitzerland.ch\/wp-content\/uploads\/2025\/10\/Beard_Oil_Original_2.webp","datePublished":"2025-10-07T19:16:44+00:00","dateModified":"2026-03-09T22:38:37+00:00","breadcrumb":{"@id":"https:\/\/www.aranswitzerland.ch\/product\/bartoel-aus-seetang\/#breadcrumb"},"inLanguage":"fr-FR","potentialAction":[{"@type":"ReadAction","target":["https:\/\/www.aranswitzerland.ch\/product\/bartoel-aus-seetang\/"]}]},{"@type":"ImageObject","inLanguage":"fr-FR","@id":"https:\/\/www.aranswitzerland.ch\/product\/bartoel-aus-seetang\/#primaryimage","url":"https:\/\/www.aranswitzerland.ch\/wp-content\/uploads\/2025\/10\/Beard_Oil_Original_2.webp","contentUrl":"https:\/\/www.aranswitzerland.ch\/wp-content\/uploads\/2025\/10\/Beard_Oil_Original_2.webp","width":1053,"height":1580},{"@type":"BreadcrumbList","@id":"https:\/\/www.aranswitzerland.ch\/product\/bartoel-aus-seetang\/#breadcrumb","itemListElement":[{"@type":"ListItem","position":1,"name":"Shop","item":"https:\/\/www.aranswitzerland.ch\/en\/shop\/"},{"@type":"ListItem","position":2,"name":"Lebensstil","item":"https:\/\/www.aranswitzerland.ch\/product-category\/lebensstil\/"},{"@type":"ListItem","position":3,"name":"Bart\u00f6l aus Seetang"}]},{"@type":"WebSite","@id":"https:\/\/www.aranswitzerland.ch\/#website","url":"https:\/\/www.aranswitzerland.ch\/","name":"Aran Switzerland","description":"Kleidung, Taschen und Accessoires","publisher":{"@id":"https:\/\/www.aranswitzerland.ch\/#organization"},"potentialAction":[{"@type":"SearchAction","target":{"@type":"EntryPoint","urlTemplate":"https:\/\/www.aranswitzerland.ch\/?s={search_term_string}"},"query-input":{"@type":"PropertyValueSpecification","valueRequired":true,"valueName":"search_term_string"}}],"inLanguage":"fr-FR"},{"@type":"Organization","@id":"https:\/\/www.aranswitzerland.ch\/#organization","name":"Aran Switzerland","url":"https:\/\/www.aranswitzerland.ch\/","logo":{"@type":"ImageObject","inLanguage":"fr-FR","@id":"https:\/\/www.aranswitzerland.ch\/#\/schema\/logo\/image\/","url":"https:\/\/www.aranswitzerland.ch\/wp-content\/uploads\/2024\/10\/Logo.jpg","contentUrl":"https:\/\/www.aranswitzerland.ch\/wp-content\/uploads\/2024\/10\/Logo.jpg","width":600,"height":600,"caption":"Aran Switzerland"},"image":{"@id":"https:\/\/www.aranswitzerland.ch\/#\/schema\/logo\/image\/"},"hasMerchantReturnPolicy":{"@type":"MerchantReturnPolicy","merchantReturnLink":"https:\/\/www.aranswitzerland.ch\/fr\/rueckgabebedingungen\/"}}]},"product_brand":"WASI","og_availability":"out of stock","product_availability":"out of stock","product_retailer_item_id":"AR-117","product_condition":"new"},"_links":{"self":[{"href":"https:\/\/www.aranswitzerland.ch\/fr\/wp-json\/wp\/v2\/product\/4697","targetHints":{"allow":["GET"]}}],"collection":[{"href":"https:\/\/www.aranswitzerland.ch\/fr\/wp-json\/wp\/v2\/product"}],"about":[{"href":"https:\/\/www.aranswitzerland.ch\/fr\/wp-json\/wp\/v2\/types\/product"}],"replies":[{"embeddable":true,"href":"https:\/\/www.aranswitzerland.ch\/fr\/wp-json\/wp\/v2\/comments?post=4697"}],"version-history":[{"count":2,"href":"https:\/\/www.aranswitzerland.ch\/fr\/wp-json\/wp\/v2\/product\/4697\/revisions"}],"predecessor-version":[{"id":5568,"href":"https:\/\/www.aranswitzerland.ch\/fr\/wp-json\/wp\/v2\/product\/4697\/revisions\/5568"}],"wp:featuredmedia":[{"embeddable":true,"href":"https:\/\/www.aranswitzerland.ch\/fr\/wp-json\/wp\/v2\/media\/4700"}],"wp:attachment":[{"href":"https:\/\/www.aranswitzerland.ch\/fr\/wp-json\/wp\/v2\/media?parent=4697"}],"wp:term":[{"taxonomy":"product_brand","embeddable":true,"href":"https:\/\/www.aranswitzerland.ch\/fr\/wp-json\/wp\/v2\/product_brand?post=4697"},{"taxonomy":"product_cat","embeddable":true,"href":"https:\/\/www.aranswitzerland.ch\/fr\/wp-json\/wp\/v2\/product_cat?post=4697"},{"taxonomy":"product_tag","embeddable":true,"href":"https:\/\/www.aranswitzerland.ch\/fr\/wp-json\/wp\/v2\/product_tag?post=4697"}],"curies":[{"name":"wp","href":"https:\/\/api.w.org\/{rel}","templated":true}]}}