{"id":5032,"date":"2025-10-14T11:20:09","date_gmt":"2025-10-14T09:20:09","guid":{"rendered":"https:\/\/www.aranswitzerland.ch\/?post_type=product&#038;p=5032"},"modified":"2026-02-24T17:15:36","modified_gmt":"2026-02-24T15:15:36","slug":"schal-aus-lammwolle-gruen-mit-fischgraetmuster","status":"publish","type":"product","link":"https:\/\/www.aranswitzerland.ch\/fr\/product\/schal-aus-lammwolle-gruen-mit-fischgraetmuster\/","title":{"rendered":"Echarpe en laine d\u2019agneau \u2013 vert \u00e0 chevrons"},"content":{"rendered":"","protected":false},"excerpt":{"rendered":"<p>Echarpe \u00e0 chevrons en jolie couleur verte et confectionn\u00e9e en laine d\u2019agneau douce de haute qualit\u00e9.<\/p>","protected":false},"featured_media":5034,"comment_status":"open","ping_status":"closed","template":"","meta":{"_acf_changed":false},"product_brand":[175],"product_cat":[33,31,30,213,32],"product_tag":[184,189,193,183],"class_list":{"0":"post-5032","1":"product","2":"type-product","3":"status-publish","4":"has-post-thumbnail","6":"product_brand-foxford","7":"product_cat-accessoires","8":"product_cat-damen","9":"product_cat-herren","10":"product_cat-schals","11":"product_cat-unisex","12":"product_tag-casual","13":"product_tag-lammwolle","14":"product_tag-schal","15":"product_tag-wolle","17":"first","18":"instock","19":"taxable","20":"shipping-taxable","21":"purchasable","22":"product-type-variable","23":"has-default-attributes"},"acf":[],"yoast_head":"<!-- This site is optimized with the Yoast SEO plugin v27.1.1 - https:\/\/yoast.com\/product\/yoast-seo-wordpress\/ -->\n<title>Schal aus Lammwolle \u2013 Gr\u00fcn mit Fischgr\u00e4tmuster<\/title>\n<meta name=\"robots\" content=\"index, follow, max-snippet:-1, max-image-preview:large, max-video-preview:-1\" \/>\n<link rel=\"canonical\" href=\"https:\/\/www.aranswitzerland.ch\/fr\/product\/schal-aus-lammwolle-gruen-mit-fischgraetmuster\/\" \/>\n<meta property=\"og:locale\" content=\"fr_FR\" \/>\n<meta property=\"og:type\" content=\"article\" \/>\n<meta property=\"og:title\" content=\"Schal aus Lammwolle \u2013 Gr\u00fcn mit Fischgr\u00e4tmuster\" \/>\n<meta property=\"og:description\" content=\"Dieser Schal mit Fischgr\u00e4tmuster besticht in lieblichem Gr\u00fcn und besteht aus weicher, hochwertiger Lammwolle.\" \/>\n<meta property=\"og:url\" content=\"https:\/\/www.aranswitzerland.ch\/fr\/product\/schal-aus-lammwolle-gruen-mit-fischgraetmuster\/\" \/>\n<meta property=\"og:site_name\" content=\"Aran Switzerland\" \/>\n<meta property=\"article:modified_time\" content=\"2026-02-24T15:15:36+00:00\" \/>\n<meta property=\"og:image\" content=\"https:\/\/www.aranswitzerland.ch\/wp-content\/uploads\/2025\/10\/Lambswool-Heritage-Collection-Green-Herringbone_1.webp\" \/>\n\t<meta property=\"og:image:width\" content=\"1053\" \/>\n\t<meta property=\"og:image:height\" content=\"1580\" \/>\n\t<meta property=\"og:image:type\" content=\"image\/webp\" \/>\n<meta name=\"twitter:card\" content=\"summary_large_image\" \/>\n<meta name=\"twitter:label1\" content=\"Disponibilit\u00e9\" \/>\n\t<meta name=\"twitter:data1\" content=\"En stock\" \/>\n<script type=\"application\/ld+json\" class=\"yoast-schema-graph\">{\"@context\":\"https:\/\/schema.org\",\"@graph\":[{\"@type\":\"WebPage\",\"@id\":\"https:\/\/www.aranswitzerland.ch\/product\/schal-aus-lammwolle-gruen-mit-fischgraetmuster\/\",\"url\":\"https:\/\/www.aranswitzerland.ch\/product\/schal-aus-lammwolle-gruen-mit-fischgraetmuster\/\",\"name\":\"Schal aus Lammwolle \u2013 Gr\u00fcn mit Fischgr\u00e4tmuster\",\"isPartOf\":{\"@id\":\"https:\/\/www.aranswitzerland.ch\/#website\"},\"primaryImageOfPage\":{\"@id\":\"https:\/\/www.aranswitzerland.ch\/product\/schal-aus-lammwolle-gruen-mit-fischgraetmuster\/#primaryimage\"},\"image\":{\"@id\":\"https:\/\/www.aranswitzerland.ch\/product\/schal-aus-lammwolle-gruen-mit-fischgraetmuster\/#primaryimage\"},\"thumbnailUrl\":\"https:\/\/www.aranswitzerland.ch\/wp-content\/uploads\/2025\/10\/Lambswool-Heritage-Collection-Green-Herringbone_1.webp\",\"datePublished\":\"2025-10-14T09:20:09+00:00\",\"dateModified\":\"2026-02-24T15:15:36+00:00\",\"breadcrumb\":{\"@id\":\"https:\/\/www.aranswitzerland.ch\/product\/schal-aus-lammwolle-gruen-mit-fischgraetmuster\/#breadcrumb\"},\"inLanguage\":\"fr-FR\",\"potentialAction\":[{\"@type\":\"ReadAction\",\"target\":[\"https:\/\/www.aranswitzerland.ch\/product\/schal-aus-lammwolle-gruen-mit-fischgraetmuster\/\"]}]},{\"@type\":\"ImageObject\",\"inLanguage\":\"fr-FR\",\"@id\":\"https:\/\/www.aranswitzerland.ch\/product\/schal-aus-lammwolle-gruen-mit-fischgraetmuster\/#primaryimage\",\"url\":\"https:\/\/www.aranswitzerland.ch\/wp-content\/uploads\/2025\/10\/Lambswool-Heritage-Collection-Green-Herringbone_1.webp\",\"contentUrl\":\"https:\/\/www.aranswitzerland.ch\/wp-content\/uploads\/2025\/10\/Lambswool-Heritage-Collection-Green-Herringbone_1.webp\",\"width\":1053,\"height\":1580},{\"@type\":\"BreadcrumbList\",\"@id\":\"https:\/\/www.aranswitzerland.ch\/product\/schal-aus-lammwolle-gruen-mit-fischgraetmuster\/#breadcrumb\",\"itemListElement\":[{\"@type\":\"ListItem\",\"position\":1,\"name\":\"Shop\",\"item\":\"https:\/\/www.aranswitzerland.ch\/en\/shop\/\"},{\"@type\":\"ListItem\",\"position\":2,\"name\":\"Accessoires\",\"item\":\"https:\/\/www.aranswitzerland.ch\/product-category\/accessoires\/\"},{\"@type\":\"ListItem\",\"position\":3,\"name\":\"Schal aus Lammwolle \u2013 Gr\u00fcn mit Fischgr\u00e4tmuster\"}]},{\"@type\":\"WebSite\",\"@id\":\"https:\/\/www.aranswitzerland.ch\/#website\",\"url\":\"https:\/\/www.aranswitzerland.ch\/\",\"name\":\"Aran Switzerland\",\"description\":\"Kleidung, Taschen und Accessoires\",\"publisher\":{\"@id\":\"https:\/\/www.aranswitzerland.ch\/#organization\"},\"potentialAction\":[{\"@type\":\"SearchAction\",\"target\":{\"@type\":\"EntryPoint\",\"urlTemplate\":\"https:\/\/www.aranswitzerland.ch\/?s={search_term_string}\"},\"query-input\":{\"@type\":\"PropertyValueSpecification\",\"valueRequired\":true,\"valueName\":\"search_term_string\"}}],\"inLanguage\":\"fr-FR\"},{\"@type\":\"Organization\",\"@id\":\"https:\/\/www.aranswitzerland.ch\/#organization\",\"name\":\"Aran Switzerland\",\"url\":\"https:\/\/www.aranswitzerland.ch\/\",\"logo\":{\"@type\":\"ImageObject\",\"inLanguage\":\"fr-FR\",\"@id\":\"https:\/\/www.aranswitzerland.ch\/#\/schema\/logo\/image\/\",\"url\":\"https:\/\/www.aranswitzerland.ch\/wp-content\/uploads\/2024\/10\/Logo.jpg\",\"contentUrl\":\"https:\/\/www.aranswitzerland.ch\/wp-content\/uploads\/2024\/10\/Logo.jpg\",\"width\":600,\"height\":600,\"caption\":\"Aran Switzerland\"},\"image\":{\"@id\":\"https:\/\/www.aranswitzerland.ch\/#\/schema\/logo\/image\/\"},\"hasMerchantReturnPolicy\":{\"@type\":\"MerchantReturnPolicy\",\"merchantReturnLink\":\"https:\/\/www.aranswitzerland.ch\/fr\/rueckgabebedingungen\/\"}}]}<\/script>\n<meta property=\"product:brand\" content=\"FOXFORD\" \/>\n<meta property=\"og:availability\" content=\"instock\" \/>\n<meta property=\"product:availability\" content=\"instock\" \/>\n<meta property=\"product:retailer_item_id\" content=\"AR-119\" \/>\n<meta property=\"product:condition\" content=\"new\" \/>\n<!-- \/ Yoast SEO plugin. -->","yoast_head_json":{"title":"Echarpe en laine d\u2019agneau \u2013 vert \u00e0 chevrons","robots":{"index":"index","follow":"follow","max-snippet":"max-snippet:-1","max-image-preview":"max-image-preview:large","max-video-preview":"max-video-preview:-1"},"canonical":"https:\/\/www.aranswitzerland.ch\/fr\/product\/schal-aus-lammwolle-gruen-mit-fischgraetmuster\/","og_locale":"fr_FR","og_type":"article","og_title":"Schal aus Lammwolle \u2013 Gr\u00fcn mit Fischgr\u00e4tmuster","og_description":"Dieser Schal mit Fischgr\u00e4tmuster besticht in lieblichem Gr\u00fcn und besteht aus weicher, hochwertiger Lammwolle.","og_url":"https:\/\/www.aranswitzerland.ch\/fr\/product\/schal-aus-lammwolle-gruen-mit-fischgraetmuster\/","og_site_name":"Aran Switzerland","article_modified_time":"2026-02-24T15:15:36+00:00","og_image":[{"width":1053,"height":1580,"url":"https:\/\/www.aranswitzerland.ch\/wp-content\/uploads\/2025\/10\/Lambswool-Heritage-Collection-Green-Herringbone_1.webp","type":"image\/webp"}],"twitter_card":"summary_large_image","twitter_misc":{"Disponibilit\u00e9":"En stock"},"schema":{"@context":"https:\/\/schema.org","@graph":[{"@type":"WebPage","@id":"https:\/\/www.aranswitzerland.ch\/product\/schal-aus-lammwolle-gruen-mit-fischgraetmuster\/","url":"https:\/\/www.aranswitzerland.ch\/product\/schal-aus-lammwolle-gruen-mit-fischgraetmuster\/","name":"Echarpe en laine d\u2019agneau \u2013 vert \u00e0 chevrons","isPartOf":{"@id":"https:\/\/www.aranswitzerland.ch\/#website"},"primaryImageOfPage":{"@id":"https:\/\/www.aranswitzerland.ch\/product\/schal-aus-lammwolle-gruen-mit-fischgraetmuster\/#primaryimage"},"image":{"@id":"https:\/\/www.aranswitzerland.ch\/product\/schal-aus-lammwolle-gruen-mit-fischgraetmuster\/#primaryimage"},"thumbnailUrl":"https:\/\/www.aranswitzerland.ch\/wp-content\/uploads\/2025\/10\/Lambswool-Heritage-Collection-Green-Herringbone_1.webp","datePublished":"2025-10-14T09:20:09+00:00","dateModified":"2026-02-24T15:15:36+00:00","breadcrumb":{"@id":"https:\/\/www.aranswitzerland.ch\/product\/schal-aus-lammwolle-gruen-mit-fischgraetmuster\/#breadcrumb"},"inLanguage":"fr-FR","potentialAction":[{"@type":"ReadAction","target":["https:\/\/www.aranswitzerland.ch\/product\/schal-aus-lammwolle-gruen-mit-fischgraetmuster\/"]}]},{"@type":"ImageObject","inLanguage":"fr-FR","@id":"https:\/\/www.aranswitzerland.ch\/product\/schal-aus-lammwolle-gruen-mit-fischgraetmuster\/#primaryimage","url":"https:\/\/www.aranswitzerland.ch\/wp-content\/uploads\/2025\/10\/Lambswool-Heritage-Collection-Green-Herringbone_1.webp","contentUrl":"https:\/\/www.aranswitzerland.ch\/wp-content\/uploads\/2025\/10\/Lambswool-Heritage-Collection-Green-Herringbone_1.webp","width":1053,"height":1580},{"@type":"BreadcrumbList","@id":"https:\/\/www.aranswitzerland.ch\/product\/schal-aus-lammwolle-gruen-mit-fischgraetmuster\/#breadcrumb","itemListElement":[{"@type":"ListItem","position":1,"name":"Shop","item":"https:\/\/www.aranswitzerland.ch\/en\/shop\/"},{"@type":"ListItem","position":2,"name":"Accessoires","item":"https:\/\/www.aranswitzerland.ch\/product-category\/accessoires\/"},{"@type":"ListItem","position":3,"name":"Schal aus Lammwolle \u2013 Gr\u00fcn mit Fischgr\u00e4tmuster"}]},{"@type":"WebSite","@id":"https:\/\/www.aranswitzerland.ch\/#website","url":"https:\/\/www.aranswitzerland.ch\/","name":"Aran Switzerland","description":"Kleidung, Taschen und Accessoires","publisher":{"@id":"https:\/\/www.aranswitzerland.ch\/#organization"},"potentialAction":[{"@type":"SearchAction","target":{"@type":"EntryPoint","urlTemplate":"https:\/\/www.aranswitzerland.ch\/?s={search_term_string}"},"query-input":{"@type":"PropertyValueSpecification","valueRequired":true,"valueName":"search_term_string"}}],"inLanguage":"fr-FR"},{"@type":"Organization","@id":"https:\/\/www.aranswitzerland.ch\/#organization","name":"Aran Switzerland","url":"https:\/\/www.aranswitzerland.ch\/","logo":{"@type":"ImageObject","inLanguage":"fr-FR","@id":"https:\/\/www.aranswitzerland.ch\/#\/schema\/logo\/image\/","url":"https:\/\/www.aranswitzerland.ch\/wp-content\/uploads\/2024\/10\/Logo.jpg","contentUrl":"https:\/\/www.aranswitzerland.ch\/wp-content\/uploads\/2024\/10\/Logo.jpg","width":600,"height":600,"caption":"Aran Switzerland"},"image":{"@id":"https:\/\/www.aranswitzerland.ch\/#\/schema\/logo\/image\/"},"hasMerchantReturnPolicy":{"@type":"MerchantReturnPolicy","merchantReturnLink":"https:\/\/www.aranswitzerland.ch\/fr\/rueckgabebedingungen\/"}}]},"product_brand":"FOXFORD","og_availability":"instock","product_availability":"instock","product_retailer_item_id":"AR-119","product_condition":"new"},"_links":{"self":[{"href":"https:\/\/www.aranswitzerland.ch\/fr\/wp-json\/wp\/v2\/product\/5032","targetHints":{"allow":["GET"]}}],"collection":[{"href":"https:\/\/www.aranswitzerland.ch\/fr\/wp-json\/wp\/v2\/product"}],"about":[{"href":"https:\/\/www.aranswitzerland.ch\/fr\/wp-json\/wp\/v2\/types\/product"}],"replies":[{"embeddable":true,"href":"https:\/\/www.aranswitzerland.ch\/fr\/wp-json\/wp\/v2\/comments?post=5032"}],"version-history":[{"count":4,"href":"https:\/\/www.aranswitzerland.ch\/fr\/wp-json\/wp\/v2\/product\/5032\/revisions"}],"predecessor-version":[{"id":5806,"href":"https:\/\/www.aranswitzerland.ch\/fr\/wp-json\/wp\/v2\/product\/5032\/revisions\/5806"}],"wp:featuredmedia":[{"embeddable":true,"href":"https:\/\/www.aranswitzerland.ch\/fr\/wp-json\/wp\/v2\/media\/5034"}],"wp:attachment":[{"href":"https:\/\/www.aranswitzerland.ch\/fr\/wp-json\/wp\/v2\/media?parent=5032"}],"wp:term":[{"taxonomy":"product_brand","embeddable":true,"href":"https:\/\/www.aranswitzerland.ch\/fr\/wp-json\/wp\/v2\/product_brand?post=5032"},{"taxonomy":"product_cat","embeddable":true,"href":"https:\/\/www.aranswitzerland.ch\/fr\/wp-json\/wp\/v2\/product_cat?post=5032"},{"taxonomy":"product_tag","embeddable":true,"href":"https:\/\/www.aranswitzerland.ch\/fr\/wp-json\/wp\/v2\/product_tag?post=5032"}],"curies":[{"name":"wp","href":"https:\/\/api.w.org\/{rel}","templated":true}]}}