{"id":5110,"date":"2025-10-14T12:09:35","date_gmt":"2025-10-14T10:09:35","guid":{"rendered":"https:\/\/www.aranswitzerland.ch\/?post_type=product&#038;p=5110"},"modified":"2025-12-30T20:08:22","modified_gmt":"2025-12-30T18:08:22","slug":"ueberwurf-dunbrody-aus-lammwolle-aquablau-und-blaugruen","status":"publish","type":"product","link":"https:\/\/www.aranswitzerland.ch\/fr\/product\/ueberwurf-dunbrody-aus-lammwolle-aquablau-und-blaugruen\/","title":{"rendered":"Plaid en laine d\u2019agneau Dunbrody \u2013 bleu aqua et bleu sarcelle"},"content":{"rendered":"","protected":false},"excerpt":{"rendered":"<p>Fabriqu\u00e9 \u00e0 partir de laine d'agneau douce de haute qualit\u00e9, ce plaid pr\u00e9sente un motif chevrons bleu p\u00e2le avec une rayure bleu plus fonc\u00e9. Il apportera chaleur \u00e0 n\u2019importe quelle pi\u00e8ce et constitue un ajout intemporel et raffin\u00e9 \u00e0 votre int\u00e9rieur, parfait pour recouvrir un canap\u00e9 ou un lit.<\/p>","protected":false},"featured_media":5113,"comment_status":"open","ping_status":"closed","template":"","meta":{"_acf_changed":false},"product_brand":[175],"product_cat":[33,143],"product_tag":[189,188,183],"class_list":{"0":"post-5110","1":"product","2":"type-product","3":"status-publish","4":"has-post-thumbnail","6":"product_brand-foxford","7":"product_cat-accessoires","8":"product_cat-lebensstil","9":"product_tag-lammwolle","10":"product_tag-ueberwurf","11":"product_tag-wolle","13":"first","14":"instock","15":"taxable","16":"shipping-taxable","17":"purchasable","18":"product-type-variable","19":"has-default-attributes"},"acf":[],"yoast_head":"<!-- This site is optimized with the Yoast SEO plugin v27.1.1 - https:\/\/yoast.com\/product\/yoast-seo-wordpress\/ -->\n<title>\u00dcberwurf \u00abDunbrody\u00bb aus Lammwolle \u2013 Aquablau und Blaugr\u00fcn<\/title>\n<meta name=\"robots\" content=\"index, follow, max-snippet:-1, max-image-preview:large, max-video-preview:-1\" \/>\n<link rel=\"canonical\" href=\"https:\/\/www.aranswitzerland.ch\/fr\/product\/ueberwurf-dunbrody-aus-lammwolle-aquablau-und-blaugruen\/\" \/>\n<meta property=\"og:locale\" content=\"fr_FR\" \/>\n<meta property=\"og:type\" content=\"article\" \/>\n<meta property=\"og:title\" content=\"\u00dcberwurf \u00abDunbrody\u00bb aus Lammwolle \u2013 Aquablau und Blaugr\u00fcn\" \/>\n<meta property=\"og:description\" content=\"Dieser Plaid wird aus weicher, erstklassiger Lammwolle gefertigt und besticht durch ein hellblaues Fischgr\u00e4tmuster mit dunkelblauem Streifen. Er spendet in jedem Raum W\u00e4rme und ist eine zeitlose und elegante Erg\u00e4nzung f\u00fcr Ihr Zuhause, perfekt als \u00dcberwurf f\u00fcr ein Sofa oder Bett.\" \/>\n<meta property=\"og:url\" content=\"https:\/\/www.aranswitzerland.ch\/fr\/product\/ueberwurf-dunbrody-aus-lammwolle-aquablau-und-blaugruen\/\" \/>\n<meta property=\"og:site_name\" content=\"Aran Switzerland\" \/>\n<meta property=\"article:modified_time\" content=\"2025-12-30T18:08:22+00:00\" \/>\n<meta property=\"og:image\" content=\"https:\/\/www.aranswitzerland.ch\/wp-content\/uploads\/2025\/10\/Lambswool-Throws-Dunbrody-Aqua-with-Teal-Stripe_2.webp\" \/>\n\t<meta property=\"og:image:width\" content=\"1161\" \/>\n\t<meta property=\"og:image:height\" content=\"1580\" \/>\n\t<meta property=\"og:image:type\" content=\"image\/webp\" \/>\n<meta name=\"twitter:card\" content=\"summary_large_image\" \/>\n<meta name=\"twitter:label1\" content=\"Disponibilit\u00e9\" \/>\n\t<meta name=\"twitter:data1\" content=\"En stock\" \/>\n<script type=\"application\/ld+json\" class=\"yoast-schema-graph\">{\"@context\":\"https:\/\/schema.org\",\"@graph\":[{\"@type\":\"WebPage\",\"@id\":\"https:\/\/www.aranswitzerland.ch\/product\/ueberwurf-dunbrody-aus-lammwolle-aquablau-und-blaugruen\/\",\"url\":\"https:\/\/www.aranswitzerland.ch\/product\/ueberwurf-dunbrody-aus-lammwolle-aquablau-und-blaugruen\/\",\"name\":\"\u00dcberwurf \u00abDunbrody\u00bb aus Lammwolle \u2013 Aquablau und Blaugr\u00fcn\",\"isPartOf\":{\"@id\":\"https:\/\/www.aranswitzerland.ch\/#website\"},\"primaryImageOfPage\":{\"@id\":\"https:\/\/www.aranswitzerland.ch\/product\/ueberwurf-dunbrody-aus-lammwolle-aquablau-und-blaugruen\/#primaryimage\"},\"image\":{\"@id\":\"https:\/\/www.aranswitzerland.ch\/product\/ueberwurf-dunbrody-aus-lammwolle-aquablau-und-blaugruen\/#primaryimage\"},\"thumbnailUrl\":\"https:\/\/www.aranswitzerland.ch\/wp-content\/uploads\/2025\/10\/Lambswool-Throws-Dunbrody-Aqua-with-Teal-Stripe_2.webp\",\"datePublished\":\"2025-10-14T10:09:35+00:00\",\"dateModified\":\"2025-12-30T18:08:22+00:00\",\"breadcrumb\":{\"@id\":\"https:\/\/www.aranswitzerland.ch\/product\/ueberwurf-dunbrody-aus-lammwolle-aquablau-und-blaugruen\/#breadcrumb\"},\"inLanguage\":\"fr-FR\",\"potentialAction\":[{\"@type\":\"ReadAction\",\"target\":[\"https:\/\/www.aranswitzerland.ch\/product\/ueberwurf-dunbrody-aus-lammwolle-aquablau-und-blaugruen\/\"]}]},{\"@type\":\"ImageObject\",\"inLanguage\":\"fr-FR\",\"@id\":\"https:\/\/www.aranswitzerland.ch\/product\/ueberwurf-dunbrody-aus-lammwolle-aquablau-und-blaugruen\/#primaryimage\",\"url\":\"https:\/\/www.aranswitzerland.ch\/wp-content\/uploads\/2025\/10\/Lambswool-Throws-Dunbrody-Aqua-with-Teal-Stripe_2.webp\",\"contentUrl\":\"https:\/\/www.aranswitzerland.ch\/wp-content\/uploads\/2025\/10\/Lambswool-Throws-Dunbrody-Aqua-with-Teal-Stripe_2.webp\",\"width\":1161,\"height\":1580},{\"@type\":\"BreadcrumbList\",\"@id\":\"https:\/\/www.aranswitzerland.ch\/product\/ueberwurf-dunbrody-aus-lammwolle-aquablau-und-blaugruen\/#breadcrumb\",\"itemListElement\":[{\"@type\":\"ListItem\",\"position\":1,\"name\":\"Shop\",\"item\":\"https:\/\/www.aranswitzerland.ch\/en\/shop\/\"},{\"@type\":\"ListItem\",\"position\":2,\"name\":\"Lebensstil\",\"item\":\"https:\/\/www.aranswitzerland.ch\/product-category\/lebensstil\/\"},{\"@type\":\"ListItem\",\"position\":3,\"name\":\"\u00dcberwurf \u00abDunbrody\u00bb aus Lammwolle \u2013 Aquablau und Blaugr\u00fcn\"}]},{\"@type\":\"WebSite\",\"@id\":\"https:\/\/www.aranswitzerland.ch\/#website\",\"url\":\"https:\/\/www.aranswitzerland.ch\/\",\"name\":\"Aran Switzerland\",\"description\":\"Kleidung, Taschen und Accessoires\",\"publisher\":{\"@id\":\"https:\/\/www.aranswitzerland.ch\/#organization\"},\"potentialAction\":[{\"@type\":\"SearchAction\",\"target\":{\"@type\":\"EntryPoint\",\"urlTemplate\":\"https:\/\/www.aranswitzerland.ch\/?s={search_term_string}\"},\"query-input\":{\"@type\":\"PropertyValueSpecification\",\"valueRequired\":true,\"valueName\":\"search_term_string\"}}],\"inLanguage\":\"fr-FR\"},{\"@type\":\"Organization\",\"@id\":\"https:\/\/www.aranswitzerland.ch\/#organization\",\"name\":\"Aran Switzerland\",\"url\":\"https:\/\/www.aranswitzerland.ch\/\",\"logo\":{\"@type\":\"ImageObject\",\"inLanguage\":\"fr-FR\",\"@id\":\"https:\/\/www.aranswitzerland.ch\/#\/schema\/logo\/image\/\",\"url\":\"https:\/\/www.aranswitzerland.ch\/wp-content\/uploads\/2024\/10\/Logo.jpg\",\"contentUrl\":\"https:\/\/www.aranswitzerland.ch\/wp-content\/uploads\/2024\/10\/Logo.jpg\",\"width\":600,\"height\":600,\"caption\":\"Aran Switzerland\"},\"image\":{\"@id\":\"https:\/\/www.aranswitzerland.ch\/#\/schema\/logo\/image\/\"},\"hasMerchantReturnPolicy\":{\"@type\":\"MerchantReturnPolicy\",\"merchantReturnLink\":\"https:\/\/www.aranswitzerland.ch\/fr\/rueckgabebedingungen\/\"}}]}<\/script>\n<meta property=\"product:brand\" content=\"FOXFORD\" \/>\n<meta property=\"og:availability\" content=\"instock\" \/>\n<meta property=\"product:availability\" content=\"instock\" \/>\n<meta property=\"product:retailer_item_id\" content=\"AR-129\" \/>\n<meta property=\"product:condition\" content=\"new\" \/>\n<!-- \/ Yoast SEO plugin. -->","yoast_head_json":{"title":"Plaid en laine d\u2019agneau Dunbrody \u2013 bleu aqua et bleu sarcelle","robots":{"index":"index","follow":"follow","max-snippet":"max-snippet:-1","max-image-preview":"max-image-preview:large","max-video-preview":"max-video-preview:-1"},"canonical":"https:\/\/www.aranswitzerland.ch\/fr\/product\/ueberwurf-dunbrody-aus-lammwolle-aquablau-und-blaugruen\/","og_locale":"fr_FR","og_type":"article","og_title":"\u00dcberwurf \u00abDunbrody\u00bb aus Lammwolle \u2013 Aquablau und Blaugr\u00fcn","og_description":"Dieser Plaid wird aus weicher, erstklassiger Lammwolle gefertigt und besticht durch ein hellblaues Fischgr\u00e4tmuster mit dunkelblauem Streifen. Er spendet in jedem Raum W\u00e4rme und ist eine zeitlose und elegante Erg\u00e4nzung f\u00fcr Ihr Zuhause, perfekt als \u00dcberwurf f\u00fcr ein Sofa oder Bett.","og_url":"https:\/\/www.aranswitzerland.ch\/fr\/product\/ueberwurf-dunbrody-aus-lammwolle-aquablau-und-blaugruen\/","og_site_name":"Aran Switzerland","article_modified_time":"2025-12-30T18:08:22+00:00","og_image":[{"width":1161,"height":1580,"url":"https:\/\/www.aranswitzerland.ch\/wp-content\/uploads\/2025\/10\/Lambswool-Throws-Dunbrody-Aqua-with-Teal-Stripe_2.webp","type":"image\/webp"}],"twitter_card":"summary_large_image","twitter_misc":{"Disponibilit\u00e9":"En stock"},"schema":{"@context":"https:\/\/schema.org","@graph":[{"@type":"WebPage","@id":"https:\/\/www.aranswitzerland.ch\/product\/ueberwurf-dunbrody-aus-lammwolle-aquablau-und-blaugruen\/","url":"https:\/\/www.aranswitzerland.ch\/product\/ueberwurf-dunbrody-aus-lammwolle-aquablau-und-blaugruen\/","name":"Plaid en laine d\u2019agneau Dunbrody \u2013 bleu aqua et bleu sarcelle","isPartOf":{"@id":"https:\/\/www.aranswitzerland.ch\/#website"},"primaryImageOfPage":{"@id":"https:\/\/www.aranswitzerland.ch\/product\/ueberwurf-dunbrody-aus-lammwolle-aquablau-und-blaugruen\/#primaryimage"},"image":{"@id":"https:\/\/www.aranswitzerland.ch\/product\/ueberwurf-dunbrody-aus-lammwolle-aquablau-und-blaugruen\/#primaryimage"},"thumbnailUrl":"https:\/\/www.aranswitzerland.ch\/wp-content\/uploads\/2025\/10\/Lambswool-Throws-Dunbrody-Aqua-with-Teal-Stripe_2.webp","datePublished":"2025-10-14T10:09:35+00:00","dateModified":"2025-12-30T18:08:22+00:00","breadcrumb":{"@id":"https:\/\/www.aranswitzerland.ch\/product\/ueberwurf-dunbrody-aus-lammwolle-aquablau-und-blaugruen\/#breadcrumb"},"inLanguage":"fr-FR","potentialAction":[{"@type":"ReadAction","target":["https:\/\/www.aranswitzerland.ch\/product\/ueberwurf-dunbrody-aus-lammwolle-aquablau-und-blaugruen\/"]}]},{"@type":"ImageObject","inLanguage":"fr-FR","@id":"https:\/\/www.aranswitzerland.ch\/product\/ueberwurf-dunbrody-aus-lammwolle-aquablau-und-blaugruen\/#primaryimage","url":"https:\/\/www.aranswitzerland.ch\/wp-content\/uploads\/2025\/10\/Lambswool-Throws-Dunbrody-Aqua-with-Teal-Stripe_2.webp","contentUrl":"https:\/\/www.aranswitzerland.ch\/wp-content\/uploads\/2025\/10\/Lambswool-Throws-Dunbrody-Aqua-with-Teal-Stripe_2.webp","width":1161,"height":1580},{"@type":"BreadcrumbList","@id":"https:\/\/www.aranswitzerland.ch\/product\/ueberwurf-dunbrody-aus-lammwolle-aquablau-und-blaugruen\/#breadcrumb","itemListElement":[{"@type":"ListItem","position":1,"name":"Shop","item":"https:\/\/www.aranswitzerland.ch\/en\/shop\/"},{"@type":"ListItem","position":2,"name":"Lebensstil","item":"https:\/\/www.aranswitzerland.ch\/product-category\/lebensstil\/"},{"@type":"ListItem","position":3,"name":"\u00dcberwurf \u00abDunbrody\u00bb aus Lammwolle \u2013 Aquablau und Blaugr\u00fcn"}]},{"@type":"WebSite","@id":"https:\/\/www.aranswitzerland.ch\/#website","url":"https:\/\/www.aranswitzerland.ch\/","name":"Aran Switzerland","description":"Kleidung, Taschen und Accessoires","publisher":{"@id":"https:\/\/www.aranswitzerland.ch\/#organization"},"potentialAction":[{"@type":"SearchAction","target":{"@type":"EntryPoint","urlTemplate":"https:\/\/www.aranswitzerland.ch\/?s={search_term_string}"},"query-input":{"@type":"PropertyValueSpecification","valueRequired":true,"valueName":"search_term_string"}}],"inLanguage":"fr-FR"},{"@type":"Organization","@id":"https:\/\/www.aranswitzerland.ch\/#organization","name":"Aran Switzerland","url":"https:\/\/www.aranswitzerland.ch\/","logo":{"@type":"ImageObject","inLanguage":"fr-FR","@id":"https:\/\/www.aranswitzerland.ch\/#\/schema\/logo\/image\/","url":"https:\/\/www.aranswitzerland.ch\/wp-content\/uploads\/2024\/10\/Logo.jpg","contentUrl":"https:\/\/www.aranswitzerland.ch\/wp-content\/uploads\/2024\/10\/Logo.jpg","width":600,"height":600,"caption":"Aran Switzerland"},"image":{"@id":"https:\/\/www.aranswitzerland.ch\/#\/schema\/logo\/image\/"},"hasMerchantReturnPolicy":{"@type":"MerchantReturnPolicy","merchantReturnLink":"https:\/\/www.aranswitzerland.ch\/fr\/rueckgabebedingungen\/"}}]},"product_brand":"FOXFORD","og_availability":"instock","product_availability":"instock","product_retailer_item_id":"AR-129","product_condition":"new"},"_links":{"self":[{"href":"https:\/\/www.aranswitzerland.ch\/fr\/wp-json\/wp\/v2\/product\/5110","targetHints":{"allow":["GET"]}}],"collection":[{"href":"https:\/\/www.aranswitzerland.ch\/fr\/wp-json\/wp\/v2\/product"}],"about":[{"href":"https:\/\/www.aranswitzerland.ch\/fr\/wp-json\/wp\/v2\/types\/product"}],"replies":[{"embeddable":true,"href":"https:\/\/www.aranswitzerland.ch\/fr\/wp-json\/wp\/v2\/comments?post=5110"}],"version-history":[{"count":4,"href":"https:\/\/www.aranswitzerland.ch\/fr\/wp-json\/wp\/v2\/product\/5110\/revisions"}],"predecessor-version":[{"id":5799,"href":"https:\/\/www.aranswitzerland.ch\/fr\/wp-json\/wp\/v2\/product\/5110\/revisions\/5799"}],"wp:featuredmedia":[{"embeddable":true,"href":"https:\/\/www.aranswitzerland.ch\/fr\/wp-json\/wp\/v2\/media\/5113"}],"wp:attachment":[{"href":"https:\/\/www.aranswitzerland.ch\/fr\/wp-json\/wp\/v2\/media?parent=5110"}],"wp:term":[{"taxonomy":"product_brand","embeddable":true,"href":"https:\/\/www.aranswitzerland.ch\/fr\/wp-json\/wp\/v2\/product_brand?post=5110"},{"taxonomy":"product_cat","embeddable":true,"href":"https:\/\/www.aranswitzerland.ch\/fr\/wp-json\/wp\/v2\/product_cat?post=5110"},{"taxonomy":"product_tag","embeddable":true,"href":"https:\/\/www.aranswitzerland.ch\/fr\/wp-json\/wp\/v2\/product_tag?post=5110"}],"curies":[{"name":"wp","href":"https:\/\/api.w.org\/{rel}","templated":true}]}}