{"id":5248,"date":"2025-10-29T21:02:30","date_gmt":"2025-10-29T19:02:30","guid":{"rendered":"https:\/\/www.aranswitzerland.ch\/?post_type=product&#038;p=5248"},"modified":"2026-02-03T12:41:58","modified_gmt":"2026-02-03T10:41:58","slug":"rundhalspullover-roundstone-denimblau","status":"publish","type":"product","link":"https:\/\/www.aranswitzerland.ch\/fr\/product\/rundhalspullover-roundstone-denimblau\/","title":{"rendered":"Pullover \u00e0 encolure ronde \u00ab Roundstone \u00bb \u2013 Bleu denim"},"content":{"rendered":"","protected":false},"excerpt":{"rendered":"<p>En jersey, \u00e0 encolure ronde et grosses mailles, doux \u00e0 la faveur du cachemire, ce pull Roundstone embl\u00e9matique est un classique dans une couleur bleu denim clair mouchet\u00e9e de bleu marine et de blanc.<\/p>","protected":false},"featured_media":5253,"comment_status":"open","ping_status":"closed","template":"","meta":{"_acf_changed":false},"product_brand":[170],"product_cat":[30,191],"product_tag":[184,171,182,212,183],"class_list":{"0":"post-5248","1":"product","2":"type-product","3":"status-publish","4":"has-post-thumbnail","6":"product_brand-irelandseye","7":"product_cat-herren","8":"product_cat-pullover","9":"product_tag-casual","10":"product_tag-kaschmir","11":"product_tag-pullover","12":"product_tag-superweiche-merinowolle","13":"product_tag-wolle","15":"first","16":"instock","17":"sale","18":"taxable","19":"shipping-taxable","20":"purchasable","21":"product-type-variable"},"acf":[],"yoast_head":"<!-- This site is optimized with the Yoast SEO plugin v27.1.1 - https:\/\/yoast.com\/product\/yoast-seo-wordpress\/ -->\n<title>Rundhalspullover \u00abRoundstone\u00bb \u2013 Denimblau<\/title>\n<meta name=\"robots\" content=\"index, follow, max-snippet:-1, max-image-preview:large, max-video-preview:-1\" \/>\n<link rel=\"canonical\" href=\"https:\/\/www.aranswitzerland.ch\/fr\/product\/rundhalspullover-roundstone-denimblau\/\" \/>\n<meta property=\"og:locale\" content=\"fr_FR\" \/>\n<meta property=\"og:type\" content=\"article\" \/>\n<meta property=\"og:title\" content=\"Rundhalspullover \u00abRoundstone\u00bb \u2013 Denimblau\" \/>\n<meta property=\"og:description\" content=\"Dieser klassische Pullover \u00abRoundstone\u00bb ist ein grobmaschiger Jersey-Rundhalspullover und dank dem Kaschmir noch weicher. Er weist eine hellblaue Denimfarbe mit marineblauen und weissen Maschen auf.\" \/>\n<meta property=\"og:url\" content=\"https:\/\/www.aranswitzerland.ch\/fr\/product\/rundhalspullover-roundstone-denimblau\/\" \/>\n<meta property=\"og:site_name\" content=\"Aran Switzerland\" \/>\n<meta property=\"article:modified_time\" content=\"2026-02-03T10:41:58+00:00\" \/>\n<meta property=\"og:image\" content=\"https:\/\/www.aranswitzerland.ch\/wp-content\/uploads\/2025\/10\/Roundstone_Sweater_Men_Original_2.webp\" \/>\n\t<meta property=\"og:image:width\" content=\"1311\" \/>\n\t<meta property=\"og:image:height\" content=\"1580\" \/>\n\t<meta property=\"og:image:type\" content=\"image\/webp\" \/>\n<meta name=\"twitter:card\" content=\"summary_large_image\" \/>\n<meta name=\"twitter:label1\" content=\"Disponibilit\u00e9\" \/>\n\t<meta name=\"twitter:data1\" content=\"En stock\" \/>\n<script type=\"application\/ld+json\" class=\"yoast-schema-graph\">{\"@context\":\"https:\/\/schema.org\",\"@graph\":[{\"@type\":\"WebPage\",\"@id\":\"https:\/\/www.aranswitzerland.ch\/product\/rundhalspullover-roundstone-denimblau\/\",\"url\":\"https:\/\/www.aranswitzerland.ch\/product\/rundhalspullover-roundstone-denimblau\/\",\"name\":\"Rundhalspullover \u00abRoundstone\u00bb \u2013 Denimblau\",\"isPartOf\":{\"@id\":\"https:\/\/www.aranswitzerland.ch\/#website\"},\"primaryImageOfPage\":{\"@id\":\"https:\/\/www.aranswitzerland.ch\/product\/rundhalspullover-roundstone-denimblau\/#primaryimage\"},\"image\":{\"@id\":\"https:\/\/www.aranswitzerland.ch\/product\/rundhalspullover-roundstone-denimblau\/#primaryimage\"},\"thumbnailUrl\":\"https:\/\/www.aranswitzerland.ch\/wp-content\/uploads\/2025\/10\/Roundstone_Sweater_Men_Original_2.webp\",\"datePublished\":\"2025-10-29T19:02:30+00:00\",\"dateModified\":\"2026-02-03T10:41:58+00:00\",\"breadcrumb\":{\"@id\":\"https:\/\/www.aranswitzerland.ch\/product\/rundhalspullover-roundstone-denimblau\/#breadcrumb\"},\"inLanguage\":\"fr-FR\",\"potentialAction\":[{\"@type\":\"ReadAction\",\"target\":[\"https:\/\/www.aranswitzerland.ch\/product\/rundhalspullover-roundstone-denimblau\/\"]}]},{\"@type\":\"ImageObject\",\"inLanguage\":\"fr-FR\",\"@id\":\"https:\/\/www.aranswitzerland.ch\/product\/rundhalspullover-roundstone-denimblau\/#primaryimage\",\"url\":\"https:\/\/www.aranswitzerland.ch\/wp-content\/uploads\/2025\/10\/Roundstone_Sweater_Men_Original_2.webp\",\"contentUrl\":\"https:\/\/www.aranswitzerland.ch\/wp-content\/uploads\/2025\/10\/Roundstone_Sweater_Men_Original_2.webp\",\"width\":1311,\"height\":1580},{\"@type\":\"BreadcrumbList\",\"@id\":\"https:\/\/www.aranswitzerland.ch\/product\/rundhalspullover-roundstone-denimblau\/#breadcrumb\",\"itemListElement\":[{\"@type\":\"ListItem\",\"position\":1,\"name\":\"Shop\",\"item\":\"https:\/\/www.aranswitzerland.ch\/en\/shop\/\"},{\"@type\":\"ListItem\",\"position\":2,\"name\":\"Herren\",\"item\":\"https:\/\/www.aranswitzerland.ch\/product-category\/herren\/\"},{\"@type\":\"ListItem\",\"position\":3,\"name\":\"Rundhalspullover \u00abRoundstone\u00bb \u2013 Denimblau\"}]},{\"@type\":\"WebSite\",\"@id\":\"https:\/\/www.aranswitzerland.ch\/#website\",\"url\":\"https:\/\/www.aranswitzerland.ch\/\",\"name\":\"Aran Switzerland\",\"description\":\"Kleidung, Taschen und Accessoires\",\"publisher\":{\"@id\":\"https:\/\/www.aranswitzerland.ch\/#organization\"},\"potentialAction\":[{\"@type\":\"SearchAction\",\"target\":{\"@type\":\"EntryPoint\",\"urlTemplate\":\"https:\/\/www.aranswitzerland.ch\/?s={search_term_string}\"},\"query-input\":{\"@type\":\"PropertyValueSpecification\",\"valueRequired\":true,\"valueName\":\"search_term_string\"}}],\"inLanguage\":\"fr-FR\"},{\"@type\":\"Organization\",\"@id\":\"https:\/\/www.aranswitzerland.ch\/#organization\",\"name\":\"Aran Switzerland\",\"url\":\"https:\/\/www.aranswitzerland.ch\/\",\"logo\":{\"@type\":\"ImageObject\",\"inLanguage\":\"fr-FR\",\"@id\":\"https:\/\/www.aranswitzerland.ch\/#\/schema\/logo\/image\/\",\"url\":\"https:\/\/www.aranswitzerland.ch\/wp-content\/uploads\/2024\/10\/Logo.jpg\",\"contentUrl\":\"https:\/\/www.aranswitzerland.ch\/wp-content\/uploads\/2024\/10\/Logo.jpg\",\"width\":600,\"height\":600,\"caption\":\"Aran Switzerland\"},\"image\":{\"@id\":\"https:\/\/www.aranswitzerland.ch\/#\/schema\/logo\/image\/\"},\"hasMerchantReturnPolicy\":{\"@type\":\"MerchantReturnPolicy\",\"merchantReturnLink\":\"https:\/\/www.aranswitzerland.ch\/fr\/rueckgabebedingungen\/\"}}]}<\/script>\n<meta property=\"product:brand\" content=\"IrelandsEye\" \/>\n<meta property=\"og:availability\" content=\"instock\" \/>\n<meta property=\"product:availability\" content=\"instock\" \/>\n<meta property=\"product:retailer_item_id\" content=\"AR-133\" \/>\n<meta property=\"product:condition\" content=\"new\" \/>\n<!-- \/ Yoast SEO plugin. -->","yoast_head_json":{"title":"Pullover \u00e0 encolure ronde \u00ab Roundstone \u00bb \u2013 Bleu denim","robots":{"index":"index","follow":"follow","max-snippet":"max-snippet:-1","max-image-preview":"max-image-preview:large","max-video-preview":"max-video-preview:-1"},"canonical":"https:\/\/www.aranswitzerland.ch\/fr\/product\/rundhalspullover-roundstone-denimblau\/","og_locale":"fr_FR","og_type":"article","og_title":"Rundhalspullover \u00abRoundstone\u00bb \u2013 Denimblau","og_description":"Dieser klassische Pullover \u00abRoundstone\u00bb ist ein grobmaschiger Jersey-Rundhalspullover und dank dem Kaschmir noch weicher. Er weist eine hellblaue Denimfarbe mit marineblauen und weissen Maschen auf.","og_url":"https:\/\/www.aranswitzerland.ch\/fr\/product\/rundhalspullover-roundstone-denimblau\/","og_site_name":"Aran Switzerland","article_modified_time":"2026-02-03T10:41:58+00:00","og_image":[{"width":1311,"height":1580,"url":"https:\/\/www.aranswitzerland.ch\/wp-content\/uploads\/2025\/10\/Roundstone_Sweater_Men_Original_2.webp","type":"image\/webp"}],"twitter_card":"summary_large_image","twitter_misc":{"Disponibilit\u00e9":"En stock"},"schema":{"@context":"https:\/\/schema.org","@graph":[{"@type":"WebPage","@id":"https:\/\/www.aranswitzerland.ch\/product\/rundhalspullover-roundstone-denimblau\/","url":"https:\/\/www.aranswitzerland.ch\/product\/rundhalspullover-roundstone-denimblau\/","name":"Pullover \u00e0 encolure ronde \u00ab Roundstone \u00bb \u2013 Bleu denim","isPartOf":{"@id":"https:\/\/www.aranswitzerland.ch\/#website"},"primaryImageOfPage":{"@id":"https:\/\/www.aranswitzerland.ch\/product\/rundhalspullover-roundstone-denimblau\/#primaryimage"},"image":{"@id":"https:\/\/www.aranswitzerland.ch\/product\/rundhalspullover-roundstone-denimblau\/#primaryimage"},"thumbnailUrl":"https:\/\/www.aranswitzerland.ch\/wp-content\/uploads\/2025\/10\/Roundstone_Sweater_Men_Original_2.webp","datePublished":"2025-10-29T19:02:30+00:00","dateModified":"2026-02-03T10:41:58+00:00","breadcrumb":{"@id":"https:\/\/www.aranswitzerland.ch\/product\/rundhalspullover-roundstone-denimblau\/#breadcrumb"},"inLanguage":"fr-FR","potentialAction":[{"@type":"ReadAction","target":["https:\/\/www.aranswitzerland.ch\/product\/rundhalspullover-roundstone-denimblau\/"]}]},{"@type":"ImageObject","inLanguage":"fr-FR","@id":"https:\/\/www.aranswitzerland.ch\/product\/rundhalspullover-roundstone-denimblau\/#primaryimage","url":"https:\/\/www.aranswitzerland.ch\/wp-content\/uploads\/2025\/10\/Roundstone_Sweater_Men_Original_2.webp","contentUrl":"https:\/\/www.aranswitzerland.ch\/wp-content\/uploads\/2025\/10\/Roundstone_Sweater_Men_Original_2.webp","width":1311,"height":1580},{"@type":"BreadcrumbList","@id":"https:\/\/www.aranswitzerland.ch\/product\/rundhalspullover-roundstone-denimblau\/#breadcrumb","itemListElement":[{"@type":"ListItem","position":1,"name":"Shop","item":"https:\/\/www.aranswitzerland.ch\/en\/shop\/"},{"@type":"ListItem","position":2,"name":"Herren","item":"https:\/\/www.aranswitzerland.ch\/product-category\/herren\/"},{"@type":"ListItem","position":3,"name":"Rundhalspullover \u00abRoundstone\u00bb \u2013 Denimblau"}]},{"@type":"WebSite","@id":"https:\/\/www.aranswitzerland.ch\/#website","url":"https:\/\/www.aranswitzerland.ch\/","name":"Aran Switzerland","description":"Kleidung, Taschen und Accessoires","publisher":{"@id":"https:\/\/www.aranswitzerland.ch\/#organization"},"potentialAction":[{"@type":"SearchAction","target":{"@type":"EntryPoint","urlTemplate":"https:\/\/www.aranswitzerland.ch\/?s={search_term_string}"},"query-input":{"@type":"PropertyValueSpecification","valueRequired":true,"valueName":"search_term_string"}}],"inLanguage":"fr-FR"},{"@type":"Organization","@id":"https:\/\/www.aranswitzerland.ch\/#organization","name":"Aran Switzerland","url":"https:\/\/www.aranswitzerland.ch\/","logo":{"@type":"ImageObject","inLanguage":"fr-FR","@id":"https:\/\/www.aranswitzerland.ch\/#\/schema\/logo\/image\/","url":"https:\/\/www.aranswitzerland.ch\/wp-content\/uploads\/2024\/10\/Logo.jpg","contentUrl":"https:\/\/www.aranswitzerland.ch\/wp-content\/uploads\/2024\/10\/Logo.jpg","width":600,"height":600,"caption":"Aran Switzerland"},"image":{"@id":"https:\/\/www.aranswitzerland.ch\/#\/schema\/logo\/image\/"},"hasMerchantReturnPolicy":{"@type":"MerchantReturnPolicy","merchantReturnLink":"https:\/\/www.aranswitzerland.ch\/fr\/rueckgabebedingungen\/"}}]},"product_brand":"IrelandsEye","og_availability":"instock","product_availability":"instock","product_retailer_item_id":"AR-133","product_condition":"new"},"_links":{"self":[{"href":"https:\/\/www.aranswitzerland.ch\/fr\/wp-json\/wp\/v2\/product\/5248","targetHints":{"allow":["GET"]}}],"collection":[{"href":"https:\/\/www.aranswitzerland.ch\/fr\/wp-json\/wp\/v2\/product"}],"about":[{"href":"https:\/\/www.aranswitzerland.ch\/fr\/wp-json\/wp\/v2\/types\/product"}],"replies":[{"embeddable":true,"href":"https:\/\/www.aranswitzerland.ch\/fr\/wp-json\/wp\/v2\/comments?post=5248"}],"version-history":[{"count":5,"href":"https:\/\/www.aranswitzerland.ch\/fr\/wp-json\/wp\/v2\/product\/5248\/revisions"}],"predecessor-version":[{"id":5460,"href":"https:\/\/www.aranswitzerland.ch\/fr\/wp-json\/wp\/v2\/product\/5248\/revisions\/5460"}],"wp:featuredmedia":[{"embeddable":true,"href":"https:\/\/www.aranswitzerland.ch\/fr\/wp-json\/wp\/v2\/media\/5253"}],"wp:attachment":[{"href":"https:\/\/www.aranswitzerland.ch\/fr\/wp-json\/wp\/v2\/media?parent=5248"}],"wp:term":[{"taxonomy":"product_brand","embeddable":true,"href":"https:\/\/www.aranswitzerland.ch\/fr\/wp-json\/wp\/v2\/product_brand?post=5248"},{"taxonomy":"product_cat","embeddable":true,"href":"https:\/\/www.aranswitzerland.ch\/fr\/wp-json\/wp\/v2\/product_cat?post=5248"},{"taxonomy":"product_tag","embeddable":true,"href":"https:\/\/www.aranswitzerland.ch\/fr\/wp-json\/wp\/v2\/product_tag?post=5248"}],"curies":[{"name":"wp","href":"https:\/\/api.w.org\/{rel}","templated":true}]}}