{"id":6337,"date":"2025-12-16T01:31:28","date_gmt":"2025-12-15T23:31:28","guid":{"rendered":"https:\/\/www.aranswitzerland.ch\/?post_type=product&#038;p=6337"},"modified":"2026-02-07T19:07:17","modified_gmt":"2026-02-07T17:07:17","slug":"rundhalspullover-mit-gerolltem-kragen-und-kaengurutasche-fuer-kinder-gelb-orange-creme","status":"publish","type":"product","link":"https:\/\/www.aranswitzerland.ch\/fr\/product\/rundhalspullover-mit-gerolltem-kragen-und-kaengurutasche-fuer-kinder-gelb-orange-creme\/","title":{"rendered":"Pullover \u00e0 col montant et poche kangourou pour enfants \u2013 Jeune\/orange\/cr\u00e8me"},"content":{"rendered":"","protected":false},"excerpt":{"rendered":"<p>Dot\u00e9 d'un col roul\u00e9, d'un ourlet et de poignets aux couleurs contrast\u00e9es, ce pull douillet offre un confort suppl\u00e9mentaire gr\u00e2ce \u00e0 sa poche kangourou torsad\u00e9e qui permet de garder les petites mains bien au chaud.<\/p>","protected":false},"featured_media":6343,"comment_status":"open","ping_status":"closed","template":"","meta":{"_acf_changed":false},"product_brand":[173],"product_cat":[34,191],"product_tag":[184,206,226,182,207,183],"class_list":{"0":"post-6337","1":"product","2":"type-product","3":"status-publish","4":"has-post-thumbnail","6":"product_brand-aran-woolen-mills","7":"product_cat-kinder","8":"product_cat-pullover","9":"product_tag-casual","10":"product_tag-donegal-tweed","11":"product_tag-merinowolle","12":"product_tag-pullover","13":"product_tag-reine-schurwolle","14":"product_tag-wolle","16":"first","17":"instock","18":"taxable","19":"shipping-taxable","20":"purchasable","21":"product-type-variable"},"acf":[],"yoast_head":"<!-- This site is optimized with the Yoast SEO plugin v27.1.1 - https:\/\/yoast.com\/product\/yoast-seo-wordpress\/ -->\n<title>Rundhalspullover mit gerolltem Kragen und K\u00e4ngurutasche f\u00fcr Kinder \u2013 Gelb\/Orange\/Cr\u00e8me<\/title>\n<meta name=\"robots\" content=\"index, follow, max-snippet:-1, max-image-preview:large, max-video-preview:-1\" \/>\n<link rel=\"canonical\" href=\"https:\/\/www.aranswitzerland.ch\/fr\/product\/rundhalspullover-mit-gerolltem-kragen-und-kaengurutasche-fuer-kinder-gelb-orange-creme\/\" \/>\n<meta property=\"og:locale\" content=\"fr_FR\" \/>\n<meta property=\"og:type\" content=\"article\" \/>\n<meta property=\"og:title\" content=\"Rundhalspullover mit gerolltem Kragen und K\u00e4ngurutasche f\u00fcr Kinder \u2013 Gelb\/Orange\/Cr\u00e8me\" \/>\n<meta property=\"og:description\" content=\"Dieser Wohlf\u00fchlpullover hat einen gerollten Kragen, Saum und \u00c4rmelb\u00fcndchen in kontrastierenden Farben und bietet dank der K\u00e4ngurutasche mit Zopfmuster zus\u00e4tzlichen Komfort, damit kleine H\u00e4nde warm bleiben.\" \/>\n<meta property=\"og:url\" content=\"https:\/\/www.aranswitzerland.ch\/fr\/product\/rundhalspullover-mit-gerolltem-kragen-und-kaengurutasche-fuer-kinder-gelb-orange-creme\/\" \/>\n<meta property=\"og:site_name\" content=\"Aran Switzerland\" \/>\n<meta property=\"article:modified_time\" content=\"2026-02-07T17:07:17+00:00\" \/>\n<meta property=\"og:image\" content=\"https:\/\/www.aranswitzerland.ch\/wp-content\/uploads\/2025\/12\/Childrens_Roll_Neck_with_Kangaroo_Po_Yellow_Original_2.webp\" \/>\n\t<meta property=\"og:image:width\" content=\"1264\" \/>\n\t<meta property=\"og:image:height\" content=\"1580\" \/>\n\t<meta property=\"og:image:type\" content=\"image\/webp\" \/>\n<meta name=\"twitter:card\" content=\"summary_large_image\" \/>\n<meta name=\"twitter:label1\" content=\"Disponibilit\u00e9\" \/>\n\t<meta name=\"twitter:data1\" content=\"En stock\" \/>\n<script type=\"application\/ld+json\" class=\"yoast-schema-graph\">{\"@context\":\"https:\/\/schema.org\",\"@graph\":[{\"@type\":\"WebPage\",\"@id\":\"https:\/\/www.aranswitzerland.ch\/product\/rundhalspullover-mit-gerolltem-kragen-und-kaengurutasche-fuer-kinder-gelb-orange-creme\/\",\"url\":\"https:\/\/www.aranswitzerland.ch\/product\/rundhalspullover-mit-gerolltem-kragen-und-kaengurutasche-fuer-kinder-gelb-orange-creme\/\",\"name\":\"Rundhalspullover mit gerolltem Kragen und K\u00e4ngurutasche f\u00fcr Kinder \u2013 Gelb\/Orange\/Cr\u00e8me\",\"isPartOf\":{\"@id\":\"https:\/\/www.aranswitzerland.ch\/#website\"},\"primaryImageOfPage\":{\"@id\":\"https:\/\/www.aranswitzerland.ch\/product\/rundhalspullover-mit-gerolltem-kragen-und-kaengurutasche-fuer-kinder-gelb-orange-creme\/#primaryimage\"},\"image\":{\"@id\":\"https:\/\/www.aranswitzerland.ch\/product\/rundhalspullover-mit-gerolltem-kragen-und-kaengurutasche-fuer-kinder-gelb-orange-creme\/#primaryimage\"},\"thumbnailUrl\":\"https:\/\/www.aranswitzerland.ch\/wp-content\/uploads\/2025\/12\/Childrens_Roll_Neck_with_Kangaroo_Po_Yellow_Original_2.webp\",\"datePublished\":\"2025-12-15T23:31:28+00:00\",\"dateModified\":\"2026-02-07T17:07:17+00:00\",\"breadcrumb\":{\"@id\":\"https:\/\/www.aranswitzerland.ch\/product\/rundhalspullover-mit-gerolltem-kragen-und-kaengurutasche-fuer-kinder-gelb-orange-creme\/#breadcrumb\"},\"inLanguage\":\"fr-FR\",\"potentialAction\":[{\"@type\":\"ReadAction\",\"target\":[\"https:\/\/www.aranswitzerland.ch\/product\/rundhalspullover-mit-gerolltem-kragen-und-kaengurutasche-fuer-kinder-gelb-orange-creme\/\"]}]},{\"@type\":\"ImageObject\",\"inLanguage\":\"fr-FR\",\"@id\":\"https:\/\/www.aranswitzerland.ch\/product\/rundhalspullover-mit-gerolltem-kragen-und-kaengurutasche-fuer-kinder-gelb-orange-creme\/#primaryimage\",\"url\":\"https:\/\/www.aranswitzerland.ch\/wp-content\/uploads\/2025\/12\/Childrens_Roll_Neck_with_Kangaroo_Po_Yellow_Original_2.webp\",\"contentUrl\":\"https:\/\/www.aranswitzerland.ch\/wp-content\/uploads\/2025\/12\/Childrens_Roll_Neck_with_Kangaroo_Po_Yellow_Original_2.webp\",\"width\":1264,\"height\":1580},{\"@type\":\"BreadcrumbList\",\"@id\":\"https:\/\/www.aranswitzerland.ch\/product\/rundhalspullover-mit-gerolltem-kragen-und-kaengurutasche-fuer-kinder-gelb-orange-creme\/#breadcrumb\",\"itemListElement\":[{\"@type\":\"ListItem\",\"position\":1,\"name\":\"Shop\",\"item\":\"https:\/\/www.aranswitzerland.ch\/en\/shop\/\"},{\"@type\":\"ListItem\",\"position\":2,\"name\":\"Kinder\",\"item\":\"https:\/\/www.aranswitzerland.ch\/product-category\/kinder\/\"},{\"@type\":\"ListItem\",\"position\":3,\"name\":\"Rundhalspullover mit gerolltem Kragen und K\u00e4ngurutasche f\u00fcr Kinder \u2013 Gelb\/Orange\/Cr\u00e8me\"}]},{\"@type\":\"WebSite\",\"@id\":\"https:\/\/www.aranswitzerland.ch\/#website\",\"url\":\"https:\/\/www.aranswitzerland.ch\/\",\"name\":\"Aran Switzerland\",\"description\":\"Kleidung, Taschen und Accessoires\",\"publisher\":{\"@id\":\"https:\/\/www.aranswitzerland.ch\/#organization\"},\"potentialAction\":[{\"@type\":\"SearchAction\",\"target\":{\"@type\":\"EntryPoint\",\"urlTemplate\":\"https:\/\/www.aranswitzerland.ch\/?s={search_term_string}\"},\"query-input\":{\"@type\":\"PropertyValueSpecification\",\"valueRequired\":true,\"valueName\":\"search_term_string\"}}],\"inLanguage\":\"fr-FR\"},{\"@type\":\"Organization\",\"@id\":\"https:\/\/www.aranswitzerland.ch\/#organization\",\"name\":\"Aran Switzerland\",\"url\":\"https:\/\/www.aranswitzerland.ch\/\",\"logo\":{\"@type\":\"ImageObject\",\"inLanguage\":\"fr-FR\",\"@id\":\"https:\/\/www.aranswitzerland.ch\/#\/schema\/logo\/image\/\",\"url\":\"https:\/\/www.aranswitzerland.ch\/wp-content\/uploads\/2024\/10\/Logo.jpg\",\"contentUrl\":\"https:\/\/www.aranswitzerland.ch\/wp-content\/uploads\/2024\/10\/Logo.jpg\",\"width\":600,\"height\":600,\"caption\":\"Aran Switzerland\"},\"image\":{\"@id\":\"https:\/\/www.aranswitzerland.ch\/#\/schema\/logo\/image\/\"},\"hasMerchantReturnPolicy\":{\"@type\":\"MerchantReturnPolicy\",\"merchantReturnLink\":\"https:\/\/www.aranswitzerland.ch\/fr\/rueckgabebedingungen\/\"}}]}<\/script>\n<meta property=\"product:brand\" content=\"Aran Woolen Mills\" \/>\n<meta property=\"og:availability\" content=\"instock\" \/>\n<meta property=\"product:availability\" content=\"instock\" \/>\n<meta property=\"product:retailer_item_id\" content=\"AR-141\" \/>\n<meta property=\"product:condition\" content=\"new\" \/>\n<!-- \/ Yoast SEO plugin. -->","yoast_head_json":{"title":"Pullover \u00e0 col montant et poche kangourou pour enfants \u2013 Jeune\/orange\/cr\u00e8me","robots":{"index":"index","follow":"follow","max-snippet":"max-snippet:-1","max-image-preview":"max-image-preview:large","max-video-preview":"max-video-preview:-1"},"canonical":"https:\/\/www.aranswitzerland.ch\/fr\/product\/rundhalspullover-mit-gerolltem-kragen-und-kaengurutasche-fuer-kinder-gelb-orange-creme\/","og_locale":"fr_FR","og_type":"article","og_title":"Rundhalspullover mit gerolltem Kragen und K\u00e4ngurutasche f\u00fcr Kinder \u2013 Gelb\/Orange\/Cr\u00e8me","og_description":"Dieser Wohlf\u00fchlpullover hat einen gerollten Kragen, Saum und \u00c4rmelb\u00fcndchen in kontrastierenden Farben und bietet dank der K\u00e4ngurutasche mit Zopfmuster zus\u00e4tzlichen Komfort, damit kleine H\u00e4nde warm bleiben.","og_url":"https:\/\/www.aranswitzerland.ch\/fr\/product\/rundhalspullover-mit-gerolltem-kragen-und-kaengurutasche-fuer-kinder-gelb-orange-creme\/","og_site_name":"Aran Switzerland","article_modified_time":"2026-02-07T17:07:17+00:00","og_image":[{"width":1264,"height":1580,"url":"https:\/\/www.aranswitzerland.ch\/wp-content\/uploads\/2025\/12\/Childrens_Roll_Neck_with_Kangaroo_Po_Yellow_Original_2.webp","type":"image\/webp"}],"twitter_card":"summary_large_image","twitter_misc":{"Disponibilit\u00e9":"En stock"},"schema":{"@context":"https:\/\/schema.org","@graph":[{"@type":"WebPage","@id":"https:\/\/www.aranswitzerland.ch\/product\/rundhalspullover-mit-gerolltem-kragen-und-kaengurutasche-fuer-kinder-gelb-orange-creme\/","url":"https:\/\/www.aranswitzerland.ch\/product\/rundhalspullover-mit-gerolltem-kragen-und-kaengurutasche-fuer-kinder-gelb-orange-creme\/","name":"Pullover \u00e0 col montant et poche kangourou pour enfants \u2013 Jeune\/orange\/cr\u00e8me","isPartOf":{"@id":"https:\/\/www.aranswitzerland.ch\/#website"},"primaryImageOfPage":{"@id":"https:\/\/www.aranswitzerland.ch\/product\/rundhalspullover-mit-gerolltem-kragen-und-kaengurutasche-fuer-kinder-gelb-orange-creme\/#primaryimage"},"image":{"@id":"https:\/\/www.aranswitzerland.ch\/product\/rundhalspullover-mit-gerolltem-kragen-und-kaengurutasche-fuer-kinder-gelb-orange-creme\/#primaryimage"},"thumbnailUrl":"https:\/\/www.aranswitzerland.ch\/wp-content\/uploads\/2025\/12\/Childrens_Roll_Neck_with_Kangaroo_Po_Yellow_Original_2.webp","datePublished":"2025-12-15T23:31:28+00:00","dateModified":"2026-02-07T17:07:17+00:00","breadcrumb":{"@id":"https:\/\/www.aranswitzerland.ch\/product\/rundhalspullover-mit-gerolltem-kragen-und-kaengurutasche-fuer-kinder-gelb-orange-creme\/#breadcrumb"},"inLanguage":"fr-FR","potentialAction":[{"@type":"ReadAction","target":["https:\/\/www.aranswitzerland.ch\/product\/rundhalspullover-mit-gerolltem-kragen-und-kaengurutasche-fuer-kinder-gelb-orange-creme\/"]}]},{"@type":"ImageObject","inLanguage":"fr-FR","@id":"https:\/\/www.aranswitzerland.ch\/product\/rundhalspullover-mit-gerolltem-kragen-und-kaengurutasche-fuer-kinder-gelb-orange-creme\/#primaryimage","url":"https:\/\/www.aranswitzerland.ch\/wp-content\/uploads\/2025\/12\/Childrens_Roll_Neck_with_Kangaroo_Po_Yellow_Original_2.webp","contentUrl":"https:\/\/www.aranswitzerland.ch\/wp-content\/uploads\/2025\/12\/Childrens_Roll_Neck_with_Kangaroo_Po_Yellow_Original_2.webp","width":1264,"height":1580},{"@type":"BreadcrumbList","@id":"https:\/\/www.aranswitzerland.ch\/product\/rundhalspullover-mit-gerolltem-kragen-und-kaengurutasche-fuer-kinder-gelb-orange-creme\/#breadcrumb","itemListElement":[{"@type":"ListItem","position":1,"name":"Shop","item":"https:\/\/www.aranswitzerland.ch\/en\/shop\/"},{"@type":"ListItem","position":2,"name":"Kinder","item":"https:\/\/www.aranswitzerland.ch\/product-category\/kinder\/"},{"@type":"ListItem","position":3,"name":"Rundhalspullover mit gerolltem Kragen und K\u00e4ngurutasche f\u00fcr Kinder \u2013 Gelb\/Orange\/Cr\u00e8me"}]},{"@type":"WebSite","@id":"https:\/\/www.aranswitzerland.ch\/#website","url":"https:\/\/www.aranswitzerland.ch\/","name":"Aran Switzerland","description":"Kleidung, Taschen und Accessoires","publisher":{"@id":"https:\/\/www.aranswitzerland.ch\/#organization"},"potentialAction":[{"@type":"SearchAction","target":{"@type":"EntryPoint","urlTemplate":"https:\/\/www.aranswitzerland.ch\/?s={search_term_string}"},"query-input":{"@type":"PropertyValueSpecification","valueRequired":true,"valueName":"search_term_string"}}],"inLanguage":"fr-FR"},{"@type":"Organization","@id":"https:\/\/www.aranswitzerland.ch\/#organization","name":"Aran Switzerland","url":"https:\/\/www.aranswitzerland.ch\/","logo":{"@type":"ImageObject","inLanguage":"fr-FR","@id":"https:\/\/www.aranswitzerland.ch\/#\/schema\/logo\/image\/","url":"https:\/\/www.aranswitzerland.ch\/wp-content\/uploads\/2024\/10\/Logo.jpg","contentUrl":"https:\/\/www.aranswitzerland.ch\/wp-content\/uploads\/2024\/10\/Logo.jpg","width":600,"height":600,"caption":"Aran Switzerland"},"image":{"@id":"https:\/\/www.aranswitzerland.ch\/#\/schema\/logo\/image\/"},"hasMerchantReturnPolicy":{"@type":"MerchantReturnPolicy","merchantReturnLink":"https:\/\/www.aranswitzerland.ch\/fr\/rueckgabebedingungen\/"}}]},"product_brand":"Aran Woolen Mills","og_availability":"instock","product_availability":"instock","product_retailer_item_id":"AR-141","product_condition":"new"},"_links":{"self":[{"href":"https:\/\/www.aranswitzerland.ch\/fr\/wp-json\/wp\/v2\/product\/6337","targetHints":{"allow":["GET"]}}],"collection":[{"href":"https:\/\/www.aranswitzerland.ch\/fr\/wp-json\/wp\/v2\/product"}],"about":[{"href":"https:\/\/www.aranswitzerland.ch\/fr\/wp-json\/wp\/v2\/types\/product"}],"replies":[{"embeddable":true,"href":"https:\/\/www.aranswitzerland.ch\/fr\/wp-json\/wp\/v2\/comments?post=6337"}],"version-history":[{"count":3,"href":"https:\/\/www.aranswitzerland.ch\/fr\/wp-json\/wp\/v2\/product\/6337\/revisions"}],"predecessor-version":[{"id":6359,"href":"https:\/\/www.aranswitzerland.ch\/fr\/wp-json\/wp\/v2\/product\/6337\/revisions\/6359"}],"wp:featuredmedia":[{"embeddable":true,"href":"https:\/\/www.aranswitzerland.ch\/fr\/wp-json\/wp\/v2\/media\/6343"}],"wp:attachment":[{"href":"https:\/\/www.aranswitzerland.ch\/fr\/wp-json\/wp\/v2\/media?parent=6337"}],"wp:term":[{"taxonomy":"product_brand","embeddable":true,"href":"https:\/\/www.aranswitzerland.ch\/fr\/wp-json\/wp\/v2\/product_brand?post=6337"},{"taxonomy":"product_cat","embeddable":true,"href":"https:\/\/www.aranswitzerland.ch\/fr\/wp-json\/wp\/v2\/product_cat?post=6337"},{"taxonomy":"product_tag","embeddable":true,"href":"https:\/\/www.aranswitzerland.ch\/fr\/wp-json\/wp\/v2\/product_tag?post=6337"}],"curies":[{"name":"wp","href":"https:\/\/api.w.org\/{rel}","templated":true}]}}