{"id":6510,"date":"2026-02-07T19:21:10","date_gmt":"2026-02-07T17:21:10","guid":{"rendered":"https:\/\/www.aranswitzerland.ch\/?post_type=product&#038;p=6510"},"modified":"2026-02-07T20:32:10","modified_gmt":"2026-02-07T18:32:10","slug":"pantoeffelchen-fuer-babies-mit-schafmotiv","status":"publish","type":"product","link":"https:\/\/www.aranswitzerland.ch\/fr\/product\/pantoeffelchen-fuer-babies-mit-schafmotiv\/","title":{"rendered":"Chaussons motif mouton pour b\u00e9b\u00e9s"},"content":{"rendered":"","protected":false},"excerpt":{"rendered":"<p>Adorables chaussons avec Shepley le mouton sur le devant, repr\u00e9sent\u00e9 par une laine \u00e0 mailles boucl\u00e9es, des oreilles tactiles en 3D et des traits du visage brod\u00e9s sur un fond uni. Tricot\u00e9s \u00e0 la main en 100 % m\u00e9rinos.<\/p>","protected":false},"featured_media":6497,"comment_status":"open","ping_status":"closed","template":"","meta":{"_acf_changed":false},"product_brand":[173],"product_cat":[33,34],"product_tag":[184,226,301,183],"class_list":{"0":"post-6510","1":"product","2":"type-product","3":"status-publish","4":"has-post-thumbnail","6":"product_brand-aran-woolen-mills","7":"product_cat-accessoires","8":"product_cat-kinder","9":"product_tag-casual","10":"product_tag-merinowolle","11":"product_tag-pantoeffelchen","12":"product_tag-wolle","14":"first","15":"instock","16":"taxable","17":"shipping-taxable","18":"purchasable","19":"product-type-variable","20":"has-default-attributes"},"acf":[],"yoast_head":"<!-- This site is optimized with the Yoast SEO plugin v27.1.1 - https:\/\/yoast.com\/product\/yoast-seo-wordpress\/ -->\n<title>Pant\u00f6ffelchen f\u00fcr Babies mit Schafmotiv<\/title>\n<meta name=\"robots\" content=\"index, follow, max-snippet:-1, max-image-preview:large, max-video-preview:-1\" \/>\n<link rel=\"canonical\" href=\"https:\/\/www.aranswitzerland.ch\/fr\/product\/pantoeffelchen-fuer-babies-mit-schafmotiv\/\" \/>\n<meta property=\"og:locale\" content=\"fr_FR\" \/>\n<meta property=\"og:type\" content=\"article\" \/>\n<meta property=\"og:title\" content=\"Pant\u00f6ffelchen f\u00fcr Babies mit Schafmotiv\" \/>\n<meta property=\"og:description\" content=\"Niedliche Pant\u00f6ffelchen mit Schafmotiv auf der Vorderseite, das aus Wolle in Schlaufenmaschen, greifbaren 3D-Ohren und gestickten Gesichtsmerkmalen auf einem weichen Untergrund besteht. Handgestrickt aus 100% Merinowolle.\" \/>\n<meta property=\"og:url\" content=\"https:\/\/www.aranswitzerland.ch\/fr\/product\/pantoeffelchen-fuer-babies-mit-schafmotiv\/\" \/>\n<meta property=\"og:site_name\" content=\"Aran Switzerland\" \/>\n<meta property=\"article:modified_time\" content=\"2026-02-07T18:32:10+00:00\" \/>\n<meta property=\"og:image\" content=\"https:\/\/www.aranswitzerland.ch\/wp-content\/uploads\/2026\/02\/Baby_Shepley_Booties_Children_Original_1.webp\" \/>\n\t<meta property=\"og:image:width\" content=\"1996\" \/>\n\t<meta property=\"og:image:height\" content=\"1580\" \/>\n\t<meta property=\"og:image:type\" content=\"image\/webp\" \/>\n<meta name=\"twitter:card\" content=\"summary_large_image\" \/>\n<meta name=\"twitter:label1\" content=\"Disponibilit\u00e9\" \/>\n\t<meta name=\"twitter:data1\" content=\"En stock\" \/>\n<script type=\"application\/ld+json\" class=\"yoast-schema-graph\">{\"@context\":\"https:\/\/schema.org\",\"@graph\":[{\"@type\":\"WebPage\",\"@id\":\"https:\/\/www.aranswitzerland.ch\/product\/pantoeffelchen-fuer-babies-mit-schafmotiv\/\",\"url\":\"https:\/\/www.aranswitzerland.ch\/product\/pantoeffelchen-fuer-babies-mit-schafmotiv\/\",\"name\":\"Pant\u00f6ffelchen f\u00fcr Babies mit Schafmotiv\",\"isPartOf\":{\"@id\":\"https:\/\/www.aranswitzerland.ch\/#website\"},\"primaryImageOfPage\":{\"@id\":\"https:\/\/www.aranswitzerland.ch\/product\/pantoeffelchen-fuer-babies-mit-schafmotiv\/#primaryimage\"},\"image\":{\"@id\":\"https:\/\/www.aranswitzerland.ch\/product\/pantoeffelchen-fuer-babies-mit-schafmotiv\/#primaryimage\"},\"thumbnailUrl\":\"https:\/\/www.aranswitzerland.ch\/wp-content\/uploads\/2026\/02\/Baby_Shepley_Booties_Children_Original_1.webp\",\"datePublished\":\"2026-02-07T17:21:10+00:00\",\"dateModified\":\"2026-02-07T18:32:10+00:00\",\"breadcrumb\":{\"@id\":\"https:\/\/www.aranswitzerland.ch\/product\/pantoeffelchen-fuer-babies-mit-schafmotiv\/#breadcrumb\"},\"inLanguage\":\"fr-FR\",\"potentialAction\":[{\"@type\":\"ReadAction\",\"target\":[\"https:\/\/www.aranswitzerland.ch\/product\/pantoeffelchen-fuer-babies-mit-schafmotiv\/\"]}]},{\"@type\":\"ImageObject\",\"inLanguage\":\"fr-FR\",\"@id\":\"https:\/\/www.aranswitzerland.ch\/product\/pantoeffelchen-fuer-babies-mit-schafmotiv\/#primaryimage\",\"url\":\"https:\/\/www.aranswitzerland.ch\/wp-content\/uploads\/2026\/02\/Baby_Shepley_Booties_Children_Original_1.webp\",\"contentUrl\":\"https:\/\/www.aranswitzerland.ch\/wp-content\/uploads\/2026\/02\/Baby_Shepley_Booties_Children_Original_1.webp\",\"width\":1996,\"height\":1580},{\"@type\":\"BreadcrumbList\",\"@id\":\"https:\/\/www.aranswitzerland.ch\/product\/pantoeffelchen-fuer-babies-mit-schafmotiv\/#breadcrumb\",\"itemListElement\":[{\"@type\":\"ListItem\",\"position\":1,\"name\":\"Shop\",\"item\":\"https:\/\/www.aranswitzerland.ch\/en\/shop\/\"},{\"@type\":\"ListItem\",\"position\":2,\"name\":\"Kinder\",\"item\":\"https:\/\/www.aranswitzerland.ch\/product-category\/kinder\/\"},{\"@type\":\"ListItem\",\"position\":3,\"name\":\"Pant\u00f6ffelchen f\u00fcr Babies mit Schafmotiv\"}]},{\"@type\":\"WebSite\",\"@id\":\"https:\/\/www.aranswitzerland.ch\/#website\",\"url\":\"https:\/\/www.aranswitzerland.ch\/\",\"name\":\"Aran Switzerland\",\"description\":\"Kleidung, Taschen und Accessoires\",\"publisher\":{\"@id\":\"https:\/\/www.aranswitzerland.ch\/#organization\"},\"potentialAction\":[{\"@type\":\"SearchAction\",\"target\":{\"@type\":\"EntryPoint\",\"urlTemplate\":\"https:\/\/www.aranswitzerland.ch\/?s={search_term_string}\"},\"query-input\":{\"@type\":\"PropertyValueSpecification\",\"valueRequired\":true,\"valueName\":\"search_term_string\"}}],\"inLanguage\":\"fr-FR\"},{\"@type\":\"Organization\",\"@id\":\"https:\/\/www.aranswitzerland.ch\/#organization\",\"name\":\"Aran Switzerland\",\"url\":\"https:\/\/www.aranswitzerland.ch\/\",\"logo\":{\"@type\":\"ImageObject\",\"inLanguage\":\"fr-FR\",\"@id\":\"https:\/\/www.aranswitzerland.ch\/#\/schema\/logo\/image\/\",\"url\":\"https:\/\/www.aranswitzerland.ch\/wp-content\/uploads\/2024\/10\/Logo.jpg\",\"contentUrl\":\"https:\/\/www.aranswitzerland.ch\/wp-content\/uploads\/2024\/10\/Logo.jpg\",\"width\":600,\"height\":600,\"caption\":\"Aran Switzerland\"},\"image\":{\"@id\":\"https:\/\/www.aranswitzerland.ch\/#\/schema\/logo\/image\/\"},\"hasMerchantReturnPolicy\":{\"@type\":\"MerchantReturnPolicy\",\"merchantReturnLink\":\"https:\/\/www.aranswitzerland.ch\/fr\/rueckgabebedingungen\/\"}}]}<\/script>\n<meta property=\"product:brand\" content=\"Aran Woolen Mills\" \/>\n<meta property=\"og:availability\" content=\"instock\" \/>\n<meta property=\"product:availability\" content=\"instock\" \/>\n<meta property=\"product:retailer_item_id\" content=\"AR-147\" \/>\n<meta property=\"product:condition\" content=\"new\" \/>\n<!-- \/ Yoast SEO plugin. -->","yoast_head_json":{"title":"Chaussons motif mouton pour b\u00e9b\u00e9s","robots":{"index":"index","follow":"follow","max-snippet":"max-snippet:-1","max-image-preview":"max-image-preview:large","max-video-preview":"max-video-preview:-1"},"canonical":"https:\/\/www.aranswitzerland.ch\/fr\/product\/pantoeffelchen-fuer-babies-mit-schafmotiv\/","og_locale":"fr_FR","og_type":"article","og_title":"Pant\u00f6ffelchen f\u00fcr Babies mit Schafmotiv","og_description":"Niedliche Pant\u00f6ffelchen mit Schafmotiv auf der Vorderseite, das aus Wolle in Schlaufenmaschen, greifbaren 3D-Ohren und gestickten Gesichtsmerkmalen auf einem weichen Untergrund besteht. Handgestrickt aus 100% Merinowolle.","og_url":"https:\/\/www.aranswitzerland.ch\/fr\/product\/pantoeffelchen-fuer-babies-mit-schafmotiv\/","og_site_name":"Aran Switzerland","article_modified_time":"2026-02-07T18:32:10+00:00","og_image":[{"width":1996,"height":1580,"url":"https:\/\/www.aranswitzerland.ch\/wp-content\/uploads\/2026\/02\/Baby_Shepley_Booties_Children_Original_1.webp","type":"image\/webp"}],"twitter_card":"summary_large_image","twitter_misc":{"Disponibilit\u00e9":"En stock"},"schema":{"@context":"https:\/\/schema.org","@graph":[{"@type":"WebPage","@id":"https:\/\/www.aranswitzerland.ch\/product\/pantoeffelchen-fuer-babies-mit-schafmotiv\/","url":"https:\/\/www.aranswitzerland.ch\/product\/pantoeffelchen-fuer-babies-mit-schafmotiv\/","name":"Chaussons motif mouton pour b\u00e9b\u00e9s","isPartOf":{"@id":"https:\/\/www.aranswitzerland.ch\/#website"},"primaryImageOfPage":{"@id":"https:\/\/www.aranswitzerland.ch\/product\/pantoeffelchen-fuer-babies-mit-schafmotiv\/#primaryimage"},"image":{"@id":"https:\/\/www.aranswitzerland.ch\/product\/pantoeffelchen-fuer-babies-mit-schafmotiv\/#primaryimage"},"thumbnailUrl":"https:\/\/www.aranswitzerland.ch\/wp-content\/uploads\/2026\/02\/Baby_Shepley_Booties_Children_Original_1.webp","datePublished":"2026-02-07T17:21:10+00:00","dateModified":"2026-02-07T18:32:10+00:00","breadcrumb":{"@id":"https:\/\/www.aranswitzerland.ch\/product\/pantoeffelchen-fuer-babies-mit-schafmotiv\/#breadcrumb"},"inLanguage":"fr-FR","potentialAction":[{"@type":"ReadAction","target":["https:\/\/www.aranswitzerland.ch\/product\/pantoeffelchen-fuer-babies-mit-schafmotiv\/"]}]},{"@type":"ImageObject","inLanguage":"fr-FR","@id":"https:\/\/www.aranswitzerland.ch\/product\/pantoeffelchen-fuer-babies-mit-schafmotiv\/#primaryimage","url":"https:\/\/www.aranswitzerland.ch\/wp-content\/uploads\/2026\/02\/Baby_Shepley_Booties_Children_Original_1.webp","contentUrl":"https:\/\/www.aranswitzerland.ch\/wp-content\/uploads\/2026\/02\/Baby_Shepley_Booties_Children_Original_1.webp","width":1996,"height":1580},{"@type":"BreadcrumbList","@id":"https:\/\/www.aranswitzerland.ch\/product\/pantoeffelchen-fuer-babies-mit-schafmotiv\/#breadcrumb","itemListElement":[{"@type":"ListItem","position":1,"name":"Shop","item":"https:\/\/www.aranswitzerland.ch\/en\/shop\/"},{"@type":"ListItem","position":2,"name":"Kinder","item":"https:\/\/www.aranswitzerland.ch\/product-category\/kinder\/"},{"@type":"ListItem","position":3,"name":"Pant\u00f6ffelchen f\u00fcr Babies mit Schafmotiv"}]},{"@type":"WebSite","@id":"https:\/\/www.aranswitzerland.ch\/#website","url":"https:\/\/www.aranswitzerland.ch\/","name":"Aran Switzerland","description":"Kleidung, Taschen und Accessoires","publisher":{"@id":"https:\/\/www.aranswitzerland.ch\/#organization"},"potentialAction":[{"@type":"SearchAction","target":{"@type":"EntryPoint","urlTemplate":"https:\/\/www.aranswitzerland.ch\/?s={search_term_string}"},"query-input":{"@type":"PropertyValueSpecification","valueRequired":true,"valueName":"search_term_string"}}],"inLanguage":"fr-FR"},{"@type":"Organization","@id":"https:\/\/www.aranswitzerland.ch\/#organization","name":"Aran Switzerland","url":"https:\/\/www.aranswitzerland.ch\/","logo":{"@type":"ImageObject","inLanguage":"fr-FR","@id":"https:\/\/www.aranswitzerland.ch\/#\/schema\/logo\/image\/","url":"https:\/\/www.aranswitzerland.ch\/wp-content\/uploads\/2024\/10\/Logo.jpg","contentUrl":"https:\/\/www.aranswitzerland.ch\/wp-content\/uploads\/2024\/10\/Logo.jpg","width":600,"height":600,"caption":"Aran Switzerland"},"image":{"@id":"https:\/\/www.aranswitzerland.ch\/#\/schema\/logo\/image\/"},"hasMerchantReturnPolicy":{"@type":"MerchantReturnPolicy","merchantReturnLink":"https:\/\/www.aranswitzerland.ch\/fr\/rueckgabebedingungen\/"}}]},"product_brand":"Aran Woolen Mills","og_availability":"instock","product_availability":"instock","product_retailer_item_id":"AR-147","product_condition":"new"},"_links":{"self":[{"href":"https:\/\/www.aranswitzerland.ch\/fr\/wp-json\/wp\/v2\/product\/6510","targetHints":{"allow":["GET"]}}],"collection":[{"href":"https:\/\/www.aranswitzerland.ch\/fr\/wp-json\/wp\/v2\/product"}],"about":[{"href":"https:\/\/www.aranswitzerland.ch\/fr\/wp-json\/wp\/v2\/types\/product"}],"replies":[{"embeddable":true,"href":"https:\/\/www.aranswitzerland.ch\/fr\/wp-json\/wp\/v2\/comments?post=6510"}],"version-history":[{"count":4,"href":"https:\/\/www.aranswitzerland.ch\/fr\/wp-json\/wp\/v2\/product\/6510\/revisions"}],"predecessor-version":[{"id":6526,"href":"https:\/\/www.aranswitzerland.ch\/fr\/wp-json\/wp\/v2\/product\/6510\/revisions\/6526"}],"wp:featuredmedia":[{"embeddable":true,"href":"https:\/\/www.aranswitzerland.ch\/fr\/wp-json\/wp\/v2\/media\/6497"}],"wp:attachment":[{"href":"https:\/\/www.aranswitzerland.ch\/fr\/wp-json\/wp\/v2\/media?parent=6510"}],"wp:term":[{"taxonomy":"product_brand","embeddable":true,"href":"https:\/\/www.aranswitzerland.ch\/fr\/wp-json\/wp\/v2\/product_brand?post=6510"},{"taxonomy":"product_cat","embeddable":true,"href":"https:\/\/www.aranswitzerland.ch\/fr\/wp-json\/wp\/v2\/product_cat?post=6510"},{"taxonomy":"product_tag","embeddable":true,"href":"https:\/\/www.aranswitzerland.ch\/fr\/wp-json\/wp\/v2\/product_tag?post=6510"}],"curies":[{"name":"wp","href":"https:\/\/api.w.org\/{rel}","templated":true}]}}