{"id":6711,"date":"2026-03-10T00:42:24","date_gmt":"2026-03-09T22:42:24","guid":{"rendered":"https:\/\/www.aranswitzerland.ch\/?post_type=product&#038;p=6711"},"modified":"2026-03-10T01:32:52","modified_gmt":"2026-03-09T23:32:52","slug":"blumensamen-fuer-bienen-und-schmetterlinge-pflanzen-fuer-bestaeuber","status":"publish","type":"product","link":"https:\/\/www.aranswitzerland.ch\/fr\/product\/blumensamen-fuer-bienen-und-schmetterlinge-pflanzen-fuer-bestaeuber\/","title":{"rendered":"Graines de fleurs pour abeilles et papillons \u2013 Plantes pour pollinisateurs"},"content":{"rendered":"","protected":false},"excerpt":{"rendered":"<p>Ce m\u00e9lange annuel est une alternative facile \u00e0 cultiver aux fleurs estivales. Comme par magie, il en d\u00e9coulera une explosion de couleurs dans les nuances de bleu et de violet jusqu\u2019au rose, au jaune et au rouge vif.<\/p>\n<p>Attirez les abeilles, les papillons et autres pollinisateurs dans votre jardin gr\u00e2ce \u00e0 ce m\u00e9lange de fleurs traditionnelles Cottage. Convient aux massifs, aux bordures et aux prairies. Contient des vari\u00e9t\u00e9s annuelles sp\u00e9cialement s\u00e9lectionn\u00e9es pour les abeilles et les papillons. Graines cultiv\u00e9es en Irlande.<\/p>\n<p><strong>Contient : 6 grammes pour une surface de 2 \u00e0 4 m2<\/strong><\/p>","protected":false},"featured_media":6725,"comment_status":"open","ping_status":"closed","template":"","meta":{"_acf_changed":false},"product_brand":[310],"product_cat":[143],"product_tag":[314],"class_list":{"0":"post-6711","1":"product","2":"type-product","3":"status-publish","4":"has-post-thumbnail","6":"product_brand-hannas-bees","7":"product_cat-lebensstil","8":"product_tag-bienenprodukte","10":"first","11":"instock","12":"taxable","13":"shipping-taxable","14":"purchasable","15":"product-type-simple"},"acf":[],"yoast_head":"<!-- This site is optimized with the Yoast SEO plugin v27.1.1 - https:\/\/yoast.com\/product\/yoast-seo-wordpress\/ -->\n<title>Blumensamen f\u00fcr Bienen und Schmetterlinge \u2013 Pflanzen f\u00fcr Best\u00e4uber<\/title>\n<meta name=\"description\" content=\"Diese einj\u00e4hrige Mischung ist eine einfach zu z\u00fcchtende Alternative zu sommerlichen Beetpflanzen. Sie zaubert ein Farbenmeer hervor, das von Blau- und Violettnuancen bis Rosa, Gelb und leuchtendem Rot reicht.\" \/>\n<meta name=\"robots\" content=\"index, follow, max-snippet:-1, max-image-preview:large, max-video-preview:-1\" \/>\n<link rel=\"canonical\" href=\"https:\/\/www.aranswitzerland.ch\/fr\/product\/blumensamen-fuer-bienen-und-schmetterlinge-pflanzen-fuer-bestaeuber\/\" \/>\n<meta property=\"og:locale\" content=\"fr_FR\" \/>\n<meta property=\"og:type\" content=\"article\" \/>\n<meta property=\"og:title\" content=\"Blumensamen f\u00fcr Bienen und Schmetterlinge \u2013 Pflanzen f\u00fcr Best\u00e4uber\" \/>\n<meta property=\"og:description\" content=\"Diese einj\u00e4hrige Mischung ist eine einfach zu z\u00fcchtende Alternative zu sommerlichen Beetpflanzen. Sie zaubert ein Farbenmeer hervor, das von Blau- und Violettnuancen bis Rosa, Gelb und leuchtendem Rot reicht.\" \/>\n<meta property=\"og:url\" content=\"https:\/\/www.aranswitzerland.ch\/fr\/product\/blumensamen-fuer-bienen-und-schmetterlinge-pflanzen-fuer-bestaeuber\/\" \/>\n<meta property=\"og:site_name\" content=\"Aran Switzerland\" \/>\n<meta property=\"article:modified_time\" content=\"2026-03-09T23:32:52+00:00\" \/>\n<meta property=\"og:image\" content=\"https:\/\/www.aranswitzerland.ch\/wp-content\/uploads\/2026\/03\/Bee-and-Butterfly-Flower-Seeds_Original-1.webp\" \/>\n\t<meta property=\"og:image:width\" content=\"1580\" \/>\n\t<meta property=\"og:image:height\" content=\"1580\" \/>\n\t<meta property=\"og:image:type\" content=\"image\/webp\" \/>\n<meta name=\"twitter:card\" content=\"summary_large_image\" \/>\n<meta name=\"twitter:label1\" content=\"Prix\" \/>\n\t<meta name=\"twitter:data1\" content=\"&#067;&#072;&#070;&nbsp;9.50\" \/>\n\t<meta name=\"twitter:label2\" content=\"Disponibilit\u00e9\" \/>\n\t<meta name=\"twitter:data2\" content=\"En stock\" \/>\n<script type=\"application\/ld+json\" class=\"yoast-schema-graph\">{\"@context\":\"https:\/\/schema.org\",\"@graph\":[{\"@type\":\"WebPage\",\"@id\":\"https:\/\/www.aranswitzerland.ch\/product\/blumensamen-fuer-bienen-und-schmetterlinge-pflanzen-fuer-bestaeuber\/\",\"url\":\"https:\/\/www.aranswitzerland.ch\/product\/blumensamen-fuer-bienen-und-schmetterlinge-pflanzen-fuer-bestaeuber\/\",\"name\":\"Blumensamen f\u00fcr Bienen und Schmetterlinge \u2013 Pflanzen f\u00fcr Best\u00e4uber\",\"isPartOf\":{\"@id\":\"https:\/\/www.aranswitzerland.ch\/#website\"},\"primaryImageOfPage\":{\"@id\":\"https:\/\/www.aranswitzerland.ch\/product\/blumensamen-fuer-bienen-und-schmetterlinge-pflanzen-fuer-bestaeuber\/#primaryimage\"},\"image\":{\"@id\":\"https:\/\/www.aranswitzerland.ch\/product\/blumensamen-fuer-bienen-und-schmetterlinge-pflanzen-fuer-bestaeuber\/#primaryimage\"},\"thumbnailUrl\":\"https:\/\/www.aranswitzerland.ch\/wp-content\/uploads\/2026\/03\/Bee-and-Butterfly-Flower-Seeds_Original-1.webp\",\"datePublished\":\"2026-03-09T22:42:24+00:00\",\"dateModified\":\"2026-03-09T23:32:52+00:00\",\"description\":\"Diese einj\u00e4hrige Mischung ist eine einfach zu z\u00fcchtende Alternative zu sommerlichen Beetpflanzen. Sie zaubert ein Farbenmeer hervor, das von Blau- und Violettnuancen bis Rosa, Gelb und leuchtendem Rot reicht.\",\"breadcrumb\":{\"@id\":\"https:\/\/www.aranswitzerland.ch\/product\/blumensamen-fuer-bienen-und-schmetterlinge-pflanzen-fuer-bestaeuber\/#breadcrumb\"},\"inLanguage\":\"fr-FR\",\"potentialAction\":[{\"@type\":\"ReadAction\",\"target\":[\"https:\/\/www.aranswitzerland.ch\/product\/blumensamen-fuer-bienen-und-schmetterlinge-pflanzen-fuer-bestaeuber\/\"]}]},{\"@type\":\"ImageObject\",\"inLanguage\":\"fr-FR\",\"@id\":\"https:\/\/www.aranswitzerland.ch\/product\/blumensamen-fuer-bienen-und-schmetterlinge-pflanzen-fuer-bestaeuber\/#primaryimage\",\"url\":\"https:\/\/www.aranswitzerland.ch\/wp-content\/uploads\/2026\/03\/Bee-and-Butterfly-Flower-Seeds_Original-1.webp\",\"contentUrl\":\"https:\/\/www.aranswitzerland.ch\/wp-content\/uploads\/2026\/03\/Bee-and-Butterfly-Flower-Seeds_Original-1.webp\",\"width\":1580,\"height\":1580},{\"@type\":\"BreadcrumbList\",\"@id\":\"https:\/\/www.aranswitzerland.ch\/product\/blumensamen-fuer-bienen-und-schmetterlinge-pflanzen-fuer-bestaeuber\/#breadcrumb\",\"itemListElement\":[{\"@type\":\"ListItem\",\"position\":1,\"name\":\"Shop\",\"item\":\"https:\/\/www.aranswitzerland.ch\/en\/shop\/\"},{\"@type\":\"ListItem\",\"position\":2,\"name\":\"Lebensstil\",\"item\":\"https:\/\/www.aranswitzerland.ch\/product-category\/lebensstil\/\"},{\"@type\":\"ListItem\",\"position\":3,\"name\":\"Blumensamen f\u00fcr Bienen und Schmetterlinge \u2013 Pflanzen f\u00fcr Best\u00e4uber\"}]},{\"@type\":\"WebSite\",\"@id\":\"https:\/\/www.aranswitzerland.ch\/#website\",\"url\":\"https:\/\/www.aranswitzerland.ch\/\",\"name\":\"Aran Switzerland\",\"description\":\"Kleidung, Taschen und Accessoires\",\"publisher\":{\"@id\":\"https:\/\/www.aranswitzerland.ch\/#organization\"},\"potentialAction\":[{\"@type\":\"SearchAction\",\"target\":{\"@type\":\"EntryPoint\",\"urlTemplate\":\"https:\/\/www.aranswitzerland.ch\/?s={search_term_string}\"},\"query-input\":{\"@type\":\"PropertyValueSpecification\",\"valueRequired\":true,\"valueName\":\"search_term_string\"}}],\"inLanguage\":\"fr-FR\"},{\"@type\":\"Organization\",\"@id\":\"https:\/\/www.aranswitzerland.ch\/#organization\",\"name\":\"Aran Switzerland\",\"url\":\"https:\/\/www.aranswitzerland.ch\/\",\"logo\":{\"@type\":\"ImageObject\",\"inLanguage\":\"fr-FR\",\"@id\":\"https:\/\/www.aranswitzerland.ch\/#\/schema\/logo\/image\/\",\"url\":\"https:\/\/www.aranswitzerland.ch\/wp-content\/uploads\/2024\/10\/Logo.jpg\",\"contentUrl\":\"https:\/\/www.aranswitzerland.ch\/wp-content\/uploads\/2024\/10\/Logo.jpg\",\"width\":600,\"height\":600,\"caption\":\"Aran Switzerland\"},\"image\":{\"@id\":\"https:\/\/www.aranswitzerland.ch\/#\/schema\/logo\/image\/\"},\"hasMerchantReturnPolicy\":{\"@type\":\"MerchantReturnPolicy\",\"merchantReturnLink\":\"https:\/\/www.aranswitzerland.ch\/fr\/rueckgabebedingungen\/\"}}]}<\/script>\n<meta property=\"product:brand\" content=\"Hanna\u2019s Bees\" \/>\n<meta property=\"product:price:amount\" content=\"9.50\" \/>\n<meta property=\"product:price:currency\" content=\"CHF\" \/>\n<meta property=\"og:availability\" content=\"instock\" \/>\n<meta property=\"product:availability\" content=\"instock\" \/>\n<meta property=\"product:retailer_item_id\" content=\"AR-158\" \/>\n<meta property=\"product:condition\" content=\"new\" \/>\n<!-- \/ Yoast SEO plugin. -->","yoast_head_json":{"title":"Graines de fleurs pour abeilles et papillons \u2013 Plantes pour pollinisateurs","description":"Ce m\u00e9lange annuel est une alternative facile \u00e0 cultiver aux fleurs estivales. Comme par magie, il en d\u00e9coulera une explosion de couleurs dans les nuances de bleu et de violet jusqu\u2019au rose, au jaune et au rouge vif.","robots":{"index":"index","follow":"follow","max-snippet":"max-snippet:-1","max-image-preview":"max-image-preview:large","max-video-preview":"max-video-preview:-1"},"canonical":"https:\/\/www.aranswitzerland.ch\/fr\/product\/blumensamen-fuer-bienen-und-schmetterlinge-pflanzen-fuer-bestaeuber\/","og_locale":"fr_FR","og_type":"article","og_title":"Blumensamen f\u00fcr Bienen und Schmetterlinge \u2013 Pflanzen f\u00fcr Best\u00e4uber","og_description":"Diese einj\u00e4hrige Mischung ist eine einfach zu z\u00fcchtende Alternative zu sommerlichen Beetpflanzen. Sie zaubert ein Farbenmeer hervor, das von Blau- und Violettnuancen bis Rosa, Gelb und leuchtendem Rot reicht.","og_url":"https:\/\/www.aranswitzerland.ch\/fr\/product\/blumensamen-fuer-bienen-und-schmetterlinge-pflanzen-fuer-bestaeuber\/","og_site_name":"Aran Switzerland","article_modified_time":"2026-03-09T23:32:52+00:00","og_image":[{"width":1580,"height":1580,"url":"https:\/\/www.aranswitzerland.ch\/wp-content\/uploads\/2026\/03\/Bee-and-Butterfly-Flower-Seeds_Original-1.webp","type":"image\/webp"}],"twitter_card":"summary_large_image","twitter_misc":{"Prix":"&#67;&#72;&#70;&nbsp;9.50","Disponibilit\u00e9":"En stock"},"schema":{"@context":"https:\/\/schema.org","@graph":[{"@type":"WebPage","@id":"https:\/\/www.aranswitzerland.ch\/product\/blumensamen-fuer-bienen-und-schmetterlinge-pflanzen-fuer-bestaeuber\/","url":"https:\/\/www.aranswitzerland.ch\/product\/blumensamen-fuer-bienen-und-schmetterlinge-pflanzen-fuer-bestaeuber\/","name":"Graines de fleurs pour abeilles et papillons \u2013 Plantes pour pollinisateurs","isPartOf":{"@id":"https:\/\/www.aranswitzerland.ch\/#website"},"primaryImageOfPage":{"@id":"https:\/\/www.aranswitzerland.ch\/product\/blumensamen-fuer-bienen-und-schmetterlinge-pflanzen-fuer-bestaeuber\/#primaryimage"},"image":{"@id":"https:\/\/www.aranswitzerland.ch\/product\/blumensamen-fuer-bienen-und-schmetterlinge-pflanzen-fuer-bestaeuber\/#primaryimage"},"thumbnailUrl":"https:\/\/www.aranswitzerland.ch\/wp-content\/uploads\/2026\/03\/Bee-and-Butterfly-Flower-Seeds_Original-1.webp","datePublished":"2026-03-09T22:42:24+00:00","dateModified":"2026-03-09T23:32:52+00:00","description":"Ce m\u00e9lange annuel est une alternative facile \u00e0 cultiver aux fleurs estivales. Comme par magie, il en d\u00e9coulera une explosion de couleurs dans les nuances de bleu et de violet jusqu\u2019au rose, au jaune et au rouge vif.","breadcrumb":{"@id":"https:\/\/www.aranswitzerland.ch\/product\/blumensamen-fuer-bienen-und-schmetterlinge-pflanzen-fuer-bestaeuber\/#breadcrumb"},"inLanguage":"fr-FR","potentialAction":[{"@type":"ReadAction","target":["https:\/\/www.aranswitzerland.ch\/product\/blumensamen-fuer-bienen-und-schmetterlinge-pflanzen-fuer-bestaeuber\/"]}]},{"@type":"ImageObject","inLanguage":"fr-FR","@id":"https:\/\/www.aranswitzerland.ch\/product\/blumensamen-fuer-bienen-und-schmetterlinge-pflanzen-fuer-bestaeuber\/#primaryimage","url":"https:\/\/www.aranswitzerland.ch\/wp-content\/uploads\/2026\/03\/Bee-and-Butterfly-Flower-Seeds_Original-1.webp","contentUrl":"https:\/\/www.aranswitzerland.ch\/wp-content\/uploads\/2026\/03\/Bee-and-Butterfly-Flower-Seeds_Original-1.webp","width":1580,"height":1580},{"@type":"BreadcrumbList","@id":"https:\/\/www.aranswitzerland.ch\/product\/blumensamen-fuer-bienen-und-schmetterlinge-pflanzen-fuer-bestaeuber\/#breadcrumb","itemListElement":[{"@type":"ListItem","position":1,"name":"Shop","item":"https:\/\/www.aranswitzerland.ch\/en\/shop\/"},{"@type":"ListItem","position":2,"name":"Lebensstil","item":"https:\/\/www.aranswitzerland.ch\/product-category\/lebensstil\/"},{"@type":"ListItem","position":3,"name":"Blumensamen f\u00fcr Bienen und Schmetterlinge \u2013 Pflanzen f\u00fcr Best\u00e4uber"}]},{"@type":"WebSite","@id":"https:\/\/www.aranswitzerland.ch\/#website","url":"https:\/\/www.aranswitzerland.ch\/","name":"Aran Switzerland","description":"Kleidung, Taschen und Accessoires","publisher":{"@id":"https:\/\/www.aranswitzerland.ch\/#organization"},"potentialAction":[{"@type":"SearchAction","target":{"@type":"EntryPoint","urlTemplate":"https:\/\/www.aranswitzerland.ch\/?s={search_term_string}"},"query-input":{"@type":"PropertyValueSpecification","valueRequired":true,"valueName":"search_term_string"}}],"inLanguage":"fr-FR"},{"@type":"Organization","@id":"https:\/\/www.aranswitzerland.ch\/#organization","name":"Aran Switzerland","url":"https:\/\/www.aranswitzerland.ch\/","logo":{"@type":"ImageObject","inLanguage":"fr-FR","@id":"https:\/\/www.aranswitzerland.ch\/#\/schema\/logo\/image\/","url":"https:\/\/www.aranswitzerland.ch\/wp-content\/uploads\/2024\/10\/Logo.jpg","contentUrl":"https:\/\/www.aranswitzerland.ch\/wp-content\/uploads\/2024\/10\/Logo.jpg","width":600,"height":600,"caption":"Aran Switzerland"},"image":{"@id":"https:\/\/www.aranswitzerland.ch\/#\/schema\/logo\/image\/"},"hasMerchantReturnPolicy":{"@type":"MerchantReturnPolicy","merchantReturnLink":"https:\/\/www.aranswitzerland.ch\/fr\/rueckgabebedingungen\/"}}]},"product_brand":"Hanna\u2019s Bees","product_price_amount":"9.50","product_price_currency":"CHF","og_availability":"instock","product_availability":"instock","product_retailer_item_id":"AR-158","product_condition":"new"},"_links":{"self":[{"href":"https:\/\/www.aranswitzerland.ch\/fr\/wp-json\/wp\/v2\/product\/6711","targetHints":{"allow":["GET"]}}],"collection":[{"href":"https:\/\/www.aranswitzerland.ch\/fr\/wp-json\/wp\/v2\/product"}],"about":[{"href":"https:\/\/www.aranswitzerland.ch\/fr\/wp-json\/wp\/v2\/types\/product"}],"replies":[{"embeddable":true,"href":"https:\/\/www.aranswitzerland.ch\/fr\/wp-json\/wp\/v2\/comments?post=6711"}],"version-history":[{"count":1,"href":"https:\/\/www.aranswitzerland.ch\/fr\/wp-json\/wp\/v2\/product\/6711\/revisions"}],"predecessor-version":[{"id":6714,"href":"https:\/\/www.aranswitzerland.ch\/fr\/wp-json\/wp\/v2\/product\/6711\/revisions\/6714"}],"wp:featuredmedia":[{"embeddable":true,"href":"https:\/\/www.aranswitzerland.ch\/fr\/wp-json\/wp\/v2\/media\/6725"}],"wp:attachment":[{"href":"https:\/\/www.aranswitzerland.ch\/fr\/wp-json\/wp\/v2\/media?parent=6711"}],"wp:term":[{"taxonomy":"product_brand","embeddable":true,"href":"https:\/\/www.aranswitzerland.ch\/fr\/wp-json\/wp\/v2\/product_brand?post=6711"},{"taxonomy":"product_cat","embeddable":true,"href":"https:\/\/www.aranswitzerland.ch\/fr\/wp-json\/wp\/v2\/product_cat?post=6711"},{"taxonomy":"product_tag","embeddable":true,"href":"https:\/\/www.aranswitzerland.ch\/fr\/wp-json\/wp\/v2\/product_tag?post=6711"}],"curies":[{"name":"wp","href":"https:\/\/api.w.org\/{rel}","templated":true}]}}