{"id":6727,"date":"2026-03-10T01:07:22","date_gmt":"2026-03-09T23:07:22","guid":{"rendered":"https:\/\/www.aranswitzerland.ch\/?post_type=product&#038;p=6727"},"modified":"2026-03-15T21:40:33","modified_gmt":"2026-03-15T19:40:33","slug":"handgerollte-grosse-bienenwachskerze-geschenk","status":"publish","type":"product","link":"https:\/\/www.aranswitzerland.ch\/fr\/product\/handgerollte-grosse-bienenwachskerze-geschenk\/","title":{"rendered":"Grande bougie en cire d'abeille roul\u00e9e \u00e0 la main pour un cadeau"},"content":{"rendered":"","protected":false},"excerpt":{"rendered":"<p>Bougie en cire d\u2019abeille naturelle \u00e0 100%, fabriqu\u00e9e \u00e0 la main en Irlande selon des m\u00e9thodes traditionnelles.<\/p>\n<p>Cette magnifique bougie en cire d'abeille roul\u00e9e \u00e0 la main br\u00fble avec une flamme douce et d\u00e9gage un parfum sucr\u00e9 et r\u00e9confortant de miel et de cire d'abeille. Elle est totalement exempte de parfums et de substances toxiques que l'on trouve dans de nombreuses autres bougies. Elle est pr\u00e9sent\u00e9e dans un \u00e9tui cadeau \u00e9cologique \u00e9l\u00e9gant, accompagn\u00e9 d'une \u00e9tiquette volante et d'une carte de v\u0153ux.<\/p>\n<p><strong>Dimensions : 160 mm (hauteur) x 70 mm (diam\u00e8tre)<\/strong><\/p>\n<p><strong>Poids : 500 g<\/strong><\/p>","protected":false},"featured_media":6728,"comment_status":"open","ping_status":"closed","template":"","meta":{"_acf_changed":false},"product_brand":[310],"product_cat":[143],"product_tag":[314],"class_list":{"0":"post-6727","1":"product","2":"type-product","3":"status-publish","4":"has-post-thumbnail","6":"product_brand-hannas-bees","7":"product_cat-lebensstil","8":"product_tag-bienenprodukte","10":"first","11":"instock","12":"taxable","13":"shipping-taxable","14":"purchasable","15":"product-type-simple"},"acf":[],"yoast_head":"<!-- This site is optimized with the Yoast SEO plugin v27.1.1 - https:\/\/yoast.com\/product\/yoast-seo-wordpress\/ -->\n<title>Handgerollte, grosse Bienenwachskerze (Geschenk)<\/title>\n<meta name=\"description\" content=\"Kerze aus 100% reines, nat\u00fcrliches Bienenwachs, einzeln nach traditionellen Methoden in Irland handgefertigt.\" \/>\n<meta name=\"robots\" content=\"index, follow, max-snippet:-1, max-image-preview:large, max-video-preview:-1\" \/>\n<link rel=\"canonical\" href=\"https:\/\/www.aranswitzerland.ch\/fr\/product\/handgerollte-grosse-bienenwachskerze-geschenk\/\" \/>\n<meta property=\"og:locale\" content=\"fr_FR\" \/>\n<meta property=\"og:type\" content=\"article\" \/>\n<meta property=\"og:title\" content=\"Handgerollte, grosse Bienenwachskerze (Geschenk)\" \/>\n<meta property=\"og:description\" content=\"Kerze aus 100% reines, nat\u00fcrliches Bienenwachs, einzeln nach traditionellen Methoden in Irland handgefertigt.\" \/>\n<meta property=\"og:url\" content=\"https:\/\/www.aranswitzerland.ch\/fr\/product\/handgerollte-grosse-bienenwachskerze-geschenk\/\" \/>\n<meta property=\"og:site_name\" content=\"Aran Switzerland\" \/>\n<meta property=\"article:modified_time\" content=\"2026-03-15T19:40:33+00:00\" \/>\n<meta property=\"og:image\" content=\"https:\/\/www.aranswitzerland.ch\/wp-content\/uploads\/2026\/03\/Hand-Rolled-Chunky-Beeswax-Candle-Gift_Original-1.webp\" \/>\n\t<meta property=\"og:image:width\" content=\"1580\" \/>\n\t<meta property=\"og:image:height\" content=\"1580\" \/>\n\t<meta property=\"og:image:type\" content=\"image\/webp\" \/>\n<meta name=\"twitter:card\" content=\"summary_large_image\" \/>\n<meta name=\"twitter:label1\" content=\"Prix\" \/>\n\t<meta name=\"twitter:data1\" content=\"&#067;&#072;&#070;&nbsp;29.50\" \/>\n\t<meta name=\"twitter:label2\" content=\"Disponibilit\u00e9\" \/>\n\t<meta name=\"twitter:data2\" content=\"En stock\" \/>\n<script type=\"application\/ld+json\" class=\"yoast-schema-graph\">{\"@context\":\"https:\/\/schema.org\",\"@graph\":[{\"@type\":\"WebPage\",\"@id\":\"https:\/\/www.aranswitzerland.ch\/product\/handgerollte-grosse-bienenwachskerze-geschenk\/\",\"url\":\"https:\/\/www.aranswitzerland.ch\/product\/handgerollte-grosse-bienenwachskerze-geschenk\/\",\"name\":\"Handgerollte, grosse Bienenwachskerze (Geschenk)\",\"isPartOf\":{\"@id\":\"https:\/\/www.aranswitzerland.ch\/#website\"},\"primaryImageOfPage\":{\"@id\":\"https:\/\/www.aranswitzerland.ch\/product\/handgerollte-grosse-bienenwachskerze-geschenk\/#primaryimage\"},\"image\":{\"@id\":\"https:\/\/www.aranswitzerland.ch\/product\/handgerollte-grosse-bienenwachskerze-geschenk\/#primaryimage\"},\"thumbnailUrl\":\"https:\/\/www.aranswitzerland.ch\/wp-content\/uploads\/2026\/03\/Hand-Rolled-Chunky-Beeswax-Candle-Gift_Original-1.webp\",\"datePublished\":\"2026-03-09T23:07:22+00:00\",\"dateModified\":\"2026-03-15T19:40:33+00:00\",\"description\":\"Kerze aus 100% reines, nat\u00fcrliches Bienenwachs, einzeln nach traditionellen Methoden in Irland handgefertigt.\",\"breadcrumb\":{\"@id\":\"https:\/\/www.aranswitzerland.ch\/product\/handgerollte-grosse-bienenwachskerze-geschenk\/#breadcrumb\"},\"inLanguage\":\"fr-FR\",\"potentialAction\":[{\"@type\":\"ReadAction\",\"target\":[\"https:\/\/www.aranswitzerland.ch\/product\/handgerollte-grosse-bienenwachskerze-geschenk\/\"]}]},{\"@type\":\"ImageObject\",\"inLanguage\":\"fr-FR\",\"@id\":\"https:\/\/www.aranswitzerland.ch\/product\/handgerollte-grosse-bienenwachskerze-geschenk\/#primaryimage\",\"url\":\"https:\/\/www.aranswitzerland.ch\/wp-content\/uploads\/2026\/03\/Hand-Rolled-Chunky-Beeswax-Candle-Gift_Original-1.webp\",\"contentUrl\":\"https:\/\/www.aranswitzerland.ch\/wp-content\/uploads\/2026\/03\/Hand-Rolled-Chunky-Beeswax-Candle-Gift_Original-1.webp\",\"width\":1580,\"height\":1580},{\"@type\":\"BreadcrumbList\",\"@id\":\"https:\/\/www.aranswitzerland.ch\/product\/handgerollte-grosse-bienenwachskerze-geschenk\/#breadcrumb\",\"itemListElement\":[{\"@type\":\"ListItem\",\"position\":1,\"name\":\"Shop\",\"item\":\"https:\/\/www.aranswitzerland.ch\/en\/shop\/\"},{\"@type\":\"ListItem\",\"position\":2,\"name\":\"Lebensstil\",\"item\":\"https:\/\/www.aranswitzerland.ch\/product-category\/lebensstil\/\"},{\"@type\":\"ListItem\",\"position\":3,\"name\":\"Handgerollte, grosse Bienenwachskerze (Geschenk)\"}]},{\"@type\":\"WebSite\",\"@id\":\"https:\/\/www.aranswitzerland.ch\/#website\",\"url\":\"https:\/\/www.aranswitzerland.ch\/\",\"name\":\"Aran Switzerland\",\"description\":\"Kleidung, Taschen und Accessoires\",\"publisher\":{\"@id\":\"https:\/\/www.aranswitzerland.ch\/#organization\"},\"potentialAction\":[{\"@type\":\"SearchAction\",\"target\":{\"@type\":\"EntryPoint\",\"urlTemplate\":\"https:\/\/www.aranswitzerland.ch\/?s={search_term_string}\"},\"query-input\":{\"@type\":\"PropertyValueSpecification\",\"valueRequired\":true,\"valueName\":\"search_term_string\"}}],\"inLanguage\":\"fr-FR\"},{\"@type\":\"Organization\",\"@id\":\"https:\/\/www.aranswitzerland.ch\/#organization\",\"name\":\"Aran Switzerland\",\"url\":\"https:\/\/www.aranswitzerland.ch\/\",\"logo\":{\"@type\":\"ImageObject\",\"inLanguage\":\"fr-FR\",\"@id\":\"https:\/\/www.aranswitzerland.ch\/#\/schema\/logo\/image\/\",\"url\":\"https:\/\/www.aranswitzerland.ch\/wp-content\/uploads\/2024\/10\/Logo.jpg\",\"contentUrl\":\"https:\/\/www.aranswitzerland.ch\/wp-content\/uploads\/2024\/10\/Logo.jpg\",\"width\":600,\"height\":600,\"caption\":\"Aran Switzerland\"},\"image\":{\"@id\":\"https:\/\/www.aranswitzerland.ch\/#\/schema\/logo\/image\/\"},\"hasMerchantReturnPolicy\":{\"@type\":\"MerchantReturnPolicy\",\"merchantReturnLink\":\"https:\/\/www.aranswitzerland.ch\/fr\/rueckgabebedingungen\/\"}}]}<\/script>\n<meta property=\"product:brand\" content=\"Hanna\u2019s Bees\" \/>\n<meta property=\"product:price:amount\" content=\"29.50\" \/>\n<meta property=\"product:price:currency\" content=\"CHF\" \/>\n<meta property=\"og:availability\" content=\"instock\" \/>\n<meta property=\"product:availability\" content=\"instock\" \/>\n<meta property=\"product:retailer_item_id\" content=\"AR-160\" \/>\n<meta property=\"product:condition\" content=\"new\" \/>\n<!-- \/ Yoast SEO plugin. -->","yoast_head_json":{"title":"Grande bougie en cire d'abeille roul\u00e9e \u00e0 la main pour un cadeau","description":"Bougie en cire d\u2019abeille naturelle \u00e0 100%, fabriqu\u00e9e \u00e0 la main en Irlande selon des m\u00e9thodes traditionnelles.","robots":{"index":"index","follow":"follow","max-snippet":"max-snippet:-1","max-image-preview":"max-image-preview:large","max-video-preview":"max-video-preview:-1"},"canonical":"https:\/\/www.aranswitzerland.ch\/fr\/product\/handgerollte-grosse-bienenwachskerze-geschenk\/","og_locale":"fr_FR","og_type":"article","og_title":"Handgerollte, grosse Bienenwachskerze (Geschenk)","og_description":"Kerze aus 100% reines, nat\u00fcrliches Bienenwachs, einzeln nach traditionellen Methoden in Irland handgefertigt.","og_url":"https:\/\/www.aranswitzerland.ch\/fr\/product\/handgerollte-grosse-bienenwachskerze-geschenk\/","og_site_name":"Aran Switzerland","article_modified_time":"2026-03-15T19:40:33+00:00","og_image":[{"width":1580,"height":1580,"url":"https:\/\/www.aranswitzerland.ch\/wp-content\/uploads\/2026\/03\/Hand-Rolled-Chunky-Beeswax-Candle-Gift_Original-1.webp","type":"image\/webp"}],"twitter_card":"summary_large_image","twitter_misc":{"Prix":"&#67;&#72;&#70;&nbsp;29.50","Disponibilit\u00e9":"En stock"},"schema":{"@context":"https:\/\/schema.org","@graph":[{"@type":"WebPage","@id":"https:\/\/www.aranswitzerland.ch\/product\/handgerollte-grosse-bienenwachskerze-geschenk\/","url":"https:\/\/www.aranswitzerland.ch\/product\/handgerollte-grosse-bienenwachskerze-geschenk\/","name":"Grande bougie en cire d'abeille roul\u00e9e \u00e0 la main pour un cadeau","isPartOf":{"@id":"https:\/\/www.aranswitzerland.ch\/#website"},"primaryImageOfPage":{"@id":"https:\/\/www.aranswitzerland.ch\/product\/handgerollte-grosse-bienenwachskerze-geschenk\/#primaryimage"},"image":{"@id":"https:\/\/www.aranswitzerland.ch\/product\/handgerollte-grosse-bienenwachskerze-geschenk\/#primaryimage"},"thumbnailUrl":"https:\/\/www.aranswitzerland.ch\/wp-content\/uploads\/2026\/03\/Hand-Rolled-Chunky-Beeswax-Candle-Gift_Original-1.webp","datePublished":"2026-03-09T23:07:22+00:00","dateModified":"2026-03-15T19:40:33+00:00","description":"Bougie en cire d\u2019abeille naturelle \u00e0 100%, fabriqu\u00e9e \u00e0 la main en Irlande selon des m\u00e9thodes traditionnelles.","breadcrumb":{"@id":"https:\/\/www.aranswitzerland.ch\/product\/handgerollte-grosse-bienenwachskerze-geschenk\/#breadcrumb"},"inLanguage":"fr-FR","potentialAction":[{"@type":"ReadAction","target":["https:\/\/www.aranswitzerland.ch\/product\/handgerollte-grosse-bienenwachskerze-geschenk\/"]}]},{"@type":"ImageObject","inLanguage":"fr-FR","@id":"https:\/\/www.aranswitzerland.ch\/product\/handgerollte-grosse-bienenwachskerze-geschenk\/#primaryimage","url":"https:\/\/www.aranswitzerland.ch\/wp-content\/uploads\/2026\/03\/Hand-Rolled-Chunky-Beeswax-Candle-Gift_Original-1.webp","contentUrl":"https:\/\/www.aranswitzerland.ch\/wp-content\/uploads\/2026\/03\/Hand-Rolled-Chunky-Beeswax-Candle-Gift_Original-1.webp","width":1580,"height":1580},{"@type":"BreadcrumbList","@id":"https:\/\/www.aranswitzerland.ch\/product\/handgerollte-grosse-bienenwachskerze-geschenk\/#breadcrumb","itemListElement":[{"@type":"ListItem","position":1,"name":"Shop","item":"https:\/\/www.aranswitzerland.ch\/en\/shop\/"},{"@type":"ListItem","position":2,"name":"Lebensstil","item":"https:\/\/www.aranswitzerland.ch\/product-category\/lebensstil\/"},{"@type":"ListItem","position":3,"name":"Handgerollte, grosse Bienenwachskerze (Geschenk)"}]},{"@type":"WebSite","@id":"https:\/\/www.aranswitzerland.ch\/#website","url":"https:\/\/www.aranswitzerland.ch\/","name":"Aran Switzerland","description":"Kleidung, Taschen und Accessoires","publisher":{"@id":"https:\/\/www.aranswitzerland.ch\/#organization"},"potentialAction":[{"@type":"SearchAction","target":{"@type":"EntryPoint","urlTemplate":"https:\/\/www.aranswitzerland.ch\/?s={search_term_string}"},"query-input":{"@type":"PropertyValueSpecification","valueRequired":true,"valueName":"search_term_string"}}],"inLanguage":"fr-FR"},{"@type":"Organization","@id":"https:\/\/www.aranswitzerland.ch\/#organization","name":"Aran Switzerland","url":"https:\/\/www.aranswitzerland.ch\/","logo":{"@type":"ImageObject","inLanguage":"fr-FR","@id":"https:\/\/www.aranswitzerland.ch\/#\/schema\/logo\/image\/","url":"https:\/\/www.aranswitzerland.ch\/wp-content\/uploads\/2024\/10\/Logo.jpg","contentUrl":"https:\/\/www.aranswitzerland.ch\/wp-content\/uploads\/2024\/10\/Logo.jpg","width":600,"height":600,"caption":"Aran Switzerland"},"image":{"@id":"https:\/\/www.aranswitzerland.ch\/#\/schema\/logo\/image\/"},"hasMerchantReturnPolicy":{"@type":"MerchantReturnPolicy","merchantReturnLink":"https:\/\/www.aranswitzerland.ch\/fr\/rueckgabebedingungen\/"}}]},"product_brand":"Hanna\u2019s Bees","product_price_amount":"29.50","product_price_currency":"CHF","og_availability":"instock","product_availability":"instock","product_retailer_item_id":"AR-160","product_condition":"new"},"_links":{"self":[{"href":"https:\/\/www.aranswitzerland.ch\/fr\/wp-json\/wp\/v2\/product\/6727","targetHints":{"allow":["GET"]}}],"collection":[{"href":"https:\/\/www.aranswitzerland.ch\/fr\/wp-json\/wp\/v2\/product"}],"about":[{"href":"https:\/\/www.aranswitzerland.ch\/fr\/wp-json\/wp\/v2\/types\/product"}],"replies":[{"embeddable":true,"href":"https:\/\/www.aranswitzerland.ch\/fr\/wp-json\/wp\/v2\/comments?post=6727"}],"version-history":[{"count":1,"href":"https:\/\/www.aranswitzerland.ch\/fr\/wp-json\/wp\/v2\/product\/6727\/revisions"}],"predecessor-version":[{"id":6739,"href":"https:\/\/www.aranswitzerland.ch\/fr\/wp-json\/wp\/v2\/product\/6727\/revisions\/6739"}],"wp:featuredmedia":[{"embeddable":true,"href":"https:\/\/www.aranswitzerland.ch\/fr\/wp-json\/wp\/v2\/media\/6728"}],"wp:attachment":[{"href":"https:\/\/www.aranswitzerland.ch\/fr\/wp-json\/wp\/v2\/media?parent=6727"}],"wp:term":[{"taxonomy":"product_brand","embeddable":true,"href":"https:\/\/www.aranswitzerland.ch\/fr\/wp-json\/wp\/v2\/product_brand?post=6727"},{"taxonomy":"product_cat","embeddable":true,"href":"https:\/\/www.aranswitzerland.ch\/fr\/wp-json\/wp\/v2\/product_cat?post=6727"},{"taxonomy":"product_tag","embeddable":true,"href":"https:\/\/www.aranswitzerland.ch\/fr\/wp-json\/wp\/v2\/product_tag?post=6727"}],"curies":[{"name":"wp","href":"https:\/\/api.w.org\/{rel}","templated":true}]}}