{"id":6766,"date":"2026-03-10T01:58:07","date_gmt":"2026-03-09T23:58:07","guid":{"rendered":"https:\/\/www.aranswitzerland.ch\/?post_type=product&#038;p=6766"},"modified":"2026-04-24T17:38:54","modified_gmt":"2026-04-24T15:38:54","slug":"lippenbalsam-mit-lanolin","status":"publish","type":"product","link":"https:\/\/www.aranswitzerland.ch\/fr\/product\/lippenbalsam-mit-lanolin\/","title":{"rendered":"Baume l\u00e8vres \u00e0 base de lanoline"},"content":{"rendered":"","protected":false},"excerpt":{"rendered":"<p>Baume pour l\u00e8vres avec lanoline et beurre de karit\u00e9. Prot\u00e8ge contre la d\u00e9shydratation et laisse les l\u00e8vres sensiblement plus douces. Avec une subtile touche de miel.<\/p>\n<p><strong>Poids: 7 g <\/strong><\/p>","protected":false},"featured_media":6767,"comment_status":"open","ping_status":"closed","template":"","meta":{"_acf_changed":false},"product_brand":[322],"product_cat":[143],"product_tag":[198,328],"class_list":{"0":"post-6766","1":"product","2":"type-product","3":"status-publish","4":"has-post-thumbnail","6":"product_brand-banor","7":"product_cat-lebensstil","8":"product_tag-koerperpflege","9":"product_tag-lanolin","11":"first","12":"instock","13":"taxable","14":"shipping-taxable","15":"purchasable","16":"product-type-simple"},"acf":[],"yoast_head":"<!-- This site is optimized with the Yoast SEO plugin v27.1.1 - https:\/\/yoast.com\/product\/yoast-seo-wordpress\/ -->\n<title>Lippenbalsam mit Lanolin<\/title>\n<meta name=\"description\" content=\"Pflegender Lippenbalsam mit Lanolin und Sheabutter. Schu\u0308tzt vor Feuchtigkeitsverlust und sorgt fu\u0308r spu\u0308rbar weiche Lippen. Mit dezenter Honignote.\" \/>\n<meta name=\"robots\" content=\"index, follow, max-snippet:-1, max-image-preview:large, max-video-preview:-1\" \/>\n<link rel=\"canonical\" href=\"https:\/\/www.aranswitzerland.ch\/fr\/product\/lippenbalsam-mit-lanolin\/\" \/>\n<meta property=\"og:locale\" content=\"fr_FR\" \/>\n<meta property=\"og:type\" content=\"article\" \/>\n<meta property=\"og:title\" content=\"Lippenbalsam mit Lanolin\" \/>\n<meta property=\"og:description\" content=\"Pflegender Lippenbalsam mit Lanolin und Sheabutter. Schu\u0308tzt vor Feuchtigkeitsverlust und sorgt fu\u0308r spu\u0308rbar weiche Lippen. Mit dezenter Honignote.\" \/>\n<meta property=\"og:url\" content=\"https:\/\/www.aranswitzerland.ch\/fr\/product\/lippenbalsam-mit-lanolin\/\" \/>\n<meta property=\"og:site_name\" content=\"Aran Switzerland\" \/>\n<meta property=\"article:modified_time\" content=\"2026-04-24T15:38:54+00:00\" \/>\n<meta property=\"og:image\" content=\"https:\/\/www.aranswitzerland.ch\/wp-content\/uploads\/2026\/03\/Web-Banor-Lip-Balm.webp\" \/>\n\t<meta property=\"og:image:width\" content=\"1054\" \/>\n\t<meta property=\"og:image:height\" content=\"1580\" \/>\n\t<meta property=\"og:image:type\" content=\"image\/webp\" \/>\n<meta name=\"twitter:card\" content=\"summary_large_image\" \/>\n<meta name=\"twitter:label1\" content=\"Prix\" \/>\n\t<meta name=\"twitter:data1\" content=\"&#067;&#072;&#070;&nbsp;8.95\" \/>\n\t<meta name=\"twitter:label2\" content=\"Disponibilit\u00e9\" \/>\n\t<meta name=\"twitter:data2\" content=\"En stock\" \/>\n<script type=\"application\/ld+json\" class=\"yoast-schema-graph\">{\"@context\":\"https:\/\/schema.org\",\"@graph\":[{\"@type\":\"WebPage\",\"@id\":\"https:\/\/www.aranswitzerland.ch\/product\/lippenbalsam-mit-lanolin\/\",\"url\":\"https:\/\/www.aranswitzerland.ch\/product\/lippenbalsam-mit-lanolin\/\",\"name\":\"Lippenbalsam mit Lanolin\",\"isPartOf\":{\"@id\":\"https:\/\/www.aranswitzerland.ch\/#website\"},\"primaryImageOfPage\":{\"@id\":\"https:\/\/www.aranswitzerland.ch\/product\/lippenbalsam-mit-lanolin\/#primaryimage\"},\"image\":{\"@id\":\"https:\/\/www.aranswitzerland.ch\/product\/lippenbalsam-mit-lanolin\/#primaryimage\"},\"thumbnailUrl\":\"https:\/\/www.aranswitzerland.ch\/wp-content\/uploads\/2026\/03\/Web-Banor-Lip-Balm.webp\",\"datePublished\":\"2026-03-09T23:58:07+00:00\",\"dateModified\":\"2026-04-24T15:38:54+00:00\",\"description\":\"Pflegender Lippenbalsam mit Lanolin und Sheabutter. Schu\u0308tzt vor Feuchtigkeitsverlust und sorgt fu\u0308r spu\u0308rbar weiche Lippen. Mit dezenter Honignote.\",\"breadcrumb\":{\"@id\":\"https:\/\/www.aranswitzerland.ch\/product\/lippenbalsam-mit-lanolin\/#breadcrumb\"},\"inLanguage\":\"fr-FR\",\"potentialAction\":[{\"@type\":\"ReadAction\",\"target\":[\"https:\/\/www.aranswitzerland.ch\/product\/lippenbalsam-mit-lanolin\/\"]}]},{\"@type\":\"ImageObject\",\"inLanguage\":\"fr-FR\",\"@id\":\"https:\/\/www.aranswitzerland.ch\/product\/lippenbalsam-mit-lanolin\/#primaryimage\",\"url\":\"https:\/\/www.aranswitzerland.ch\/wp-content\/uploads\/2026\/03\/Web-Banor-Lip-Balm.webp\",\"contentUrl\":\"https:\/\/www.aranswitzerland.ch\/wp-content\/uploads\/2026\/03\/Web-Banor-Lip-Balm.webp\",\"width\":1054,\"height\":1580},{\"@type\":\"BreadcrumbList\",\"@id\":\"https:\/\/www.aranswitzerland.ch\/product\/lippenbalsam-mit-lanolin\/#breadcrumb\",\"itemListElement\":[{\"@type\":\"ListItem\",\"position\":1,\"name\":\"Shop\",\"item\":\"https:\/\/www.aranswitzerland.ch\/en\/shop\/\"},{\"@type\":\"ListItem\",\"position\":2,\"name\":\"Lebensstil\",\"item\":\"https:\/\/www.aranswitzerland.ch\/product-category\/lebensstil\/\"},{\"@type\":\"ListItem\",\"position\":3,\"name\":\"Lippenbalsam mit Lanolin\"}]},{\"@type\":\"WebSite\",\"@id\":\"https:\/\/www.aranswitzerland.ch\/#website\",\"url\":\"https:\/\/www.aranswitzerland.ch\/\",\"name\":\"Aran Switzerland\",\"description\":\"Kleidung, Taschen und Accessoires\",\"publisher\":{\"@id\":\"https:\/\/www.aranswitzerland.ch\/#organization\"},\"potentialAction\":[{\"@type\":\"SearchAction\",\"target\":{\"@type\":\"EntryPoint\",\"urlTemplate\":\"https:\/\/www.aranswitzerland.ch\/?s={search_term_string}\"},\"query-input\":{\"@type\":\"PropertyValueSpecification\",\"valueRequired\":true,\"valueName\":\"search_term_string\"}}],\"inLanguage\":\"fr-FR\"},{\"@type\":\"Organization\",\"@id\":\"https:\/\/www.aranswitzerland.ch\/#organization\",\"name\":\"Aran Switzerland\",\"url\":\"https:\/\/www.aranswitzerland.ch\/\",\"logo\":{\"@type\":\"ImageObject\",\"inLanguage\":\"fr-FR\",\"@id\":\"https:\/\/www.aranswitzerland.ch\/#\/schema\/logo\/image\/\",\"url\":\"https:\/\/www.aranswitzerland.ch\/wp-content\/uploads\/2024\/10\/Logo.jpg\",\"contentUrl\":\"https:\/\/www.aranswitzerland.ch\/wp-content\/uploads\/2024\/10\/Logo.jpg\",\"width\":600,\"height\":600,\"caption\":\"Aran Switzerland\"},\"image\":{\"@id\":\"https:\/\/www.aranswitzerland.ch\/#\/schema\/logo\/image\/\"},\"hasMerchantReturnPolicy\":{\"@type\":\"MerchantReturnPolicy\",\"merchantReturnLink\":\"https:\/\/www.aranswitzerland.ch\/fr\/rueckgabebedingungen\/\"}}]}<\/script>\n<meta property=\"product:brand\" content=\"B\u00e1n\u00f3r\" \/>\n<meta property=\"product:price:amount\" content=\"8.95\" \/>\n<meta property=\"product:price:currency\" content=\"CHF\" \/>\n<meta property=\"og:availability\" content=\"instock\" \/>\n<meta property=\"product:availability\" content=\"instock\" \/>\n<meta property=\"product:retailer_item_id\" content=\"AR-166\" \/>\n<meta property=\"product:condition\" content=\"new\" \/>\n<!-- \/ Yoast SEO plugin. -->","yoast_head_json":{"title":"Baume l\u00e8vres \u00e0 base de lanoline","description":"Baume pour l\u00e8vres avec lanoline et beurre de karit\u00e9. Prot\u00e8ge contre la d\u00e9shydratation et laisse les l\u00e8vres sensiblement plus douces. Avec une subtile touche de miel.","robots":{"index":"index","follow":"follow","max-snippet":"max-snippet:-1","max-image-preview":"max-image-preview:large","max-video-preview":"max-video-preview:-1"},"canonical":"https:\/\/www.aranswitzerland.ch\/fr\/product\/lippenbalsam-mit-lanolin\/","og_locale":"fr_FR","og_type":"article","og_title":"Lippenbalsam mit Lanolin","og_description":"Pflegender Lippenbalsam mit Lanolin und Sheabutter. Schu\u0308tzt vor Feuchtigkeitsverlust und sorgt fu\u0308r spu\u0308rbar weiche Lippen. Mit dezenter Honignote.","og_url":"https:\/\/www.aranswitzerland.ch\/fr\/product\/lippenbalsam-mit-lanolin\/","og_site_name":"Aran Switzerland","article_modified_time":"2026-04-24T15:38:54+00:00","og_image":[{"width":1054,"height":1580,"url":"https:\/\/www.aranswitzerland.ch\/wp-content\/uploads\/2026\/03\/Web-Banor-Lip-Balm.webp","type":"image\/webp"}],"twitter_card":"summary_large_image","twitter_misc":{"Prix":"&#67;&#72;&#70;&nbsp;8.95","Disponibilit\u00e9":"En stock"},"schema":{"@context":"https:\/\/schema.org","@graph":[{"@type":"WebPage","@id":"https:\/\/www.aranswitzerland.ch\/product\/lippenbalsam-mit-lanolin\/","url":"https:\/\/www.aranswitzerland.ch\/product\/lippenbalsam-mit-lanolin\/","name":"Baume l\u00e8vres \u00e0 base de lanoline","isPartOf":{"@id":"https:\/\/www.aranswitzerland.ch\/#website"},"primaryImageOfPage":{"@id":"https:\/\/www.aranswitzerland.ch\/product\/lippenbalsam-mit-lanolin\/#primaryimage"},"image":{"@id":"https:\/\/www.aranswitzerland.ch\/product\/lippenbalsam-mit-lanolin\/#primaryimage"},"thumbnailUrl":"https:\/\/www.aranswitzerland.ch\/wp-content\/uploads\/2026\/03\/Web-Banor-Lip-Balm.webp","datePublished":"2026-03-09T23:58:07+00:00","dateModified":"2026-04-24T15:38:54+00:00","description":"Baume pour l\u00e8vres avec lanoline et beurre de karit\u00e9. Prot\u00e8ge contre la d\u00e9shydratation et laisse les l\u00e8vres sensiblement plus douces. Avec une subtile touche de miel.","breadcrumb":{"@id":"https:\/\/www.aranswitzerland.ch\/product\/lippenbalsam-mit-lanolin\/#breadcrumb"},"inLanguage":"fr-FR","potentialAction":[{"@type":"ReadAction","target":["https:\/\/www.aranswitzerland.ch\/product\/lippenbalsam-mit-lanolin\/"]}]},{"@type":"ImageObject","inLanguage":"fr-FR","@id":"https:\/\/www.aranswitzerland.ch\/product\/lippenbalsam-mit-lanolin\/#primaryimage","url":"https:\/\/www.aranswitzerland.ch\/wp-content\/uploads\/2026\/03\/Web-Banor-Lip-Balm.webp","contentUrl":"https:\/\/www.aranswitzerland.ch\/wp-content\/uploads\/2026\/03\/Web-Banor-Lip-Balm.webp","width":1054,"height":1580},{"@type":"BreadcrumbList","@id":"https:\/\/www.aranswitzerland.ch\/product\/lippenbalsam-mit-lanolin\/#breadcrumb","itemListElement":[{"@type":"ListItem","position":1,"name":"Shop","item":"https:\/\/www.aranswitzerland.ch\/en\/shop\/"},{"@type":"ListItem","position":2,"name":"Lebensstil","item":"https:\/\/www.aranswitzerland.ch\/product-category\/lebensstil\/"},{"@type":"ListItem","position":3,"name":"Lippenbalsam mit Lanolin"}]},{"@type":"WebSite","@id":"https:\/\/www.aranswitzerland.ch\/#website","url":"https:\/\/www.aranswitzerland.ch\/","name":"Aran Switzerland","description":"Kleidung, Taschen und Accessoires","publisher":{"@id":"https:\/\/www.aranswitzerland.ch\/#organization"},"potentialAction":[{"@type":"SearchAction","target":{"@type":"EntryPoint","urlTemplate":"https:\/\/www.aranswitzerland.ch\/?s={search_term_string}"},"query-input":{"@type":"PropertyValueSpecification","valueRequired":true,"valueName":"search_term_string"}}],"inLanguage":"fr-FR"},{"@type":"Organization","@id":"https:\/\/www.aranswitzerland.ch\/#organization","name":"Aran Switzerland","url":"https:\/\/www.aranswitzerland.ch\/","logo":{"@type":"ImageObject","inLanguage":"fr-FR","@id":"https:\/\/www.aranswitzerland.ch\/#\/schema\/logo\/image\/","url":"https:\/\/www.aranswitzerland.ch\/wp-content\/uploads\/2024\/10\/Logo.jpg","contentUrl":"https:\/\/www.aranswitzerland.ch\/wp-content\/uploads\/2024\/10\/Logo.jpg","width":600,"height":600,"caption":"Aran Switzerland"},"image":{"@id":"https:\/\/www.aranswitzerland.ch\/#\/schema\/logo\/image\/"},"hasMerchantReturnPolicy":{"@type":"MerchantReturnPolicy","merchantReturnLink":"https:\/\/www.aranswitzerland.ch\/fr\/rueckgabebedingungen\/"}}]},"product_brand":"B\u00e1n\u00f3r","product_price_amount":"8.95","product_price_currency":"CHF","og_availability":"instock","product_availability":"instock","product_retailer_item_id":"AR-166","product_condition":"new"},"_links":{"self":[{"href":"https:\/\/www.aranswitzerland.ch\/fr\/wp-json\/wp\/v2\/product\/6766","targetHints":{"allow":["GET"]}}],"collection":[{"href":"https:\/\/www.aranswitzerland.ch\/fr\/wp-json\/wp\/v2\/product"}],"about":[{"href":"https:\/\/www.aranswitzerland.ch\/fr\/wp-json\/wp\/v2\/types\/product"}],"replies":[{"embeddable":true,"href":"https:\/\/www.aranswitzerland.ch\/fr\/wp-json\/wp\/v2\/comments?post=6766"}],"version-history":[{"count":1,"href":"https:\/\/www.aranswitzerland.ch\/fr\/wp-json\/wp\/v2\/product\/6766\/revisions"}],"predecessor-version":[{"id":6768,"href":"https:\/\/www.aranswitzerland.ch\/fr\/wp-json\/wp\/v2\/product\/6766\/revisions\/6768"}],"wp:featuredmedia":[{"embeddable":true,"href":"https:\/\/www.aranswitzerland.ch\/fr\/wp-json\/wp\/v2\/media\/6767"}],"wp:attachment":[{"href":"https:\/\/www.aranswitzerland.ch\/fr\/wp-json\/wp\/v2\/media?parent=6766"}],"wp:term":[{"taxonomy":"product_brand","embeddable":true,"href":"https:\/\/www.aranswitzerland.ch\/fr\/wp-json\/wp\/v2\/product_brand?post=6766"},{"taxonomy":"product_cat","embeddable":true,"href":"https:\/\/www.aranswitzerland.ch\/fr\/wp-json\/wp\/v2\/product_cat?post=6766"},{"taxonomy":"product_tag","embeddable":true,"href":"https:\/\/www.aranswitzerland.ch\/fr\/wp-json\/wp\/v2\/product_tag?post=6766"}],"curies":[{"name":"wp","href":"https:\/\/api.w.org\/{rel}","templated":true}]}}