{"id":6774,"date":"2026-03-10T02:11:24","date_gmt":"2026-03-10T00:11:24","guid":{"rendered":"https:\/\/www.aranswitzerland.ch\/?post_type=product&#038;p=6774"},"modified":"2026-03-16T10:27:59","modified_gmt":"2026-03-16T08:27:59","slug":"waschgel-mit-schafmilch-fuer-haende-und-koerper","status":"publish","type":"product","link":"https:\/\/www.aranswitzerland.ch\/fr\/product\/waschgel-mit-schafmilch-fuer-haende-und-koerper\/","title":{"rendered":"Gel nettoyant mains et corps au lait de brebis"},"content":{"rendered":"","protected":false},"excerpt":{"rendered":"<p>Ce gel nettoyant est fabriqu\u00e9 \u00e0 base de lait de brebis de Tipperary (Irlande) et peut \u00eatre utilis\u00e9 pour les mains et le corps. Parfait pour se laver au lavabo ou sous la douche.<\/p>\n<p><strong>Contenance : 250 ml<\/strong><\/p>","protected":false},"featured_media":6775,"comment_status":"open","ping_status":"closed","template":"","meta":{"_acf_changed":false},"product_brand":[322],"product_cat":[143],"product_tag":[198,325],"class_list":{"0":"post-6774","1":"product","2":"type-product","3":"status-publish","4":"has-post-thumbnail","6":"product_brand-banor","7":"product_cat-lebensstil","8":"product_tag-koerperpflege","9":"product_tag-schafmilch","11":"first","12":"instock","13":"taxable","14":"shipping-taxable","15":"purchasable","16":"product-type-simple"},"acf":[],"yoast_head":"<!-- This site is optimized with the Yoast SEO plugin v27.1.1 - https:\/\/yoast.com\/product\/yoast-seo-wordpress\/ -->\n<title>Waschgel mit Schafmilch f\u00fcr H\u00e4nde und K\u00f6rper<\/title>\n<meta name=\"description\" content=\"Dieses Waschgel wird mit Schafmilch aus Tipperary (Irland) hergestellt und kann f\u00fcr H\u00e4nde und K\u00f6rper verwendet werden. Perfekt f\u00fcr Ihren Waschtisch oder die Dusche.\" \/>\n<meta name=\"robots\" content=\"index, follow, max-snippet:-1, max-image-preview:large, max-video-preview:-1\" \/>\n<link rel=\"canonical\" href=\"https:\/\/www.aranswitzerland.ch\/fr\/product\/waschgel-mit-schafmilch-fuer-haende-und-koerper\/\" \/>\n<meta property=\"og:locale\" content=\"fr_FR\" \/>\n<meta property=\"og:type\" content=\"article\" \/>\n<meta property=\"og:title\" content=\"Waschgel mit Schafmilch f\u00fcr H\u00e4nde und K\u00f6rper\" \/>\n<meta property=\"og:description\" content=\"Dieses Waschgel wird mit Schafmilch aus Tipperary (Irland) hergestellt und kann f\u00fcr H\u00e4nde und K\u00f6rper verwendet werden. Perfekt f\u00fcr Ihren Waschtisch oder die Dusche.\" \/>\n<meta property=\"og:url\" content=\"https:\/\/www.aranswitzerland.ch\/fr\/product\/waschgel-mit-schafmilch-fuer-haende-und-koerper\/\" \/>\n<meta property=\"og:site_name\" content=\"Aran Switzerland\" \/>\n<meta property=\"article:modified_time\" content=\"2026-03-16T08:27:59+00:00\" \/>\n<meta property=\"og:image\" content=\"https:\/\/www.aranswitzerland.ch\/wp-content\/uploads\/2026\/03\/Banor-Milk-Wash-1.webp\" \/>\n\t<meta property=\"og:image:width\" content=\"1054\" \/>\n\t<meta property=\"og:image:height\" content=\"1580\" \/>\n\t<meta property=\"og:image:type\" content=\"image\/webp\" \/>\n<meta name=\"twitter:card\" content=\"summary_large_image\" \/>\n<meta name=\"twitter:label1\" content=\"Prix\" \/>\n\t<meta name=\"twitter:data1\" content=\"&#067;&#072;&#070;&nbsp;28.95\" \/>\n\t<meta name=\"twitter:label2\" content=\"Disponibilit\u00e9\" \/>\n\t<meta name=\"twitter:data2\" content=\"En stock\" \/>\n<script type=\"application\/ld+json\" class=\"yoast-schema-graph\">{\"@context\":\"https:\/\/schema.org\",\"@graph\":[{\"@type\":\"WebPage\",\"@id\":\"https:\/\/www.aranswitzerland.ch\/product\/waschgel-mit-schafmilch-fuer-haende-und-koerper\/\",\"url\":\"https:\/\/www.aranswitzerland.ch\/product\/waschgel-mit-schafmilch-fuer-haende-und-koerper\/\",\"name\":\"Waschgel mit Schafmilch f\u00fcr H\u00e4nde und K\u00f6rper\",\"isPartOf\":{\"@id\":\"https:\/\/www.aranswitzerland.ch\/#website\"},\"primaryImageOfPage\":{\"@id\":\"https:\/\/www.aranswitzerland.ch\/product\/waschgel-mit-schafmilch-fuer-haende-und-koerper\/#primaryimage\"},\"image\":{\"@id\":\"https:\/\/www.aranswitzerland.ch\/product\/waschgel-mit-schafmilch-fuer-haende-und-koerper\/#primaryimage\"},\"thumbnailUrl\":\"https:\/\/www.aranswitzerland.ch\/wp-content\/uploads\/2026\/03\/Banor-Milk-Wash-1.webp\",\"datePublished\":\"2026-03-10T00:11:24+00:00\",\"dateModified\":\"2026-03-16T08:27:59+00:00\",\"description\":\"Dieses Waschgel wird mit Schafmilch aus Tipperary (Irland) hergestellt und kann f\u00fcr H\u00e4nde und K\u00f6rper verwendet werden. Perfekt f\u00fcr Ihren Waschtisch oder die Dusche.\",\"breadcrumb\":{\"@id\":\"https:\/\/www.aranswitzerland.ch\/product\/waschgel-mit-schafmilch-fuer-haende-und-koerper\/#breadcrumb\"},\"inLanguage\":\"fr-FR\",\"potentialAction\":[{\"@type\":\"ReadAction\",\"target\":[\"https:\/\/www.aranswitzerland.ch\/product\/waschgel-mit-schafmilch-fuer-haende-und-koerper\/\"]}]},{\"@type\":\"ImageObject\",\"inLanguage\":\"fr-FR\",\"@id\":\"https:\/\/www.aranswitzerland.ch\/product\/waschgel-mit-schafmilch-fuer-haende-und-koerper\/#primaryimage\",\"url\":\"https:\/\/www.aranswitzerland.ch\/wp-content\/uploads\/2026\/03\/Banor-Milk-Wash-1.webp\",\"contentUrl\":\"https:\/\/www.aranswitzerland.ch\/wp-content\/uploads\/2026\/03\/Banor-Milk-Wash-1.webp\",\"width\":1054,\"height\":1580},{\"@type\":\"BreadcrumbList\",\"@id\":\"https:\/\/www.aranswitzerland.ch\/product\/waschgel-mit-schafmilch-fuer-haende-und-koerper\/#breadcrumb\",\"itemListElement\":[{\"@type\":\"ListItem\",\"position\":1,\"name\":\"Shop\",\"item\":\"https:\/\/www.aranswitzerland.ch\/en\/shop\/\"},{\"@type\":\"ListItem\",\"position\":2,\"name\":\"Lebensstil\",\"item\":\"https:\/\/www.aranswitzerland.ch\/product-category\/lebensstil\/\"},{\"@type\":\"ListItem\",\"position\":3,\"name\":\"Waschgel mit Schafmilch f\u00fcr H\u00e4nde und K\u00f6rper\"}]},{\"@type\":\"WebSite\",\"@id\":\"https:\/\/www.aranswitzerland.ch\/#website\",\"url\":\"https:\/\/www.aranswitzerland.ch\/\",\"name\":\"Aran Switzerland\",\"description\":\"Kleidung, Taschen und Accessoires\",\"publisher\":{\"@id\":\"https:\/\/www.aranswitzerland.ch\/#organization\"},\"potentialAction\":[{\"@type\":\"SearchAction\",\"target\":{\"@type\":\"EntryPoint\",\"urlTemplate\":\"https:\/\/www.aranswitzerland.ch\/?s={search_term_string}\"},\"query-input\":{\"@type\":\"PropertyValueSpecification\",\"valueRequired\":true,\"valueName\":\"search_term_string\"}}],\"inLanguage\":\"fr-FR\"},{\"@type\":\"Organization\",\"@id\":\"https:\/\/www.aranswitzerland.ch\/#organization\",\"name\":\"Aran Switzerland\",\"url\":\"https:\/\/www.aranswitzerland.ch\/\",\"logo\":{\"@type\":\"ImageObject\",\"inLanguage\":\"fr-FR\",\"@id\":\"https:\/\/www.aranswitzerland.ch\/#\/schema\/logo\/image\/\",\"url\":\"https:\/\/www.aranswitzerland.ch\/wp-content\/uploads\/2024\/10\/Logo.jpg\",\"contentUrl\":\"https:\/\/www.aranswitzerland.ch\/wp-content\/uploads\/2024\/10\/Logo.jpg\",\"width\":600,\"height\":600,\"caption\":\"Aran Switzerland\"},\"image\":{\"@id\":\"https:\/\/www.aranswitzerland.ch\/#\/schema\/logo\/image\/\"},\"hasMerchantReturnPolicy\":{\"@type\":\"MerchantReturnPolicy\",\"merchantReturnLink\":\"https:\/\/www.aranswitzerland.ch\/fr\/rueckgabebedingungen\/\"}}]}<\/script>\n<meta property=\"product:brand\" content=\"B\u00e1n\u00f3r\" \/>\n<meta property=\"product:price:amount\" content=\"28.95\" \/>\n<meta property=\"product:price:currency\" content=\"CHF\" \/>\n<meta property=\"og:availability\" content=\"instock\" \/>\n<meta property=\"product:availability\" content=\"instock\" \/>\n<meta property=\"product:retailer_item_id\" content=\"AR-168\" \/>\n<meta property=\"product:condition\" content=\"new\" \/>\n<!-- \/ Yoast SEO plugin. -->","yoast_head_json":{"title":"Gel nettoyant mains et corps au lait de brebis","description":"Ce gel nettoyant est fabriqu\u00e9 \u00e0 base de lait de brebis de Tipperary (Irlande) et peut \u00eatre utilis\u00e9 pour les mains et le corps. Parfait pour se laver au lavabo ou sous la douche.","robots":{"index":"index","follow":"follow","max-snippet":"max-snippet:-1","max-image-preview":"max-image-preview:large","max-video-preview":"max-video-preview:-1"},"canonical":"https:\/\/www.aranswitzerland.ch\/fr\/product\/waschgel-mit-schafmilch-fuer-haende-und-koerper\/","og_locale":"fr_FR","og_type":"article","og_title":"Waschgel mit Schafmilch f\u00fcr H\u00e4nde und K\u00f6rper","og_description":"Dieses Waschgel wird mit Schafmilch aus Tipperary (Irland) hergestellt und kann f\u00fcr H\u00e4nde und K\u00f6rper verwendet werden. Perfekt f\u00fcr Ihren Waschtisch oder die Dusche.","og_url":"https:\/\/www.aranswitzerland.ch\/fr\/product\/waschgel-mit-schafmilch-fuer-haende-und-koerper\/","og_site_name":"Aran Switzerland","article_modified_time":"2026-03-16T08:27:59+00:00","og_image":[{"width":1054,"height":1580,"url":"https:\/\/www.aranswitzerland.ch\/wp-content\/uploads\/2026\/03\/Banor-Milk-Wash-1.webp","type":"image\/webp"}],"twitter_card":"summary_large_image","twitter_misc":{"Prix":"&#67;&#72;&#70;&nbsp;28.95","Disponibilit\u00e9":"En stock"},"schema":{"@context":"https:\/\/schema.org","@graph":[{"@type":"WebPage","@id":"https:\/\/www.aranswitzerland.ch\/product\/waschgel-mit-schafmilch-fuer-haende-und-koerper\/","url":"https:\/\/www.aranswitzerland.ch\/product\/waschgel-mit-schafmilch-fuer-haende-und-koerper\/","name":"Gel nettoyant mains et corps au lait de brebis","isPartOf":{"@id":"https:\/\/www.aranswitzerland.ch\/#website"},"primaryImageOfPage":{"@id":"https:\/\/www.aranswitzerland.ch\/product\/waschgel-mit-schafmilch-fuer-haende-und-koerper\/#primaryimage"},"image":{"@id":"https:\/\/www.aranswitzerland.ch\/product\/waschgel-mit-schafmilch-fuer-haende-und-koerper\/#primaryimage"},"thumbnailUrl":"https:\/\/www.aranswitzerland.ch\/wp-content\/uploads\/2026\/03\/Banor-Milk-Wash-1.webp","datePublished":"2026-03-10T00:11:24+00:00","dateModified":"2026-03-16T08:27:59+00:00","description":"Ce gel nettoyant est fabriqu\u00e9 \u00e0 base de lait de brebis de Tipperary (Irlande) et peut \u00eatre utilis\u00e9 pour les mains et le corps. Parfait pour se laver au lavabo ou sous la douche.","breadcrumb":{"@id":"https:\/\/www.aranswitzerland.ch\/product\/waschgel-mit-schafmilch-fuer-haende-und-koerper\/#breadcrumb"},"inLanguage":"fr-FR","potentialAction":[{"@type":"ReadAction","target":["https:\/\/www.aranswitzerland.ch\/product\/waschgel-mit-schafmilch-fuer-haende-und-koerper\/"]}]},{"@type":"ImageObject","inLanguage":"fr-FR","@id":"https:\/\/www.aranswitzerland.ch\/product\/waschgel-mit-schafmilch-fuer-haende-und-koerper\/#primaryimage","url":"https:\/\/www.aranswitzerland.ch\/wp-content\/uploads\/2026\/03\/Banor-Milk-Wash-1.webp","contentUrl":"https:\/\/www.aranswitzerland.ch\/wp-content\/uploads\/2026\/03\/Banor-Milk-Wash-1.webp","width":1054,"height":1580},{"@type":"BreadcrumbList","@id":"https:\/\/www.aranswitzerland.ch\/product\/waschgel-mit-schafmilch-fuer-haende-und-koerper\/#breadcrumb","itemListElement":[{"@type":"ListItem","position":1,"name":"Shop","item":"https:\/\/www.aranswitzerland.ch\/en\/shop\/"},{"@type":"ListItem","position":2,"name":"Lebensstil","item":"https:\/\/www.aranswitzerland.ch\/product-category\/lebensstil\/"},{"@type":"ListItem","position":3,"name":"Waschgel mit Schafmilch f\u00fcr H\u00e4nde und K\u00f6rper"}]},{"@type":"WebSite","@id":"https:\/\/www.aranswitzerland.ch\/#website","url":"https:\/\/www.aranswitzerland.ch\/","name":"Aran Switzerland","description":"Kleidung, Taschen und Accessoires","publisher":{"@id":"https:\/\/www.aranswitzerland.ch\/#organization"},"potentialAction":[{"@type":"SearchAction","target":{"@type":"EntryPoint","urlTemplate":"https:\/\/www.aranswitzerland.ch\/?s={search_term_string}"},"query-input":{"@type":"PropertyValueSpecification","valueRequired":true,"valueName":"search_term_string"}}],"inLanguage":"fr-FR"},{"@type":"Organization","@id":"https:\/\/www.aranswitzerland.ch\/#organization","name":"Aran Switzerland","url":"https:\/\/www.aranswitzerland.ch\/","logo":{"@type":"ImageObject","inLanguage":"fr-FR","@id":"https:\/\/www.aranswitzerland.ch\/#\/schema\/logo\/image\/","url":"https:\/\/www.aranswitzerland.ch\/wp-content\/uploads\/2024\/10\/Logo.jpg","contentUrl":"https:\/\/www.aranswitzerland.ch\/wp-content\/uploads\/2024\/10\/Logo.jpg","width":600,"height":600,"caption":"Aran Switzerland"},"image":{"@id":"https:\/\/www.aranswitzerland.ch\/#\/schema\/logo\/image\/"},"hasMerchantReturnPolicy":{"@type":"MerchantReturnPolicy","merchantReturnLink":"https:\/\/www.aranswitzerland.ch\/fr\/rueckgabebedingungen\/"}}]},"product_brand":"B\u00e1n\u00f3r","product_price_amount":"28.95","product_price_currency":"CHF","og_availability":"instock","product_availability":"instock","product_retailer_item_id":"AR-168","product_condition":"new"},"_links":{"self":[{"href":"https:\/\/www.aranswitzerland.ch\/fr\/wp-json\/wp\/v2\/product\/6774","targetHints":{"allow":["GET"]}}],"collection":[{"href":"https:\/\/www.aranswitzerland.ch\/fr\/wp-json\/wp\/v2\/product"}],"about":[{"href":"https:\/\/www.aranswitzerland.ch\/fr\/wp-json\/wp\/v2\/types\/product"}],"replies":[{"embeddable":true,"href":"https:\/\/www.aranswitzerland.ch\/fr\/wp-json\/wp\/v2\/comments?post=6774"}],"version-history":[{"count":1,"href":"https:\/\/www.aranswitzerland.ch\/fr\/wp-json\/wp\/v2\/product\/6774\/revisions"}],"predecessor-version":[{"id":6776,"href":"https:\/\/www.aranswitzerland.ch\/fr\/wp-json\/wp\/v2\/product\/6774\/revisions\/6776"}],"wp:featuredmedia":[{"embeddable":true,"href":"https:\/\/www.aranswitzerland.ch\/fr\/wp-json\/wp\/v2\/media\/6775"}],"wp:attachment":[{"href":"https:\/\/www.aranswitzerland.ch\/fr\/wp-json\/wp\/v2\/media?parent=6774"}],"wp:term":[{"taxonomy":"product_brand","embeddable":true,"href":"https:\/\/www.aranswitzerland.ch\/fr\/wp-json\/wp\/v2\/product_brand?post=6774"},{"taxonomy":"product_cat","embeddable":true,"href":"https:\/\/www.aranswitzerland.ch\/fr\/wp-json\/wp\/v2\/product_cat?post=6774"},{"taxonomy":"product_tag","embeddable":true,"href":"https:\/\/www.aranswitzerland.ch\/fr\/wp-json\/wp\/v2\/product_tag?post=6774"}],"curies":[{"name":"wp","href":"https:\/\/api.w.org\/{rel}","templated":true}]}}